{"id":31,"date":"2022-07-25T23:09:14","date_gmt":"2022-07-25T21:09:14","guid":{"rendered":"https:\/\/lbs.se\/vaxjo\/?page_id=31"},"modified":"2025-10-16T16:55:42","modified_gmt":"2025-10-16T14:55:42","slug":"om-gymnasievalet","status":"publish","type":"page","link":"https:\/\/lbs.se\/vaxjo\/om-gymnasievalet\/","title":{"rendered":"Om gymnasievalet"},"content":{"rendered":"\n\t\n\t\n\t\n\n\t\n\t\n\t\t\n<section  class=\"c-block l-stacked  \" data-color-scheme=\"new-standard-dark\">\n\t<div class=\"ams-fifty ams-fifty--container ams-fifty--right ams-fifty--top l-container u-pt-fluid-3xl-6xl u-pb-fluid-3xl-6xl\">\n\t\t<div class=\"ams-fifty__content l-stack l-stack-xl is-left is-left@lg\">\n\t\t\t<div class=\"ams-fifty__text l-stack l-stack-lg\">\n\t\t\t\t\t\n\t<h1\n\tclass=\"c-heading u-font-title-1 \"\n\tstyle=\"\">\n\t\t\n\t\t\t\t\tOM GYMNASIEVALET I V\u00c4XJ\u00d6\n\t\t\t\t\n\t<\/h1>\n\n\t\t\t\t\t\t\t\t\t<div class=\"text l-stack u-font-body\">\n\t\t\t\t\t\t<p><span data-sheets-value=\"{&quot;1&quot;:2,&quot;2&quot;:&quot;Ska du v\u00e4lja gymnasium till h\u00f6sten eller b\u00f6rjar du redan g\u00e5 i tankar kring vad du ska v\u00e4lja? Gymnasievalet str\u00e4cker sig \u00f6ver ett \u00e5r. Nedan har vi sammanfattat en tidslinje f\u00f6r hur gymnasievalet g\u00e5r till i stora drag.\\n\\nVill du s\u00f6ka till LBS V\u00e4xj\u00f6?\\nDu som vill ans\u00f6ka till LBS V\u00e4xj\u00f6 och bor i Kronobergs l\u00e4n g\u00f6r det via gymnasieantagningen. Om du inte bor i Kronobergs l\u00e4n ans\u00f6ker du via din hemkommuns gymnasieantagning.&quot;}\" data-sheets-userformat=\"{&quot;2&quot;:5025,&quot;3&quot;:{&quot;1&quot;:0},&quot;8&quot;:{&quot;1&quot;:[{&quot;1&quot;:2,&quot;2&quot;:0,&quot;5&quot;:{&quot;1&quot;:2,&quot;2&quot;:0}},{&quot;1&quot;:0,&quot;2&quot;:0,&quot;3&quot;:3},{&quot;1&quot;:1,&quot;2&quot;:0,&quot;4&quot;:1}]},&quot;10&quot;:0,&quot;11&quot;:4,&quot;12&quot;:0,&quot;15&quot;:&quot;Montserrat&quot;}\" data-sheets-textstyleruns=\"{&quot;1&quot;:0}\uee10{&quot;1&quot;:218,&quot;2&quot;:{&quot;5&quot;:1}}\uee10{&quot;1&quot;:247}\">Ska du v\u00e4lja gymnasium eller b\u00f6rjar du redan g\u00e5 i tankar kring vad du ska v\u00e4lja? Gymnasievalet str\u00e4cker sig \u00f6ver ett \u00e5r. Nedan har vi sammanfattat en tidslinje f\u00f6r hur gymnasievalet g\u00e5r till i stora drag.<\/span><\/p>\n<p><strong>Vill du s\u00f6ka till LBS V\u00e4xj\u00f6?<\/strong><br \/>\nDu som vill ans\u00f6ka till LBS V\u00e4xj\u00f6 och bor i Kronobergs l\u00e4n g\u00f6r det via gymnasieantagningen. Om du inte bor i Kronobergs l\u00e4n ans\u00f6ker du via din hemkommuns gymnasieantagning.<\/p>\n\n\t\t\t\t\t<\/div>\n\t\t\t\t\t\t\t<\/div>\n\n\t\t\t\t<div class=\"ams-fifty__action u-inline-items\">\n\t\t\t\t\t\t\t\n\n\n<a href=\" https:\/\/gymnasieantagning.vaxjo.se\/gymnasieintagning\/\"\n\t\n\tclass=\"c-btn \"\n\tdata-style=\"square\"\n\tdata-size=\"md\"\n\tdata-width=\"full-mobile\"\n\tdata-variant=\"default\"\n\ttarget=\"_blank\">\n\t\t\t<span class=\"label\"> Till gymnasieantagningen<\/span>\n\t\t\t<\/a>\n\t\t\t<\/div>\n\t\t<\/div>\n\n\t\t <div class=\"ams-fifty__media u-ratio-square\">\n\t\t \t\t\t\t\t<img decoding=\"async\" width=\"600\" height=\"600\" src=\"https:\/\/lbs.se\/wp-content\/uploads\/sites\/24\/2023\/06\/lbs-om-gymnasievalet-202304-600x600.jpg\" class=\"attachment-md size-md\" alt=\"Tv\u00e5 elever skissar i ett ritprogram p\u00e5 en ritplatta.\" sizes=\"(min-width: 64em) 600px, calc(100vw - 160px)\" srcset=\"https:\/\/lbs.se\/wp-content\/uploads\/sites\/24\/2023\/06\/lbs-om-gymnasievalet-202304-600x600.jpg 600w, https:\/\/lbs.se\/wp-content\/uploads\/sites\/24\/2023\/06\/lbs-om-gymnasievalet-202304-150x150.jpg 150w, https:\/\/lbs.se\/wp-content\/uploads\/sites\/24\/2023\/06\/lbs-om-gymnasievalet-202304-300x300.jpg 300w, https:\/\/lbs.se\/wp-content\/uploads\/sites\/24\/2023\/06\/lbs-om-gymnasievalet-202304-400x400.jpg 400w, https:\/\/lbs.se\/wp-content\/uploads\/sites\/24\/2023\/06\/lbs-om-gymnasievalet-202304-800x800.jpg 800w, https:\/\/lbs.se\/wp-content\/uploads\/sites\/24\/2023\/06\/lbs-om-gymnasievalet-202304-1024x1024.jpg 1024w, https:\/\/lbs.se\/wp-content\/uploads\/sites\/24\/2023\/06\/lbs-om-gymnasievalet-202304.jpg 1200w\" \/>\n\t\t\t\n\t\t\t\n\t\t\t\t\t<\/div>\n\t<\/div>\n\n\t\t\n\n<\/section>\n\n\n\n\n<section  class=\"ams-timeline c-block l-stacked\" data-color-scheme=\"new-timeline-light\">\n\t<div class=\"l-container-narrow l-stack l-stack-fluid-2xl u-pt-fluid-3xl-6xl u-pb-fluid-3xl-6xl is-center is-center@md\">\n\t\t\t\t\t<div class=\"ams-timeline__intro l-stack l-stack-lg\">\n\t\t\t\t\t\n\t<h2\n\tclass=\"c-heading u-font-title-1 \"\n\tstyle=\"\">\n\t\t\n\t\t\t\t\tS\u00c5 G\u00c5R GYMNASIEVALET TILL\n\t\t\t\t\n\t<\/h2>\n\n\t\t\t\t\t\t\t\t\t<div class=\"c-text l-stack u-cs-xl u-font-body\">\n\t\t\t\t\t\t<p>Gymnasievalet kan k\u00e4nns kr\u00e5ngligt och komplicerat. Nedan har vi skapat en ungef\u00e4rlig tidslinje med viktiga delar av valet. Via knappen kan du ocks\u00e5 se vilka datum som g\u00e4ller i just din kommun.<\/p>\n\n\t\t\t\t\t<\/div>\n\t\t\t\t\t\t\t<\/div>\n\t\t\n\t\t\t\t\t\n<ol class=\"c-steps\" data-variant=\"vertical\" data-size=\"md\" data-columns=\"1\">\n\t\t\t<li class=\"c-steps__item\"\n\t\t\t\n\t\t>\n\t\t\t<div class=\"c-steps__circle u-radius-round\">\n\t\t\t\t\t\t\t\t\t<span class=\"c-steps__number\">1<\/span>\n\t\t\t\t\t\t\t<\/div>\n\n\t\t\t\t\t\t\t<div class=\"c-steps__content l-stack-xs\">\n\t\t\t\t\t\t\t\t\t\t\t<h3 class=\"c-steps__title u-font-title-3\">\n\t\t\t\t\t\t\t\t\t\t\t\t\t\t\tL\u00e4s p\u00e5 inf\u00f6r ditt val \n\t\t\t\t\t\t\t\t\t\t\t\t\t<\/h3>\n\t\t\t\t\t\n\t\t\t\t\t\t\t\t\t\t\t<div class=\"c-steps__text l-stack-sm u-font-body\">\n\t\t\t\t\t\t\t<p><span data-sheets-value=\"{&quot;1&quot;:2,&quot;2&quot;:&quot;B\u00f6rja l\u00e4sa p\u00e5 inf\u00f6r ditt val! Bes\u00f6k gymnasiem\u00e4ssan, \u00f6ppet hus och g\u00e5 elev f\u00f6r en dag.&quot;}\" data-sheets-userformat=\"{&quot;2&quot;:5025,&quot;3&quot;:{&quot;1&quot;:0},&quot;8&quot;:{&quot;1&quot;:[{&quot;1&quot;:2,&quot;2&quot;:0,&quot;5&quot;:{&quot;1&quot;:2,&quot;2&quot;:0}},{&quot;1&quot;:0,&quot;2&quot;:0,&quot;3&quot;:3},{&quot;1&quot;:1,&quot;2&quot;:0,&quot;4&quot;:1}]},&quot;10&quot;:0,&quot;11&quot;:4,&quot;12&quot;:0,&quot;15&quot;:&quot;Montserrat&quot;}\">Bes\u00f6k gymnasiem\u00e4ssan, \u00f6ppet hus och g\u00e5 elev f\u00f6r en dag.<\/span><\/p>\n\n\t\t\t\t\t\t<\/div>\n\t\t\t\t\t\t\t\t\t<\/div>\n\t\t\t\t\t<\/li>\n\t\t\t<li class=\"c-steps__item\"\n\t\t\t\n\t\t>\n\t\t\t<div class=\"c-steps__circle u-radius-round\">\n\t\t\t\t\t\t\t\t\t<span class=\"c-steps__number\">2<\/span>\n\t\t\t\t\t\t\t<\/div>\n\n\t\t\t\t\t\t\t<div class=\"c-steps__content l-stack-xs\">\n\t\t\t\t\t\t\t\t\t\t\t<h3 class=\"c-steps__title u-font-title-3\">\n\t\t\t\t\t\t\t\t\t\t\t\t\t\t\tAns\u00f6kan \u00f6ppnar\n\t\t\t\t\t\t\t\t\t\t\t\t\t<\/h3>\n\t\t\t\t\t\n\t\t\t\t\t\t\t\t\t\t\t<div class=\"c-steps__text l-stack-sm u-font-body\">\n\t\t\t\t\t\t\t<p><span data-sheets-value=\"{&quot;1&quot;:2,&quot;2&quot;:&quot;Ans\u00f6kan \u00f6ppnar och det \u00e4r dags f\u00f6r dig att v\u00e4lja gymnasium.&quot;}\" data-sheets-userformat=\"{&quot;2&quot;:5025,&quot;3&quot;:{&quot;1&quot;:0},&quot;8&quot;:{&quot;1&quot;:[{&quot;1&quot;:2,&quot;2&quot;:0,&quot;5&quot;:{&quot;1&quot;:2,&quot;2&quot;:0}},{&quot;1&quot;:0,&quot;2&quot;:0,&quot;3&quot;:3},{&quot;1&quot;:1,&quot;2&quot;:0,&quot;4&quot;:1}]},&quot;10&quot;:0,&quot;11&quot;:4,&quot;12&quot;:0,&quot;15&quot;:&quot;Montserrat&quot;}\">Ans\u00f6kan \u00f6ppnar och det \u00e4r dags f\u00f6r dig att v\u00e4lja gymnasium.<\/span><\/p>\n\n\t\t\t\t\t\t<\/div>\n\t\t\t\t\t\t\t\t\t<\/div>\n\t\t\t\t\t<\/li>\n\t\t\t<li class=\"c-steps__item\"\n\t\t\t\n\t\t>\n\t\t\t<div class=\"c-steps__circle u-radius-round\">\n\t\t\t\t\t\t\t\t\t<span class=\"c-steps__number\">3<\/span>\n\t\t\t\t\t\t\t<\/div>\n\n\t\t\t\t\t\t\t<div class=\"c-steps__content l-stack-xs\">\n\t\t\t\t\t\t\t\t\t\t\t<h3 class=\"c-steps__title u-font-title-3\">\n\t\t\t\t\t\t\t\t\t\t\t\t\t\t\tPrelimin\u00e4rt besked\n\t\t\t\t\t\t\t\t\t\t\t\t\t<\/h3>\n\t\t\t\t\t\n\t\t\t\t\t\t\t\t\t\t\t<div class=\"c-steps__text l-stack-sm u-font-body\">\n\t\t\t\t\t\t\t<p><span data-sheets-value=\"{&quot;1&quot;:2,&quot;2&quot;:&quot;Du f\u00e5r ditt prelimin\u00e4ra antagningsbesked&quot;}\" data-sheets-userformat=\"{&quot;2&quot;:5025,&quot;3&quot;:{&quot;1&quot;:0},&quot;8&quot;:{&quot;1&quot;:[{&quot;1&quot;:2,&quot;2&quot;:0,&quot;5&quot;:{&quot;1&quot;:2,&quot;2&quot;:0}},{&quot;1&quot;:0,&quot;2&quot;:0,&quot;3&quot;:3},{&quot;1&quot;:1,&quot;2&quot;:0,&quot;4&quot;:1}]},&quot;10&quot;:0,&quot;11&quot;:4,&quot;12&quot;:0,&quot;15&quot;:&quot;Montserrat&quot;}\">Du f\u00e5r ditt prelimin\u00e4ra antagningsbesked.<\/span><\/p>\n\n\t\t\t\t\t\t<\/div>\n\t\t\t\t\t\t\t\t\t<\/div>\n\t\t\t\t\t<\/li>\n\t\t\t<li class=\"c-steps__item\"\n\t\t\t\n\t\t>\n\t\t\t<div class=\"c-steps__circle u-radius-round\">\n\t\t\t\t\t\t\t\t\t<span class=\"c-steps__number\">4<\/span>\n\t\t\t\t\t\t\t<\/div>\n\n\t\t\t\t\t\t\t<div class=\"c-steps__content l-stack-xs\">\n\t\t\t\t\t\t\t\t\t\t\t<h3 class=\"c-steps__title u-font-title-3\">\n\t\t\t\t\t\t\t\t\t\t\t\t\t\t\tOmvalet\n\t\t\t\t\t\t\t\t\t\t\t\t\t<\/h3>\n\t\t\t\t\t\n\t\t\t\t\t\t\t\t\t\t\t<div class=\"c-steps__text l-stack-sm u-font-body\">\n\t\t\t\t\t\t\t<p><span data-sheets-value=\"{&quot;1&quot;:2,&quot;2&quot;:&quot;Omvalsperioden b\u00f6rjar och du kan \u00e4ndra din ans\u00f6kan eller g\u00f6ra en helt ny.&quot;}\" data-sheets-userformat=\"{&quot;2&quot;:5025,&quot;3&quot;:{&quot;1&quot;:0},&quot;8&quot;:{&quot;1&quot;:[{&quot;1&quot;:2,&quot;2&quot;:0,&quot;5&quot;:{&quot;1&quot;:2,&quot;2&quot;:0}},{&quot;1&quot;:0,&quot;2&quot;:0,&quot;3&quot;:3},{&quot;1&quot;:1,&quot;2&quot;:0,&quot;4&quot;:1}]},&quot;10&quot;:0,&quot;11&quot;:4,&quot;12&quot;:0,&quot;15&quot;:&quot;Montserrat&quot;}\">Omvalsperioden b\u00f6rjar och du kan \u00e4ndra din ans\u00f6kan eller g\u00f6ra en helt ny.<\/span><\/p>\n\n\t\t\t\t\t\t<\/div>\n\t\t\t\t\t\t\t\t\t<\/div>\n\t\t\t\t\t<\/li>\n\t\t\t<li class=\"c-steps__item\"\n\t\t\t\n\t\t>\n\t\t\t<div class=\"c-steps__circle u-radius-round\">\n\t\t\t\t\t\t\t\t\t<span class=\"c-steps__number\">5<\/span>\n\t\t\t\t\t\t\t<\/div>\n\n\t\t\t\t\t\t\t<div class=\"c-steps__content l-stack-xs\">\n\t\t\t\t\t\t\t\t\t\t\t<h3 class=\"c-steps__title u-font-title-3\">\n\t\t\t\t\t\t\t\t\t\t\t\t\t\t\tSlutligt besked\n\t\t\t\t\t\t\t\t\t\t\t\t\t<\/h3>\n\t\t\t\t\t\n\t\t\t\t\t\t\t\t\t\t\t<div class=\"c-steps__text l-stack-sm u-font-body\">\n\t\t\t\t\t\t\t<p><span data-sheets-value=\"{&quot;1&quot;:2,&quot;2&quot;:&quot;Till sommaren f\u00e5r du ditt slutliga antagningsbesked.&quot;}\" data-sheets-userformat=\"{&quot;2&quot;:5025,&quot;3&quot;:{&quot;1&quot;:0},&quot;8&quot;:{&quot;1&quot;:[{&quot;1&quot;:2,&quot;2&quot;:0,&quot;5&quot;:{&quot;1&quot;:2,&quot;2&quot;:0}},{&quot;1&quot;:0,&quot;2&quot;:0,&quot;3&quot;:3},{&quot;1&quot;:1,&quot;2&quot;:0,&quot;4&quot;:1}]},&quot;10&quot;:0,&quot;11&quot;:4,&quot;12&quot;:0,&quot;15&quot;:&quot;Montserrat&quot;}\">Till sommaren f\u00e5r du ditt slutliga antagningsbesked.<\/span><\/p>\n\n\t\t\t\t\t\t<\/div>\n\t\t\t\t\t\t\t\t\t<\/div>\n\t\t\t\t\t<\/li>\n\t\t\t<li class=\"c-steps__item\"\n\t\t\t\n\t\t>\n\t\t\t<div class=\"c-steps__circle u-radius-round\">\n\t\t\t\t\t\t\t\t\t<span class=\"c-steps__number\">6<\/span>\n\t\t\t\t\t\t\t<\/div>\n\n\t\t\t\t\t\t\t<div class=\"c-steps__content l-stack-xs\">\n\t\t\t\t\t\t\t\t\t\t\t<h3 class=\"c-steps__title u-font-title-3\">\n\t\t\t\t\t\t\t\t\t\t\t\t\t\t\tReservantagning\n\t\t\t\t\t\t\t\t\t\t\t\t\t<\/h3>\n\t\t\t\t\t\n\t\t\t\t\t\t\t\t\t\t\t<div class=\"c-steps__text l-stack-sm u-font-body\">\n\t\t\t\t\t\t\t<p><span data-sheets-value=\"{&quot;1&quot;:2,&quot;2&quot;:&quot;Under sommaren inleds sedan reservantagningen.&quot;}\" data-sheets-userformat=\"{&quot;2&quot;:5025,&quot;3&quot;:{&quot;1&quot;:0},&quot;8&quot;:{&quot;1&quot;:[{&quot;1&quot;:2,&quot;2&quot;:0,&quot;5&quot;:{&quot;1&quot;:2,&quot;2&quot;:0}},{&quot;1&quot;:0,&quot;2&quot;:0,&quot;3&quot;:3},{&quot;1&quot;:1,&quot;2&quot;:0,&quot;4&quot;:1}]},&quot;10&quot;:0,&quot;11&quot;:4,&quot;12&quot;:0,&quot;15&quot;:&quot;Montserrat&quot;}\">Under sommaren inleds sedan reservantagningen.<\/span><\/p>\n\n\t\t\t\t\t\t<\/div>\n\t\t\t\t\t\t\t\t\t<\/div>\n\t\t\t\t\t<\/li>\n\t<\/ol>\n\t\n\t\t\t<div class=\"ams-timeline__action u-inline-items\">\n\t\t\t\t\t\t\t\n\n\n<a href=\"https:\/\/www.vaxjo.se\/sidor\/forskola-och-skola\/gymnasieskola.html\"\n\t\n\tclass=\"c-btn \"\n\tdata-style=\"square\"\n\tdata-size=\"md\"\n\tdata-width=\"full-mobile\"\n\tdata-variant=\"default\"\n\ttarget=\"_blank\">\n\t\t\t<span class=\"label\"> Se viktiga datum<\/span>\n\t\t\t<\/a>\n\t\t\t<\/div>\n\t<\/div>\n\n\t\t\n\n<\/section>\n\n\n\n\t<div class=\"module_wrapper ams_remote_pages_module \">\n\t\t\n\n<section  class=\"ams-cta ams-cta--stacked c-block l-stacked\" data-color-scheme=\"new-blue-dark\">\n\t<div class=\"l-container-narrow l-stack l-stack-fluid-2xl u-pt-fluid-3xl-6xl u-pb-fluid-3xl-6xl is-center is-center@md\">\n\t\t\t\t\t<div class=\"ams-cta__intro l-stack l-stack-lg\">\n\t\t\t\t\t\n\t<h2\n\tclass=\"c-heading u-font-title-1 \"\n\tstyle=\"\">\n\t\t\n\t\t\t\t\tBES\u00d6K OSS\n\t\t\t\t\n\t<\/h2>\n\n\t\t\t\t\t\t\t\t\t<div class=\"c-text l-stack u-cs-xl u-font-body\">\n\t\t\t\t\t\t<p><span data-sheets-value=\"{&quot;1&quot;:2,&quot;2&quot;:&quot;Vill du veta mer om oss p\u00e5 LBS Kreativa Gymnasiet Bor\u00e5s? Bes\u00f6k oss p\u00e5 \u00d6ppet hus eller som Elev f\u00f6r en dag s\u00e5 f\u00e5r du l\u00e4ra k\u00e4nna oss b\u00e4ttre. V\u00e4lkommen!&quot;}\" data-sheets-userformat=\"{&quot;2&quot;:5027,&quot;3&quot;:{&quot;1&quot;:0},&quot;4&quot;:{&quot;1&quot;:2,&quot;2&quot;:13228792},&quot;8&quot;:{&quot;1&quot;:[{&quot;1&quot;:2,&quot;2&quot;:0,&quot;5&quot;:{&quot;1&quot;:2,&quot;2&quot;:0}},{&quot;1&quot;:0,&quot;2&quot;:0,&quot;3&quot;:3},{&quot;1&quot;:1,&quot;2&quot;:0,&quot;4&quot;:1}]},&quot;10&quot;:0,&quot;11&quot;:4,&quot;12&quot;:0,&quot;15&quot;:&quot;Montserrat&quot;}\">Vill du veta mer om oss p\u00e5 LBS Kreativa Gymnasiet V\u00e4xj\u00f6? Bes\u00f6k oss p\u00e5 \u00d6ppet hus eller som Elev f\u00f6r en dag s\u00e5 f\u00e5r du l\u00e4ra k\u00e4nna oss b\u00e4ttre. V\u00e4lkommen!<\/span><\/p>\n\n\t\t\t\t\t<\/div>\n\t\t\t\t\t\t\t<\/div>\n\t\t\n\t\t\n\t\t\t<div class=\"ams-cta__action u-inline-items\">\n\t\t\t\t\t\t\t\n\n\n<a href=\"https:\/\/lbs.se\/vaxjo\/elev-for-en-dag\/\"\n\t\n\tclass=\"c-btn \"\n\tdata-style=\"square\"\n\tdata-size=\"md\"\n\tdata-width=\"full-mobile\"\n\tdata-variant=\"default\"\n\ttarget=\"_self\">\n\t\t\t<span class=\"label\"> Bli elev f\u00f6r en dag<\/span>\n\t\t\t<\/a>\n\t\t\t\t\t\t\t\n\n\n<a href=\"https:\/\/lbs.se\/vaxjo\/oppet-hus\/\"\n\t\n\tclass=\"c-btn \"\n\tdata-style=\"square\"\n\tdata-size=\"md\"\n\tdata-width=\"full-mobile\"\n\tdata-variant=\"outline\"\n\ttarget=\"_self\">\n\t\t\t<span class=\"label\"> Kom p\u00e5 \u00f6ppet hus<\/span>\n\t\t\t<\/a>\n\t\t\t<\/div>\n\t<\/div>\n\n\t\t\n\n<\/section>\n<div\n\t\n\tclass=\"\n\tc-separator\n\tc-separator--line\n\tc-separator--center\n\tc-separator--center@md\n\t\n\tu-mt-fluid-Ingen\n\tu-mb-fluid-Ingen\n\t\n\t\"\n\tstyle=\"\n\t--width-desk: 100%;\n\t--width-mob: 100%;\n\t--height-desk: 30px;\n\t--height-mob: 30px;\n\t--style: solid;\n\t--color: #00FFFF;\n\t\">\n\t\t\t<div class=\"c-separator__line\"><\/div>\n\t<\/div>\n\t<\/div>\n\n\t","protected":false},"excerpt":{"rendered":"","protected":false},"author":1,"featured_media":0,"parent":0,"menu_order":0,"comment_status":"closed","ping_status":"closed","template":"","meta":{"footnotes":""},"yoast_head":"<!-- This site is optimized with the Yoast SEO plugin v22.0 - https:\/\/yoast.com\/wordpress\/plugins\/seo\/ -->\n<title>Om gymnasievalet - LBS Gymnasium V\u00e4xj\u00f6<\/title>\n<meta name=\"description\" content=\"Gymnasievalet str\u00e4cker sig \u00f6ver ett \u00e5r. H\u00e4r har vi sammanfattat en tidslinje f\u00f6r hur gymnasievalet g\u00e5r till i stora drag.\" \/>\n<meta name=\"robots\" content=\"index, follow, max-snippet:-1, max-image-preview:large, max-video-preview:-1\" \/>\n<link rel=\"canonical\" href=\"https:\/\/lbs.se\/vaxjo\/om-gymnasievalet\/\" \/>\n<meta property=\"og:locale\" content=\"sv_SE\" \/>\n<meta property=\"og:type\" content=\"article\" \/>\n<meta property=\"og:title\" content=\"Om gymnasievalet - LBS Gymnasium V\u00e4xj\u00f6\" \/>\n<meta property=\"og:description\" content=\"Gymnasievalet str\u00e4cker sig \u00f6ver ett \u00e5r. H\u00e4r har vi sammanfattat en tidslinje f\u00f6r hur gymnasievalet g\u00e5r till i stora drag.\" \/>\n<meta property=\"og:url\" content=\"https:\/\/lbs.se\/vaxjo\/om-gymnasievalet\/\" \/>\n<meta property=\"og:site_name\" content=\"V\u00e4xj\u00f6\" \/>\n<meta property=\"article:modified_time\" content=\"2025-10-16T14:55:42+00:00\" \/>\n<meta name=\"twitter:card\" content=\"summary_large_image\" \/>\n<meta name=\"twitter:title\" content=\"Om gymnasievalet - LBS Gymnasium V\u00e4xj\u00f6\" \/>\n<meta name=\"twitter:description\" content=\"Gymnasievalet str\u00e4cker sig \u00f6ver ett \u00e5r. H\u00e4r har vi sammanfattat en tidslinje f\u00f6r hur gymnasievalet g\u00e5r till i stora drag.\" \/>\n<meta name=\"twitter:label1\" content=\"Ber\u00e4knad l\u00e4stid\" \/>\n\t<meta name=\"twitter:data1\" content=\"2 minuter\" \/>\n<script type=\"application\/ld+json\" class=\"yoast-schema-graph\">{\"@context\":\"https:\/\/schema.org\",\"@graph\":[{\"@type\":\"WebPage\",\"@id\":\"https:\/\/lbs.se\/vaxjo\/om-gymnasievalet\/\",\"url\":\"https:\/\/lbs.se\/vaxjo\/om-gymnasievalet\/\",\"name\":\"Om gymnasievalet - LBS Gymnasium V\u00e4xj\u00f6\",\"isPartOf\":{\"@id\":\"https:\/\/lbs.se\/vaxjo\/#website\"},\"datePublished\":\"2022-07-25T21:09:14+00:00\",\"dateModified\":\"2025-10-16T14:55:42+00:00\",\"description\":\"Gymnasievalet str\u00e4cker sig \u00f6ver ett \u00e5r. H\u00e4r har vi sammanfattat en tidslinje f\u00f6r hur gymnasievalet g\u00e5r till i stora drag.\",\"breadcrumb\":{\"@id\":\"https:\/\/lbs.se\/vaxjo\/om-gymnasievalet\/#breadcrumb\"},\"inLanguage\":\"sv-SE\",\"potentialAction\":[{\"@type\":\"ReadAction\",\"target\":[\"https:\/\/lbs.se\/vaxjo\/om-gymnasievalet\/\"]}]},{\"@type\":\"BreadcrumbList\",\"@id\":\"https:\/\/lbs.se\/vaxjo\/om-gymnasievalet\/#breadcrumb\",\"itemListElement\":[{\"@type\":\"ListItem\",\"position\":1,\"name\":\"Start\",\"item\":\"https:\/\/lbs.se\/vaxjo\/\"},{\"@type\":\"ListItem\",\"position\":2,\"name\":\"Om gymnasievalet\"}]},{\"@type\":\"WebSite\",\"@id\":\"https:\/\/lbs.se\/vaxjo\/#website\",\"url\":\"https:\/\/lbs.se\/vaxjo\/\",\"name\":\"V\u00e4xj\u00f6\",\"description\":\"LBS Kreativa Gymnasiet\",\"potentialAction\":[{\"@type\":\"SearchAction\",\"target\":{\"@type\":\"EntryPoint\",\"urlTemplate\":\"https:\/\/lbs.se\/vaxjo\/?s={search_term_string}\"},\"query-input\":\"required name=search_term_string\"}],\"inLanguage\":\"sv-SE\"}]}<\/script>\n<!-- \/ Yoast SEO plugin. -->","yoast_head_json":{"title":"Om gymnasievalet - LBS Gymnasium V\u00e4xj\u00f6","description":"Gymnasievalet str\u00e4cker sig \u00f6ver ett \u00e5r. H\u00e4r har vi sammanfattat en tidslinje f\u00f6r hur gymnasievalet g\u00e5r till i stora drag.","robots":{"index":"index","follow":"follow","max-snippet":"max-snippet:-1","max-image-preview":"max-image-preview:large","max-video-preview":"max-video-preview:-1"},"canonical":"https:\/\/lbs.se\/vaxjo\/om-gymnasievalet\/","og_locale":"sv_SE","og_type":"article","og_title":"Om gymnasievalet - LBS Gymnasium V\u00e4xj\u00f6","og_description":"Gymnasievalet str\u00e4cker sig \u00f6ver ett \u00e5r. H\u00e4r har vi sammanfattat en tidslinje f\u00f6r hur gymnasievalet g\u00e5r till i stora drag.","og_url":"https:\/\/lbs.se\/vaxjo\/om-gymnasievalet\/","og_site_name":"V\u00e4xj\u00f6","article_modified_time":"2025-10-16T14:55:42+00:00","twitter_card":"summary_large_image","twitter_title":"Om gymnasievalet - LBS Gymnasium V\u00e4xj\u00f6","twitter_description":"Gymnasievalet str\u00e4cker sig \u00f6ver ett \u00e5r. H\u00e4r har vi sammanfattat en tidslinje f\u00f6r hur gymnasievalet g\u00e5r till i stora drag.","twitter_misc":{"Ber\u00e4knad l\u00e4stid":"2 minuter"},"schema":{"@context":"https:\/\/schema.org","@graph":[{"@type":"WebPage","@id":"https:\/\/lbs.se\/vaxjo\/om-gymnasievalet\/","url":"https:\/\/lbs.se\/vaxjo\/om-gymnasievalet\/","name":"Om gymnasievalet - LBS Gymnasium V\u00e4xj\u00f6","isPartOf":{"@id":"https:\/\/lbs.se\/vaxjo\/#website"},"datePublished":"2022-07-25T21:09:14+00:00","dateModified":"2025-10-16T14:55:42+00:00","description":"Gymnasievalet str\u00e4cker sig \u00f6ver ett \u00e5r. H\u00e4r har vi sammanfattat en tidslinje f\u00f6r hur gymnasievalet g\u00e5r till i stora drag.","breadcrumb":{"@id":"https:\/\/lbs.se\/vaxjo\/om-gymnasievalet\/#breadcrumb"},"inLanguage":"sv-SE","potentialAction":[{"@type":"ReadAction","target":["https:\/\/lbs.se\/vaxjo\/om-gymnasievalet\/"]}]},{"@type":"BreadcrumbList","@id":"https:\/\/lbs.se\/vaxjo\/om-gymnasievalet\/#breadcrumb","itemListElement":[{"@type":"ListItem","position":1,"name":"Start","item":"https:\/\/lbs.se\/vaxjo\/"},{"@type":"ListItem","position":2,"name":"Om gymnasievalet"}]},{"@type":"WebSite","@id":"https:\/\/lbs.se\/vaxjo\/#website","url":"https:\/\/lbs.se\/vaxjo\/","name":"V\u00e4xj\u00f6","description":"LBS Kreativa Gymnasiet","potentialAction":[{"@type":"SearchAction","target":{"@type":"EntryPoint","urlTemplate":"https:\/\/lbs.se\/vaxjo\/?s={search_term_string}"},"query-input":"required name=search_term_string"}],"inLanguage":"sv-SE"}]}},"_links":{"self":[{"href":"https:\/\/lbs.se\/vaxjo\/wp-json\/wp\/v2\/pages\/31"}],"collection":[{"href":"https:\/\/lbs.se\/vaxjo\/wp-json\/wp\/v2\/pages"}],"about":[{"href":"https:\/\/lbs.se\/vaxjo\/wp-json\/wp\/v2\/types\/page"}],"author":[{"embeddable":true,"href":"https:\/\/lbs.se\/vaxjo\/wp-json\/wp\/v2\/users\/1"}],"replies":[{"embeddable":true,"href":"https:\/\/lbs.se\/vaxjo\/wp-json\/wp\/v2\/comments?post=31"}],"version-history":[{"count":10,"href":"https:\/\/lbs.se\/vaxjo\/wp-json\/wp\/v2\/pages\/31\/revisions"}],"predecessor-version":[{"id":2127,"href":"https:\/\/lbs.se\/vaxjo\/wp-json\/wp\/v2\/pages\/31\/revisions\/2127"}],"wp:attachment":[{"href":"https:\/\/lbs.se\/vaxjo\/wp-json\/wp\/v2\/media?parent=31"}],"curies":[{"name":"wp","href":"https:\/\/api.w.org\/{rel}","templated":true}]}}