{"id":1956,"date":"2025-05-12T14:42:44","date_gmt":"2025-05-12T12:42:44","guid":{"rendered":"https:\/\/lbs.se\/vaxjo\/?page_id=1956"},"modified":"2025-07-04T11:22:15","modified_gmt":"2025-07-04T09:22:15","slug":"tack-for-din-intresseanmalan-om-byte","status":"publish","type":"page","link":"https:\/\/lbs.se\/vaxjo\/tack-for-din-intresseanmalan-om-byte\/","title":{"rendered":"Tack f\u00f6r din intresseanm\u00e4lan om byte"},"content":{"rendered":"\n\n<section  class=\"ams-cta ams-cta--stacked c-block l-stacked\" data-color-scheme=\"nytt-standard\">\n\t<div class=\"l-container-narrow l-stack l-stack-fluid-2xl u-pt-fluid-3xl-6xl u-pb-fluid-3xl-6xl is-center is-center@md\">\n\t\t\t\t\t<div class=\"ams-cta__intro l-stack l-stack-lg\">\n\t\t\t\t\t\n\t<h1\n\tclass=\"c-heading u-font-title-1 \"\n\tstyle=\"\">\n\t\t\n\t\t\t\t\tDin intresseanm\u00e4lan har skickats\n\t\t\t\t\n\t<\/h1>\n\n\t\t\t\t\t\t\t\t\t<div class=\"c-text l-stack u-cs-xl u-font-body\">\n\t\t\t\t\t\t<p><span data-sheets-root=\"1\" data-sheets-value=\"{&quot;1&quot;:2,&quot;2&quot;:&quot;Vad roligt att du \u00e4r nyfiken p\u00e5 hur det \u00e4r att g\u00e5 p\u00e5 Praktiska Gymnasiet ORT. Vi kommer nu att p\u00e5minna dig via mail och sms n\u00e4r det \u00e4r dags f\u00f6r \u00f6ppet hus hos oss, s\u00e5 du inte missar det. Du kommer \u00e4ven f\u00e5 information om gymnasievalet och annat roligt som h\u00e4nder p\u00e5 skolan. V\u00e4lkommen in i gemenskapen! &quot;}\" data-sheets-userformat=\"{&quot;2&quot;:5043,&quot;3&quot;:{&quot;1&quot;:0},&quot;4&quot;:{&quot;1&quot;:2,&quot;2&quot;:10797812},&quot;7&quot;:{&quot;1&quot;:[{&quot;1&quot;:2,&quot;2&quot;:0,&quot;5&quot;:{&quot;1&quot;:2,&quot;2&quot;:0}},{&quot;1&quot;:0,&quot;2&quot;:0,&quot;3&quot;:3},{&quot;1&quot;:1,&quot;2&quot;:0,&quot;4&quot;:1}]},&quot;8&quot;:{&quot;1&quot;:[{&quot;1&quot;:2,&quot;2&quot;:0,&quot;5&quot;:{&quot;1&quot;:2,&quot;2&quot;:0}},{&quot;1&quot;:0,&quot;2&quot;:0,&quot;3&quot;:3},{&quot;1&quot;:1,&quot;2&quot;:0,&quot;4&quot;:1}]},&quot;10&quot;:2,&quot;11&quot;:4,&quot;12&quot;:0,&quot;15&quot;:&quot;Arial&quot;}\">Vad roligt att du vill byta till oss! Vi har tagit emot din intresseanm\u00e4lan om byte. Vi kan inte garantera att vi har en ledig plats eller att ett byte \u00e4r m\u00f6jligt. Vi kommer att h\u00f6ra av oss till dig om vi kan erbjuda dig plats.<\/span><\/p>\n\n\t\t\t\t\t<\/div>\n\t\t\t\t\t\t\t<\/div>\n\t\t\n\t\t\n\t\t\t<div class=\"ams-cta__action u-inline-items\">\n\t\t\t\t\t\t\t\n\n\n<a href=\"https:\/\/lbs.se\/vaxjo\/\"\n\t\n\tclass=\"c-btn \"\n\tdata-style=\"square\"\n\tdata-size=\"md\"\n\tdata-width=\"full-mobile\"\n\tdata-variant=\"default\"\n\ttarget=\"_self\">\n\t\t\t<span class=\"label\"> Till startsidan<\/span>\n\t\t\t<\/a>\n\t\t\t<\/div>\n\t<\/div>\n\n\t\t\n\n<\/section>\n","protected":false},"excerpt":{"rendered":"","protected":false},"author":50,"featured_media":0,"parent":0,"menu_order":0,"comment_status":"closed","ping_status":"closed","template":"","meta":{"footnotes":""},"yoast_head":"<!-- This site is optimized with the Yoast SEO plugin v22.0 - https:\/\/yoast.com\/wordpress\/plugins\/seo\/ -->\n<title>V\u00e4xj\u00f6<\/title>\n<meta name=\"robots\" content=\"index, follow, max-snippet:-1, max-image-preview:large, max-video-preview:-1\" \/>\n<link rel=\"canonical\" href=\"https:\/\/lbs.se\/vaxjo\/tack-for-din-intresseanmalan-om-byte\/\" \/>\n<meta property=\"og:locale\" content=\"sv_SE\" \/>\n<meta property=\"og:type\" content=\"article\" \/>\n<meta property=\"og:url\" content=\"https:\/\/lbs.se\/vaxjo\/tack-for-din-intresseanmalan-om-byte\/\" \/>\n<meta property=\"og:site_name\" content=\"V\u00e4xj\u00f6\" \/>\n<meta property=\"article:modified_time\" content=\"2025-07-04T09:22:15+00:00\" \/>\n<meta name=\"twitter:card\" content=\"summary_large_image\" \/>\n<meta name=\"twitter:label1\" content=\"Ber\u00e4knad l\u00e4stid\" \/>\n\t<meta name=\"twitter:data1\" content=\"1 minut\" \/>\n<script type=\"application\/ld+json\" class=\"yoast-schema-graph\">{\"@context\":\"https:\/\/schema.org\",\"@graph\":[{\"@type\":\"WebPage\",\"@id\":\"https:\/\/lbs.se\/vaxjo\/tack-for-din-intresseanmalan-om-byte\/\",\"url\":\"https:\/\/lbs.se\/vaxjo\/tack-for-din-intresseanmalan-om-byte\/\",\"name\":\"Tack f\u00f6r din intresseanm\u00e4lan om byte - V\u00e4xj\u00f6\",\"isPartOf\":{\"@id\":\"https:\/\/lbs.se\/vaxjo\/#website\"},\"datePublished\":\"2025-05-12T12:42:44+00:00\",\"dateModified\":\"2025-07-04T09:22:15+00:00\",\"breadcrumb\":{\"@id\":\"https:\/\/lbs.se\/vaxjo\/tack-for-din-intresseanmalan-om-byte\/#breadcrumb\"},\"inLanguage\":\"sv-SE\",\"potentialAction\":[{\"@type\":\"ReadAction\",\"target\":[\"https:\/\/lbs.se\/vaxjo\/tack-for-din-intresseanmalan-om-byte\/\"]}]},{\"@type\":\"BreadcrumbList\",\"@id\":\"https:\/\/lbs.se\/vaxjo\/tack-for-din-intresseanmalan-om-byte\/#breadcrumb\",\"itemListElement\":[{\"@type\":\"ListItem\",\"position\":1,\"name\":\"Start\",\"item\":\"https:\/\/lbs.se\/vaxjo\/\"},{\"@type\":\"ListItem\",\"position\":2,\"name\":\"Tack f\u00f6r din intresseanm\u00e4lan om byte\"}]},{\"@type\":\"WebSite\",\"@id\":\"https:\/\/lbs.se\/vaxjo\/#website\",\"url\":\"https:\/\/lbs.se\/vaxjo\/\",\"name\":\"V\u00e4xj\u00f6\",\"description\":\"LBS Kreativa Gymnasiet\",\"potentialAction\":[{\"@type\":\"SearchAction\",\"target\":{\"@type\":\"EntryPoint\",\"urlTemplate\":\"https:\/\/lbs.se\/vaxjo\/?s={search_term_string}\"},\"query-input\":\"required name=search_term_string\"}],\"inLanguage\":\"sv-SE\"}]}<\/script>\n<!-- \/ Yoast SEO plugin. -->","yoast_head_json":{"title":"V\u00e4xj\u00f6","robots":{"index":"index","follow":"follow","max-snippet":"max-snippet:-1","max-image-preview":"max-image-preview:large","max-video-preview":"max-video-preview:-1"},"canonical":"https:\/\/lbs.se\/vaxjo\/tack-for-din-intresseanmalan-om-byte\/","og_locale":"sv_SE","og_type":"article","og_url":"https:\/\/lbs.se\/vaxjo\/tack-for-din-intresseanmalan-om-byte\/","og_site_name":"V\u00e4xj\u00f6","article_modified_time":"2025-07-04T09:22:15+00:00","twitter_card":"summary_large_image","twitter_misc":{"Ber\u00e4knad l\u00e4stid":"1 minut"},"schema":{"@context":"https:\/\/schema.org","@graph":[{"@type":"WebPage","@id":"https:\/\/lbs.se\/vaxjo\/tack-for-din-intresseanmalan-om-byte\/","url":"https:\/\/lbs.se\/vaxjo\/tack-for-din-intresseanmalan-om-byte\/","name":"Tack f\u00f6r din intresseanm\u00e4lan om byte - V\u00e4xj\u00f6","isPartOf":{"@id":"https:\/\/lbs.se\/vaxjo\/#website"},"datePublished":"2025-05-12T12:42:44+00:00","dateModified":"2025-07-04T09:22:15+00:00","breadcrumb":{"@id":"https:\/\/lbs.se\/vaxjo\/tack-for-din-intresseanmalan-om-byte\/#breadcrumb"},"inLanguage":"sv-SE","potentialAction":[{"@type":"ReadAction","target":["https:\/\/lbs.se\/vaxjo\/tack-for-din-intresseanmalan-om-byte\/"]}]},{"@type":"BreadcrumbList","@id":"https:\/\/lbs.se\/vaxjo\/tack-for-din-intresseanmalan-om-byte\/#breadcrumb","itemListElement":[{"@type":"ListItem","position":1,"name":"Start","item":"https:\/\/lbs.se\/vaxjo\/"},{"@type":"ListItem","position":2,"name":"Tack f\u00f6r din intresseanm\u00e4lan om byte"}]},{"@type":"WebSite","@id":"https:\/\/lbs.se\/vaxjo\/#website","url":"https:\/\/lbs.se\/vaxjo\/","name":"V\u00e4xj\u00f6","description":"LBS Kreativa Gymnasiet","potentialAction":[{"@type":"SearchAction","target":{"@type":"EntryPoint","urlTemplate":"https:\/\/lbs.se\/vaxjo\/?s={search_term_string}"},"query-input":"required name=search_term_string"}],"inLanguage":"sv-SE"}]}},"_links":{"self":[{"href":"https:\/\/lbs.se\/vaxjo\/wp-json\/wp\/v2\/pages\/1956"}],"collection":[{"href":"https:\/\/lbs.se\/vaxjo\/wp-json\/wp\/v2\/pages"}],"about":[{"href":"https:\/\/lbs.se\/vaxjo\/wp-json\/wp\/v2\/types\/page"}],"author":[{"embeddable":true,"href":"https:\/\/lbs.se\/vaxjo\/wp-json\/wp\/v2\/users\/50"}],"replies":[{"embeddable":true,"href":"https:\/\/lbs.se\/vaxjo\/wp-json\/wp\/v2\/comments?post=1956"}],"version-history":[{"count":4,"href":"https:\/\/lbs.se\/vaxjo\/wp-json\/wp\/v2\/pages\/1956\/revisions"}],"predecessor-version":[{"id":2064,"href":"https:\/\/lbs.se\/vaxjo\/wp-json\/wp\/v2\/pages\/1956\/revisions\/2064"}],"wp:attachment":[{"href":"https:\/\/lbs.se\/vaxjo\/wp-json\/wp\/v2\/media?parent=1956"}],"curies":[{"name":"wp","href":"https:\/\/api.w.org\/{rel}","templated":true}]}}