{"id":1122,"date":"2023-06-05T08:29:47","date_gmt":"2023-06-05T06:29:47","guid":{"rendered":"https:\/\/lbs.se\/vaxjo\/?page_id=1122"},"modified":"2025-07-04T11:04:04","modified_gmt":"2025-07-04T09:04:04","slug":"kvalitet","status":"publish","type":"page","link":"https:\/\/lbs.se\/vaxjo\/kvalitet\/","title":{"rendered":"Kvalitet"},"content":{"rendered":"\n\n<section  class=\"ams-cta ams-cta--stacked c-block l-stacked\" data-color-scheme=\"nytt-standard\">\n\t<div class=\"l-container l-stack l-stack-fluid-2xl u-pt-fluid-3xl-6xl u-pb-fluid-3xl-6xl is-center is-center@md\">\n\t\t\t\t\t<div class=\"ams-cta__intro l-stack l-stack-lg\">\n\t\t\t\t\t\n\t<h1\n\tclass=\"c-heading u-font-title-1 \"\n\tstyle=\"\">\n\t\t\n\t\t\t\t\tV\u00c5RT KVALITETSARBETE\n\t\t\t\t\n\t<\/h1>\n\n\t\t\t\t\t\t\t\t\t<div class=\"c-text l-stack u-cs-xl u-font-body\">\n\t\t\t\t\t\t<p><span data-sheets-value=\"{&quot;1&quot;:2,&quot;2&quot;:&quot;P\u00e5 LBS Kreativa Gymnasiet \u00e4r vi m\u00e5na om att ge alla elever goda f\u00f6ruts\u00e4ttningar att l\u00e4ra sig och utvecklas. F\u00f6rutom att tillgodose en bra utbildning i en trygg milj\u00f6 \u00e4r det ocks\u00e5 viktigt f\u00f6r oss att ta varje elev ett steg n\u00e4rmare sina framtida m\u00e5l och dr\u00f6mmar.&quot;}\" data-sheets-userformat=\"{&quot;2&quot;:5033,&quot;3&quot;:{&quot;1&quot;:0},&quot;6&quot;:{&quot;1&quot;:[{&quot;1&quot;:2,&quot;2&quot;:0,&quot;5&quot;:{&quot;1&quot;:2,&quot;2&quot;:0}},{&quot;1&quot;:0,&quot;2&quot;:0,&quot;3&quot;:3},{&quot;1&quot;:1,&quot;2&quot;:0,&quot;4&quot;:1}]},&quot;8&quot;:{&quot;1&quot;:[{&quot;1&quot;:2,&quot;2&quot;:0,&quot;5&quot;:{&quot;1&quot;:2,&quot;2&quot;:0}},{&quot;1&quot;:0,&quot;2&quot;:0,&quot;3&quot;:3},{&quot;1&quot;:1,&quot;2&quot;:0,&quot;4&quot;:1}]},&quot;10&quot;:0,&quot;11&quot;:4,&quot;12&quot;:0,&quot;15&quot;:&quot;Montserrat&quot;}\">P\u00e5 LBS Kreativa Gymnasiet \u00e4r vi m\u00e5na om att ge alla elever goda f\u00f6ruts\u00e4ttningar att l\u00e4ra sig och utvecklas. F\u00f6rutom att tillgodose en bra utbildning i en trygg milj\u00f6 \u00e4r det ocks\u00e5 viktigt f\u00f6r oss att ta varje elev ett steg n\u00e4rmare sina framtida m\u00e5l och dr\u00f6mmar.<\/span><\/p>\n\n\t\t\t\t\t<\/div>\n\t\t\t\t\t\t\t<\/div>\n\t\t\n\t\t\n\t\t\t<\/div>\n\n\t\t\n\n<\/section>\n\n\n\n\t\n\t\n\t\n\n\t\n\t\n\t\t\n<section  class=\"c-block l-stacked  \" data-color-scheme=\"new-standard-dark\">\n\t<div class=\"ams-fifty ams-fifty--container ams-fifty--left ams-fifty--top l-container u-pt-fluid-3xl-6xl u-pb-fluid-3xl-6xl\">\n\t\t<div class=\"ams-fifty__content l-stack l-stack-xl is-left is-left@lg\">\n\t\t\t<div class=\"ams-fifty__text l-stack l-stack-lg\">\n\t\t\t\t\t\n\t<h2\n\tclass=\"c-heading u-font-title-1 \"\n\tstyle=\"\">\n\t\t\n\t\t\t\t\tKVALITETSRESULTAT\n\t\t\t\t\n\t<\/h2>\n\n\t\t\t\t\t\t\t\t\t<div class=\"text l-stack u-font-body\">\n\t\t\t\t\t\t<p><span data-sheets-value=\"{&quot;1&quot;:2,&quot;2&quot;:&quot;F\u00f6r att lyckas tillgodose en bra utbildning i en trygg milj\u00f6 har vi hela tiden koll p\u00e5 v\u00e5ra resultat och \u00e4r m\u00e5na om att st\u00e4ndigt fr\u00e5ga v\u00e5ra elever om hur de upplever sin skola och sin undervisning. Utifr\u00e5n det som framkommer g\u00f6r vi analyser tillsammans med rektorer, l\u00e4rare och elever och s\u00e4tter in olika utvecklingsinsatser utifr\u00e5n behov som vi sedan f\u00f6ljer upp och analyserar vidare. Vi arbetar helt enkelt med ett systematiskt kvalitetsarbete f\u00f6r att st\u00e4ndigt bli b\u00e4ttre p\u00e5 det vi g\u00f6r.\\n\\nSom en del av det systematiska kvalitetsarbetet sammanfattar varje rektor \u00e5rligen det g\u00e5ngna verksamhets\u00e5ret avseende m\u00e5l, resultat, analyser och strategier i skolans kvalitetsrapport. Kvalitetsrapporten ger en \u00f6versikt av hur vi arbetar med kvalitet p\u00e5 b\u00e5de skolniv\u00e5 och huvudmannaniv\u00e5.&quot;}\" data-sheets-userformat=\"{&quot;2&quot;:5025,&quot;3&quot;:{&quot;1&quot;:0},&quot;8&quot;:{&quot;1&quot;:[{&quot;1&quot;:2,&quot;2&quot;:0,&quot;5&quot;:{&quot;1&quot;:2,&quot;2&quot;:0}},{&quot;1&quot;:0,&quot;2&quot;:0,&quot;3&quot;:3},{&quot;1&quot;:1,&quot;2&quot;:0,&quot;4&quot;:1}]},&quot;10&quot;:0,&quot;11&quot;:4,&quot;12&quot;:0,&quot;15&quot;:&quot;Montserrat&quot;}\">F\u00f6r att lyckas tillgodose en bra utbildning i en trygg milj\u00f6 har vi hela tiden koll p\u00e5 v\u00e5ra resultat och \u00e4r m\u00e5na om att st\u00e4ndigt fr\u00e5ga v\u00e5ra elever om hur de upplever sin skola och sin undervisning. Utifr\u00e5n det som framkommer g\u00f6r vi analyser tillsammans med rektorer, l\u00e4rare och elever och s\u00e4tter in olika utvecklingsinsatser utifr\u00e5n behov som vi sedan f\u00f6ljer upp och analyserar vidare. Vi arbetar helt enkelt med ett systematiskt kvalitetsarbete f\u00f6r att st\u00e4ndigt bli b\u00e4ttre p\u00e5 det vi g\u00f6r.<\/span><\/p>\n<p>Som en del av det systematiska kvalitetsarbetet sammanfattar varje rektor \u00e5rligen det g\u00e5ngna verksamhets\u00e5ret avseende m\u00e5l, resultat, analyser och strategier i skolans kvalitetsrapport. Kvalitetsrapporten ger en \u00f6versikt av hur vi arbetar med kvalitet p\u00e5 b\u00e5de skolniv\u00e5 och huvudmannaniv\u00e5.<\/p>\n\n\t\t\t\t\t<\/div>\n\t\t\t\t\t\t\t<\/div>\n\n\t\t\t\t<div class=\"ams-fifty__action u-inline-items\">\n\t\t\t\t\t\t\t\n\n\n<a href=\"https:\/\/lbs.se\/vaxjo\/kvalitet\/betygsresultat\/\"\n\t\n\tclass=\"c-btn \"\n\tdata-style=\"square\"\n\tdata-size=\"md\"\n\tdata-width=\"full-mobile\"\n\tdata-variant=\"default\"\n\ttarget=\"_self\">\n\t\t\t<span class=\"label\"> L\u00e4s v\u00e5ra kvalitetsresultat<\/span>\n\t\t\t<\/a>\n\t\t\t<\/div>\n\t\t<\/div>\n\n\t\t <div class=\"ams-fifty__media u-ratio-square\">\n\t\t \t\t\t\t\t<img decoding=\"async\" width=\"600\" height=\"600\" src=\"https:\/\/lbs.se\/wp-content\/uploads\/sites\/24\/2023\/06\/lbs-kvalitet-oss-202304-600x600.jpg\" class=\"attachment-md size-md\" alt=\"L\u00e4rare hj\u00e4lper elev som ritar p\u00e5 ett papper, b\u00e5da skrattar.\" sizes=\"(min-width: 64em) 600px, calc(100vw - 160px)\" srcset=\"https:\/\/lbs.se\/wp-content\/uploads\/sites\/24\/2023\/06\/lbs-kvalitet-oss-202304-600x600.jpg 600w, https:\/\/lbs.se\/wp-content\/uploads\/sites\/24\/2023\/06\/lbs-kvalitet-oss-202304-150x150.jpg 150w, https:\/\/lbs.se\/wp-content\/uploads\/sites\/24\/2023\/06\/lbs-kvalitet-oss-202304-300x300.jpg 300w, https:\/\/lbs.se\/wp-content\/uploads\/sites\/24\/2023\/06\/lbs-kvalitet-oss-202304-400x400.jpg 400w, https:\/\/lbs.se\/wp-content\/uploads\/sites\/24\/2023\/06\/lbs-kvalitet-oss-202304-800x800.jpg 800w, https:\/\/lbs.se\/wp-content\/uploads\/sites\/24\/2023\/06\/lbs-kvalitet-oss-202304-1024x1024.jpg 1024w, https:\/\/lbs.se\/wp-content\/uploads\/sites\/24\/2023\/06\/lbs-kvalitet-oss-202304.jpg 1200w\" \/>\n\t\t\t\n\t\t\t\n\t\t\t\t\t<\/div>\n\t<\/div>\n\n\t\t\n\n<\/section>\n\n\n\n\t\n\t\n\t\n\n\t\n\t\n\t\t\n<section  class=\"c-block l-stacked  \" data-color-scheme=\"nytt-standard\">\n\t<div class=\"ams-fifty ams-fifty--container ams-fifty--right ams-fifty--top l-container u-pt-fluid-3xl-6xl u-pb-fluid-3xl-6xl\">\n\t\t<div class=\"ams-fifty__content l-stack l-stack-xl is-left is-left@lg\">\n\t\t\t<div class=\"ams-fifty__text l-stack l-stack-lg\">\n\t\t\t\t\t\n\t<h2\n\tclass=\"c-heading u-font-title-1 \"\n\tstyle=\"\">\n\t\t\n\t\t\t\t\tSYNPUNKTER P\u00c5 VERKSAMHETEN\n\t\t\t\t\n\t<\/h2>\n\n\t\t\t\t\t\t\t\t\t<div class=\"text l-stack u-font-body\">\n\t\t\t\t\t\t<p><span data-sheets-value=\"{&quot;1&quot;:2,&quot;2&quot;:&quot;Vi vill att v\u00e5r skola ska vara s\u00e5 bra som m\u00f6jligt f\u00f6r alla. V\u00e5rt m\u00e5l \u00e4r att erbjuda en h\u00f6g och god kvalitet i alla v\u00e5ra verksamheter. D\u00e4rf\u00f6r \u00e4r det viktigt att vi f\u00e5r information om eventuella brister, s\u00e5 att vi i dialog med dig kan f\u00f6rb\u00e4ttra och utveckla verksamheten.&quot;}\" data-sheets-userformat=\"{&quot;2&quot;:5025,&quot;3&quot;:{&quot;1&quot;:0},&quot;8&quot;:{&quot;1&quot;:[{&quot;1&quot;:2,&quot;2&quot;:0,&quot;5&quot;:{&quot;1&quot;:2,&quot;2&quot;:0}},{&quot;1&quot;:0,&quot;2&quot;:0,&quot;3&quot;:3},{&quot;1&quot;:1,&quot;2&quot;:0,&quot;4&quot;:1}]},&quot;10&quot;:0,&quot;11&quot;:4,&quot;12&quot;:0,&quot;15&quot;:&quot;Montserrat&quot;}\">Vi vill att v\u00e5r skola ska vara s\u00e5 bra som m\u00f6jlig f\u00f6r alla. V\u00e5rt m\u00e5l \u00e4r att erbjuda en h\u00f6g och god kvalitet i alla v\u00e5ra verksamheter. D\u00e4rf\u00f6r \u00e4r det viktigt att vi f\u00e5r information om eventuella brister, s\u00e5 att vi i dialog med dig kan f\u00f6rb\u00e4ttra och utveckla verksamheten.<\/span><\/p>\n\n\t\t\t\t\t<\/div>\n\t\t\t\t\t\t\t<\/div>\n\n\t\t\t\t<div class=\"ams-fifty__action u-inline-items\">\n\t\t\t\t\t\t\t\n\n\n<a href=\"https:\/\/lbs.se\/vaxjo\/kvalitet\/synpunkter-pa-verksamheten\/\"\n\t\n\tclass=\"c-btn \"\n\tdata-style=\"square\"\n\tdata-size=\"md\"\n\tdata-width=\"full-mobile\"\n\tdata-variant=\"default\"\n\ttarget=\"_self\">\n\t\t\t<span class=\"label\"> L\u00e4mna synpunkt<\/span>\n\t\t\t<\/a>\n\t\t\t<\/div>\n\t\t<\/div>\n\n\t\t <div class=\"ams-fifty__media u-ratio-square\">\n\t\t \t\t\t\t\t<img decoding=\"async\" width=\"600\" height=\"600\" src=\"https:\/\/lbs.se\/wp-content\/uploads\/sites\/24\/2023\/06\/lbs-kvalitet-202304-600x600.jpg\" class=\"attachment-md size-md\" alt=\"Tv\u00e5 elever arbetar med kreativt projekt p\u00e5 ritplatta.\" sizes=\"(min-width: 64em) 600px, calc(100vw - 160px)\" srcset=\"https:\/\/lbs.se\/wp-content\/uploads\/sites\/24\/2023\/06\/lbs-kvalitet-202304-600x600.jpg 600w, https:\/\/lbs.se\/wp-content\/uploads\/sites\/24\/2023\/06\/lbs-kvalitet-202304-150x150.jpg 150w, https:\/\/lbs.se\/wp-content\/uploads\/sites\/24\/2023\/06\/lbs-kvalitet-202304-300x300.jpg 300w, https:\/\/lbs.se\/wp-content\/uploads\/sites\/24\/2023\/06\/lbs-kvalitet-202304-400x400.jpg 400w, https:\/\/lbs.se\/wp-content\/uploads\/sites\/24\/2023\/06\/lbs-kvalitet-202304-800x800.jpg 800w, https:\/\/lbs.se\/wp-content\/uploads\/sites\/24\/2023\/06\/lbs-kvalitet-202304-1024x1024.jpg 1024w, https:\/\/lbs.se\/wp-content\/uploads\/sites\/24\/2023\/06\/lbs-kvalitet-202304.jpg 1200w\" \/>\n\t\t\t\n\t\t\t\n\t\t\t\t\t<\/div>\n\t<\/div>\n\n\t\t\n\n<\/section>\n","protected":false},"excerpt":{"rendered":"","protected":false},"author":3,"featured_media":0,"parent":0,"menu_order":0,"comment_status":"closed","ping_status":"closed","template":"","meta":{"footnotes":""},"yoast_head":"<!-- This site is optimized with the Yoast SEO plugin v22.0 - https:\/\/yoast.com\/wordpress\/plugins\/seo\/ -->\n<title>Kvalitet - LBS Gymnasium V\u00e4xj\u00f6<\/title>\n<meta name=\"description\" content=\"P\u00e5 LBS Kreativa Gymnasiet \u00e4r vi m\u00e5na om att ge alla elever goda f\u00f6ruts\u00e4ttningar att l\u00e4ra sig och utvecklas. V\u00e4lkommen till LBS Gymnasium!\" \/>\n<meta name=\"robots\" content=\"index, follow, max-snippet:-1, max-image-preview:large, max-video-preview:-1\" \/>\n<link rel=\"canonical\" href=\"https:\/\/lbs.se\/vaxjo\/kvalitet\/\" \/>\n<meta property=\"og:locale\" content=\"sv_SE\" \/>\n<meta property=\"og:type\" content=\"article\" \/>\n<meta property=\"og:title\" content=\"Kvalitet - LBS Gymnasium V\u00e4xj\u00f6\" \/>\n<meta property=\"og:description\" content=\"P\u00e5 LBS Kreativa Gymnasiet \u00e4r vi m\u00e5na om att ge alla elever goda f\u00f6ruts\u00e4ttningar att l\u00e4ra sig och utvecklas. V\u00e4lkommen till LBS Gymnasium!\" \/>\n<meta property=\"og:url\" content=\"https:\/\/lbs.se\/vaxjo\/kvalitet\/\" \/>\n<meta property=\"og:site_name\" content=\"V\u00e4xj\u00f6\" \/>\n<meta property=\"article:modified_time\" content=\"2025-07-04T09:04:04+00:00\" \/>\n<meta name=\"twitter:card\" content=\"summary_large_image\" \/>\n<meta name=\"twitter:title\" content=\"Kvalitet - LBS Gymnasium V\u00e4xj\u00f6\" \/>\n<meta name=\"twitter:description\" content=\"P\u00e5 LBS Kreativa Gymnasiet \u00e4r vi m\u00e5na om att ge alla elever goda f\u00f6ruts\u00e4ttningar att l\u00e4ra sig och utvecklas. V\u00e4lkommen till LBS Gymnasium!\" \/>\n<meta name=\"twitter:label1\" content=\"Ber\u00e4knad l\u00e4stid\" \/>\n\t<meta name=\"twitter:data1\" content=\"2 minuter\" \/>\n<script type=\"application\/ld+json\" class=\"yoast-schema-graph\">{\"@context\":\"https:\/\/schema.org\",\"@graph\":[{\"@type\":\"WebPage\",\"@id\":\"https:\/\/lbs.se\/vaxjo\/kvalitet\/\",\"url\":\"https:\/\/lbs.se\/vaxjo\/kvalitet\/\",\"name\":\"Kvalitet - LBS Gymnasium V\u00e4xj\u00f6\",\"isPartOf\":{\"@id\":\"https:\/\/lbs.se\/vaxjo\/#website\"},\"datePublished\":\"2023-06-05T06:29:47+00:00\",\"dateModified\":\"2025-07-04T09:04:04+00:00\",\"description\":\"P\u00e5 LBS Kreativa Gymnasiet \u00e4r vi m\u00e5na om att ge alla elever goda f\u00f6ruts\u00e4ttningar att l\u00e4ra sig och utvecklas. V\u00e4lkommen till LBS Gymnasium!\",\"breadcrumb\":{\"@id\":\"https:\/\/lbs.se\/vaxjo\/kvalitet\/#breadcrumb\"},\"inLanguage\":\"sv-SE\",\"potentialAction\":[{\"@type\":\"ReadAction\",\"target\":[\"https:\/\/lbs.se\/vaxjo\/kvalitet\/\"]}]},{\"@type\":\"BreadcrumbList\",\"@id\":\"https:\/\/lbs.se\/vaxjo\/kvalitet\/#breadcrumb\",\"itemListElement\":[{\"@type\":\"ListItem\",\"position\":1,\"name\":\"Start\",\"item\":\"https:\/\/lbs.se\/vaxjo\/\"},{\"@type\":\"ListItem\",\"position\":2,\"name\":\"Kvalitet\"}]},{\"@type\":\"WebSite\",\"@id\":\"https:\/\/lbs.se\/vaxjo\/#website\",\"url\":\"https:\/\/lbs.se\/vaxjo\/\",\"name\":\"V\u00e4xj\u00f6\",\"description\":\"LBS Kreativa Gymnasiet\",\"potentialAction\":[{\"@type\":\"SearchAction\",\"target\":{\"@type\":\"EntryPoint\",\"urlTemplate\":\"https:\/\/lbs.se\/vaxjo\/?s={search_term_string}\"},\"query-input\":\"required name=search_term_string\"}],\"inLanguage\":\"sv-SE\"}]}<\/script>\n<!-- \/ Yoast SEO plugin. -->","yoast_head_json":{"title":"Kvalitet - LBS Gymnasium V\u00e4xj\u00f6","description":"P\u00e5 LBS Kreativa Gymnasiet \u00e4r vi m\u00e5na om att ge alla elever goda f\u00f6ruts\u00e4ttningar att l\u00e4ra sig och utvecklas. V\u00e4lkommen till LBS Gymnasium!","robots":{"index":"index","follow":"follow","max-snippet":"max-snippet:-1","max-image-preview":"max-image-preview:large","max-video-preview":"max-video-preview:-1"},"canonical":"https:\/\/lbs.se\/vaxjo\/kvalitet\/","og_locale":"sv_SE","og_type":"article","og_title":"Kvalitet - LBS Gymnasium V\u00e4xj\u00f6","og_description":"P\u00e5 LBS Kreativa Gymnasiet \u00e4r vi m\u00e5na om att ge alla elever goda f\u00f6ruts\u00e4ttningar att l\u00e4ra sig och utvecklas. V\u00e4lkommen till LBS Gymnasium!","og_url":"https:\/\/lbs.se\/vaxjo\/kvalitet\/","og_site_name":"V\u00e4xj\u00f6","article_modified_time":"2025-07-04T09:04:04+00:00","twitter_card":"summary_large_image","twitter_title":"Kvalitet - LBS Gymnasium V\u00e4xj\u00f6","twitter_description":"P\u00e5 LBS Kreativa Gymnasiet \u00e4r vi m\u00e5na om att ge alla elever goda f\u00f6ruts\u00e4ttningar att l\u00e4ra sig och utvecklas. V\u00e4lkommen till LBS Gymnasium!","twitter_misc":{"Ber\u00e4knad l\u00e4stid":"2 minuter"},"schema":{"@context":"https:\/\/schema.org","@graph":[{"@type":"WebPage","@id":"https:\/\/lbs.se\/vaxjo\/kvalitet\/","url":"https:\/\/lbs.se\/vaxjo\/kvalitet\/","name":"Kvalitet - LBS Gymnasium V\u00e4xj\u00f6","isPartOf":{"@id":"https:\/\/lbs.se\/vaxjo\/#website"},"datePublished":"2023-06-05T06:29:47+00:00","dateModified":"2025-07-04T09:04:04+00:00","description":"P\u00e5 LBS Kreativa Gymnasiet \u00e4r vi m\u00e5na om att ge alla elever goda f\u00f6ruts\u00e4ttningar att l\u00e4ra sig och utvecklas. V\u00e4lkommen till LBS Gymnasium!","breadcrumb":{"@id":"https:\/\/lbs.se\/vaxjo\/kvalitet\/#breadcrumb"},"inLanguage":"sv-SE","potentialAction":[{"@type":"ReadAction","target":["https:\/\/lbs.se\/vaxjo\/kvalitet\/"]}]},{"@type":"BreadcrumbList","@id":"https:\/\/lbs.se\/vaxjo\/kvalitet\/#breadcrumb","itemListElement":[{"@type":"ListItem","position":1,"name":"Start","item":"https:\/\/lbs.se\/vaxjo\/"},{"@type":"ListItem","position":2,"name":"Kvalitet"}]},{"@type":"WebSite","@id":"https:\/\/lbs.se\/vaxjo\/#website","url":"https:\/\/lbs.se\/vaxjo\/","name":"V\u00e4xj\u00f6","description":"LBS Kreativa Gymnasiet","potentialAction":[{"@type":"SearchAction","target":{"@type":"EntryPoint","urlTemplate":"https:\/\/lbs.se\/vaxjo\/?s={search_term_string}"},"query-input":"required name=search_term_string"}],"inLanguage":"sv-SE"}]}},"_links":{"self":[{"href":"https:\/\/lbs.se\/vaxjo\/wp-json\/wp\/v2\/pages\/1122"}],"collection":[{"href":"https:\/\/lbs.se\/vaxjo\/wp-json\/wp\/v2\/pages"}],"about":[{"href":"https:\/\/lbs.se\/vaxjo\/wp-json\/wp\/v2\/types\/page"}],"author":[{"embeddable":true,"href":"https:\/\/lbs.se\/vaxjo\/wp-json\/wp\/v2\/users\/3"}],"replies":[{"embeddable":true,"href":"https:\/\/lbs.se\/vaxjo\/wp-json\/wp\/v2\/comments?post=1122"}],"version-history":[{"count":10,"href":"https:\/\/lbs.se\/vaxjo\/wp-json\/wp\/v2\/pages\/1122\/revisions"}],"predecessor-version":[{"id":2042,"href":"https:\/\/lbs.se\/vaxjo\/wp-json\/wp\/v2\/pages\/1122\/revisions\/2042"}],"wp:attachment":[{"href":"https:\/\/lbs.se\/vaxjo\/wp-json\/wp\/v2\/media?parent=1122"}],"curies":[{"name":"wp","href":"https:\/\/api.w.org\/{rel}","templated":true}]}}