{"id":5,"date":"2022-07-25T22:55:30","date_gmt":"2022-07-25T20:55:30","guid":{"rendered":"https:\/\/lbs.se\/varberg\/?page_id=5"},"modified":"2025-08-26T16:39:27","modified_gmt":"2025-08-26T14:39:27","slug":"startsida","status":"publish","type":"page","link":"https:\/\/lbs.se\/varberg\/","title":{"rendered":"Startsida"},"content":{"rendered":"\n\t\n\t\n\t\n\t\n\t\n\n<section \n\tclass=\"ams-hero ams-hero--classic ams-hero--100 c-block l-stacked  \"\n\tdata-color-scheme=\"new-hero\"\n\tstyle=\"--hero-content-width: 900px;\">\n\t<div class=\"ams-hero__container u-items-start u-justify-end\">\n\t\t<div\n\t\t\tclass=\"ams-hero__content l-stack l-stack-xl is-left is-left@md\" >\n\t\t\t<div class=\"l-stack l-stack-lg\">\n\t\t\t\t\t\n\t<h1\n\tclass=\"c-heading u-font-huge \"\n\tstyle=\"\">\n\t\t\n\t\t\t\t\t\t\t\t\tLBS KREATIVA GYMNASIET VARBERG\n\t\t\t\t<span class=\"c-heading__sub is-below u-font-title-3\">\n\t\t\t\t\tVi \u00e4r nu Varbergs Enskilda Gymnasieskola\n\t\t\t\t<\/span>\n\t\t\t\t\t\t\t\n\t<\/h1>\n\n\t\t\t\t\t\t\t\t\t<div class=\"text l-stack u-font-body\">\n\t\t\t\t\t\t<p>Vi har plockat det b\u00e4sta fr\u00e5n LBS och DGBY Varberg f\u00f6r att skapa en ny, riktigt bra skola. Du hittar oss nu ist\u00e4llet <a href=\"https:\/\/varbergsenskilda.se\/\">h\u00e4r<\/a>.<\/p>\n\n\t\t\t\t\t<\/div>\n\t\t\t\t\t\t\t<\/div>\n\n\t\t\t\t<div class=\"ams-hero__action u-inline-items\">\n\t\t\t\t\t\t\t\n\n\n<a href=\"https:\/\/varbergsenskilda.se\/\"\n\t\n\tclass=\"c-btn \"\n\tdata-style=\"square\"\n\tdata-size=\"md\"\n\tdata-width=\"full-mobile\"\n\tdata-variant=\"outline\"\n\ttarget=\"_self\">\n\t\t\t<span class=\"label\"> Bes\u00f6k Varbergs Enskilda Gymnasieskolas webb<\/span>\n\t\t\t<\/a>\n\t\t\t<\/div>\n\t\t<\/div>\n\t<\/div>\n\n\t\n\t\t\t\n\t\t\t\t\t\t\t\n\t\t\t\t<div class=\"c-bg c-bg--img\" data-settings=\"{&quot;desktop_settings&quot;:{&quot;size&quot;:&quot;cover&quot;,&quot;position&quot;:&quot;middle-center&quot;},&quot;mobile_settings&quot;:{&quot;size&quot;:&quot;cover&quot;,&quot;position&quot;:&quot;middle-center&quot;}}\" data-position=\"middle-center\" data-size=\"cover\">\n\t\t\t<img decoding=\"async\" width=\"1920\" height=\"1080\" src=\"https:\/\/lbs.se\/wp-content\/uploads\/sites\/23\/2025\/01\/lbs-kreativa-gymnasiet-varberg-1920x1080.jpg\" class=\"attachment-hero-lg size-hero-lg\" alt=\"Elever p\u00e5 LBS Kreativa Gymnasiet Varberg.\" sizes=\"(max-width: 1920px) 100vw, 1920px\" \/>\n\t\t<\/div>\n\t\n<\/section>\n","protected":false},"excerpt":{"rendered":"","protected":false},"author":1,"featured_media":0,"parent":0,"menu_order":0,"comment_status":"closed","ping_status":"closed","template":"","meta":{"footnotes":""},"yoast_head":"<!-- This site is optimized with the Yoast SEO plugin v22.0 - https:\/\/yoast.com\/wordpress\/plugins\/seo\/ -->\n<title>V\u00e4lkommen till LBS Kreativa Gymnasiet Varberg<\/title>\n<meta name=\"description\" content=\"Vi \u00e4r det sj\u00e4lvklara gymnasievalet f\u00f6r dig som \u00e4r intresserad av en kreativ framtid och som vill ha h\u00f6gskolebeh\u00f6righet efter gymnasiet.\" \/>\n<meta name=\"robots\" content=\"index, follow, max-snippet:-1, max-image-preview:large, max-video-preview:-1\" \/>\n<link rel=\"canonical\" href=\"https:\/\/lbs.se\/varberg\/\" \/>\n<meta property=\"og:locale\" content=\"sv_SE\" \/>\n<meta property=\"og:type\" content=\"article\" \/>\n<meta property=\"og:title\" content=\"V\u00e4lkommen till LBS Kreativa Gymnasiet Varberg\" \/>\n<meta property=\"og:description\" content=\"Vi \u00e4r det sj\u00e4lvklara gymnasievalet f\u00f6r dig som \u00e4r intresserad av en kreativ framtid och som vill ha h\u00f6gskolebeh\u00f6righet efter gymnasiet.\" \/>\n<meta property=\"og:url\" content=\"https:\/\/lbs.se\/varberg\/\" \/>\n<meta property=\"og:site_name\" content=\"Varberg\" \/>\n<meta property=\"article:modified_time\" content=\"2025-08-26T14:39:27+00:00\" \/>\n<meta name=\"twitter:card\" content=\"summary_large_image\" \/>\n<meta name=\"twitter:title\" content=\"V\u00e4lkommen till LBS Kreativa Gymnasiet Varberg\" \/>\n<meta name=\"twitter:description\" content=\"Vi \u00e4r det sj\u00e4lvklara gymnasievalet f\u00f6r dig som \u00e4r intresserad av en kreativ framtid och som vill ha h\u00f6gskolebeh\u00f6righet efter gymnasiet.\" \/>\n<meta name=\"twitter:label1\" content=\"Ber\u00e4knad l\u00e4stid\" \/>\n\t<meta name=\"twitter:data1\" content=\"1 minut\" \/>\n<script type=\"application\/ld+json\" class=\"yoast-schema-graph\">{\"@context\":\"https:\/\/schema.org\",\"@graph\":[{\"@type\":\"WebPage\",\"@id\":\"https:\/\/lbs.se\/varberg\/\",\"url\":\"https:\/\/lbs.se\/varberg\/\",\"name\":\"V\u00e4lkommen till LBS Kreativa Gymnasiet Varberg\",\"isPartOf\":{\"@id\":\"https:\/\/lbs.se\/varberg\/#website\"},\"datePublished\":\"2022-07-25T20:55:30+00:00\",\"dateModified\":\"2025-08-26T14:39:27+00:00\",\"description\":\"Vi \u00e4r det sj\u00e4lvklara gymnasievalet f\u00f6r dig som \u00e4r intresserad av en kreativ framtid och som vill ha h\u00f6gskolebeh\u00f6righet efter gymnasiet.\",\"breadcrumb\":{\"@id\":\"https:\/\/lbs.se\/varberg\/#breadcrumb\"},\"inLanguage\":\"sv-SE\",\"potentialAction\":[{\"@type\":\"ReadAction\",\"target\":[\"https:\/\/lbs.se\/varberg\/\"]}]},{\"@type\":\"BreadcrumbList\",\"@id\":\"https:\/\/lbs.se\/varberg\/#breadcrumb\",\"itemListElement\":[{\"@type\":\"ListItem\",\"position\":1,\"name\":\"Start\",\"item\":\"https:\/\/lbs.se\/varberg\/\"},{\"@type\":\"ListItem\",\"position\":2,\"name\":\"Startsida\"}]},{\"@type\":\"WebSite\",\"@id\":\"https:\/\/lbs.se\/varberg\/#website\",\"url\":\"https:\/\/lbs.se\/varberg\/\",\"name\":\"Varberg\",\"description\":\"LBS Kreativa Gymnasiet\",\"potentialAction\":[{\"@type\":\"SearchAction\",\"target\":{\"@type\":\"EntryPoint\",\"urlTemplate\":\"https:\/\/lbs.se\/varberg\/?s={search_term_string}\"},\"query-input\":\"required name=search_term_string\"}],\"inLanguage\":\"sv-SE\"}]}<\/script>\n<!-- \/ Yoast SEO plugin. -->","yoast_head_json":{"title":"V\u00e4lkommen till LBS Kreativa Gymnasiet Varberg","description":"Vi \u00e4r det sj\u00e4lvklara gymnasievalet f\u00f6r dig som \u00e4r intresserad av en kreativ framtid och som vill ha h\u00f6gskolebeh\u00f6righet efter gymnasiet.","robots":{"index":"index","follow":"follow","max-snippet":"max-snippet:-1","max-image-preview":"max-image-preview:large","max-video-preview":"max-video-preview:-1"},"canonical":"https:\/\/lbs.se\/varberg\/","og_locale":"sv_SE","og_type":"article","og_title":"V\u00e4lkommen till LBS Kreativa Gymnasiet Varberg","og_description":"Vi \u00e4r det sj\u00e4lvklara gymnasievalet f\u00f6r dig som \u00e4r intresserad av en kreativ framtid och som vill ha h\u00f6gskolebeh\u00f6righet efter gymnasiet.","og_url":"https:\/\/lbs.se\/varberg\/","og_site_name":"Varberg","article_modified_time":"2025-08-26T14:39:27+00:00","twitter_card":"summary_large_image","twitter_title":"V\u00e4lkommen till LBS Kreativa Gymnasiet Varberg","twitter_description":"Vi \u00e4r det sj\u00e4lvklara gymnasievalet f\u00f6r dig som \u00e4r intresserad av en kreativ framtid och som vill ha h\u00f6gskolebeh\u00f6righet efter gymnasiet.","twitter_misc":{"Ber\u00e4knad l\u00e4stid":"1 minut"},"schema":{"@context":"https:\/\/schema.org","@graph":[{"@type":"WebPage","@id":"https:\/\/lbs.se\/varberg\/","url":"https:\/\/lbs.se\/varberg\/","name":"V\u00e4lkommen till LBS Kreativa Gymnasiet Varberg","isPartOf":{"@id":"https:\/\/lbs.se\/varberg\/#website"},"datePublished":"2022-07-25T20:55:30+00:00","dateModified":"2025-08-26T14:39:27+00:00","description":"Vi \u00e4r det sj\u00e4lvklara gymnasievalet f\u00f6r dig som \u00e4r intresserad av en kreativ framtid och som vill ha h\u00f6gskolebeh\u00f6righet efter gymnasiet.","breadcrumb":{"@id":"https:\/\/lbs.se\/varberg\/#breadcrumb"},"inLanguage":"sv-SE","potentialAction":[{"@type":"ReadAction","target":["https:\/\/lbs.se\/varberg\/"]}]},{"@type":"BreadcrumbList","@id":"https:\/\/lbs.se\/varberg\/#breadcrumb","itemListElement":[{"@type":"ListItem","position":1,"name":"Start","item":"https:\/\/lbs.se\/varberg\/"},{"@type":"ListItem","position":2,"name":"Startsida"}]},{"@type":"WebSite","@id":"https:\/\/lbs.se\/varberg\/#website","url":"https:\/\/lbs.se\/varberg\/","name":"Varberg","description":"LBS Kreativa Gymnasiet","potentialAction":[{"@type":"SearchAction","target":{"@type":"EntryPoint","urlTemplate":"https:\/\/lbs.se\/varberg\/?s={search_term_string}"},"query-input":"required name=search_term_string"}],"inLanguage":"sv-SE"}]}},"_links":{"self":[{"href":"https:\/\/lbs.se\/varberg\/wp-json\/wp\/v2\/pages\/5"}],"collection":[{"href":"https:\/\/lbs.se\/varberg\/wp-json\/wp\/v2\/pages"}],"about":[{"href":"https:\/\/lbs.se\/varberg\/wp-json\/wp\/v2\/types\/page"}],"author":[{"embeddable":true,"href":"https:\/\/lbs.se\/varberg\/wp-json\/wp\/v2\/users\/1"}],"replies":[{"embeddable":true,"href":"https:\/\/lbs.se\/varberg\/wp-json\/wp\/v2\/comments?post=5"}],"version-history":[{"count":10,"href":"https:\/\/lbs.se\/varberg\/wp-json\/wp\/v2\/pages\/5\/revisions"}],"predecessor-version":[{"id":2060,"href":"https:\/\/lbs.se\/varberg\/wp-json\/wp\/v2\/pages\/5\/revisions\/2060"}],"wp:attachment":[{"href":"https:\/\/lbs.se\/varberg\/wp-json\/wp\/v2\/media?parent=5"}],"curies":[{"name":"wp","href":"https:\/\/api.w.org\/{rel}","templated":true}]}}