{"id":1100,"date":"2023-06-05T08:11:54","date_gmt":"2023-06-05T06:11:54","guid":{"rendered":"https:\/\/lbs.se\/varberg\/?page_id=1100"},"modified":"2023-09-27T13:05:12","modified_gmt":"2023-09-27T11:05:12","slug":"e-sport-awards","status":"publish","type":"page","link":"https:\/\/lbs.se\/varberg\/e-sport-awards\/","title":{"rendered":"E-sport awards"},"content":{"rendered":"\n\t<div class=\"module_wrapper ams_remote_pages_module \">\n\t\t\n\t\n\t\n\t\n\t\n\t\n\n<section \n\tclass=\"ams-hero ams-hero--classic ams-hero--75 c-block l-stacked  \"\n\tdata-color-scheme=\"1553\"\n\tstyle=\"\">\n\t<div class=\"ams-hero__container u-items-center u-justify-center\">\n\t\t<div\n\t\t\tclass=\"ams-hero__content l-stack l-stack-xl is-center is-center@md\" >\n\t\t\t<div class=\"l-stack l-stack-lg\">\n\t\t\t\t\n\t\t\t\t\t\t\t<\/div>\n\n\t\t\t\t\t<\/div>\n\t<\/div>\n\n\t\n\t\t\t\n\t\t\t\t\t\t\t\n\t\t\t\t<div class=\"c-bg c-bg--img\" data-settings=\"{&quot;desktop_settings&quot;:{&quot;size&quot;:&quot;cover&quot;,&quot;position&quot;:&quot;middle-center&quot;},&quot;mobile_settings&quot;:{&quot;size&quot;:&quot;cover&quot;,&quot;position&quot;:&quot;middle-center&quot;}}\" data-position=\"middle-center\" data-size=\"cover\">\n\t\t\t<img decoding=\"async\" width=\"1920\" height=\"1080\" src=\"https:\/\/lbs.se\/wp-content\/uploads\/2023\/06\/lbs-e-sport-awards-1.jpg\" class=\"attachment-hero-lg size-hero-lg\" alt=\"LBS E-sport Awards Logga.\" sizes=\"(max-width: 1920px) 100vw, 1920px\" srcset=\"https:\/\/lbs.se\/wp-content\/uploads\/2023\/06\/lbs-e-sport-awards-1.jpg 1920w, https:\/\/lbs.se\/wp-content\/uploads\/2023\/06\/lbs-e-sport-awards-1-300x169.jpg 300w, https:\/\/lbs.se\/wp-content\/uploads\/2023\/06\/lbs-e-sport-awards-1-400x225.jpg 400w, https:\/\/lbs.se\/wp-content\/uploads\/2023\/06\/lbs-e-sport-awards-1-600x338.jpg 600w, https:\/\/lbs.se\/wp-content\/uploads\/2023\/06\/lbs-e-sport-awards-1-800x450.jpg 800w, https:\/\/lbs.se\/wp-content\/uploads\/2023\/06\/lbs-e-sport-awards-1-1024x576.jpg 1024w, https:\/\/lbs.se\/wp-content\/uploads\/2023\/06\/lbs-e-sport-awards-1-1200x675.jpg 1200w\" \/>\n\t\t<\/div>\n\t\n<\/section>\n\n\t\n\t\n\t\n\n\t\n\t\n\t\t\n<section  class=\"c-block l-stacked  \" data-color-scheme=\"new-standard-dark\">\n\t<div class=\"ams-fifty ams-fifty--container ams-fifty--right ams-fifty--top l-container u-pt-fluid-3xl-6xl u-pb-fluid-Ingen\">\n\t\t<div class=\"ams-fifty__content l-stack l-stack-xl is-left is-left@lg\">\n\t\t\t<div class=\"ams-fifty__text l-stack l-stack-lg\">\n\t\t\t\t\t\n\t<h1\n\tclass=\"c-heading u-font-title-1 \"\n\tstyle=\"\">\n\t\t\n\t\t\t\t\tLBS E-SPORT AWARDS\n\t\t\t\t\n\t<\/h1>\n\n\t\t\t\t\t\t\t\t\t<div class=\"text l-stack u-font-body\">\n\t\t\t\t\t\t<p>E-sport Awards \u00e4r LBS stora e-sport final i spelen CS 2\u00a0och League of Legends. Finalen \u00e4r resultatet av LBS E-sport League som \u00e4r LBS alldeles egna e-sport liga. Alla skolor deltar med sina lag i turneringen som p\u00e5g\u00e5r under v\u00e5rterminen och spelas under 15 omg\u00e5ngar.<\/p>\n<p>Du kan f\u00f6lja finalen live via Twitch n\u00e4r det \u00e4r dags!<\/p>\n\n\t\t\t\t\t<\/div>\n\t\t\t\t\t\t\t<\/div>\n\n\t\t\t\t\t<\/div>\n\n\t\t <div class=\"ams-fifty__media u-ratio-square\">\n\t\t \t\t\t\t\t<img decoding=\"async\" width=\"500\" height=\"331\" src=\"https:\/\/lbs.se\/wp-content\/uploads\/2022\/04\/lbs-esport-awards-2022.png\" class=\"attachment-md size-md\" alt=\"Elever deltar i en e-sportt\u00e4vling.\" sizes=\"(min-width: 64em) 600px, calc(100vw - 160px)\" srcset=\"https:\/\/lbs.se\/wp-content\/uploads\/2022\/04\/lbs-esport-awards-2022.png 500w, https:\/\/lbs.se\/wp-content\/uploads\/2022\/04\/lbs-esport-awards-2022-300x199.png 300w, https:\/\/lbs.se\/wp-content\/uploads\/2022\/04\/lbs-esport-awards-2022-400x265.png 400w\" \/>\n\t\t\t\n\t\t\t\n\t\t\t\t\t<\/div>\n\t<\/div>\n\n\t\t\n\n<\/section>\n\n\n<section  class=\"ams-timeline c-block l-stacked\" data-color-scheme=\"timeline-dark\">\n\t<div class=\"l-container l-stack l-stack-fluid-2xl u-pt-fluid-3xl-6xl u-pb-fluid-3xl-6xl is-center is-center@md\">\n\t\t\t\t\t<div class=\"ams-timeline__intro l-stack l-stack-lg\">\n\t\t\t\t\t\n\t<h2\n\tclass=\"c-heading u-font-title-1 \"\n\tstyle=\"\">\n\t\t\n\t\t\t\t\tV\u00c4GEN MOT FINALEN\n\t\t\t\t\n\t<\/h2>\n\n\t\t\t\t\t\t\t<\/div>\n\t\t\n\t\t\t\t\t\n<ol class=\"c-steps\" data-variant=\"horizontal\" data-size=\"lg\">\n\t\t\t<li class=\"c-steps__item \"\n\t\t\t\n\t\t\t>\n\t\t\t\t\t\t\t<div class=\"c-steps__circle u-radius-round\">\n\t\t\t\t\t\t\t\t\t\t\t<img decoding=\"async\" src=\"https:\/\/lbs.se\/wp-content\/uploads\/2023\/06\/lbswebbsiffrorsvartamarginal1.svg\" class=\"\" alt=\"1.\" height=\"141\" width=\"53.03\" \/>\n\t\t\t\t\t\t\t\t\t<\/div>\n\t\t\t\n\t\t\t\t\t\t\t<div class=\"c-steps__content l-stack-xs\">\n\t\t\t\t\t\n\t\t\t\t\t\t\t\t\t\t\t<div class=\"c-steps__text l-stack-sm u-font-body\">\n\t\t\t\t\t\t\t<p><span data-sheets-value=\"{&quot;1&quot;:2,&quot;2&quot;:&quot;Alla skolor deltar med sina lag i turneringen LBS E-sport league, under 15 omg\u00e5ngar&quot;}\" data-sheets-userformat=\"{&quot;2&quot;:5027,&quot;3&quot;:{&quot;1&quot;:0},&quot;4&quot;:{&quot;1&quot;:2,&quot;2&quot;:15389148},&quot;8&quot;:{&quot;1&quot;:[{&quot;1&quot;:2,&quot;2&quot;:0,&quot;5&quot;:{&quot;1&quot;:2,&quot;2&quot;:0}},{&quot;1&quot;:0,&quot;2&quot;:0,&quot;3&quot;:3},{&quot;1&quot;:1,&quot;2&quot;:0,&quot;4&quot;:1}]},&quot;10&quot;:0,&quot;11&quot;:4,&quot;12&quot;:0,&quot;15&quot;:&quot;Montserrat&quot;}\">Alla skolor deltar med sina lag i turneringen LBS E-sport league, under 15 omg\u00e5ngar<\/span><\/p>\n\n\t\t\t\t\t\t<\/div>\n\t\t\t\t\t\t\t\t\t<\/div>\n\t\t\t\t\t<\/li>\n\t\t\t<li class=\"c-steps__item \"\n\t\t\t\n\t\t\t>\n\t\t\t\t\t\t\t<div class=\"c-steps__circle u-radius-round\">\n\t\t\t\t\t\t\t\t\t\t\t<img decoding=\"async\" src=\"https:\/\/lbs.se\/wp-content\/uploads\/2023\/06\/lbswebbsiffrorsvartamarginal2.svg\" class=\"\" alt=\"2.\" height=\"141.86\" width=\"53.03\" \/>\n\t\t\t\t\t\t\t\t\t<\/div>\n\t\t\t\n\t\t\t\t\t\t\t<div class=\"c-steps__content l-stack-xs\">\n\t\t\t\t\t\n\t\t\t\t\t\t\t\t\t\t\t<div class=\"c-steps__text l-stack-sm u-font-body\">\n\t\t\t\t\t\t\t<p><span data-sheets-value=\"{&quot;1&quot;:2,&quot;2&quot;:&quot;Under slutspelet i mars spelas kvartsfinal och semifinal. D\u00e4r utses finalisterna som slutligen f\u00e5r spela finalen&quot;}\" data-sheets-userformat=\"{&quot;2&quot;:5027,&quot;3&quot;:{&quot;1&quot;:0},&quot;4&quot;:{&quot;1&quot;:2,&quot;2&quot;:15389148},&quot;8&quot;:{&quot;1&quot;:[{&quot;1&quot;:2,&quot;2&quot;:0,&quot;5&quot;:{&quot;1&quot;:2,&quot;2&quot;:0}},{&quot;1&quot;:0,&quot;2&quot;:0,&quot;3&quot;:3},{&quot;1&quot;:1,&quot;2&quot;:0,&quot;4&quot;:1}]},&quot;10&quot;:0,&quot;11&quot;:4,&quot;12&quot;:0,&quot;15&quot;:&quot;Montserrat&quot;}\">Under slutspelet i mars spelas kvartsfinal och semifinal. D\u00e4r utses finalisterna som slutligen f\u00e5r spela finalen<\/span><\/p>\n\n\t\t\t\t\t\t<\/div>\n\t\t\t\t\t\t\t\t\t<\/div>\n\t\t\t\t\t<\/li>\n\t\t\t<li class=\"c-steps__item \"\n\t\t\t\n\t\t\t>\n\t\t\t\t\t\t\t<div class=\"c-steps__circle u-radius-round\">\n\t\t\t\t\t\t\t\t\t\t\t<img decoding=\"async\" src=\"https:\/\/lbs.se\/wp-content\/uploads\/2023\/06\/lbswebbsiffrorsvartamarginal3.svg\" class=\"\" alt=\"3.\" height=\"142.72\" width=\"53.03\" \/>\n\t\t\t\t\t\t\t\t\t<\/div>\n\t\t\t\n\t\t\t\t\t\t\t<div class=\"c-steps__content l-stack-xs\">\n\t\t\t\t\t\n\t\t\t\t\t\t\t\t\t\t\t<div class=\"c-steps__text l-stack-sm u-font-body\">\n\t\t\t\t\t\t\t<p><span data-sheets-value=\"{&quot;1&quot;:2,&quot;2&quot;:&quot;Finalen, LBS E-Sport Awards k\u00f6rs oftast i maj och streamas live p\u00e5 Twitch&quot;}\" data-sheets-userformat=\"{&quot;2&quot;:5035,&quot;3&quot;:{&quot;1&quot;:0},&quot;4&quot;:{&quot;1&quot;:2,&quot;2&quot;:15389148},&quot;6&quot;:{&quot;1&quot;:[{&quot;1&quot;:2,&quot;2&quot;:0,&quot;5&quot;:{&quot;1&quot;:2,&quot;2&quot;:0}},{&quot;1&quot;:0,&quot;2&quot;:0,&quot;3&quot;:3},{&quot;1&quot;:1,&quot;2&quot;:0,&quot;4&quot;:1}]},&quot;8&quot;:{&quot;1&quot;:[{&quot;1&quot;:2,&quot;2&quot;:0,&quot;5&quot;:{&quot;1&quot;:2,&quot;2&quot;:0}},{&quot;1&quot;:0,&quot;2&quot;:0,&quot;3&quot;:3},{&quot;1&quot;:1,&quot;2&quot;:0,&quot;4&quot;:1}]},&quot;10&quot;:0,&quot;11&quot;:4,&quot;12&quot;:0,&quot;15&quot;:&quot;Montserrat&quot;}\">Finalen, LBS E-Sport Awards k\u00f6rs oftast i maj och streamas live p\u00e5 Twitch<\/span><\/p>\n\n\t\t\t\t\t\t<\/div>\n\t\t\t\t\t\t\t\t\t<\/div>\n\t\t\t\t\t<\/li>\n\t<\/ol>\n\t\n\t\t\t<\/div>\n\n\t\t\n\n<\/section>\n\t<\/div>\n\n\t\n\n\n\t<div class=\"module_wrapper ams_remote_pages_module \">\n\t\t\n\n<section  class=\"ams-cta ams-cta--stacked c-block l-stacked\" data-color-scheme=\"13\">\n\t<div class=\"l-container-narrow l-stack l-stack-fluid-2xl u-pt-fluid-3xl-6xl u-pb-fluid-3xl-6xl is-center is-center@md\">\n\t\t\t\t\t<div class=\"ams-cta__intro l-stack l-stack-lg\">\n\t\t\t\t\t\n\t<h2\n\tclass=\"c-heading u-font-title-1 \"\n\tstyle=\"\">\n\t\t\n\t\t\t\t\tBES\u00d6K OSS\n\t\t\t\t\n\t<\/h2>\n\n\t\t\t\t\t\t\t\t\t<div class=\"c-text l-stack u-cs-xl u-font-body\">\n\t\t\t\t\t\t<p><span data-sheets-value=\"{&quot;1&quot;:2,&quot;2&quot;:&quot;Vill du veta mer om oss p\u00e5 LBS Kreativa Gymnasiet Bor\u00e5s? Bes\u00f6k oss p\u00e5 \u00d6ppet hus eller som Elev f\u00f6r en dag s\u00e5 f\u00e5r du l\u00e4ra k\u00e4nna oss b\u00e4ttre. V\u00e4lkommen!&quot;}\" data-sheets-userformat=\"{&quot;2&quot;:5027,&quot;3&quot;:{&quot;1&quot;:0},&quot;4&quot;:{&quot;1&quot;:2,&quot;2&quot;:13228792},&quot;8&quot;:{&quot;1&quot;:[{&quot;1&quot;:2,&quot;2&quot;:0,&quot;5&quot;:{&quot;1&quot;:2,&quot;2&quot;:0}},{&quot;1&quot;:0,&quot;2&quot;:0,&quot;3&quot;:3},{&quot;1&quot;:1,&quot;2&quot;:0,&quot;4&quot;:1}]},&quot;10&quot;:0,&quot;11&quot;:4,&quot;12&quot;:0,&quot;15&quot;:&quot;Montserrat&quot;}\">Vill du veta mer om oss p\u00e5 LBS Kreativa Gymnasiet Varberg? Bes\u00f6k oss p\u00e5 \u00d6ppet hus eller som Elev f\u00f6r en dag s\u00e5 f\u00e5r du l\u00e4ra k\u00e4nna oss b\u00e4ttre. V\u00e4lkommen!<\/span><\/p>\n\n\t\t\t\t\t<\/div>\n\t\t\t\t\t\t\t<\/div>\n\t\t\n\t\t\n\t\t\t<div class=\"ams-cta__action u-inline-items\">\n\t\t\t\t\t\t\t\n\n\n<a href=\"https:\/\/lbs.se\/varberg\/elev-for-en-dag\/\"\n\t\n\tclass=\"c-btn \"\n\tdata-style=\"square\"\n\tdata-size=\"md\"\n\tdata-width=\"full-mobile\"\n\tdata-variant=\"default\"\n\ttarget=\"_self\">\n\t\t\t<span class=\"label\"> Bli elev f\u00f6r en dag<\/span>\n\t\t\t<\/a>\n\t\t\t\t\t\t\t\n\n\n<a href=\"https:\/\/lbs.se\/varberg\/oppet-hus\/\"\n\t\n\tclass=\"c-btn \"\n\tdata-style=\"square\"\n\tdata-size=\"md\"\n\tdata-width=\"full-mobile\"\n\tdata-variant=\"outline\"\n\ttarget=\"_self\">\n\t\t\t<span class=\"label\"> Bes\u00f6k \u00f6ppet hus<\/span>\n\t\t\t<\/a>\n\t\t\t<\/div>\n\t<\/div>\n\n\t\t\n\n<\/section>\n\t<\/div>\n\n\t","protected":false},"excerpt":{"rendered":"","protected":false},"author":3,"featured_media":0,"parent":0,"menu_order":0,"comment_status":"closed","ping_status":"closed","template":"","meta":{"footnotes":""},"yoast_head":"<!-- This site is optimized with the Yoast SEO plugin v22.0 - https:\/\/yoast.com\/wordpress\/plugins\/seo\/ -->\n<title>E-sport awards - LBS Gymnasium Varberg<\/title>\n<meta name=\"description\" content=\"E-sport Awards \u00e4r LBS stora e-sport final i spelen CS:GO och League of Legends. V\u00e4lkommen till LBS Gymnasium!\" \/>\n<meta name=\"robots\" content=\"index, follow, max-snippet:-1, max-image-preview:large, max-video-preview:-1\" \/>\n<link rel=\"canonical\" href=\"https:\/\/lbs.se\/varberg\/e-sport-awards\/\" \/>\n<meta property=\"og:locale\" content=\"sv_SE\" \/>\n<meta property=\"og:type\" content=\"article\" \/>\n<meta property=\"og:title\" content=\"E-sport awards - LBS Gymnasium Varberg\" \/>\n<meta property=\"og:description\" content=\"E-sport Awards \u00e4r LBS stora e-sport final i spelen CS:GO och League of Legends. V\u00e4lkommen till LBS Gymnasium!\" \/>\n<meta property=\"og:url\" content=\"https:\/\/lbs.se\/varberg\/e-sport-awards\/\" \/>\n<meta property=\"og:site_name\" content=\"Varberg\" \/>\n<meta property=\"article:modified_time\" content=\"2023-09-27T11:05:12+00:00\" \/>\n<meta name=\"twitter:card\" content=\"summary_large_image\" \/>\n<meta name=\"twitter:title\" content=\"E-sport awards - LBS Gymnasium Varberg\" \/>\n<meta name=\"twitter:description\" content=\"E-sport Awards \u00e4r LBS stora e-sport final i spelen CS:GO och League of Legends. V\u00e4lkommen till LBS Gymnasium!\" \/>\n<script type=\"application\/ld+json\" class=\"yoast-schema-graph\">{\"@context\":\"https:\/\/schema.org\",\"@graph\":[{\"@type\":\"WebPage\",\"@id\":\"https:\/\/lbs.se\/varberg\/e-sport-awards\/\",\"url\":\"https:\/\/lbs.se\/varberg\/e-sport-awards\/\",\"name\":\"E-sport awards - LBS Gymnasium Varberg\",\"isPartOf\":{\"@id\":\"https:\/\/lbs.se\/varberg\/#website\"},\"datePublished\":\"2023-06-05T06:11:54+00:00\",\"dateModified\":\"2023-09-27T11:05:12+00:00\",\"description\":\"E-sport Awards \u00e4r LBS stora e-sport final i spelen CS:GO och League of Legends. V\u00e4lkommen till LBS Gymnasium!\",\"breadcrumb\":{\"@id\":\"https:\/\/lbs.se\/varberg\/e-sport-awards\/#breadcrumb\"},\"inLanguage\":\"sv-SE\",\"potentialAction\":[{\"@type\":\"ReadAction\",\"target\":[\"https:\/\/lbs.se\/varberg\/e-sport-awards\/\"]}]},{\"@type\":\"BreadcrumbList\",\"@id\":\"https:\/\/lbs.se\/varberg\/e-sport-awards\/#breadcrumb\",\"itemListElement\":[{\"@type\":\"ListItem\",\"position\":1,\"name\":\"Start\",\"item\":\"https:\/\/lbs.se\/varberg\/\"},{\"@type\":\"ListItem\",\"position\":2,\"name\":\"E-sport awards\"}]},{\"@type\":\"WebSite\",\"@id\":\"https:\/\/lbs.se\/varberg\/#website\",\"url\":\"https:\/\/lbs.se\/varberg\/\",\"name\":\"Varberg\",\"description\":\"LBS Kreativa Gymnasiet\",\"potentialAction\":[{\"@type\":\"SearchAction\",\"target\":{\"@type\":\"EntryPoint\",\"urlTemplate\":\"https:\/\/lbs.se\/varberg\/?s={search_term_string}\"},\"query-input\":\"required name=search_term_string\"}],\"inLanguage\":\"sv-SE\"}]}<\/script>\n<!-- \/ Yoast SEO plugin. -->","yoast_head_json":{"title":"E-sport awards - LBS Gymnasium Varberg","description":"E-sport Awards \u00e4r LBS stora e-sport final i spelen CS:GO och League of Legends. V\u00e4lkommen till LBS Gymnasium!","robots":{"index":"index","follow":"follow","max-snippet":"max-snippet:-1","max-image-preview":"max-image-preview:large","max-video-preview":"max-video-preview:-1"},"canonical":"https:\/\/lbs.se\/varberg\/e-sport-awards\/","og_locale":"sv_SE","og_type":"article","og_title":"E-sport awards - LBS Gymnasium Varberg","og_description":"E-sport Awards \u00e4r LBS stora e-sport final i spelen CS:GO och League of Legends. V\u00e4lkommen till LBS Gymnasium!","og_url":"https:\/\/lbs.se\/varberg\/e-sport-awards\/","og_site_name":"Varberg","article_modified_time":"2023-09-27T11:05:12+00:00","twitter_card":"summary_large_image","twitter_title":"E-sport awards - LBS Gymnasium Varberg","twitter_description":"E-sport Awards \u00e4r LBS stora e-sport final i spelen CS:GO och League of Legends. V\u00e4lkommen till LBS Gymnasium!","schema":{"@context":"https:\/\/schema.org","@graph":[{"@type":"WebPage","@id":"https:\/\/lbs.se\/varberg\/e-sport-awards\/","url":"https:\/\/lbs.se\/varberg\/e-sport-awards\/","name":"E-sport awards - LBS Gymnasium Varberg","isPartOf":{"@id":"https:\/\/lbs.se\/varberg\/#website"},"datePublished":"2023-06-05T06:11:54+00:00","dateModified":"2023-09-27T11:05:12+00:00","description":"E-sport Awards \u00e4r LBS stora e-sport final i spelen CS:GO och League of Legends. V\u00e4lkommen till LBS Gymnasium!","breadcrumb":{"@id":"https:\/\/lbs.se\/varberg\/e-sport-awards\/#breadcrumb"},"inLanguage":"sv-SE","potentialAction":[{"@type":"ReadAction","target":["https:\/\/lbs.se\/varberg\/e-sport-awards\/"]}]},{"@type":"BreadcrumbList","@id":"https:\/\/lbs.se\/varberg\/e-sport-awards\/#breadcrumb","itemListElement":[{"@type":"ListItem","position":1,"name":"Start","item":"https:\/\/lbs.se\/varberg\/"},{"@type":"ListItem","position":2,"name":"E-sport awards"}]},{"@type":"WebSite","@id":"https:\/\/lbs.se\/varberg\/#website","url":"https:\/\/lbs.se\/varberg\/","name":"Varberg","description":"LBS Kreativa Gymnasiet","potentialAction":[{"@type":"SearchAction","target":{"@type":"EntryPoint","urlTemplate":"https:\/\/lbs.se\/varberg\/?s={search_term_string}"},"query-input":"required name=search_term_string"}],"inLanguage":"sv-SE"}]}},"_links":{"self":[{"href":"https:\/\/lbs.se\/varberg\/wp-json\/wp\/v2\/pages\/1100"}],"collection":[{"href":"https:\/\/lbs.se\/varberg\/wp-json\/wp\/v2\/pages"}],"about":[{"href":"https:\/\/lbs.se\/varberg\/wp-json\/wp\/v2\/types\/page"}],"author":[{"embeddable":true,"href":"https:\/\/lbs.se\/varberg\/wp-json\/wp\/v2\/users\/3"}],"replies":[{"embeddable":true,"href":"https:\/\/lbs.se\/varberg\/wp-json\/wp\/v2\/comments?post=1100"}],"version-history":[{"count":2,"href":"https:\/\/lbs.se\/varberg\/wp-json\/wp\/v2\/pages\/1100\/revisions"}],"predecessor-version":[{"id":1102,"href":"https:\/\/lbs.se\/varberg\/wp-json\/wp\/v2\/pages\/1100\/revisions\/1102"}],"wp:attachment":[{"href":"https:\/\/lbs.se\/varberg\/wp-json\/wp\/v2\/media?parent=1100"}],"curies":[{"name":"wp","href":"https:\/\/api.w.org\/{rel}","templated":true}]}}