{"id":27,"date":"2022-07-25T23:08:14","date_gmt":"2022-07-25T21:08:14","guid":{"rendered":"https:\/\/lbs.se\/trollhattan\/?page_id=27"},"modified":"2025-06-23T15:23:25","modified_gmt":"2025-06-23T13:23:25","slug":"elevhalsa","status":"publish","type":"page","link":"https:\/\/lbs.se\/trollhattan\/var-skola\/elevhalsa\/","title":{"rendered":"Elevh\u00e4lsa"},"content":{"rendered":"\n\t\n\t\n\t\n\n\t\n\t\n\t\t\n<section  class=\"c-block l-stacked  \" data-color-scheme=\"nytt-standard\">\n\t<div class=\"ams-fifty ams-fifty--container ams-fifty--left ams-fifty--top l-container u-pt-fluid-3xl-6xl u-pb-fluid-3xl-6xl\">\n\t\t<div class=\"ams-fifty__content l-stack l-stack-xl is-left is-left@lg\">\n\t\t\t<div class=\"ams-fifty__text l-stack l-stack-lg\">\n\t\t\t\t\t\n\t<h1\n\tclass=\"c-heading u-font-title-1 \"\n\tstyle=\"\">\n\t\t\n\t\t\t\t\tELEVH\u00c4LSA\n\t\t\t\t\n\t<\/h1>\n\n\t\t\t\t\t\t\t\t\t<div class=\"text l-stack u-font-body\">\n\t\t\t\t\t\t<p><span data-sheets-value=\"{&quot;1&quot;:2,&quot;2&quot;:&quot;Elevh\u00e4lsan vill fr\u00e4mja god h\u00e4lsa f\u00f6r att v\u00e5ra elever ska lyckas med sina studier och sedan i f\u00f6rl\u00e4ngningen f\u00f6rberedas f\u00f6r vidare studier och yrkesliv.\\n\\nI v\u00e5rt elevh\u00e4lsoteam ing\u00e5r rektor, kurator, skolsk\u00f6terska och specialpedagog. Vi har \u00e4ven tillg\u00e5ng till skolpsykolog, skoll\u00e4kare och studie- och yrkesv\u00e4gledare.\\n\\nAll undervisning planeras, genomf\u00f6rs och anpassas utifr\u00e5n elevernas f\u00f6ruts\u00e4ttningar och behov med tydlig struktur och ledarskap d\u00e4r eleverna \u00e4r h\u00f6gst delaktiga i sin l\u00e4randeprocess och tar eget ansvar f\u00f6r sina studier. Vi har v\u00e4lfungerande rutiner f\u00f6r elever med s\u00e4rskilda behov. Vi tror p\u00e5 tillg\u00e4nglig och inkluderande undervisning som sker i klassrummet.&quot;}\" data-sheets-userformat=\"{&quot;2&quot;:5025,&quot;3&quot;:{&quot;1&quot;:0},&quot;8&quot;:{&quot;1&quot;:[{&quot;1&quot;:2,&quot;2&quot;:0,&quot;5&quot;:{&quot;1&quot;:2,&quot;2&quot;:0}},{&quot;1&quot;:0,&quot;2&quot;:0,&quot;3&quot;:3},{&quot;1&quot;:1,&quot;2&quot;:0,&quot;4&quot;:1}]},&quot;10&quot;:0,&quot;11&quot;:4,&quot;12&quot;:0,&quot;15&quot;:&quot;Montserrat&quot;}\">Elevh\u00e4lsan vill fr\u00e4mja god h\u00e4lsa f\u00f6r att v\u00e5ra elever ska lyckas med sina studier och sedan i f\u00f6rl\u00e4ngningen f\u00f6rberedas f\u00f6r vidare studier och yrkesliv.<\/p>\n<p>I v\u00e5rt elevh\u00e4lsoteam ing\u00e5r rektor, kurator, skolsk\u00f6terska och specialpedagog. Vi har \u00e4ven tillg\u00e5ng till skolpsykolog, skoll\u00e4kare och studie- och yrkesv\u00e4gledare.<\/p>\n<p>All undervisning planeras, genomf\u00f6rs och anpassas utifr\u00e5n elevernas f\u00f6ruts\u00e4ttningar och behov med tydlig struktur och ledarskap d\u00e4r eleverna \u00e4r h\u00f6gst delaktiga i sin l\u00e4randeprocess och tar eget ansvar f\u00f6r sina studier. Vi har v\u00e4lfungerande rutiner f\u00f6r elever med s\u00e4rskilda behov. Vi tror p\u00e5 tillg\u00e4nglig och inkluderande undervisning som sker i klassrummet.<\/span><\/p>\n\n\t\t\t\t\t<\/div>\n\t\t\t\t\t\t\t<\/div>\n\n\t\t\t\t\t<\/div>\n\n\t\t <div class=\"ams-fifty__media u-ratio-square\">\n\t\t \t\t\t\t\t<img decoding=\"async\" width=\"600\" height=\"600\" src=\"https:\/\/lbs.se\/wp-content\/uploads\/sites\/22\/2023\/06\/lbs-elevhalsa-202304-600x600.jpg\" class=\"attachment-md size-md\" alt=\"Elever h\u00e4nger bland rosa f\u00e5t\u00f6ljer i korridoren.\" sizes=\"(min-width: 64em) 600px, calc(100vw - 160px)\" srcset=\"https:\/\/lbs.se\/wp-content\/uploads\/sites\/22\/2023\/06\/lbs-elevhalsa-202304-600x600.jpg 600w, https:\/\/lbs.se\/wp-content\/uploads\/sites\/22\/2023\/06\/lbs-elevhalsa-202304-150x150.jpg 150w, https:\/\/lbs.se\/wp-content\/uploads\/sites\/22\/2023\/06\/lbs-elevhalsa-202304-300x300.jpg 300w, https:\/\/lbs.se\/wp-content\/uploads\/sites\/22\/2023\/06\/lbs-elevhalsa-202304-400x400.jpg 400w, https:\/\/lbs.se\/wp-content\/uploads\/sites\/22\/2023\/06\/lbs-elevhalsa-202304-800x800.jpg 800w, https:\/\/lbs.se\/wp-content\/uploads\/sites\/22\/2023\/06\/lbs-elevhalsa-202304-1024x1024.jpg 1024w, https:\/\/lbs.se\/wp-content\/uploads\/sites\/22\/2023\/06\/lbs-elevhalsa-202304.jpg 1200w\" \/>\n\t\t\t\n\t\t\t\n\t\t\t\t\t<\/div>\n\t<\/div>\n\n\t\t\n\n<\/section>\n\n\n\n\n\n<section  class=\"ams-faq ams_event_module c-block l-stacked js-load-more\" data-color-scheme=\"new-blue-dark\" data-count=\"3\" data-count-mobile=\"3\">\n\t<div class=\"l-container l-stack l-stack-fluid-2xl u-pt-fluid-3xl-6xl u-pb-fluid-3xl-6xl is-center is-center@md\">\n\t\t\t\t\t<div class=\"ams-faq__intro l-stack l-stack-lg\">\n\t\t\t\t\t\n\t<h2\n\tclass=\"c-heading u-font-title-1 \"\n\tstyle=\"\">\n\t\t\n\t\t\t\t\tVANLIGA FR\u00c5GOR\n\t\t\t\t\n\t<\/h2>\n\n\t\t\t\t\t\t\t\t\t<div class=\"c-text l-stack u-cs-xl u-font-body\">\n\t\t\t\t\t\t<p><span data-sheets-value=\"{&quot;1&quot;:2,&quot;2&quot;:&quot;H\u00e4r hittar du vanliga fr\u00e5gor och svar om v\u00e5r skola.&quot;}\" data-sheets-userformat=\"{&quot;2&quot;:5033,&quot;3&quot;:{&quot;1&quot;:0},&quot;6&quot;:{&quot;1&quot;:[{&quot;1&quot;:2,&quot;2&quot;:0,&quot;5&quot;:{&quot;1&quot;:2,&quot;2&quot;:0}},{&quot;1&quot;:0,&quot;2&quot;:0,&quot;3&quot;:3},{&quot;1&quot;:1,&quot;2&quot;:0,&quot;4&quot;:1}]},&quot;8&quot;:{&quot;1&quot;:[{&quot;1&quot;:2,&quot;2&quot;:0,&quot;5&quot;:{&quot;1&quot;:2,&quot;2&quot;:0}},{&quot;1&quot;:0,&quot;2&quot;:0,&quot;3&quot;:3},{&quot;1&quot;:1,&quot;2&quot;:0,&quot;4&quot;:1}]},&quot;10&quot;:0,&quot;11&quot;:4,&quot;12&quot;:0,&quot;15&quot;:&quot;Montserrat&quot;}\">H\u00e4r hittar du vanliga fr\u00e5gor och svar om elevh\u00e4lsan p\u00e5 LBS Trollh\u00e4ttan<\/span><\/p>\n\n\t\t\t\t\t<\/div>\n\t\t\t\t\t\t\t<\/div>\n\t\t\n\t\t\n\t\n\t    \n\t\n\t<ul\n\t\tid=\"ams-faq-list-69e5c592245bd\"\n\t\tclass=\"ams-faq__ac ams-accordion_module c-accordion js-results \"\n\t\taria-label=\"Vanliga fr\u00e5gor\"\n\t\tdata-variant=\"border-between\"\n\t\tdata-ajax-action=\"log_faq_view\"\n\t\tdata-ajax-url=\"https:\/\/lbs.se\/trollhattan\/wp-admin\/admin-ajax.php\"\n\t\tdata-ajax-nonce=\"7f132e2528\"\n\t\tdata-filter-animation=\"off\">\n\n\t\t\n\t\t\t\t\t\t\t\t\t\t\t\t\t\t\t\n\t\t\t\n\t\t\t<li data-ajax-id=\"1567\" class=\"c-accordion__item \"\n\t\t\tdata-filter=\"elevhalsa-trollhattan juni-2023\"\n\t\t\t>\n\t\t\t\t<h3 class=\"c-accordion__header\">\n\t\t\t\t\t\t\t\t\t\t<button class=\"c-accordion__trigger u-py-sm u-px-fluid-md-xl u-font-title-4\">\n\t\t\t\t\t\t<span>Kan jag v\u00e4nda mig till skolsk\u00f6terskan om jag beh\u00f6ver v\u00e5rd?<\/span>\n\t\t\t\t\t\t<svg class=\"ams-icon ams-icon__arrow-down\" width=\"24\" height=\"24\" viewbox=\"0 0 24 24\" fill=\"currentColor\" aria-hidden=\"true\" xmlns=\"http:\/\/www.w3.org\/2000\/svg\">\n\t\t\t\t\t\t\t\t\t\t\t\t\t<path d=\"m11.2033 18.4294-10.872894-10.67584c-.440539-.42594-.440539-1.1147 0-1.54065l.665495-.64345c.440539-.42595 1.152899-.42595 1.593439 0l9.41066 9.27114 9.4107-9.26207c.4405-.42595 1.1529-.42595 1.5934 0l.6655.64345c.4405.42594.4405 1.1147 0 1.54065l-10.8729 10.67587c-.4405.4168-1.1529.4168-1.5934-.0091z\"\/>\n\t\t\t\t\t\n\t\t\t\t\t\t<\/svg>\n\t\t\t\t\t<\/button>\n\t\t\t\t<\/h3>\n\t\t\t\t<div class=\"c-accordion__body l-stack u-font-body\">\n\t\t\t\t\t<div class=\"c-accordion__body__inner u-p-fluid-md-xl l-stack\">\n\t\t\t\t\t\t<p>Generellt sett nej. V\u00e5rd s\u00f6ker man hos prim\u00e4rv\u00e5rden men om man slagit sig och beh\u00f6ver pl\u00e5ster eller liknande s\u00e5 \u00e4r skolan givetvis behj\u00e4lpliga. Beh\u00f6ver man akut v\u00e5rd s\u00e5 kontaktas 112.<\/p>\n\n\t\t\t\t\t<\/div>\n\t\t\t\t<\/div>\n\t\t\t<\/li>\n\t\t\n\t\t\t\t\t\t\t\t\t\t\t\t\t\t\t\n\t\t\t\n\t\t\t<li data-ajax-id=\"1566\" class=\"c-accordion__item \"\n\t\t\tdata-filter=\"elevhalsa-trollhattan juni-2023\"\n\t\t\t>\n\t\t\t\t<h3 class=\"c-accordion__header\">\n\t\t\t\t\t\t\t\t\t\t<button class=\"c-accordion__trigger u-py-sm u-px-fluid-md-xl u-font-title-4\">\n\t\t\t\t\t\t<span>Har skolan en specialpedagog?<\/span>\n\t\t\t\t\t\t<svg class=\"ams-icon ams-icon__arrow-down\" width=\"24\" height=\"24\" viewbox=\"0 0 24 24\" fill=\"currentColor\" aria-hidden=\"true\" xmlns=\"http:\/\/www.w3.org\/2000\/svg\">\n\t\t\t\t\t\t\t\t\t\t\t\t\t<path d=\"m11.2033 18.4294-10.872894-10.67584c-.440539-.42594-.440539-1.1147 0-1.54065l.665495-.64345c.440539-.42595 1.152899-.42595 1.593439 0l9.41066 9.27114 9.4107-9.26207c.4405-.42595 1.1529-.42595 1.5934 0l.6655.64345c.4405.42594.4405 1.1147 0 1.54065l-10.8729 10.67587c-.4405.4168-1.1529.4168-1.5934-.0091z\"\/>\n\t\t\t\t\t\n\t\t\t\t\t\t<\/svg>\n\t\t\t\t\t<\/button>\n\t\t\t\t<\/h3>\n\t\t\t\t<div class=\"c-accordion__body l-stack u-font-body\">\n\t\t\t\t\t<div class=\"c-accordion__body__inner u-p-fluid-md-xl l-stack\">\n\t\t\t\t\t\t<p>Ja, skolan har en specialpedagog och hon hj\u00e4lper l\u00e4rarna att st\u00f6dja eleverna p\u00e5 b\u00e4sta s\u00e4tt genom att hitta konstruktiva l\u00f6sningar p\u00e5 undervisningssituationer som elever kan uppleva som sv\u00e5ra eller utmanande.<\/p>\n\n\t\t\t\t\t<\/div>\n\t\t\t\t<\/div>\n\t\t\t<\/li>\n\t\t\n\t\t\t\t\t\t\t\t\t\t\t\t\t\t\t\n\t\t\t\n\t\t\t<li data-ajax-id=\"1565\" class=\"c-accordion__item \"\n\t\t\tdata-filter=\"elevhalsa-trollhattan juni-2023\"\n\t\t\t>\n\t\t\t\t<h3 class=\"c-accordion__header\">\n\t\t\t\t\t\t\t\t\t\t<button class=\"c-accordion__trigger u-py-sm u-px-fluid-md-xl u-font-title-4\">\n\t\t\t\t\t\t<span>Om man har dyslexi kan man f\u00e5 st\u00f6d d\u00e5?<\/span>\n\t\t\t\t\t\t<svg class=\"ams-icon ams-icon__arrow-down\" width=\"24\" height=\"24\" viewbox=\"0 0 24 24\" fill=\"currentColor\" aria-hidden=\"true\" xmlns=\"http:\/\/www.w3.org\/2000\/svg\">\n\t\t\t\t\t\t\t\t\t\t\t\t\t<path d=\"m11.2033 18.4294-10.872894-10.67584c-.440539-.42594-.440539-1.1147 0-1.54065l.665495-.64345c.440539-.42595 1.152899-.42595 1.593439 0l9.41066 9.27114 9.4107-9.26207c.4405-.42595 1.1529-.42595 1.5934 0l.6655.64345c.4405.42594.4405 1.1147 0 1.54065l-10.8729 10.67587c-.4405.4168-1.1529.4168-1.5934-.0091z\"\/>\n\t\t\t\t\t\n\t\t\t\t\t\t<\/svg>\n\t\t\t\t\t<\/button>\n\t\t\t\t<\/h3>\n\t\t\t\t<div class=\"c-accordion__body l-stack u-font-body\">\n\t\t\t\t\t<div class=\"c-accordion__body__inner u-p-fluid-md-xl l-stack\">\n\t\t\t\t\t\t<p>I regel s\u00e5 finns det mycket olika sorters tekniska hj\u00e4lpmedel som kan kompensera f\u00f6r den som har dyslexi. Skolan anv\u00e4nder sig av dels inl\u00e4sningstj\u00e4nst d\u00e4r l\u00e4romedel finns digitalt samt med uppl\u00e4sningsfunktion s\u00e5 att man kan lyssna p\u00e5 l\u00e4romedlen. Det finns ocks\u00e5 ett hj\u00e4lpmedel som heter AppWriter som st\u00f6djer skrivprocessen genom att ge f\u00f6rslag p\u00e5 ord, meningsuppbyggnad osv. Programmet har \u00e4ven omv\u00e4nd talsyntes vilket inneb\u00e4r att man som elev kan s\u00e4ga vad man vill skriva och programmet skriver texten \u00e5t dig.<\/p>\n\n\t\t\t\t\t<\/div>\n\t\t\t\t<\/div>\n\t\t\t<\/li>\n\t\t\t<\/ul>\n\n\t<div class=\"no-results u-mt-0 u-hide\" data-filter-fallback-id=\"ams-faq-list-69e5c592245bd\">\n\t<p>Det finns inga resultat som matchar din filtrering.<\/p>\n<\/div>\n\n\t\n\n\t\t\n\t\t\t<\/div>\n\n\t\t\n\n<\/section>\n\n\n\n\n<section  class=\"ams-cta ams-cta--stacked c-block l-stacked\" data-color-scheme=\"nytt-standard\">\n\t<div class=\"l-container l-stack l-stack-fluid-2xl u-pt-fluid-3xl-6xl u-pb-fluid-3xl-6xl is-center is-center@md\">\n\t\t\t\t\t<div class=\"ams-cta__intro l-stack l-stack-lg\">\n\t\t\t\t\t\n\t<h2\n\tclass=\"c-heading u-font-title-1 \"\n\tstyle=\"\">\n\t\t\n\t\t\t\t\tKONTAKTA V\u00c5RT ELEVH\u00c4LSOTEAM\n\t\t\t\t\n\t<\/h2>\n\n\t\t\t\t\t\t\t\t\t<div class=\"c-text l-stack u-cs-xl u-font-body\">\n\t\t\t\t\t\t<p><span data-sheets-value=\"{&quot;1&quot;:2,&quot;2&quot;:&quot;Om du har fr\u00e5gor om v\u00e5r elevh\u00e4lsa \u00e4r du varmt v\u00e4lkommen att kontakta oss.&quot;}\" data-sheets-userformat=\"{&quot;2&quot;:5025,&quot;3&quot;:{&quot;1&quot;:0},&quot;8&quot;:{&quot;1&quot;:[{&quot;1&quot;:2,&quot;2&quot;:0,&quot;5&quot;:{&quot;1&quot;:2,&quot;2&quot;:0}},{&quot;1&quot;:0,&quot;2&quot;:0,&quot;3&quot;:3},{&quot;1&quot;:1,&quot;2&quot;:0,&quot;4&quot;:1}]},&quot;10&quot;:0,&quot;11&quot;:4,&quot;12&quot;:0,&quot;15&quot;:&quot;Montserrat&quot;}\">Om du har fr\u00e5gor om v\u00e5r elevh\u00e4lsa \u00e4r du varmt v\u00e4lkommen att kontakta oss.<\/span><\/p>\n\n\t\t\t\t\t<\/div>\n\t\t\t\t\t\t\t<\/div>\n\t\t\n\t\t\n\t\t\t<div class=\"ams-cta__action u-inline-items\">\n\t\t\t\t\t\t\t\n\n\n<a href=\"https:\/\/lbs.se\/trollhattan\/kontakt\/\"\n\t\n\tclass=\"c-btn \"\n\tdata-style=\"square\"\n\tdata-size=\"md\"\n\tdata-width=\"full-mobile\"\n\tdata-variant=\"default\"\n\ttarget=\"_self\">\n\t\t\t<span class=\"label\"> Kontakta oss<\/span>\n\t\t\t<\/a>\n\t\t\t<\/div>\n\t<\/div>\n\n\t\t\n\n<\/section>\n","protected":false},"excerpt":{"rendered":"","protected":false},"author":1,"featured_media":0,"parent":19,"menu_order":0,"comment_status":"closed","ping_status":"closed","template":"","meta":{"footnotes":""},"yoast_head":"<!-- This site is optimized with the Yoast SEO plugin v22.0 - https:\/\/yoast.com\/wordpress\/plugins\/seo\/ -->\n<title>Elevh\u00e4lsa - LBS Gymnasium Trollh\u00e4ttan<\/title>\n<meta name=\"description\" content=\"Elevh\u00e4lsan vill fr\u00e4mja god h\u00e4lsa f\u00f6r att v\u00e5ra elever ska lyckas med sina studier och sedan i f\u00f6rl\u00e4ngningen f\u00f6rberedas f\u00f6r vidare studier.\" \/>\n<meta name=\"robots\" content=\"index, follow, max-snippet:-1, max-image-preview:large, max-video-preview:-1\" \/>\n<link rel=\"canonical\" href=\"https:\/\/lbs.se\/trollhattan\/var-skola\/elevhalsa\/\" \/>\n<meta property=\"og:locale\" content=\"sv_SE\" \/>\n<meta property=\"og:type\" content=\"article\" \/>\n<meta property=\"og:title\" content=\"Elevh\u00e4lsa - LBS Gymnasium Trollh\u00e4ttan\" \/>\n<meta property=\"og:description\" content=\"Elevh\u00e4lsan vill fr\u00e4mja god h\u00e4lsa f\u00f6r att v\u00e5ra elever ska lyckas med sina studier och sedan i f\u00f6rl\u00e4ngningen f\u00f6rberedas f\u00f6r vidare studier.\" \/>\n<meta property=\"og:url\" content=\"https:\/\/lbs.se\/trollhattan\/var-skola\/elevhalsa\/\" \/>\n<meta property=\"og:site_name\" content=\"Trollh\u00e4ttan\" \/>\n<meta property=\"article:modified_time\" content=\"2025-06-23T13:23:25+00:00\" \/>\n<meta name=\"twitter:card\" content=\"summary_large_image\" \/>\n<meta name=\"twitter:title\" content=\"Elevh\u00e4lsa - LBS Gymnasium Trollh\u00e4ttan\" \/>\n<meta name=\"twitter:description\" content=\"Elevh\u00e4lsan vill fr\u00e4mja god h\u00e4lsa f\u00f6r att v\u00e5ra elever ska lyckas med sina studier och sedan i f\u00f6rl\u00e4ngningen f\u00f6rberedas f\u00f6r vidare studier.\" \/>\n<meta name=\"twitter:label1\" content=\"Ber\u00e4knad l\u00e4stid\" \/>\n\t<meta name=\"twitter:data1\" content=\"1 minut\" \/>\n<script type=\"application\/ld+json\" class=\"yoast-schema-graph\">{\"@context\":\"https:\/\/schema.org\",\"@graph\":[{\"@type\":\"WebPage\",\"@id\":\"https:\/\/lbs.se\/trollhattan\/var-skola\/elevhalsa\/\",\"url\":\"https:\/\/lbs.se\/trollhattan\/var-skola\/elevhalsa\/\",\"name\":\"Elevh\u00e4lsa - LBS Gymnasium Trollh\u00e4ttan\",\"isPartOf\":{\"@id\":\"https:\/\/lbs.se\/trollhattan\/#website\"},\"datePublished\":\"2022-07-25T21:08:14+00:00\",\"dateModified\":\"2025-06-23T13:23:25+00:00\",\"description\":\"Elevh\u00e4lsan vill fr\u00e4mja god h\u00e4lsa f\u00f6r att v\u00e5ra elever ska lyckas med sina studier och sedan i f\u00f6rl\u00e4ngningen f\u00f6rberedas f\u00f6r vidare studier.\",\"breadcrumb\":{\"@id\":\"https:\/\/lbs.se\/trollhattan\/var-skola\/elevhalsa\/#breadcrumb\"},\"inLanguage\":\"sv-SE\",\"potentialAction\":[{\"@type\":\"ReadAction\",\"target\":[\"https:\/\/lbs.se\/trollhattan\/var-skola\/elevhalsa\/\"]}]},{\"@type\":\"BreadcrumbList\",\"@id\":\"https:\/\/lbs.se\/trollhattan\/var-skola\/elevhalsa\/#breadcrumb\",\"itemListElement\":[{\"@type\":\"ListItem\",\"position\":1,\"name\":\"Start\",\"item\":\"https:\/\/lbs.se\/trollhattan\/\"},{\"@type\":\"ListItem\",\"position\":2,\"name\":\"V\u00e5r skola\",\"item\":\"https:\/\/lbs.se\/trollhattan\/var-skola\/\"},{\"@type\":\"ListItem\",\"position\":3,\"name\":\"Elevh\u00e4lsa\"}]},{\"@type\":\"WebSite\",\"@id\":\"https:\/\/lbs.se\/trollhattan\/#website\",\"url\":\"https:\/\/lbs.se\/trollhattan\/\",\"name\":\"Trollh\u00e4ttan\",\"description\":\"LBS Kreativa Gymnasiet\",\"potentialAction\":[{\"@type\":\"SearchAction\",\"target\":{\"@type\":\"EntryPoint\",\"urlTemplate\":\"https:\/\/lbs.se\/trollhattan\/?s={search_term_string}\"},\"query-input\":\"required name=search_term_string\"}],\"inLanguage\":\"sv-SE\"}]}<\/script>\n<!-- \/ Yoast SEO plugin. -->","yoast_head_json":{"title":"Elevh\u00e4lsa - LBS Gymnasium Trollh\u00e4ttan","description":"Elevh\u00e4lsan vill fr\u00e4mja god h\u00e4lsa f\u00f6r att v\u00e5ra elever ska lyckas med sina studier och sedan i f\u00f6rl\u00e4ngningen f\u00f6rberedas f\u00f6r vidare studier.","robots":{"index":"index","follow":"follow","max-snippet":"max-snippet:-1","max-image-preview":"max-image-preview:large","max-video-preview":"max-video-preview:-1"},"canonical":"https:\/\/lbs.se\/trollhattan\/var-skola\/elevhalsa\/","og_locale":"sv_SE","og_type":"article","og_title":"Elevh\u00e4lsa - LBS Gymnasium Trollh\u00e4ttan","og_description":"Elevh\u00e4lsan vill fr\u00e4mja god h\u00e4lsa f\u00f6r att v\u00e5ra elever ska lyckas med sina studier och sedan i f\u00f6rl\u00e4ngningen f\u00f6rberedas f\u00f6r vidare studier.","og_url":"https:\/\/lbs.se\/trollhattan\/var-skola\/elevhalsa\/","og_site_name":"Trollh\u00e4ttan","article_modified_time":"2025-06-23T13:23:25+00:00","twitter_card":"summary_large_image","twitter_title":"Elevh\u00e4lsa - LBS Gymnasium Trollh\u00e4ttan","twitter_description":"Elevh\u00e4lsan vill fr\u00e4mja god h\u00e4lsa f\u00f6r att v\u00e5ra elever ska lyckas med sina studier och sedan i f\u00f6rl\u00e4ngningen f\u00f6rberedas f\u00f6r vidare studier.","twitter_misc":{"Ber\u00e4knad l\u00e4stid":"1 minut"},"schema":{"@context":"https:\/\/schema.org","@graph":[{"@type":"WebPage","@id":"https:\/\/lbs.se\/trollhattan\/var-skola\/elevhalsa\/","url":"https:\/\/lbs.se\/trollhattan\/var-skola\/elevhalsa\/","name":"Elevh\u00e4lsa - LBS Gymnasium Trollh\u00e4ttan","isPartOf":{"@id":"https:\/\/lbs.se\/trollhattan\/#website"},"datePublished":"2022-07-25T21:08:14+00:00","dateModified":"2025-06-23T13:23:25+00:00","description":"Elevh\u00e4lsan vill fr\u00e4mja god h\u00e4lsa f\u00f6r att v\u00e5ra elever ska lyckas med sina studier och sedan i f\u00f6rl\u00e4ngningen f\u00f6rberedas f\u00f6r vidare studier.","breadcrumb":{"@id":"https:\/\/lbs.se\/trollhattan\/var-skola\/elevhalsa\/#breadcrumb"},"inLanguage":"sv-SE","potentialAction":[{"@type":"ReadAction","target":["https:\/\/lbs.se\/trollhattan\/var-skola\/elevhalsa\/"]}]},{"@type":"BreadcrumbList","@id":"https:\/\/lbs.se\/trollhattan\/var-skola\/elevhalsa\/#breadcrumb","itemListElement":[{"@type":"ListItem","position":1,"name":"Start","item":"https:\/\/lbs.se\/trollhattan\/"},{"@type":"ListItem","position":2,"name":"V\u00e5r skola","item":"https:\/\/lbs.se\/trollhattan\/var-skola\/"},{"@type":"ListItem","position":3,"name":"Elevh\u00e4lsa"}]},{"@type":"WebSite","@id":"https:\/\/lbs.se\/trollhattan\/#website","url":"https:\/\/lbs.se\/trollhattan\/","name":"Trollh\u00e4ttan","description":"LBS Kreativa Gymnasiet","potentialAction":[{"@type":"SearchAction","target":{"@type":"EntryPoint","urlTemplate":"https:\/\/lbs.se\/trollhattan\/?s={search_term_string}"},"query-input":"required name=search_term_string"}],"inLanguage":"sv-SE"}]}},"_links":{"self":[{"href":"https:\/\/lbs.se\/trollhattan\/wp-json\/wp\/v2\/pages\/27"}],"collection":[{"href":"https:\/\/lbs.se\/trollhattan\/wp-json\/wp\/v2\/pages"}],"about":[{"href":"https:\/\/lbs.se\/trollhattan\/wp-json\/wp\/v2\/types\/page"}],"author":[{"embeddable":true,"href":"https:\/\/lbs.se\/trollhattan\/wp-json\/wp\/v2\/users\/1"}],"replies":[{"embeddable":true,"href":"https:\/\/lbs.se\/trollhattan\/wp-json\/wp\/v2\/comments?post=27"}],"version-history":[{"count":10,"href":"https:\/\/lbs.se\/trollhattan\/wp-json\/wp\/v2\/pages\/27\/revisions"}],"predecessor-version":[{"id":2068,"href":"https:\/\/lbs.se\/trollhattan\/wp-json\/wp\/v2\/pages\/27\/revisions\/2068"}],"up":[{"embeddable":true,"href":"https:\/\/lbs.se\/trollhattan\/wp-json\/wp\/v2\/pages\/19"}],"wp:attachment":[{"href":"https:\/\/lbs.se\/trollhattan\/wp-json\/wp\/v2\/media?parent=27"}],"curies":[{"name":"wp","href":"https:\/\/api.w.org\/{rel}","templated":true}]}}