{"id":1894,"date":"2024-06-24T10:40:14","date_gmt":"2024-06-24T08:40:14","guid":{"rendered":"https:\/\/lbs.se\/trollhattan\/?page_id=1894"},"modified":"2025-08-28T17:20:21","modified_gmt":"2025-08-28T15:20:21","slug":"hogskolebehorighet","status":"publish","type":"page","link":"https:\/\/lbs.se\/trollhattan\/var-skola\/hogskolebehorighet\/","title":{"rendered":"H\u00f6gskolebeh\u00f6righet"},"content":{"rendered":"\n\n<section  class=\"ams-cta ams-cta--stacked c-block l-stacked\" data-color-scheme=\"new-standard-dark\">\n\t<div class=\"l-container l-stack l-stack-fluid-2xl u-pt-fluid-3xl-6xl u-pb-fluid-3xl-6xl is-center is-center@md\">\n\t\t\t\t\t<div class=\"ams-cta__intro l-stack l-stack-lg\">\n\t\t\t\t\t\n\t<h1\n\tclass=\"c-heading u-font-title-1 \"\n\tstyle=\"\">\n\t\t\n\t\t\t\t\t\t\t\t\tH\u00f6gskole\u00adbeh\u00f6righet\n\t\t\t\t<span class=\"c-heading__sub is-below u-font-title-3\">\n\t\t\t\t\t&#038; individuella val\n\t\t\t\t<\/span>\n\t\t\t\t\t\t\t\n\t<\/h1>\n\n\t\t\t\t\t\t\t\t\t<div class=\"c-text l-stack u-cs-xl u-font-body\">\n\t\t\t\t\t\t<p>Alla utbildningar p\u00e5 LBS Kreativa Gymnasiet Trollh\u00e4ttan ger h\u00f6gskolebeh\u00f6righet och f\u00f6rbereder dig f\u00f6r vidare studier p\u00e5 h\u00f6gskola och universitet. Inom alla gymnasieprogram ing\u00e5r ocks\u00e5 tv\u00e5 individuella val, en m\u00f6jlighet f\u00f6r dig att bredda din beh\u00f6righet eller f\u00f6rdjupa dig mer inom din valda profil.<\/p>\n\n\t\t\t\t\t<\/div>\n\t\t\t\t\t\t\t<\/div>\n\t\t\n\t\t\n\t\t\t<\/div>\n\n\t\t\n\n<\/section>\n\n\n\n\t\n\t\n\t\n\n\t\n\t\n\t\t\n<section  class=\"c-block l-stacked  \" data-color-scheme=\"nytt-standard\">\n\t<div class=\"ams-fifty ams-fifty--container ams-fifty--right ams-fifty--top l-container u-pt-fluid-3xl-6xl u-pb-fluid-3xl-6xl\">\n\t\t<div class=\"ams-fifty__content l-stack l-stack-xl is-left is-left@lg\">\n\t\t\t<div class=\"ams-fifty__text l-stack l-stack-lg\">\n\t\t\t\t\t\n\t<h2\n\tclass=\"c-heading u-font-title-1 \"\n\tstyle=\"\">\n\t\t\n\t\t\t\t\tBredda din beh\u00f6righet eller l\u00e4s mer inom din profil\n\t\t\t\t\n\t<\/h2>\n\n\t\t\t\t\t\t\t\t\t<div class=\"text l-stack u-font-body\">\n\t\t\t\t\t\t<p>Individuella val \u00e4r tv\u00e5 \u00e4mnen om 100 po\u00e4ng vardera d\u00e4r du f\u00e5r v\u00e4lja fr\u00e5n skolans utbud vad du vill l\u00e4sa. Du kan v\u00e4lja \u00e4mnen som ut\u00f6kar din h\u00f6gskolebeh\u00f6righet eller f\u00f6rdjupa dig mer inom din valda profil.<\/p>\n<p>Teknikprogrammet ger s\u00e4rskild beh\u00f6righet och Estetiska programmet grundl\u00e4ggande h\u00f6gskolebeh\u00f6righet. Exempel p\u00e5 vidareutbildningar som endast kr\u00e4ver grundl\u00e4ggande h\u00f6gskolebeh\u00f6righet \u00e4r juristprogrammet, yrkesutbildningar till grafisk designer och utbildning till \u00e4mnesl\u00e4rare inom vissa \u00e4mnen. Teknikprogrammet ger ist\u00e4llet exempelvis direkt beh\u00f6righet till att studera vidare inom arkitektur och psykologi.<\/p>\n<p>De individuella valen kan anv\u00e4ndas f\u00f6r att bredda beh\u00f6righeten ytterligare och \u00f6ppna fler d\u00f6rrar vad g\u00e4ller framtida vidarestudier.<\/p>\n<p data-pm-slice=\"1 1 []\">H\u00e4r \u00e4r tv\u00e5 exempel p\u00e5 hur du kan anv\u00e4nda individuella valen f\u00f6r att bredda din beh\u00f6righet.<\/p>\n<p data-pm-slice=\"1 1 []\"><strong>Estetiska programmet + Matematik niv\u00e5 2b: <\/strong>Psykolog, personalvetare och Socionom<\/p>\n<p data-pm-slice=\"1 1 []\"><strong>Teknikprogrammet + Fysik niv\u00e5 2 + Matematik forts\u00e4ttning niv\u00e5 2c: <\/strong>Civilingenj\u00f6r, brandingenj\u00f6r och \u00e4mnesl\u00e4rare i Matematik och Fysik<\/p>\n\n\t\t\t\t\t<\/div>\n\t\t\t\t\t\t\t<\/div>\n\n\t\t\t\t\t<\/div>\n\n\t\t <div class=\"ams-fifty__media u-ratio-square\">\n\t\t \t\t\t\t\t<img decoding=\"async\" width=\"600\" height=\"600\" src=\"https:\/\/lbs.se\/wp-content\/uploads\/sites\/22\/2023\/06\/lbs-katalog-202304-600x600.jpg\" class=\"attachment-md size-md\" alt=\"Dator med kreativt program och en 3D modell p\u00e5.\" sizes=\"(min-width: 64em) 600px, calc(100vw - 160px)\" srcset=\"https:\/\/lbs.se\/wp-content\/uploads\/sites\/22\/2023\/06\/lbs-katalog-202304-600x600.jpg 600w, https:\/\/lbs.se\/wp-content\/uploads\/sites\/22\/2023\/06\/lbs-katalog-202304-150x150.jpg 150w, https:\/\/lbs.se\/wp-content\/uploads\/sites\/22\/2023\/06\/lbs-katalog-202304-300x300.jpg 300w, https:\/\/lbs.se\/wp-content\/uploads\/sites\/22\/2023\/06\/lbs-katalog-202304-400x400.jpg 400w, https:\/\/lbs.se\/wp-content\/uploads\/sites\/22\/2023\/06\/lbs-katalog-202304-800x800.jpg 800w, https:\/\/lbs.se\/wp-content\/uploads\/sites\/22\/2023\/06\/lbs-katalog-202304-1024x1024.jpg 1024w, https:\/\/lbs.se\/wp-content\/uploads\/sites\/22\/2023\/06\/lbs-katalog-202304.jpg 1200w\" \/>\n\t\t\t\n\t\t\t\n\t\t\t\t\t<\/div>\n\t<\/div>\n\n\t\t\n\n<\/section>\n\n\n\n\t\n\t\n\t\n\n\t\n\t\n\t\t\n<section  class=\"c-block l-stacked  \" data-color-scheme=\"new-green-dark\">\n\t<div class=\"ams-fifty ams-fifty--container ams-fifty--left ams-fifty--top l-container u-pt-fluid-3xl-6xl u-pb-fluid-3xl-6xl\">\n\t\t<div class=\"ams-fifty__content l-stack l-stack-xl is-left is-left@lg\">\n\t\t\t<div class=\"ams-fifty__text l-stack l-stack-lg\">\n\t\t\t\t\t\n\t<h2\n\tclass=\"c-heading u-font-title-1 \"\n\tstyle=\"\">\n\t\t\n\t\t\t\t\tV\u00e5ra individuella val\n\t\t\t\t\n\t<\/h2>\n\n\t\t\t\t\t\t\t\t\t<div class=\"text l-stack u-font-body\">\n\t\t\t\t\t\t<p><strong>De individuella val du kan l\u00e4sa p\u00e5 LBS Kreativa Gymnasiet Trollh\u00e4ttan \u00e4r:<\/strong><\/p>\n<p><strong>Teknikprogrammet:<\/strong><br \/>\nMatematik forts\u00e4ttning niv\u00e5 2c (Matematik 4)<br \/>\nEngelska niv\u00e5 3<br \/>\nFysik niv\u00e5 2<br \/>\nEntrepren\u00f6rskap<br \/>\nE-sport<\/p>\n<p><strong>Estetiska programmet:<\/strong><br \/>\nMatematik niv\u00e5 2b<br \/>\nEngelska niv\u00e5 3<br \/>\nFoto 1<br \/>\nFilm- och tv-kunskap<br \/>\nEntrepren\u00f6rskap<br \/>\nE-sport<\/p>\n<p>Utbudet kan variera fr\u00e5n \u00e5r till \u00e5r och fler \u00e4mnen kan tillkomma. Om du \u00e4r nyfiken p\u00e5 vad vi erbjuder just nu kan du st\u00e4lla fr\u00e5gan p\u00e5 \u00f6ppet hus eller kontakta oss.<\/p>\n\n\t\t\t\t\t<\/div>\n\t\t\t\t\t\t\t<\/div>\n\n\t\t\t\t\t<\/div>\n\n\t\t <div class=\"ams-fifty__media u-ratio-square\">\n\t\t \t\t\t\t\t<img decoding=\"async\" width=\"600\" height=\"600\" src=\"https:\/\/lbs.se\/wp-content\/uploads\/sites\/22\/2023\/06\/lbs-kvalitet-syv-202304-600x600.jpg\" class=\"attachment-md size-md\" alt=\"L\u00e4rare hj\u00e4lper elever i klassrummet.\" sizes=\"(min-width: 64em) 600px, calc(100vw - 160px)\" srcset=\"https:\/\/lbs.se\/wp-content\/uploads\/sites\/22\/2023\/06\/lbs-kvalitet-syv-202304-600x600.jpg 600w, https:\/\/lbs.se\/wp-content\/uploads\/sites\/22\/2023\/06\/lbs-kvalitet-syv-202304-150x150.jpg 150w, https:\/\/lbs.se\/wp-content\/uploads\/sites\/22\/2023\/06\/lbs-kvalitet-syv-202304-300x300.jpg 300w, https:\/\/lbs.se\/wp-content\/uploads\/sites\/22\/2023\/06\/lbs-kvalitet-syv-202304-400x400.jpg 400w, https:\/\/lbs.se\/wp-content\/uploads\/sites\/22\/2023\/06\/lbs-kvalitet-syv-202304-800x800.jpg 800w, https:\/\/lbs.se\/wp-content\/uploads\/sites\/22\/2023\/06\/lbs-kvalitet-syv-202304-1024x1024.jpg 1024w, https:\/\/lbs.se\/wp-content\/uploads\/sites\/22\/2023\/06\/lbs-kvalitet-syv-202304.jpg 1200w\" \/>\n\t\t\t\n\t\t\t\n\t\t\t\t\t<\/div>\n\t<\/div>\n\n\t\t\n\n<\/section>\n\n\n\n\t<div class=\"module_wrapper ams_remote_pages_module \">\n\t\t\n<section \n\t\t class=\"\n\t\t ams-contact\n\t\t \n\t\t c-block l-stacked\n\t\t \n\t\t \n\t\t js-load-more\n\t\t \"\n\t\t data-color-scheme=\"nytt-standard\"\n\t\t\t\t\tdata-count=\"3\"\n\t\t\t\t\t\t\tdata-count-mobile=\"2\"\n\t\t\t\t>\n\t<div\n\t\t class=\"\n\t\t l-container\n\t\t l-stack l-stack-fluid-2xl\n\t\t u-pt-fluid-2xl-4xl\n\t\t u-pb-fluid-2xl-4xl\n\t\t is-center\n\t\t is-center@md\n\t\t \">\n\t\t\t\t\t<div class=\"ams-contact__intro l-stack l-stack-lg\">\n\t\t\t\t\t\n\t<h2\n\tclass=\"c-heading u-font-title-1 \"\n\tstyle=\"\">\n\t\t\n\t\t\t\t\tKONTAKTA MIG\n\t\t\t\t\n\t<\/h2>\n\n\t\t\t\t\t\t\t\t\t<div class=\"c-text l-stack u-cs-xl u-font-body\">\n\t\t\t\t\t\t<p><span data-sheets-value=\"{&quot;1&quot;:2,&quot;2&quot;:&quot;Har du fr\u00e5gor eller funderingar? V\u00e4lkommen att kontakta mig!&quot;}\" data-sheets-userformat=\"{&quot;2&quot;:5035,&quot;3&quot;:{&quot;1&quot;:0},&quot;4&quot;:{&quot;1&quot;:2,&quot;2&quot;:13228792},&quot;6&quot;:{&quot;1&quot;:[{&quot;1&quot;:2,&quot;2&quot;:0,&quot;5&quot;:{&quot;1&quot;:2,&quot;2&quot;:0}},{&quot;1&quot;:0,&quot;2&quot;:0,&quot;3&quot;:3},{&quot;1&quot;:1,&quot;2&quot;:0,&quot;4&quot;:1}]},&quot;8&quot;:{&quot;1&quot;:[{&quot;1&quot;:2,&quot;2&quot;:0,&quot;5&quot;:{&quot;1&quot;:2,&quot;2&quot;:0}},{&quot;1&quot;:0,&quot;2&quot;:0,&quot;3&quot;:3},{&quot;1&quot;:1,&quot;2&quot;:0,&quot;4&quot;:1}]},&quot;10&quot;:0,&quot;11&quot;:4,&quot;12&quot;:0,&quot;15&quot;:&quot;Montserrat&quot;}\">Har du fr\u00e5gor eller funderingar? V\u00e4lkommen att kontakta mig!<\/span><\/p>\n\n\t\t\t\t\t<\/div>\n\t\t\t\t\t\t\t<\/div>\n\t\t\n\t\t\n\t\t    \t\n\t\t\n\t\t<ul\n\t\t\tid=\"contact-grid-69e5c56b811f5\"\n\t\t\tclass=\"ams-contact__list l-grid u-gap-fluid-2xl-4xl u-justify-center js-results \"\n\t\t\taria-label=\"Kontakter\"\n\t\t\tdata-filter-animation=\"off\"\n\t\t\t>\n\t\t\t\t\t\t\t\t\t\t\t\n\t\t\t\t\n\t\t\t\t<li class=\"l-col-6@md l-col-4@lg \" data-filter=\"ledning\">\n\t\t\t\t\t<article class=\"c-card \" data-variant=\"neutral\">\n\t\t\t\t\t\t<div class=\"c-card__content u-text-center\">\n\t\t\t\t\t\t\t\t\t\t\t\t\t\t\t<h3 class=\"c-card__title u-font-title-3\">\n\t\t\t\t\t\t\t\t\tFREDRIK OHNESORGE\n\t\t\t\t\t\t\t\t<\/h3>\n\t\t\t\t\t\t\t\n\t\t\t\t\t\t\t\t\t\t\t\t\t\t\t<p class=\"position u-font-body\">Rektor<\/p>\n\t\t\t\t\t\t\t\n\t\t\t\t\t\t\t\t\t\t\t\t\t\t\t<div class=\"contact-info u-font-body\">\n\t\t\t\t\t\t\t\t\t\t\t\t\t\t\t\t\t\t\t\t\t\t\t\t\t\t\t\t\t\t<p class=\"phone\"><a\n\t\t\t\t\t\t\t\t\t\t\t\t\thref=\"tel:0520474871\"\n\t\t\t\t\t\t\t\t\t\t\t\t\tclass=\"u-text-link\">0520-47 48 71<\/a>\n\t\t\t\t\t\t\t\t\t\t\t<\/p>\n\t\t\t\t\t\t\t\t\t\t\t\t\t\t\t\t\t\t\t\n\t\t\t\t\t\t\t\t\t\t\t\t\t\t\t\t\t\t\t\t\t\t\t\t\t\t\t\t\t\t<p class=\"email\"><a\n\t\t\t\t\t\t\t\t\t\t\t\t\thref=\"m&#097;il&#116;&#111;:&#102;r&#101;d&#114;ik.&#111;hne&#115;o&#114;&#103;e&#064;&#108;&#098;s&#046;se\"\n\t\t\t\t\t\t\t\t\t\t\t\t\tclass=\"u-text-link\">f&#114;&#101;d&#114;&#105;&#107;&#046;&#111;h&#110;&#101;sorg&#101;&#064;l&#098;&#115;&#046;&#115;e<\/a>\n\t\t\t\t\t\t\t\t\t\t\t<\/p>\n\t\t\t\t\t\t\t\t\t\t\t\t\t\t\t\t\t\t\t\t\t\t\t\t\t\t\t<\/div>\n\t\t\t\t\t\t\t\n\t\t\t\t\t\t\t\t\t\t\t\t\t<\/div>\n\t\t\t\t\t\t<div class=\"c-card__media\">\n\t\t\t\t\t\t\t\t\t\t\t\t\t\t\t\t\t\t\t\t\t\t\t\t\t\t\t\t\t\t\t\t\t\t\t\t\t\t\t\t\t\t\t\t\t\t\t\t\t<img decoding=\"async\" width=\"400\" height=\"267\" src=\"https:\/\/lbs.se\/wp-content\/uploads\/sites\/22\/2022\/07\/fredrik1-1-400x267.jpg\" class=\"u-radius-round u-ratio-landscape  \" alt=\"Portr\u00e4tt av Fredrik\" sizes=\"(max-width: 300px) 100vw, 300px\" srcset=\"https:\/\/lbs.se\/wp-content\/uploads\/sites\/22\/2022\/07\/fredrik1-1-400x267.jpg 400w, https:\/\/lbs.se\/wp-content\/uploads\/sites\/22\/2022\/07\/fredrik1-1-300x200.jpg 300w, https:\/\/lbs.se\/wp-content\/uploads\/sites\/22\/2022\/07\/fredrik1-1-600x400.jpg 600w, https:\/\/lbs.se\/wp-content\/uploads\/sites\/22\/2022\/07\/fredrik1-1-800x533.jpg 800w, https:\/\/lbs.se\/wp-content\/uploads\/sites\/22\/2022\/07\/fredrik1-1-1024x683.jpg 1024w, https:\/\/lbs.se\/wp-content\/uploads\/sites\/22\/2022\/07\/fredrik1-1-1200x800.jpg 1200w, https:\/\/lbs.se\/wp-content\/uploads\/sites\/22\/2022\/07\/fredrik1-1.jpg 1536w\" \/>\n\t\t\t\t\t\t<\/div>\n\t\t\t\t\t<\/article>\n\t\t\t\t<\/li>\n\t\t\t\t\t<\/ul>\n\n\t\t\n\t\t    <div class=\"ams-contact__more u-inline-items js-load-more-btn\">\n        <button href=\"#\"\n                class=\"c-btn\"\n                data-style=\"square\"\n                data-size=\"md\"\n                data-width=\"full-mobile\"\n                data-variant=\"outline\">\n        \tVisa mer\n        <\/button>\n    <\/div>\n\n\t\t\t<\/div>\n\n\t\t\n\n<\/section>\n\t<\/div>\n\n\t","protected":false},"excerpt":{"rendered":"","protected":false},"author":3,"featured_media":0,"parent":19,"menu_order":0,"comment_status":"closed","ping_status":"closed","template":"","meta":{"footnotes":""},"yoast_head":"<!-- This site is optimized with the Yoast SEO plugin v22.0 - https:\/\/yoast.com\/wordpress\/plugins\/seo\/ -->\n<title>H\u00f6gskolebeh\u00f6righet &amp; individuella val | LBS gymnasium Trollh\u00e4ttan<\/title>\n<meta name=\"description\" content=\"Alla utbildningar p\u00e5 LBS gymnasium i Trollh\u00e4ttan ger h\u00f6gskolebeh\u00f6righet och f\u00f6rbereder dig f\u00f6r vidare studier p\u00e5 h\u00f6gskola och universitet.\" \/>\n<meta name=\"robots\" content=\"index, follow, max-snippet:-1, max-image-preview:large, max-video-preview:-1\" \/>\n<link rel=\"canonical\" href=\"https:\/\/lbs.se\/trollhattan\/var-skola\/hogskolebehorighet\/\" \/>\n<meta property=\"og:locale\" content=\"sv_SE\" \/>\n<meta property=\"og:type\" content=\"article\" \/>\n<meta property=\"og:title\" content=\"H\u00f6gskolebeh\u00f6righet &amp; individuella val | LBS gymnasium Trollh\u00e4ttan\" \/>\n<meta property=\"og:description\" content=\"Alla utbildningar p\u00e5 LBS gymnasium i Trollh\u00e4ttan ger h\u00f6gskolebeh\u00f6righet och f\u00f6rbereder dig f\u00f6r vidare studier p\u00e5 h\u00f6gskola och universitet.\" \/>\n<meta property=\"og:url\" content=\"https:\/\/lbs.se\/trollhattan\/var-skola\/hogskolebehorighet\/\" \/>\n<meta property=\"og:site_name\" content=\"Trollh\u00e4ttan\" \/>\n<meta property=\"article:modified_time\" content=\"2025-08-28T15:20:21+00:00\" \/>\n<meta name=\"twitter:card\" content=\"summary_large_image\" \/>\n<meta name=\"twitter:title\" content=\"H\u00f6gskolebeh\u00f6righet &amp; individuella val | LBS gymnasium Trollh\u00e4ttan\" \/>\n<meta name=\"twitter:description\" content=\"Alla utbildningar p\u00e5 LBS gymnasium i Trollh\u00e4ttan ger h\u00f6gskolebeh\u00f6righet och f\u00f6rbereder dig f\u00f6r vidare studier p\u00e5 h\u00f6gskola och universitet.\" \/>\n<meta name=\"twitter:label1\" content=\"Ber\u00e4knad l\u00e4stid\" \/>\n\t<meta name=\"twitter:data1\" content=\"2 minuter\" \/>\n<script type=\"application\/ld+json\" class=\"yoast-schema-graph\">{\"@context\":\"https:\/\/schema.org\",\"@graph\":[{\"@type\":\"WebPage\",\"@id\":\"https:\/\/lbs.se\/trollhattan\/var-skola\/hogskolebehorighet\/\",\"url\":\"https:\/\/lbs.se\/trollhattan\/var-skola\/hogskolebehorighet\/\",\"name\":\"H\u00f6gskolebeh\u00f6righet & individuella val | LBS gymnasium Trollh\u00e4ttan\",\"isPartOf\":{\"@id\":\"https:\/\/lbs.se\/trollhattan\/#website\"},\"datePublished\":\"2024-06-24T08:40:14+00:00\",\"dateModified\":\"2025-08-28T15:20:21+00:00\",\"description\":\"Alla utbildningar p\u00e5 LBS gymnasium i Trollh\u00e4ttan ger h\u00f6gskolebeh\u00f6righet och f\u00f6rbereder dig f\u00f6r vidare studier p\u00e5 h\u00f6gskola och universitet.\",\"breadcrumb\":{\"@id\":\"https:\/\/lbs.se\/trollhattan\/var-skola\/hogskolebehorighet\/#breadcrumb\"},\"inLanguage\":\"sv-SE\",\"potentialAction\":[{\"@type\":\"ReadAction\",\"target\":[\"https:\/\/lbs.se\/trollhattan\/var-skola\/hogskolebehorighet\/\"]}]},{\"@type\":\"BreadcrumbList\",\"@id\":\"https:\/\/lbs.se\/trollhattan\/var-skola\/hogskolebehorighet\/#breadcrumb\",\"itemListElement\":[{\"@type\":\"ListItem\",\"position\":1,\"name\":\"Start\",\"item\":\"https:\/\/lbs.se\/trollhattan\/\"},{\"@type\":\"ListItem\",\"position\":2,\"name\":\"V\u00e5r skola\",\"item\":\"https:\/\/lbs.se\/trollhattan\/var-skola\/\"},{\"@type\":\"ListItem\",\"position\":3,\"name\":\"H\u00f6gskolebeh\u00f6righet\"}]},{\"@type\":\"WebSite\",\"@id\":\"https:\/\/lbs.se\/trollhattan\/#website\",\"url\":\"https:\/\/lbs.se\/trollhattan\/\",\"name\":\"Trollh\u00e4ttan\",\"description\":\"LBS Kreativa Gymnasiet\",\"potentialAction\":[{\"@type\":\"SearchAction\",\"target\":{\"@type\":\"EntryPoint\",\"urlTemplate\":\"https:\/\/lbs.se\/trollhattan\/?s={search_term_string}\"},\"query-input\":\"required name=search_term_string\"}],\"inLanguage\":\"sv-SE\"}]}<\/script>\n<!-- \/ Yoast SEO plugin. -->","yoast_head_json":{"title":"H\u00f6gskolebeh\u00f6righet & individuella val | LBS gymnasium Trollh\u00e4ttan","description":"Alla utbildningar p\u00e5 LBS gymnasium i Trollh\u00e4ttan ger h\u00f6gskolebeh\u00f6righet och f\u00f6rbereder dig f\u00f6r vidare studier p\u00e5 h\u00f6gskola och universitet.","robots":{"index":"index","follow":"follow","max-snippet":"max-snippet:-1","max-image-preview":"max-image-preview:large","max-video-preview":"max-video-preview:-1"},"canonical":"https:\/\/lbs.se\/trollhattan\/var-skola\/hogskolebehorighet\/","og_locale":"sv_SE","og_type":"article","og_title":"H\u00f6gskolebeh\u00f6righet & individuella val | LBS gymnasium Trollh\u00e4ttan","og_description":"Alla utbildningar p\u00e5 LBS gymnasium i Trollh\u00e4ttan ger h\u00f6gskolebeh\u00f6righet och f\u00f6rbereder dig f\u00f6r vidare studier p\u00e5 h\u00f6gskola och universitet.","og_url":"https:\/\/lbs.se\/trollhattan\/var-skola\/hogskolebehorighet\/","og_site_name":"Trollh\u00e4ttan","article_modified_time":"2025-08-28T15:20:21+00:00","twitter_card":"summary_large_image","twitter_title":"H\u00f6gskolebeh\u00f6righet & individuella val | LBS gymnasium Trollh\u00e4ttan","twitter_description":"Alla utbildningar p\u00e5 LBS gymnasium i Trollh\u00e4ttan ger h\u00f6gskolebeh\u00f6righet och f\u00f6rbereder dig f\u00f6r vidare studier p\u00e5 h\u00f6gskola och universitet.","twitter_misc":{"Ber\u00e4knad l\u00e4stid":"2 minuter"},"schema":{"@context":"https:\/\/schema.org","@graph":[{"@type":"WebPage","@id":"https:\/\/lbs.se\/trollhattan\/var-skola\/hogskolebehorighet\/","url":"https:\/\/lbs.se\/trollhattan\/var-skola\/hogskolebehorighet\/","name":"H\u00f6gskolebeh\u00f6righet & individuella val | LBS gymnasium Trollh\u00e4ttan","isPartOf":{"@id":"https:\/\/lbs.se\/trollhattan\/#website"},"datePublished":"2024-06-24T08:40:14+00:00","dateModified":"2025-08-28T15:20:21+00:00","description":"Alla utbildningar p\u00e5 LBS gymnasium i Trollh\u00e4ttan ger h\u00f6gskolebeh\u00f6righet och f\u00f6rbereder dig f\u00f6r vidare studier p\u00e5 h\u00f6gskola och universitet.","breadcrumb":{"@id":"https:\/\/lbs.se\/trollhattan\/var-skola\/hogskolebehorighet\/#breadcrumb"},"inLanguage":"sv-SE","potentialAction":[{"@type":"ReadAction","target":["https:\/\/lbs.se\/trollhattan\/var-skola\/hogskolebehorighet\/"]}]},{"@type":"BreadcrumbList","@id":"https:\/\/lbs.se\/trollhattan\/var-skola\/hogskolebehorighet\/#breadcrumb","itemListElement":[{"@type":"ListItem","position":1,"name":"Start","item":"https:\/\/lbs.se\/trollhattan\/"},{"@type":"ListItem","position":2,"name":"V\u00e5r skola","item":"https:\/\/lbs.se\/trollhattan\/var-skola\/"},{"@type":"ListItem","position":3,"name":"H\u00f6gskolebeh\u00f6righet"}]},{"@type":"WebSite","@id":"https:\/\/lbs.se\/trollhattan\/#website","url":"https:\/\/lbs.se\/trollhattan\/","name":"Trollh\u00e4ttan","description":"LBS Kreativa Gymnasiet","potentialAction":[{"@type":"SearchAction","target":{"@type":"EntryPoint","urlTemplate":"https:\/\/lbs.se\/trollhattan\/?s={search_term_string}"},"query-input":"required name=search_term_string"}],"inLanguage":"sv-SE"}]}},"_links":{"self":[{"href":"https:\/\/lbs.se\/trollhattan\/wp-json\/wp\/v2\/pages\/1894"}],"collection":[{"href":"https:\/\/lbs.se\/trollhattan\/wp-json\/wp\/v2\/pages"}],"about":[{"href":"https:\/\/lbs.se\/trollhattan\/wp-json\/wp\/v2\/types\/page"}],"author":[{"embeddable":true,"href":"https:\/\/lbs.se\/trollhattan\/wp-json\/wp\/v2\/users\/3"}],"replies":[{"embeddable":true,"href":"https:\/\/lbs.se\/trollhattan\/wp-json\/wp\/v2\/comments?post=1894"}],"version-history":[{"count":10,"href":"https:\/\/lbs.se\/trollhattan\/wp-json\/wp\/v2\/pages\/1894\/revisions"}],"predecessor-version":[{"id":2264,"href":"https:\/\/lbs.se\/trollhattan\/wp-json\/wp\/v2\/pages\/1894\/revisions\/2264"}],"up":[{"embeddable":true,"href":"https:\/\/lbs.se\/trollhattan\/wp-json\/wp\/v2\/pages\/19"}],"wp:attachment":[{"href":"https:\/\/lbs.se\/trollhattan\/wp-json\/wp\/v2\/media?parent=1894"}],"curies":[{"name":"wp","href":"https:\/\/api.w.org\/{rel}","templated":true}]}}