{"id":1921,"date":"2024-06-24T10:33:17","date_gmt":"2024-06-24T08:33:17","guid":{"rendered":"https:\/\/lbs.se\/stockholmsodra\/?page_id=1921"},"modified":"2025-07-02T16:15:49","modified_gmt":"2025-07-02T14:15:49","slug":"hogskolebehorighet","status":"publish","type":"page","link":"https:\/\/lbs.se\/stockholmsodra\/var-skola\/hogskolebehorighet\/","title":{"rendered":"H\u00f6gskolebeh\u00f6righet"},"content":{"rendered":"\n\n<section  class=\"ams-cta ams-cta--stacked c-block l-stacked\" data-color-scheme=\"new-standard-dark\">\n\t<div class=\"l-container l-stack l-stack-fluid-2xl u-pt-fluid-3xl-6xl u-pb-fluid-3xl-6xl is-center is-center@md\">\n\t\t\t\t\t<div class=\"ams-cta__intro l-stack l-stack-lg\">\n\t\t\t\t\t\n\t<h1\n\tclass=\"c-heading u-font-title-1 \"\n\tstyle=\"\">\n\t\t\n\t\t\t\t\t\t\t\t\tH\u00f6gskole\u00adbeh\u00f6righet\n\t\t\t\t<span class=\"c-heading__sub is-below u-font-title-3\">\n\t\t\t\t\t&#038; individuella val\n\t\t\t\t<\/span>\n\t\t\t\t\t\t\t\n\t<\/h1>\n\n\t\t\t\t\t\t\t\t\t<div class=\"c-text l-stack u-cs-xl u-font-body\">\n\t\t\t\t\t\t<p>Alla utbildningar p\u00e5 LBS Kreativa Gymnasiet Stockholm S\u00f6dra ger h\u00f6gskolebeh\u00f6righet och f\u00f6rbereder dig f\u00f6r vidare studier p\u00e5 h\u00f6gskola och universitet. Inom alla gymnasieprogram ing\u00e5r ocks\u00e5 tv\u00e5 individuella val, en m\u00f6jlighet f\u00f6r dig att bredda din beh\u00f6righet eller f\u00f6rdjupa dig mer inom din valda profil.<\/p>\n\n\t\t\t\t\t<\/div>\n\t\t\t\t\t\t\t<\/div>\n\t\t\n\t\t\n\t\t\t<\/div>\n\n\t\t\n\n<\/section>\n\n\n\n\t\n\t\n\t\n\n\t\n\t\n\t\t\n<section  class=\"c-block l-stacked  \" data-color-scheme=\"nytt-standard\">\n\t<div class=\"ams-fifty ams-fifty--container ams-fifty--right ams-fifty--top l-container u-pt-fluid-3xl-6xl u-pb-fluid-3xl-6xl\">\n\t\t<div class=\"ams-fifty__content l-stack l-stack-xl is-left is-left@lg\">\n\t\t\t<div class=\"ams-fifty__text l-stack l-stack-lg\">\n\t\t\t\t\t\n\t<h2\n\tclass=\"c-heading u-font-title-1 \"\n\tstyle=\"\">\n\t\t\n\t\t\t\t\tBredda din beh\u00f6righet eller l\u00e4s mer inom din profil\n\t\t\t\t\n\t<\/h2>\n\n\t\t\t\t\t\t\t\t\t<div class=\"text l-stack u-font-body\">\n\t\t\t\t\t\t<p>Individuella val \u00e4r tv\u00e5 \u00e4mnen om 100 po\u00e4ng vardera d\u00e4r du f\u00e5r v\u00e4lja fr\u00e5n skolans utbud vad du vill l\u00e4sa. Du kan v\u00e4lja \u00e4mnesniv\u00e5er som ut\u00f6kar din h\u00f6gskolebeh\u00f6righet eller f\u00f6rdjupa dig mer inom din valda profil.<\/p>\n<p>Teknikprogrammet ger s\u00e4rskild beh\u00f6righet och Estetiska programmet grundl\u00e4ggande h\u00f6gskolebeh\u00f6righet. Exempel p\u00e5 vidareutbildningar som endast kr\u00e4ver grundl\u00e4ggande h\u00f6gskolebeh\u00f6righet \u00e4r juristprogrammet, yrkesutbildningar till grafisk designer och utbildning till \u00e4mnesl\u00e4rare inom vissa \u00e4mnen. Teknikprogrammet ger ist\u00e4llet exempelvis direkt beh\u00f6righet till att studera vidare inom arkitektur och psykologi.<\/p>\n<p>De individuella valen kan anv\u00e4ndas f\u00f6r att bredda beh\u00f6righeten ytterligare och \u00f6ppna fler d\u00f6rrar vad g\u00e4ller framtida vidarestudier.<\/p>\n<p data-pm-slice=\"1 1 []\">H\u00e4r \u00e4r tv\u00e5 exempel p\u00e5 hur du kan anv\u00e4nda individuella valen f\u00f6r att bredda din beh\u00f6righet.<\/p>\n<p data-pm-slice=\"1 1 []\"><strong>Estetiska programmet + Matematik niv\u00e5 2b: <\/strong>Psykolog, personalvetare och Socionom<\/p>\n<p data-pm-slice=\"1 1 []\"><strong>Teknikprogrammet + Fysik niv\u00e5 2 + Matematik forts\u00e4ttning niv\u00e5 2c: <\/strong>Civilingenj\u00f6r, brandingenj\u00f6r och \u00e4mnesl\u00e4rare i Matematik och Fysik<\/p>\n<p data-pm-slice=\"1 1 []\">Individuella valen kan ocks\u00e5 anv\u00e4ndas f\u00f6r att f\u00f6rdjupa dig inom din profil. Det kan vara \u00e4mnen som exempelvis Medier, samh\u00e4lle och kommunikation samt Gr\u00e4nssnittsdesign.<\/p>\n\n\t\t\t\t\t<\/div>\n\t\t\t\t\t\t\t<\/div>\n\n\t\t\t\t\t<\/div>\n\n\t\t <div class=\"ams-fifty__media u-ratio-square\">\n\t\t \t\t\t\t\t<img decoding=\"async\" width=\"600\" height=\"600\" src=\"https:\/\/lbs.se\/wp-content\/uploads\/sites\/21\/2023\/06\/lbs-katalog-202304-600x600.jpg\" class=\"attachment-md size-md\" alt=\"Dator med kreativt program och en 3D modell p\u00e5.\" sizes=\"(min-width: 64em) 600px, calc(100vw - 160px)\" srcset=\"https:\/\/lbs.se\/wp-content\/uploads\/sites\/21\/2023\/06\/lbs-katalog-202304-600x600.jpg 600w, https:\/\/lbs.se\/wp-content\/uploads\/sites\/21\/2023\/06\/lbs-katalog-202304-150x150.jpg 150w, https:\/\/lbs.se\/wp-content\/uploads\/sites\/21\/2023\/06\/lbs-katalog-202304-300x300.jpg 300w, https:\/\/lbs.se\/wp-content\/uploads\/sites\/21\/2023\/06\/lbs-katalog-202304-400x400.jpg 400w, https:\/\/lbs.se\/wp-content\/uploads\/sites\/21\/2023\/06\/lbs-katalog-202304-800x800.jpg 800w, https:\/\/lbs.se\/wp-content\/uploads\/sites\/21\/2023\/06\/lbs-katalog-202304-1024x1024.jpg 1024w, https:\/\/lbs.se\/wp-content\/uploads\/sites\/21\/2023\/06\/lbs-katalog-202304.jpg 1200w\" \/>\n\t\t\t\n\t\t\t\n\t\t\t\t\t<\/div>\n\t<\/div>\n\n\t\t\n\n<\/section>\n\n\n\n\t\n\t\n\t\n\n\t\n\t\n\t\t\n<section  class=\"c-block l-stacked  \" data-color-scheme=\"new-green-dark\">\n\t<div class=\"ams-fifty ams-fifty--container ams-fifty--left ams-fifty--top l-container u-pt-fluid-3xl-6xl u-pb-fluid-3xl-6xl\">\n\t\t<div class=\"ams-fifty__content l-stack l-stack-xl is-left is-left@lg\">\n\t\t\t<div class=\"ams-fifty__text l-stack l-stack-lg\">\n\t\t\t\t\t\n\t<h2\n\tclass=\"c-heading u-font-title-1 \"\n\tstyle=\"\">\n\t\t\n\t\t\t\t\tV\u00e5ra individuella val\n\t\t\t\t\n\t<\/h2>\n\n\t\t\t\t\t\t\t\t\t<div class=\"text l-stack u-font-body\">\n\t\t\t\t\t\t<p><strong>De individuella val du kan l\u00e4sa p\u00e5 LBS Kreativa Gymnasiet Stockholm S\u00f6dra \u00e4r:<br \/>\n<\/strong>AI 1<br \/>\nDesignmodeller<br \/>\nEngelska niv\u00e5 3<br \/>\nEntrepren\u00f6rskap<br \/>\nFilm och tv kunskap<br \/>\nFysik niv\u00e5 2<br \/>\nGrafisk illustration<br \/>\nMatematik niv\u00e5 2B<br \/>\nMatematik forts\u00e4ttning niv\u00e5 2c (Matematik 4)<br \/>\nMatematik f\u00f6rdjupning niv\u00e5 1 (Matematik 5)<br \/>\nIdrott och h\u00e4lsa 2<br \/>\nPsykologi 1 &amp; 2 B<br \/>\nSociologi<br \/>\nTill\u00e4mpad programmering &amp; designmodeller i VR<\/p>\n<p class=\"p1\">Vill du veta mer om n\u00e5got av individuella valen eller har funderingar kan du st\u00e4lla fr\u00e5gan p\u00e5 \u00f6ppet hus eller kontakta oss!<\/p>\n\n\t\t\t\t\t<\/div>\n\t\t\t\t\t\t\t<\/div>\n\n\t\t\t\t\t<\/div>\n\n\t\t <div class=\"ams-fifty__media u-ratio-square\">\n\t\t \t\t\t\t\t<img decoding=\"async\" width=\"600\" height=\"600\" src=\"https:\/\/lbs.se\/wp-content\/uploads\/sites\/21\/2023\/06\/lbs-kvalitet-syv-202304-600x600.jpg\" class=\"attachment-md size-md\" alt=\"L\u00e4rare hj\u00e4lper elever i klassrummet.\" sizes=\"(min-width: 64em) 600px, calc(100vw - 160px)\" srcset=\"https:\/\/lbs.se\/wp-content\/uploads\/sites\/21\/2023\/06\/lbs-kvalitet-syv-202304-600x600.jpg 600w, https:\/\/lbs.se\/wp-content\/uploads\/sites\/21\/2023\/06\/lbs-kvalitet-syv-202304-150x150.jpg 150w, https:\/\/lbs.se\/wp-content\/uploads\/sites\/21\/2023\/06\/lbs-kvalitet-syv-202304-300x300.jpg 300w, https:\/\/lbs.se\/wp-content\/uploads\/sites\/21\/2023\/06\/lbs-kvalitet-syv-202304-400x400.jpg 400w, https:\/\/lbs.se\/wp-content\/uploads\/sites\/21\/2023\/06\/lbs-kvalitet-syv-202304-800x800.jpg 800w, https:\/\/lbs.se\/wp-content\/uploads\/sites\/21\/2023\/06\/lbs-kvalitet-syv-202304-1024x1024.jpg 1024w, https:\/\/lbs.se\/wp-content\/uploads\/sites\/21\/2023\/06\/lbs-kvalitet-syv-202304.jpg 1200w\" \/>\n\t\t\t\n\t\t\t\n\t\t\t\t\t<\/div>\n\t<\/div>\n\n\t\t\n\n<\/section>\n\n\n\n\t<div class=\"module_wrapper ams_remote_pages_module \">\n\t\t\n<section \n\t\t class=\"\n\t\t ams-contact\n\t\t \n\t\t c-block l-stacked\n\t\t \n\t\t \n\t\t js-load-more\n\t\t \"\n\t\t data-color-scheme=\"nytt-standard\"\n\t\t\t\t\tdata-count=\"3\"\n\t\t\t\t\t\t\tdata-count-mobile=\"2\"\n\t\t\t\t>\n\t<div\n\t\t class=\"\n\t\t l-container\n\t\t l-stack l-stack-fluid-2xl\n\t\t u-pt-fluid-2xl-4xl\n\t\t u-pb-fluid-2xl-4xl\n\t\t is-center\n\t\t is-center@md\n\t\t \">\n\t\t\t\t\t<div class=\"ams-contact__intro l-stack l-stack-lg\">\n\t\t\t\t\t\n\t<h2\n\tclass=\"c-heading u-font-title-1 \"\n\tstyle=\"\">\n\t\t\n\t\t\t\t\tKONTAKTA MIG\n\t\t\t\t\n\t<\/h2>\n\n\t\t\t\t\t\t\t\t\t<div class=\"c-text l-stack u-cs-xl u-font-body\">\n\t\t\t\t\t\t<p><span data-sheets-value=\"{&quot;1&quot;:2,&quot;2&quot;:&quot;Har du fr\u00e5gor eller funderingar? V\u00e4lkommen att kontakta mig!&quot;}\" data-sheets-userformat=\"{&quot;2&quot;:5035,&quot;3&quot;:{&quot;1&quot;:0},&quot;4&quot;:{&quot;1&quot;:2,&quot;2&quot;:13228792},&quot;6&quot;:{&quot;1&quot;:[{&quot;1&quot;:2,&quot;2&quot;:0,&quot;5&quot;:{&quot;1&quot;:2,&quot;2&quot;:0}},{&quot;1&quot;:0,&quot;2&quot;:0,&quot;3&quot;:3},{&quot;1&quot;:1,&quot;2&quot;:0,&quot;4&quot;:1}]},&quot;8&quot;:{&quot;1&quot;:[{&quot;1&quot;:2,&quot;2&quot;:0,&quot;5&quot;:{&quot;1&quot;:2,&quot;2&quot;:0}},{&quot;1&quot;:0,&quot;2&quot;:0,&quot;3&quot;:3},{&quot;1&quot;:1,&quot;2&quot;:0,&quot;4&quot;:1}]},&quot;10&quot;:0,&quot;11&quot;:4,&quot;12&quot;:0,&quot;15&quot;:&quot;Montserrat&quot;}\">Har du fr\u00e5gor eller funderingar? V\u00e4lkommen att kontakta mig!<\/span><\/p>\n\n\t\t\t\t\t<\/div>\n\t\t\t\t\t\t\t<\/div>\n\t\t\n\t\t\n\t\t    \t\n\t\t\n\t\t<ul\n\t\t\tid=\"contact-grid-69e06f1683415\"\n\t\t\tclass=\"ams-contact__list l-grid u-gap-fluid-2xl-4xl u-justify-center js-results \"\n\t\t\taria-label=\"Kontakter\"\n\t\t\tdata-filter-animation=\"off\"\n\t\t\t>\n\t\t\t\t\t\t\t\t\t\t\t\n\t\t\t\t\n\t\t\t\t<li class=\"l-col-6@md l-col-4@lg \" data-filter=\"ledning\">\n\t\t\t\t\t<article class=\"c-card \" data-variant=\"neutral\">\n\t\t\t\t\t\t<div class=\"c-card__content u-text-center\">\n\t\t\t\t\t\t\t\t\t\t\t\t\t\t\t<h3 class=\"c-card__title u-font-title-3\">\n\t\t\t\t\t\t\t\t\tPERNILLA NORDBERG\n\t\t\t\t\t\t\t\t<\/h3>\n\t\t\t\t\t\t\t\n\t\t\t\t\t\t\t\t\t\t\t\t\t\t\t<p class=\"position u-font-body\">Rektor<\/p>\n\t\t\t\t\t\t\t\n\t\t\t\t\t\t\t\t\t\t\t\t\t\t\t<div class=\"contact-info u-font-body\">\n\t\t\t\t\t\t\t\t\t\t\t\t\t\t\t\t\t\t\t\t\t\t\t\t\t\t\t\t\t\t<p class=\"phone\"><a\n\t\t\t\t\t\t\t\t\t\t\t\t\thref=\"tel:0761108768\"\n\t\t\t\t\t\t\t\t\t\t\t\t\tclass=\"u-text-link\">076-110 87 68<\/a>\n\t\t\t\t\t\t\t\t\t\t\t<\/p>\n\t\t\t\t\t\t\t\t\t\t\t\t\t\t\t\t\t\t\t\n\t\t\t\t\t\t\t\t\t\t\t\t\t\t\t\t\t\t\t\t\t\t\t\t\t\t\t\t\t\t<p class=\"email\"><a\n\t\t\t\t\t\t\t\t\t\t\t\t\thref=\"m&#097;il&#116;&#111;:p&#101;rn&#105;&#108;&#108;&#097;&#046;no&#114;db&#101;rg&#064;l&#098;s.&#115;e\"\n\t\t\t\t\t\t\t\t\t\t\t\t\tclass=\"u-text-link\">&#112;erni&#108;&#108;&#097;.&#110;&#111;r&#100;b&#101;r&#103;&#064;l&#098;&#115;&#046;&#115;e<\/a>\n\t\t\t\t\t\t\t\t\t\t\t<\/p>\n\t\t\t\t\t\t\t\t\t\t\t\t\t\t\t\t\t\t\t\t\t\t\t\t\t\t\t<\/div>\n\t\t\t\t\t\t\t\n\t\t\t\t\t\t\t\t\t\t\t\t\t<\/div>\n\t\t\t\t\t\t<div class=\"c-card__media\">\n\t\t\t\t\t\t\t\t\t\t\t\t\t\t\t\t\t\t\t\t\t\t\t\t\t\t\t\t\t\t\t\t\t\t\t\t\t\t\t\t\t\t\t\t\t\t\t\t\t<img decoding=\"async\" width=\"400\" height=\"400\" src=\"https:\/\/lbs.se\/wp-content\/uploads\/sites\/21\/2023\/06\/lbshighlightsikonerpixelblocksvartvitt5-400x400.png\" class=\"u-radius-round u-ratio-landscape  \" alt=\"Pixligt block\" sizes=\"(max-width: 300px) 100vw, 300px\" srcset=\"https:\/\/lbs.se\/wp-content\/uploads\/sites\/21\/2023\/06\/lbshighlightsikonerpixelblocksvartvitt5-400x400.png 400w, https:\/\/lbs.se\/wp-content\/uploads\/sites\/21\/2023\/06\/lbshighlightsikonerpixelblocksvartvitt5-150x150.png 150w, https:\/\/lbs.se\/wp-content\/uploads\/sites\/21\/2023\/06\/lbshighlightsikonerpixelblocksvartvitt5-300x300.png 300w, https:\/\/lbs.se\/wp-content\/uploads\/sites\/21\/2023\/06\/lbshighlightsikonerpixelblocksvartvitt5-600x600.png 600w, https:\/\/lbs.se\/wp-content\/uploads\/sites\/21\/2023\/06\/lbshighlightsikonerpixelblocksvartvitt5-800x800.png 800w, https:\/\/lbs.se\/wp-content\/uploads\/sites\/21\/2023\/06\/lbshighlightsikonerpixelblocksvartvitt5-1024x1024.png 1024w, https:\/\/lbs.se\/wp-content\/uploads\/sites\/21\/2023\/06\/lbshighlightsikonerpixelblocksvartvitt5-1200x1200.png 1200w\" \/>\n\t\t\t\t\t\t<\/div>\n\t\t\t\t\t<\/article>\n\t\t\t\t<\/li>\n\t\t\t\t\t<\/ul>\n\n\t\t\n\t\t    <div class=\"ams-contact__more u-inline-items js-load-more-btn\">\n        <button href=\"#\"\n                class=\"c-btn\"\n                data-style=\"square\"\n                data-size=\"md\"\n                data-width=\"full-mobile\"\n                data-variant=\"outline\">\n        \tVisa mer\n        <\/button>\n    <\/div>\n\n\t\t\t<\/div>\n\n\t\t\n\n<\/section>\n\t<\/div>\n\n\t","protected":false},"excerpt":{"rendered":"","protected":false},"author":3,"featured_media":0,"parent":19,"menu_order":0,"comment_status":"closed","ping_status":"closed","template":"","meta":{"footnotes":""},"yoast_head":"<!-- This site is optimized with the Yoast SEO plugin v22.0 - https:\/\/yoast.com\/wordpress\/plugins\/seo\/ -->\n<title>H\u00f6gskolebeh\u00f6righet &amp; individuella val | LBS Stockholm S\u00f6dra<\/title>\n<meta name=\"description\" content=\"Alla utbildningar p\u00e5 LBS gymnasium Stockholm S\u00f6dra ger h\u00f6gskolebeh\u00f6righet och f\u00f6rbereder dig f\u00f6r vidare studier p\u00e5 h\u00f6gskola och universitet.\" \/>\n<meta name=\"robots\" content=\"index, follow, max-snippet:-1, max-image-preview:large, max-video-preview:-1\" \/>\n<link rel=\"canonical\" href=\"https:\/\/lbs.se\/stockholmsodra\/var-skola\/hogskolebehorighet\/\" \/>\n<meta property=\"og:locale\" content=\"sv_SE\" \/>\n<meta property=\"og:type\" content=\"article\" \/>\n<meta property=\"og:title\" content=\"H\u00f6gskolebeh\u00f6righet &amp; individuella val | LBS Stockholm S\u00f6dra\" \/>\n<meta property=\"og:description\" content=\"Alla utbildningar p\u00e5 LBS gymnasium Stockholm S\u00f6dra ger h\u00f6gskolebeh\u00f6righet och f\u00f6rbereder dig f\u00f6r vidare studier p\u00e5 h\u00f6gskola och universitet.\" \/>\n<meta property=\"og:url\" content=\"https:\/\/lbs.se\/stockholmsodra\/var-skola\/hogskolebehorighet\/\" \/>\n<meta property=\"og:site_name\" content=\"Stockholm S\u00f6dra\" \/>\n<meta property=\"article:modified_time\" content=\"2025-07-02T14:15:49+00:00\" \/>\n<meta name=\"twitter:card\" content=\"summary_large_image\" \/>\n<meta name=\"twitter:title\" content=\"H\u00f6gskolebeh\u00f6righet &amp; individuella val | LBS Stockholm S\u00f6dra\" \/>\n<meta name=\"twitter:description\" content=\"Alla utbildningar p\u00e5 LBS gymnasium Stockholm S\u00f6dra ger h\u00f6gskolebeh\u00f6righet och f\u00f6rbereder dig f\u00f6r vidare studier p\u00e5 h\u00f6gskola och universitet.\" \/>\n<meta name=\"twitter:label1\" content=\"Ber\u00e4knad l\u00e4stid\" \/>\n\t<meta name=\"twitter:data1\" content=\"2 minuter\" \/>\n<script type=\"application\/ld+json\" class=\"yoast-schema-graph\">{\"@context\":\"https:\/\/schema.org\",\"@graph\":[{\"@type\":\"WebPage\",\"@id\":\"https:\/\/lbs.se\/stockholmsodra\/var-skola\/hogskolebehorighet\/\",\"url\":\"https:\/\/lbs.se\/stockholmsodra\/var-skola\/hogskolebehorighet\/\",\"name\":\"H\u00f6gskolebeh\u00f6righet & individuella val | LBS Stockholm S\u00f6dra\",\"isPartOf\":{\"@id\":\"https:\/\/lbs.se\/stockholmsodra\/#website\"},\"datePublished\":\"2024-06-24T08:33:17+00:00\",\"dateModified\":\"2025-07-02T14:15:49+00:00\",\"description\":\"Alla utbildningar p\u00e5 LBS gymnasium Stockholm S\u00f6dra ger h\u00f6gskolebeh\u00f6righet och f\u00f6rbereder dig f\u00f6r vidare studier p\u00e5 h\u00f6gskola och universitet.\",\"breadcrumb\":{\"@id\":\"https:\/\/lbs.se\/stockholmsodra\/var-skola\/hogskolebehorighet\/#breadcrumb\"},\"inLanguage\":\"sv-SE\",\"potentialAction\":[{\"@type\":\"ReadAction\",\"target\":[\"https:\/\/lbs.se\/stockholmsodra\/var-skola\/hogskolebehorighet\/\"]}]},{\"@type\":\"BreadcrumbList\",\"@id\":\"https:\/\/lbs.se\/stockholmsodra\/var-skola\/hogskolebehorighet\/#breadcrumb\",\"itemListElement\":[{\"@type\":\"ListItem\",\"position\":1,\"name\":\"Start\",\"item\":\"https:\/\/lbs.se\/stockholmsodra\/\"},{\"@type\":\"ListItem\",\"position\":2,\"name\":\"V\u00e5r skola\",\"item\":\"https:\/\/lbs.se\/stockholmsodra\/var-skola\/\"},{\"@type\":\"ListItem\",\"position\":3,\"name\":\"H\u00f6gskolebeh\u00f6righet\"}]},{\"@type\":\"WebSite\",\"@id\":\"https:\/\/lbs.se\/stockholmsodra\/#website\",\"url\":\"https:\/\/lbs.se\/stockholmsodra\/\",\"name\":\"Stockholm S\u00f6dra\",\"description\":\"LBS Kreativa Gymnasiet\",\"potentialAction\":[{\"@type\":\"SearchAction\",\"target\":{\"@type\":\"EntryPoint\",\"urlTemplate\":\"https:\/\/lbs.se\/stockholmsodra\/?s={search_term_string}\"},\"query-input\":\"required name=search_term_string\"}],\"inLanguage\":\"sv-SE\"}]}<\/script>\n<!-- \/ Yoast SEO plugin. -->","yoast_head_json":{"title":"H\u00f6gskolebeh\u00f6righet & individuella val | LBS Stockholm S\u00f6dra","description":"Alla utbildningar p\u00e5 LBS gymnasium Stockholm S\u00f6dra ger h\u00f6gskolebeh\u00f6righet och f\u00f6rbereder dig f\u00f6r vidare studier p\u00e5 h\u00f6gskola och universitet.","robots":{"index":"index","follow":"follow","max-snippet":"max-snippet:-1","max-image-preview":"max-image-preview:large","max-video-preview":"max-video-preview:-1"},"canonical":"https:\/\/lbs.se\/stockholmsodra\/var-skola\/hogskolebehorighet\/","og_locale":"sv_SE","og_type":"article","og_title":"H\u00f6gskolebeh\u00f6righet & individuella val | LBS Stockholm S\u00f6dra","og_description":"Alla utbildningar p\u00e5 LBS gymnasium Stockholm S\u00f6dra ger h\u00f6gskolebeh\u00f6righet och f\u00f6rbereder dig f\u00f6r vidare studier p\u00e5 h\u00f6gskola och universitet.","og_url":"https:\/\/lbs.se\/stockholmsodra\/var-skola\/hogskolebehorighet\/","og_site_name":"Stockholm S\u00f6dra","article_modified_time":"2025-07-02T14:15:49+00:00","twitter_card":"summary_large_image","twitter_title":"H\u00f6gskolebeh\u00f6righet & individuella val | LBS Stockholm S\u00f6dra","twitter_description":"Alla utbildningar p\u00e5 LBS gymnasium Stockholm S\u00f6dra ger h\u00f6gskolebeh\u00f6righet och f\u00f6rbereder dig f\u00f6r vidare studier p\u00e5 h\u00f6gskola och universitet.","twitter_misc":{"Ber\u00e4knad l\u00e4stid":"2 minuter"},"schema":{"@context":"https:\/\/schema.org","@graph":[{"@type":"WebPage","@id":"https:\/\/lbs.se\/stockholmsodra\/var-skola\/hogskolebehorighet\/","url":"https:\/\/lbs.se\/stockholmsodra\/var-skola\/hogskolebehorighet\/","name":"H\u00f6gskolebeh\u00f6righet & individuella val | LBS Stockholm S\u00f6dra","isPartOf":{"@id":"https:\/\/lbs.se\/stockholmsodra\/#website"},"datePublished":"2024-06-24T08:33:17+00:00","dateModified":"2025-07-02T14:15:49+00:00","description":"Alla utbildningar p\u00e5 LBS gymnasium Stockholm S\u00f6dra ger h\u00f6gskolebeh\u00f6righet och f\u00f6rbereder dig f\u00f6r vidare studier p\u00e5 h\u00f6gskola och universitet.","breadcrumb":{"@id":"https:\/\/lbs.se\/stockholmsodra\/var-skola\/hogskolebehorighet\/#breadcrumb"},"inLanguage":"sv-SE","potentialAction":[{"@type":"ReadAction","target":["https:\/\/lbs.se\/stockholmsodra\/var-skola\/hogskolebehorighet\/"]}]},{"@type":"BreadcrumbList","@id":"https:\/\/lbs.se\/stockholmsodra\/var-skola\/hogskolebehorighet\/#breadcrumb","itemListElement":[{"@type":"ListItem","position":1,"name":"Start","item":"https:\/\/lbs.se\/stockholmsodra\/"},{"@type":"ListItem","position":2,"name":"V\u00e5r skola","item":"https:\/\/lbs.se\/stockholmsodra\/var-skola\/"},{"@type":"ListItem","position":3,"name":"H\u00f6gskolebeh\u00f6righet"}]},{"@type":"WebSite","@id":"https:\/\/lbs.se\/stockholmsodra\/#website","url":"https:\/\/lbs.se\/stockholmsodra\/","name":"Stockholm S\u00f6dra","description":"LBS Kreativa Gymnasiet","potentialAction":[{"@type":"SearchAction","target":{"@type":"EntryPoint","urlTemplate":"https:\/\/lbs.se\/stockholmsodra\/?s={search_term_string}"},"query-input":"required name=search_term_string"}],"inLanguage":"sv-SE"}]}},"_links":{"self":[{"href":"https:\/\/lbs.se\/stockholmsodra\/wp-json\/wp\/v2\/pages\/1921"}],"collection":[{"href":"https:\/\/lbs.se\/stockholmsodra\/wp-json\/wp\/v2\/pages"}],"about":[{"href":"https:\/\/lbs.se\/stockholmsodra\/wp-json\/wp\/v2\/types\/page"}],"author":[{"embeddable":true,"href":"https:\/\/lbs.se\/stockholmsodra\/wp-json\/wp\/v2\/users\/3"}],"replies":[{"embeddable":true,"href":"https:\/\/lbs.se\/stockholmsodra\/wp-json\/wp\/v2\/comments?post=1921"}],"version-history":[{"count":6,"href":"https:\/\/lbs.se\/stockholmsodra\/wp-json\/wp\/v2\/pages\/1921\/revisions"}],"predecessor-version":[{"id":2202,"href":"https:\/\/lbs.se\/stockholmsodra\/wp-json\/wp\/v2\/pages\/1921\/revisions\/2202"}],"up":[{"embeddable":true,"href":"https:\/\/lbs.se\/stockholmsodra\/wp-json\/wp\/v2\/pages\/19"}],"wp:attachment":[{"href":"https:\/\/lbs.se\/stockholmsodra\/wp-json\/wp\/v2\/media?parent=1921"}],"curies":[{"name":"wp","href":"https:\/\/api.w.org\/{rel}","templated":true}]}}