{"id":27,"date":"2022-07-25T23:08:14","date_gmt":"2022-07-25T21:08:14","guid":{"rendered":"https:\/\/lbs.se\/stockholmnorra\/?page_id=27"},"modified":"2025-07-02T10:35:00","modified_gmt":"2025-07-02T08:35:00","slug":"elevhalsa","status":"publish","type":"page","link":"https:\/\/lbs.se\/stockholmnorra\/var-skola\/elevhalsa\/","title":{"rendered":"Elevh\u00e4lsa"},"content":{"rendered":"\n\t\n\t\n\t\n\n\t\n\t\n\t\t\n<section  class=\"c-block l-stacked  \" data-color-scheme=\"nytt-standard\">\n\t<div class=\"ams-fifty ams-fifty--container ams-fifty--left ams-fifty--top l-container u-pt-fluid-3xl-6xl u-pb-fluid-3xl-6xl\">\n\t\t<div class=\"ams-fifty__content l-stack l-stack-xl is-left is-left@lg\">\n\t\t\t<div class=\"ams-fifty__text l-stack l-stack-lg\">\n\t\t\t\t\t\n\t<h1\n\tclass=\"c-heading u-font-title-1 \"\n\tstyle=\"\">\n\t\t\n\t\t\t\t\tELEVH\u00c4LSA\n\t\t\t\t\n\t<\/h1>\n\n\t\t\t\t\t\t\t\t\t<div class=\"text l-stack u-font-body\">\n\t\t\t\t\t\t<p><span data-sheets-value=\"{&quot;1&quot;:2,&quot;2&quot;:&quot;Skolans elevh\u00e4lsopersonal finns p\u00e5 plats och best\u00e5r av skolsk\u00f6terska, kurator, specialpedagog, studie- och yrkesv\u00e4gledare, i teamet ing\u00e5r \u00e4ven skolledning, skoll\u00e4kare och skolpsykolog. Det finns givetvis m\u00f6jlighet att f\u00e5 s\u00e4rskilt st\u00f6d.\\n\\nTeamet arbetar tillsammans bland annat f\u00f6r att hj\u00e4lpa och st\u00f6dja elever med inl\u00e4rningsproblematik, sociala sv\u00e5righeter eller beteendeproblem. De utreder situationer ur ett pedagogiskt perspektiv och huvudregeln \u00e4r att eleven ska f\u00e5 hj\u00e4lp direkt i skolan. De bidrar \u00e4ven till \u00e5tg\u00e4rder och anpassningar f\u00f6r elever i behov av s\u00e4rskilt st\u00f6d. \\n\\nVi har st\u00f6dtidstimmen som \u00e4r en g\u00e5ng i veckan f\u00f6r samtliga klasser. D\u00e4r f\u00e5r elever som \u00e4r i behov av extra st\u00f6d i kurser och uppgifter l\u00e4xl\u00e4sning samt ges m\u00f6jlighet att f\u00e5 st\u00f6d och hj\u00e4lp av en undervisande l\u00e4rare. Vi har en specialpedagog som jobbar heltid p\u00e5 skolan.&quot;}\" data-sheets-userformat=\"{&quot;2&quot;:5025,&quot;3&quot;:{&quot;1&quot;:0},&quot;8&quot;:{&quot;1&quot;:[{&quot;1&quot;:2,&quot;2&quot;:0,&quot;5&quot;:{&quot;1&quot;:2,&quot;2&quot;:0}},{&quot;1&quot;:0,&quot;2&quot;:0,&quot;3&quot;:3},{&quot;1&quot;:1,&quot;2&quot;:0,&quot;4&quot;:1}]},&quot;10&quot;:0,&quot;11&quot;:4,&quot;12&quot;:0,&quot;15&quot;:&quot;Montserrat&quot;}\">Skolans elevh\u00e4lsopersonal finns p\u00e5 plats och best\u00e5r av skolsk\u00f6terska, kurator, specialpedagog, studie- och yrkesv\u00e4gledare, i teamet ing\u00e5r \u00e4ven skolledning, skoll\u00e4kare och skolpsykolog. Det finns givetvis m\u00f6jlighet att f\u00e5 s\u00e4rskilt st\u00f6d. Vi har dessutom en specialpedagog som jobbar heltid p\u00e5 skolan.<\/span><\/p>\n<p>Teamet arbetar tillsammans bland annat f\u00f6r att hj\u00e4lpa och st\u00f6dja elever med inl\u00e4rningsproblematik, sociala sv\u00e5righeter eller beteendeproblem. De utreder situationer ur ett pedagogiskt perspektiv och huvudregeln \u00e4r att eleven ska f\u00e5 hj\u00e4lp direkt i skolan. De bidrar \u00e4ven till \u00e5tg\u00e4rder och anpassningar f\u00f6r elever i behov av s\u00e4rskilt st\u00f6d.<\/p>\n<p>&nbsp;<\/p>\n\n\t\t\t\t\t<\/div>\n\t\t\t\t\t\t\t<\/div>\n\n\t\t\t\t\t<\/div>\n\n\t\t <div class=\"ams-fifty__media u-ratio-square\">\n\t\t \t\t\t\t\t<img decoding=\"async\" width=\"600\" height=\"600\" src=\"https:\/\/lbs.se\/wp-content\/uploads\/sites\/20\/2023\/06\/lbs-elevhalsa-202304-600x600.jpg\" class=\"attachment-md size-md\" alt=\"Elever h\u00e4nger bland rosa f\u00e5t\u00f6ljer i korridoren.\" sizes=\"(min-width: 64em) 600px, calc(100vw - 160px)\" srcset=\"https:\/\/lbs.se\/wp-content\/uploads\/sites\/20\/2023\/06\/lbs-elevhalsa-202304-600x600.jpg 600w, https:\/\/lbs.se\/wp-content\/uploads\/sites\/20\/2023\/06\/lbs-elevhalsa-202304-150x150.jpg 150w, https:\/\/lbs.se\/wp-content\/uploads\/sites\/20\/2023\/06\/lbs-elevhalsa-202304-300x300.jpg 300w, https:\/\/lbs.se\/wp-content\/uploads\/sites\/20\/2023\/06\/lbs-elevhalsa-202304-400x400.jpg 400w, https:\/\/lbs.se\/wp-content\/uploads\/sites\/20\/2023\/06\/lbs-elevhalsa-202304-800x800.jpg 800w, https:\/\/lbs.se\/wp-content\/uploads\/sites\/20\/2023\/06\/lbs-elevhalsa-202304-1024x1024.jpg 1024w, https:\/\/lbs.se\/wp-content\/uploads\/sites\/20\/2023\/06\/lbs-elevhalsa-202304.jpg 1200w\" \/>\n\t\t\t\n\t\t\t\n\t\t\t\t\t<\/div>\n\t<\/div>\n\n\t\t\n\n<\/section>\n\n\n\n\n\n<section  class=\"ams-faq ams_event_module c-block l-stacked js-load-more\" data-color-scheme=\"new-blue-dark\" data-count=\"3\" data-count-mobile=\"3\">\n\t<div class=\"l-container l-stack l-stack-fluid-2xl u-pt-fluid-3xl-6xl u-pb-fluid-3xl-6xl is-center is-center@md\">\n\t\t\t\t\t<div class=\"ams-faq__intro l-stack l-stack-lg\">\n\t\t\t\t\t\n\t<h1\n\tclass=\"c-heading u-font-title-1 \"\n\tstyle=\"\">\n\t\t\n\t\t\t\t\tVANLIGA FR\u00c5GOR\n\t\t\t\t\n\t<\/h1>\n\n\t\t\t\t\t\t\t\t\t<div class=\"c-text l-stack u-cs-xl u-font-body\">\n\t\t\t\t\t\t<p><span data-sheets-value=\"{&quot;1&quot;:2,&quot;2&quot;:&quot;H\u00e4r hittar du vanliga fr\u00e5gor och svar om v\u00e5r skola.&quot;}\" data-sheets-userformat=\"{&quot;2&quot;:5033,&quot;3&quot;:{&quot;1&quot;:0},&quot;6&quot;:{&quot;1&quot;:[{&quot;1&quot;:2,&quot;2&quot;:0,&quot;5&quot;:{&quot;1&quot;:2,&quot;2&quot;:0}},{&quot;1&quot;:0,&quot;2&quot;:0,&quot;3&quot;:3},{&quot;1&quot;:1,&quot;2&quot;:0,&quot;4&quot;:1}]},&quot;8&quot;:{&quot;1&quot;:[{&quot;1&quot;:2,&quot;2&quot;:0,&quot;5&quot;:{&quot;1&quot;:2,&quot;2&quot;:0}},{&quot;1&quot;:0,&quot;2&quot;:0,&quot;3&quot;:3},{&quot;1&quot;:1,&quot;2&quot;:0,&quot;4&quot;:1}]},&quot;10&quot;:0,&quot;11&quot;:4,&quot;12&quot;:0,&quot;15&quot;:&quot;Montserrat&quot;}\">H\u00e4r hittar du vanliga fr\u00e5gor och svar om elevh\u00e4lsan p\u00e5 LBS Stockholm Norra.\u00a0<\/span><\/p>\n\n\t\t\t\t\t<\/div>\n\t\t\t\t\t\t\t<\/div>\n\t\t\n\t\t\n\t\n\t    \n\t\n\t<ul\n\t\tid=\"ams-faq-list-69ed377868546\"\n\t\tclass=\"ams-faq__ac ams-accordion_module c-accordion js-results \"\n\t\taria-label=\"Vanliga fr\u00e5gor\"\n\t\tdata-variant=\"border-between\"\n\t\tdata-ajax-action=\"log_faq_view\"\n\t\tdata-ajax-url=\"https:\/\/lbs.se\/stockholmnorra\/wp-admin\/admin-ajax.php\"\n\t\tdata-ajax-nonce=\"49f28db691\"\n\t\tdata-filter-animation=\"off\">\n\n\t\t\n\t\t\t\t\t\t\t\t\t\t\t\t\t\t\t\n\t\t\t\n\t\t\t<li data-ajax-id=\"1597\" class=\"c-accordion__item \"\n\t\t\tdata-filter=\"elevhalsa-stockholm-norra juni-2023\"\n\t\t\t>\n\t\t\t\t<h2 class=\"c-accordion__header\">\n\t\t\t\t\t\t\t\t\t\t<button class=\"c-accordion__trigger u-py-sm u-px-fluid-md-xl u-font-title-4\">\n\t\t\t\t\t\t<span>Har ni en specialpedagog p\u00e5 skolan? <\/span>\n\t\t\t\t\t\t<svg class=\"ams-icon ams-icon__arrow-down\" width=\"24\" height=\"24\" viewbox=\"0 0 24 24\" fill=\"currentColor\" aria-hidden=\"true\" xmlns=\"http:\/\/www.w3.org\/2000\/svg\">\n\t\t\t\t\t\t\t\t\t\t\t\t\t<path d=\"m11.2033 18.4294-10.872894-10.67584c-.440539-.42594-.440539-1.1147 0-1.54065l.665495-.64345c.440539-.42595 1.152899-.42595 1.593439 0l9.41066 9.27114 9.4107-9.26207c.4405-.42595 1.1529-.42595 1.5934 0l.6655.64345c.4405.42594.4405 1.1147 0 1.54065l-10.8729 10.67587c-.4405.4168-1.1529.4168-1.5934-.0091z\"\/>\n\t\t\t\t\t\n\t\t\t\t\t\t<\/svg>\n\t\t\t\t\t<\/button>\n\t\t\t\t<\/h2>\n\t\t\t\t<div class=\"c-accordion__body l-stack u-font-body\">\n\t\t\t\t\t<div class=\"c-accordion__body__inner u-p-fluid-md-xl l-stack\">\n\t\t\t\t\t\t<p>Ja, vi har en specialpedagog som jobbar 100%.<\/p>\n\n\t\t\t\t\t<\/div>\n\t\t\t\t<\/div>\n\t\t\t<\/li>\n\t\t\n\t\t\t\t\t\t\t\t\t\t\t\t\t\t\t\n\t\t\t\n\t\t\t<li data-ajax-id=\"1596\" class=\"c-accordion__item \"\n\t\t\tdata-filter=\"elevhalsa-stockholm-norra juni-2023\"\n\t\t\t>\n\t\t\t\t<h2 class=\"c-accordion__header\">\n\t\t\t\t\t\t\t\t\t\t<button class=\"c-accordion__trigger u-py-sm u-px-fluid-md-xl u-font-title-4\">\n\t\t\t\t\t\t<span>Har ni skolsk\u00f6terska? <\/span>\n\t\t\t\t\t\t<svg class=\"ams-icon ams-icon__arrow-down\" width=\"24\" height=\"24\" viewbox=\"0 0 24 24\" fill=\"currentColor\" aria-hidden=\"true\" xmlns=\"http:\/\/www.w3.org\/2000\/svg\">\n\t\t\t\t\t\t\t\t\t\t\t\t\t<path d=\"m11.2033 18.4294-10.872894-10.67584c-.440539-.42594-.440539-1.1147 0-1.54065l.665495-.64345c.440539-.42595 1.152899-.42595 1.593439 0l9.41066 9.27114 9.4107-9.26207c.4405-.42595 1.1529-.42595 1.5934 0l.6655.64345c.4405.42594.4405 1.1147 0 1.54065l-10.8729 10.67587c-.4405.4168-1.1529.4168-1.5934-.0091z\"\/>\n\t\t\t\t\t\n\t\t\t\t\t\t<\/svg>\n\t\t\t\t\t<\/button>\n\t\t\t\t<\/h2>\n\t\t\t\t<div class=\"c-accordion__body l-stack u-font-body\">\n\t\t\t\t\t<div class=\"c-accordion__body__inner u-p-fluid-md-xl l-stack\">\n\t\t\t\t\t\t<p>Ja, vi har en skolsk\u00f6terska som \u00e4r p\u00e5 plats 3 dagar i veckan.<\/p>\n\n\t\t\t\t\t<\/div>\n\t\t\t\t<\/div>\n\t\t\t<\/li>\n\t\t\n\t\t\t\t\t\t\t\t\t\t\t\t\t\t\t\n\t\t\t\n\t\t\t<li data-ajax-id=\"1595\" class=\"c-accordion__item \"\n\t\t\tdata-filter=\"elevhalsa-stockholm-norra juni-2023\"\n\t\t\t>\n\t\t\t\t<h2 class=\"c-accordion__header\">\n\t\t\t\t\t\t\t\t\t\t<button class=\"c-accordion__trigger u-py-sm u-px-fluid-md-xl u-font-title-4\">\n\t\t\t\t\t\t<span>Har ni kurator p\u00e5 skolan? <\/span>\n\t\t\t\t\t\t<svg class=\"ams-icon ams-icon__arrow-down\" width=\"24\" height=\"24\" viewbox=\"0 0 24 24\" fill=\"currentColor\" aria-hidden=\"true\" xmlns=\"http:\/\/www.w3.org\/2000\/svg\">\n\t\t\t\t\t\t\t\t\t\t\t\t\t<path d=\"m11.2033 18.4294-10.872894-10.67584c-.440539-.42594-.440539-1.1147 0-1.54065l.665495-.64345c.440539-.42595 1.152899-.42595 1.593439 0l9.41066 9.27114 9.4107-9.26207c.4405-.42595 1.1529-.42595 1.5934 0l.6655.64345c.4405.42594.4405 1.1147 0 1.54065l-10.8729 10.67587c-.4405.4168-1.1529.4168-1.5934-.0091z\"\/>\n\t\t\t\t\t\n\t\t\t\t\t\t<\/svg>\n\t\t\t\t\t<\/button>\n\t\t\t\t<\/h2>\n\t\t\t\t<div class=\"c-accordion__body l-stack u-font-body\">\n\t\t\t\t\t<div class=\"c-accordion__body__inner u-p-fluid-md-xl l-stack\">\n\t\t\t\t\t\t<p>Ja, vi har tv\u00e5 kuratorer p\u00e5 skolan. En kurator p\u00e5 20% och en som jobbar 100%.<\/p>\n\n\t\t\t\t\t<\/div>\n\t\t\t\t<\/div>\n\t\t\t<\/li>\n\t\t\t<\/ul>\n\n\t<div class=\"no-results u-mt-0 u-hide\" data-filter-fallback-id=\"ams-faq-list-69ed377868546\">\n\t<p>Det finns inga resultat som matchar din filtrering.<\/p>\n<\/div>\n\n\t\n\n\t\t\n\t\t\t<\/div>\n\n\t\t\n\n<\/section>\n\n\n\n\n<section  class=\"ams-cta ams-cta--stacked c-block l-stacked\" data-color-scheme=\"nytt-standard\">\n\t<div class=\"l-container l-stack l-stack-fluid-2xl u-pt-fluid-3xl-6xl u-pb-fluid-3xl-6xl is-center is-center@md\">\n\t\t\t\t\t<div class=\"ams-cta__intro l-stack l-stack-lg\">\n\t\t\t\t\t\n\t<h2\n\tclass=\"c-heading u-font-title-1 \"\n\tstyle=\"\">\n\t\t\n\t\t\t\t\tKONTAKTA V\u00c5RT ELEVH\u00c4LSOTEAM\n\t\t\t\t\n\t<\/h2>\n\n\t\t\t\t\t\t\t\t\t<div class=\"c-text l-stack u-cs-xl u-font-body\">\n\t\t\t\t\t\t<p><span data-sheets-value=\"{&quot;1&quot;:2,&quot;2&quot;:&quot;Om du har fr\u00e5gor om v\u00e5r elevh\u00e4lsa \u00e4r du varmt v\u00e4lkommen att kontakta oss.&quot;}\" data-sheets-userformat=\"{&quot;2&quot;:5025,&quot;3&quot;:{&quot;1&quot;:0},&quot;8&quot;:{&quot;1&quot;:[{&quot;1&quot;:2,&quot;2&quot;:0,&quot;5&quot;:{&quot;1&quot;:2,&quot;2&quot;:0}},{&quot;1&quot;:0,&quot;2&quot;:0,&quot;3&quot;:3},{&quot;1&quot;:1,&quot;2&quot;:0,&quot;4&quot;:1}]},&quot;10&quot;:0,&quot;11&quot;:4,&quot;12&quot;:0,&quot;15&quot;:&quot;Montserrat&quot;}\">Om du har fr\u00e5gor om v\u00e5r elevh\u00e4lsa \u00e4r du varmt v\u00e4lkommen att kontakta oss.<\/span><\/p>\n\n\t\t\t\t\t<\/div>\n\t\t\t\t\t\t\t<\/div>\n\t\t\n\t\t\n\t\t\t<div class=\"ams-cta__action u-inline-items\">\n\t\t\t\t\t\t\t\n\n\n<a href=\"https:\/\/lbs.se\/stockholmnorra\/kontakt\/\"\n\t\n\tclass=\"c-btn \"\n\tdata-style=\"square\"\n\tdata-size=\"md\"\n\tdata-width=\"full-mobile\"\n\tdata-variant=\"default\"\n\ttarget=\"_self\">\n\t\t\t<span class=\"label\"> Kontakta oss<\/span>\n\t\t\t<\/a>\n\t\t\t<\/div>\n\t<\/div>\n\n\t\t\n\n<\/section>\n","protected":false},"excerpt":{"rendered":"","protected":false},"author":1,"featured_media":0,"parent":19,"menu_order":0,"comment_status":"closed","ping_status":"closed","template":"","meta":{"footnotes":""},"yoast_head":"<!-- This site is optimized with the Yoast SEO plugin v22.0 - https:\/\/yoast.com\/wordpress\/plugins\/seo\/ -->\n<title>Elevh\u00e4lsa - LBS Gymnasium Stockholm Norra<\/title>\n<meta name=\"description\" content=\"Skolans elevh\u00e4lsopersonal finns p\u00e5 plats och best\u00e5r av skolsk\u00f6terska, kurator, specialpedagog, studie- och yrkesv\u00e4gledare.\" \/>\n<meta name=\"robots\" content=\"index, follow, max-snippet:-1, max-image-preview:large, max-video-preview:-1\" \/>\n<link rel=\"canonical\" href=\"https:\/\/lbs.se\/stockholmnorra\/var-skola\/elevhalsa\/\" \/>\n<meta property=\"og:locale\" content=\"sv_SE\" \/>\n<meta property=\"og:type\" content=\"article\" \/>\n<meta property=\"og:title\" content=\"Elevh\u00e4lsa - LBS Gymnasium Stockholm Norra\" \/>\n<meta property=\"og:description\" content=\"Skolans elevh\u00e4lsopersonal finns p\u00e5 plats och best\u00e5r av skolsk\u00f6terska, kurator, specialpedagog, studie- och yrkesv\u00e4gledare.\" \/>\n<meta property=\"og:url\" content=\"https:\/\/lbs.se\/stockholmnorra\/var-skola\/elevhalsa\/\" \/>\n<meta property=\"og:site_name\" content=\"Stockholm Norra\" \/>\n<meta property=\"article:modified_time\" content=\"2025-07-02T08:35:00+00:00\" \/>\n<meta name=\"twitter:card\" content=\"summary_large_image\" \/>\n<meta name=\"twitter:title\" content=\"Elevh\u00e4lsa - LBS Gymnasium Stockholm Norra\" \/>\n<meta name=\"twitter:description\" content=\"Skolans elevh\u00e4lsopersonal finns p\u00e5 plats och best\u00e5r av skolsk\u00f6terska, kurator, specialpedagog, studie- och yrkesv\u00e4gledare.\" \/>\n<meta name=\"twitter:label1\" content=\"Ber\u00e4knad l\u00e4stid\" \/>\n\t<meta name=\"twitter:data1\" content=\"1 minut\" \/>\n<script type=\"application\/ld+json\" class=\"yoast-schema-graph\">{\"@context\":\"https:\/\/schema.org\",\"@graph\":[{\"@type\":\"WebPage\",\"@id\":\"https:\/\/lbs.se\/stockholmnorra\/var-skola\/elevhalsa\/\",\"url\":\"https:\/\/lbs.se\/stockholmnorra\/var-skola\/elevhalsa\/\",\"name\":\"Elevh\u00e4lsa - LBS Gymnasium Stockholm Norra\",\"isPartOf\":{\"@id\":\"https:\/\/lbs.se\/stockholmnorra\/#website\"},\"datePublished\":\"2022-07-25T21:08:14+00:00\",\"dateModified\":\"2025-07-02T08:35:00+00:00\",\"description\":\"Skolans elevh\u00e4lsopersonal finns p\u00e5 plats och best\u00e5r av skolsk\u00f6terska, kurator, specialpedagog, studie- och yrkesv\u00e4gledare.\",\"breadcrumb\":{\"@id\":\"https:\/\/lbs.se\/stockholmnorra\/var-skola\/elevhalsa\/#breadcrumb\"},\"inLanguage\":\"sv-SE\",\"potentialAction\":[{\"@type\":\"ReadAction\",\"target\":[\"https:\/\/lbs.se\/stockholmnorra\/var-skola\/elevhalsa\/\"]}]},{\"@type\":\"BreadcrumbList\",\"@id\":\"https:\/\/lbs.se\/stockholmnorra\/var-skola\/elevhalsa\/#breadcrumb\",\"itemListElement\":[{\"@type\":\"ListItem\",\"position\":1,\"name\":\"Start\",\"item\":\"https:\/\/lbs.se\/stockholmnorra\/\"},{\"@type\":\"ListItem\",\"position\":2,\"name\":\"V\u00e5r skola\",\"item\":\"https:\/\/lbs.se\/stockholmnorra\/var-skola\/\"},{\"@type\":\"ListItem\",\"position\":3,\"name\":\"Elevh\u00e4lsa\"}]},{\"@type\":\"WebSite\",\"@id\":\"https:\/\/lbs.se\/stockholmnorra\/#website\",\"url\":\"https:\/\/lbs.se\/stockholmnorra\/\",\"name\":\"Stockholm Norra\",\"description\":\"LBS Kreativa Gymnasiet\",\"potentialAction\":[{\"@type\":\"SearchAction\",\"target\":{\"@type\":\"EntryPoint\",\"urlTemplate\":\"https:\/\/lbs.se\/stockholmnorra\/?s={search_term_string}\"},\"query-input\":\"required name=search_term_string\"}],\"inLanguage\":\"sv-SE\"}]}<\/script>\n<!-- \/ Yoast SEO plugin. -->","yoast_head_json":{"title":"Elevh\u00e4lsa - LBS Gymnasium Stockholm Norra","description":"Skolans elevh\u00e4lsopersonal finns p\u00e5 plats och best\u00e5r av skolsk\u00f6terska, kurator, specialpedagog, studie- och yrkesv\u00e4gledare.","robots":{"index":"index","follow":"follow","max-snippet":"max-snippet:-1","max-image-preview":"max-image-preview:large","max-video-preview":"max-video-preview:-1"},"canonical":"https:\/\/lbs.se\/stockholmnorra\/var-skola\/elevhalsa\/","og_locale":"sv_SE","og_type":"article","og_title":"Elevh\u00e4lsa - LBS Gymnasium Stockholm Norra","og_description":"Skolans elevh\u00e4lsopersonal finns p\u00e5 plats och best\u00e5r av skolsk\u00f6terska, kurator, specialpedagog, studie- och yrkesv\u00e4gledare.","og_url":"https:\/\/lbs.se\/stockholmnorra\/var-skola\/elevhalsa\/","og_site_name":"Stockholm Norra","article_modified_time":"2025-07-02T08:35:00+00:00","twitter_card":"summary_large_image","twitter_title":"Elevh\u00e4lsa - LBS Gymnasium Stockholm Norra","twitter_description":"Skolans elevh\u00e4lsopersonal finns p\u00e5 plats och best\u00e5r av skolsk\u00f6terska, kurator, specialpedagog, studie- och yrkesv\u00e4gledare.","twitter_misc":{"Ber\u00e4knad l\u00e4stid":"1 minut"},"schema":{"@context":"https:\/\/schema.org","@graph":[{"@type":"WebPage","@id":"https:\/\/lbs.se\/stockholmnorra\/var-skola\/elevhalsa\/","url":"https:\/\/lbs.se\/stockholmnorra\/var-skola\/elevhalsa\/","name":"Elevh\u00e4lsa - LBS Gymnasium Stockholm Norra","isPartOf":{"@id":"https:\/\/lbs.se\/stockholmnorra\/#website"},"datePublished":"2022-07-25T21:08:14+00:00","dateModified":"2025-07-02T08:35:00+00:00","description":"Skolans elevh\u00e4lsopersonal finns p\u00e5 plats och best\u00e5r av skolsk\u00f6terska, kurator, specialpedagog, studie- och yrkesv\u00e4gledare.","breadcrumb":{"@id":"https:\/\/lbs.se\/stockholmnorra\/var-skola\/elevhalsa\/#breadcrumb"},"inLanguage":"sv-SE","potentialAction":[{"@type":"ReadAction","target":["https:\/\/lbs.se\/stockholmnorra\/var-skola\/elevhalsa\/"]}]},{"@type":"BreadcrumbList","@id":"https:\/\/lbs.se\/stockholmnorra\/var-skola\/elevhalsa\/#breadcrumb","itemListElement":[{"@type":"ListItem","position":1,"name":"Start","item":"https:\/\/lbs.se\/stockholmnorra\/"},{"@type":"ListItem","position":2,"name":"V\u00e5r skola","item":"https:\/\/lbs.se\/stockholmnorra\/var-skola\/"},{"@type":"ListItem","position":3,"name":"Elevh\u00e4lsa"}]},{"@type":"WebSite","@id":"https:\/\/lbs.se\/stockholmnorra\/#website","url":"https:\/\/lbs.se\/stockholmnorra\/","name":"Stockholm Norra","description":"LBS Kreativa Gymnasiet","potentialAction":[{"@type":"SearchAction","target":{"@type":"EntryPoint","urlTemplate":"https:\/\/lbs.se\/stockholmnorra\/?s={search_term_string}"},"query-input":"required name=search_term_string"}],"inLanguage":"sv-SE"}]}},"_links":{"self":[{"href":"https:\/\/lbs.se\/stockholmnorra\/wp-json\/wp\/v2\/pages\/27"}],"collection":[{"href":"https:\/\/lbs.se\/stockholmnorra\/wp-json\/wp\/v2\/pages"}],"about":[{"href":"https:\/\/lbs.se\/stockholmnorra\/wp-json\/wp\/v2\/types\/page"}],"author":[{"embeddable":true,"href":"https:\/\/lbs.se\/stockholmnorra\/wp-json\/wp\/v2\/users\/1"}],"replies":[{"embeddable":true,"href":"https:\/\/lbs.se\/stockholmnorra\/wp-json\/wp\/v2\/comments?post=27"}],"version-history":[{"count":10,"href":"https:\/\/lbs.se\/stockholmnorra\/wp-json\/wp\/v2\/pages\/27\/revisions"}],"predecessor-version":[{"id":2091,"href":"https:\/\/lbs.se\/stockholmnorra\/wp-json\/wp\/v2\/pages\/27\/revisions\/2091"}],"up":[{"embeddable":true,"href":"https:\/\/lbs.se\/stockholmnorra\/wp-json\/wp\/v2\/pages\/19"}],"wp:attachment":[{"href":"https:\/\/lbs.se\/stockholmnorra\/wp-json\/wp\/v2\/media?parent=27"}],"curies":[{"name":"wp","href":"https:\/\/api.w.org\/{rel}","templated":true}]}}