{"id":1096,"date":"2023-06-05T08:09:56","date_gmt":"2023-06-05T06:09:56","guid":{"rendered":"https:\/\/lbs.se\/stockholmnorra\/?page_id=1096"},"modified":"2023-09-27T13:27:05","modified_gmt":"2023-09-27T11:27:05","slug":"music-and-media-awards","status":"publish","type":"page","link":"https:\/\/lbs.se\/stockholmnorra\/music-and-media-awards\/","title":{"rendered":"Music and media awards"},"content":{"rendered":"\n\t<div class=\"module_wrapper ams_remote_pages_module \">\n\t\t\n\n<section  class=\"ams-timeline c-block l-stacked\" data-color-scheme=\"new-timeline-pink\">\n\t<div class=\"l-container l-stack l-stack-fluid-2xl u-pt-fluid-3xl-6xl u-pb-fluid-3xl-6xl is-center is-center@md\">\n\t\t\t\t\t<div class=\"ams-timeline__intro l-stack l-stack-lg\">\n\t\t\t\t\t\n\t<h2\n\tclass=\"c-heading u-font-title-1 \"\n\tstyle=\"\">\n\t\t\n\t\t\t\t\tS\u00c5 FUNGERAR T\u00c4VLINGEN\n\t\t\t\t\n\t<\/h2>\n\n\t\t\t\t\t\t\t<\/div>\n\t\t\n\t\t\t\t\t\n<ol class=\"c-steps\" data-variant=\"horizontal\" data-size=\"lg\">\n\t\t\t<li class=\"c-steps__item \"\n\t\t\t\n\t\t\t>\n\t\t\t\t\t\t\t<div class=\"c-steps__circle u-radius-round\">\n\t\t\t\t\t\t\t\t\t\t\t<img decoding=\"async\" src=\"https:\/\/lbs.se\/wp-content\/uploads\/2023\/06\/lbswebbsiffrorvitamarginal1.svg\" class=\"\" alt=\"1.\" height=\"140.97\" width=\"53.03\" \/>\n\t\t\t\t\t\t\t\t\t<\/div>\n\t\t\t\n\t\t\t\t\t\t\t<div class=\"c-steps__content l-stack-xs\">\n\t\t\t\t\t\n\t\t\t\t\t\t\t\t\t\t\t<div class=\"c-steps__text l-stack-sm u-font-body\">\n\t\t\t\t\t\t\t<p>\u00c5rets kategorier presenteras och eleverna f\u00e5r under profilveckorna arbeta med sina bidrag.<\/p>\n\n\t\t\t\t\t\t<\/div>\n\t\t\t\t\t\t\t\t\t<\/div>\n\t\t\t\t\t<\/li>\n\t\t\t<li class=\"c-steps__item \"\n\t\t\t\n\t\t\t>\n\t\t\t\t\t\t\t<div class=\"c-steps__circle u-radius-round\">\n\t\t\t\t\t\t\t\t\t\t\t<img decoding=\"async\" src=\"https:\/\/lbs.se\/wp-content\/uploads\/2023\/06\/lbswebbsiffrorvitamarginal2.svg\" class=\"\" alt=\"2.\" height=\"141.86\" width=\"53.03\" \/>\n\t\t\t\t\t\t\t\t\t<\/div>\n\t\t\t\n\t\t\t\t\t\t\t<div class=\"c-steps__content l-stack-xs\">\n\t\t\t\t\t\n\t\t\t\t\t\t\t\t\t\t\t<div class=\"c-steps__text l-stack-sm u-font-body\">\n\t\t\t\t\t\t\t<p>Eleverna r\u00f6star fram ett bidrag per kategori. Dessa bed\u00f6ms av en l\u00e4rare och en extern jury, och de b\u00e4sta nomineras till galan.<\/p>\n\n\t\t\t\t\t\t<\/div>\n\t\t\t\t\t\t\t\t\t<\/div>\n\t\t\t\t\t<\/li>\n\t\t\t<li class=\"c-steps__item \"\n\t\t\t\n\t\t\t>\n\t\t\t\t\t\t\t<div class=\"c-steps__circle u-radius-round\">\n\t\t\t\t\t\t\t\t\t\t\t<img decoding=\"async\" src=\"https:\/\/lbs.se\/wp-content\/uploads\/2023\/06\/lbswebbsiffrorvitamarginal3.svg\" class=\"\" alt=\"3.\" height=\"142.72\" width=\"53.03\" \/>\n\t\t\t\t\t\t\t\t\t<\/div>\n\t\t\t\n\t\t\t\t\t\t\t<div class=\"c-steps__content l-stack-xs\">\n\t\t\t\t\t\n\t\t\t\t\t\t\t\t\t\t\t<div class=\"c-steps__text l-stack-sm u-font-body\">\n\t\t\t\t\t\t\t<p>Under galorna utn\u00e4mns vinnarna och bidragen hyllas under en sprudlande eftermiddag med show, framtr\u00e4danden och t\u00e4vlingar!<\/p>\n\n\t\t\t\t\t\t<\/div>\n\t\t\t\t\t\t\t\t\t<\/div>\n\t\t\t\t\t<\/li>\n\t<\/ol>\n\t\n\t\t\t<\/div>\n\n\t\t\n\n<\/section>\n\t<\/div>\n\n\t\n\n\n\t<div class=\"module_wrapper ams_remote_pages_module \">\n\t\t\n\n<section  class=\"ams-cta ams-cta--stacked c-block l-stacked\" data-color-scheme=\"nytt-standard\">\n\t<div class=\"l-container-narrow l-stack l-stack-fluid-2xl u-pt-fluid-3xl-6xl u-pb-fluid-3xl-6xl is-center is-center@md\">\n\t\t\t\t\t<div class=\"ams-cta__intro l-stack l-stack-lg\">\n\t\t\t\t\t\n\t<h2\n\tclass=\"c-heading u-font-title-1 \"\n\tstyle=\"\">\n\t\t\n\t\t\t\t\tBES\u00d6K OSS\n\t\t\t\t\n\t<\/h2>\n\n\t\t\t\t\t\t\t\t\t<div class=\"c-text l-stack u-cs-xl u-font-body\">\n\t\t\t\t\t\t<p><span data-sheets-value=\"{&quot;1&quot;:2,&quot;2&quot;:&quot;Vill du veta mer om oss p\u00e5 LBS Kreativa Gymnasiet Bor\u00e5s? Bes\u00f6k oss p\u00e5 \u00d6ppet hus eller som Elev f\u00f6r en dag s\u00e5 f\u00e5r du l\u00e4ra k\u00e4nna oss b\u00e4ttre. V\u00e4lkommen!&quot;}\" data-sheets-userformat=\"{&quot;2&quot;:5027,&quot;3&quot;:{&quot;1&quot;:0},&quot;4&quot;:{&quot;1&quot;:2,&quot;2&quot;:13228792},&quot;8&quot;:{&quot;1&quot;:[{&quot;1&quot;:2,&quot;2&quot;:0,&quot;5&quot;:{&quot;1&quot;:2,&quot;2&quot;:0}},{&quot;1&quot;:0,&quot;2&quot;:0,&quot;3&quot;:3},{&quot;1&quot;:1,&quot;2&quot;:0,&quot;4&quot;:1}]},&quot;10&quot;:0,&quot;11&quot;:4,&quot;12&quot;:0,&quot;15&quot;:&quot;Montserrat&quot;}\">Vill du veta mer om oss p\u00e5 LBS Kreativa Gymnasiet Stockholm Norra? Bes\u00f6k oss p\u00e5 \u00d6ppet hus eller som Elev f\u00f6r en dag s\u00e5 f\u00e5r du l\u00e4ra k\u00e4nna oss b\u00e4ttre. V\u00e4lkommen!<\/span><\/p>\n\n\t\t\t\t\t<\/div>\n\t\t\t\t\t\t\t<\/div>\n\t\t\n\t\t\n\t\t\t<div class=\"ams-cta__action u-inline-items\">\n\t\t\t\t\t\t\t\n\n\n<a href=\"https:\/\/lbs.se\/stockholmnorra\/elev-for-en-dag\/\"\n\t\n\tclass=\"c-btn \"\n\tdata-style=\"square\"\n\tdata-size=\"md\"\n\tdata-width=\"full-mobile\"\n\tdata-variant=\"default\"\n\ttarget=\"_self\">\n\t\t\t<span class=\"label\"> Bli elev f\u00f6r en dag<\/span>\n\t\t\t<\/a>\n\t\t\t\t\t\t\t\n\n\n<a href=\"https:\/\/lbs.se\/stockholmnorra\/oppet-hus\/\"\n\t\n\tclass=\"c-btn \"\n\tdata-style=\"square\"\n\tdata-size=\"md\"\n\tdata-width=\"full-mobile\"\n\tdata-variant=\"outline\"\n\ttarget=\"_self\">\n\t\t\t<span class=\"label\"> Kom p\u00e5 \u00f6ppet hus<\/span>\n\t\t\t<\/a>\n\t\t\t<\/div>\n\t<\/div>\n\n\t\t\n\n<\/section>\n\t<\/div>\n\n\t","protected":false},"excerpt":{"rendered":"","protected":false},"author":3,"featured_media":0,"parent":0,"menu_order":0,"comment_status":"closed","ping_status":"closed","template":"","meta":{"footnotes":""},"yoast_head":"<!-- This site is optimized with the Yoast SEO plugin v22.0 - https:\/\/yoast.com\/wordpress\/plugins\/seo\/ -->\n<title>Music and media awards - LBS Gymnasium Stockholm Norra<\/title>\n<meta name=\"description\" content=\"LBS Music and Media Awards \u00e4r LBS Kreativa Gymnasiets egna gala f\u00f6r musik-, design- och medieelever. V\u00e4lkommen till LBS Gymnasium!\" \/>\n<meta name=\"robots\" content=\"index, follow, max-snippet:-1, max-image-preview:large, max-video-preview:-1\" \/>\n<link rel=\"canonical\" href=\"https:\/\/lbs.se\/stockholmnorra\/music-and-media-awards\/\" \/>\n<meta property=\"og:locale\" content=\"sv_SE\" \/>\n<meta property=\"og:type\" content=\"article\" \/>\n<meta property=\"og:title\" content=\"Music and media awards - LBS Gymnasium Stockholm Norra\" \/>\n<meta property=\"og:description\" content=\"LBS Music and Media Awards \u00e4r LBS Kreativa Gymnasiets egna gala f\u00f6r musik-, design- och medieelever. V\u00e4lkommen till LBS Gymnasium!\" \/>\n<meta property=\"og:url\" content=\"https:\/\/lbs.se\/stockholmnorra\/music-and-media-awards\/\" \/>\n<meta property=\"og:site_name\" content=\"Stockholm Norra\" \/>\n<meta property=\"article:modified_time\" content=\"2023-09-27T11:27:05+00:00\" \/>\n<meta name=\"twitter:card\" content=\"summary_large_image\" \/>\n<meta name=\"twitter:title\" content=\"Music and media awards - LBS Gymnasium Stockholm Norra\" \/>\n<meta name=\"twitter:description\" content=\"LBS Music and Media Awards \u00e4r LBS Kreativa Gymnasiets egna gala f\u00f6r musik-, design- och medieelever. V\u00e4lkommen till LBS Gymnasium!\" \/>\n<script type=\"application\/ld+json\" class=\"yoast-schema-graph\">{\"@context\":\"https:\/\/schema.org\",\"@graph\":[{\"@type\":\"WebPage\",\"@id\":\"https:\/\/lbs.se\/stockholmnorra\/music-and-media-awards\/\",\"url\":\"https:\/\/lbs.se\/stockholmnorra\/music-and-media-awards\/\",\"name\":\"Music and media awards - LBS Gymnasium Stockholm Norra\",\"isPartOf\":{\"@id\":\"https:\/\/lbs.se\/stockholmnorra\/#website\"},\"datePublished\":\"2023-06-05T06:09:56+00:00\",\"dateModified\":\"2023-09-27T11:27:05+00:00\",\"description\":\"LBS Music and Media Awards \u00e4r LBS Kreativa Gymnasiets egna gala f\u00f6r musik-, design- och medieelever. V\u00e4lkommen till LBS Gymnasium!\",\"breadcrumb\":{\"@id\":\"https:\/\/lbs.se\/stockholmnorra\/music-and-media-awards\/#breadcrumb\"},\"inLanguage\":\"sv-SE\",\"potentialAction\":[{\"@type\":\"ReadAction\",\"target\":[\"https:\/\/lbs.se\/stockholmnorra\/music-and-media-awards\/\"]}]},{\"@type\":\"BreadcrumbList\",\"@id\":\"https:\/\/lbs.se\/stockholmnorra\/music-and-media-awards\/#breadcrumb\",\"itemListElement\":[{\"@type\":\"ListItem\",\"position\":1,\"name\":\"Start\",\"item\":\"https:\/\/lbs.se\/stockholmnorra\/\"},{\"@type\":\"ListItem\",\"position\":2,\"name\":\"Music and media awards\"}]},{\"@type\":\"WebSite\",\"@id\":\"https:\/\/lbs.se\/stockholmnorra\/#website\",\"url\":\"https:\/\/lbs.se\/stockholmnorra\/\",\"name\":\"Stockholm Norra\",\"description\":\"LBS Kreativa Gymnasiet\",\"potentialAction\":[{\"@type\":\"SearchAction\",\"target\":{\"@type\":\"EntryPoint\",\"urlTemplate\":\"https:\/\/lbs.se\/stockholmnorra\/?s={search_term_string}\"},\"query-input\":\"required name=search_term_string\"}],\"inLanguage\":\"sv-SE\"}]}<\/script>\n<!-- \/ Yoast SEO plugin. -->","yoast_head_json":{"title":"Music and media awards - LBS Gymnasium Stockholm Norra","description":"LBS Music and Media Awards \u00e4r LBS Kreativa Gymnasiets egna gala f\u00f6r musik-, design- och medieelever. V\u00e4lkommen till LBS Gymnasium!","robots":{"index":"index","follow":"follow","max-snippet":"max-snippet:-1","max-image-preview":"max-image-preview:large","max-video-preview":"max-video-preview:-1"},"canonical":"https:\/\/lbs.se\/stockholmnorra\/music-and-media-awards\/","og_locale":"sv_SE","og_type":"article","og_title":"Music and media awards - LBS Gymnasium Stockholm Norra","og_description":"LBS Music and Media Awards \u00e4r LBS Kreativa Gymnasiets egna gala f\u00f6r musik-, design- och medieelever. V\u00e4lkommen till LBS Gymnasium!","og_url":"https:\/\/lbs.se\/stockholmnorra\/music-and-media-awards\/","og_site_name":"Stockholm Norra","article_modified_time":"2023-09-27T11:27:05+00:00","twitter_card":"summary_large_image","twitter_title":"Music and media awards - LBS Gymnasium Stockholm Norra","twitter_description":"LBS Music and Media Awards \u00e4r LBS Kreativa Gymnasiets egna gala f\u00f6r musik-, design- och medieelever. V\u00e4lkommen till LBS Gymnasium!","schema":{"@context":"https:\/\/schema.org","@graph":[{"@type":"WebPage","@id":"https:\/\/lbs.se\/stockholmnorra\/music-and-media-awards\/","url":"https:\/\/lbs.se\/stockholmnorra\/music-and-media-awards\/","name":"Music and media awards - LBS Gymnasium Stockholm Norra","isPartOf":{"@id":"https:\/\/lbs.se\/stockholmnorra\/#website"},"datePublished":"2023-06-05T06:09:56+00:00","dateModified":"2023-09-27T11:27:05+00:00","description":"LBS Music and Media Awards \u00e4r LBS Kreativa Gymnasiets egna gala f\u00f6r musik-, design- och medieelever. V\u00e4lkommen till LBS Gymnasium!","breadcrumb":{"@id":"https:\/\/lbs.se\/stockholmnorra\/music-and-media-awards\/#breadcrumb"},"inLanguage":"sv-SE","potentialAction":[{"@type":"ReadAction","target":["https:\/\/lbs.se\/stockholmnorra\/music-and-media-awards\/"]}]},{"@type":"BreadcrumbList","@id":"https:\/\/lbs.se\/stockholmnorra\/music-and-media-awards\/#breadcrumb","itemListElement":[{"@type":"ListItem","position":1,"name":"Start","item":"https:\/\/lbs.se\/stockholmnorra\/"},{"@type":"ListItem","position":2,"name":"Music and media awards"}]},{"@type":"WebSite","@id":"https:\/\/lbs.se\/stockholmnorra\/#website","url":"https:\/\/lbs.se\/stockholmnorra\/","name":"Stockholm Norra","description":"LBS Kreativa Gymnasiet","potentialAction":[{"@type":"SearchAction","target":{"@type":"EntryPoint","urlTemplate":"https:\/\/lbs.se\/stockholmnorra\/?s={search_term_string}"},"query-input":"required name=search_term_string"}],"inLanguage":"sv-SE"}]}},"_links":{"self":[{"href":"https:\/\/lbs.se\/stockholmnorra\/wp-json\/wp\/v2\/pages\/1096"}],"collection":[{"href":"https:\/\/lbs.se\/stockholmnorra\/wp-json\/wp\/v2\/pages"}],"about":[{"href":"https:\/\/lbs.se\/stockholmnorra\/wp-json\/wp\/v2\/types\/page"}],"author":[{"embeddable":true,"href":"https:\/\/lbs.se\/stockholmnorra\/wp-json\/wp\/v2\/users\/3"}],"replies":[{"embeddable":true,"href":"https:\/\/lbs.se\/stockholmnorra\/wp-json\/wp\/v2\/comments?post=1096"}],"version-history":[{"count":3,"href":"https:\/\/lbs.se\/stockholmnorra\/wp-json\/wp\/v2\/pages\/1096\/revisions"}],"predecessor-version":[{"id":1099,"href":"https:\/\/lbs.se\/stockholmnorra\/wp-json\/wp\/v2\/pages\/1096\/revisions\/1099"}],"wp:attachment":[{"href":"https:\/\/lbs.se\/stockholmnorra\/wp-json\/wp\/v2\/media?parent=1096"}],"curies":[{"name":"wp","href":"https:\/\/api.w.org\/{rel}","templated":true}]}}