{"id":27,"date":"2022-07-25T23:08:14","date_gmt":"2022-07-25T21:08:14","guid":{"rendered":"https:\/\/lbs.se\/linkoping\/?page_id=27"},"modified":"2025-06-23T15:20:29","modified_gmt":"2025-06-23T13:20:29","slug":"elevhalsa","status":"publish","type":"page","link":"https:\/\/lbs.se\/linkoping\/var-skola\/elevhalsa\/","title":{"rendered":"Elevh\u00e4lsa"},"content":{"rendered":"\n\t\n\t\n\t\n\n\t\n\t\n\t\t\n<section  class=\"c-block l-stacked  \" data-color-scheme=\"nytt-standard\">\n\t<div class=\"ams-fifty ams-fifty--container ams-fifty--left ams-fifty--top l-container u-pt-fluid-3xl-6xl u-pb-fluid-3xl-6xl\">\n\t\t<div class=\"ams-fifty__content l-stack l-stack-xl is-left is-left@lg\">\n\t\t\t<div class=\"ams-fifty__text l-stack l-stack-lg\">\n\t\t\t\t\t\n\t<h1\n\tclass=\"c-heading u-font-title-1 \"\n\tstyle=\"\">\n\t\t\n\t\t\t\t\tELEVH\u00c4LSA\n\t\t\t\t\n\t<\/h1>\n\n\t\t\t\t\t\t\t\t\t<div class=\"text l-stack u-font-body\">\n\t\t\t\t\t\t<p><span data-sheets-value=\"{&quot;1&quot;:2,&quot;2&quot;:&quot;Vi i elevh\u00e4lsoteamet arbetar med elevh\u00e4lsa f\u00f6r att f\u00e5 in ett helhetsperspektiv i det kompensatoriska uppdraget i skolan, f\u00f6r att kunna skapa en likv\u00e4rdig skola d\u00e4r samtliga individer f\u00e5r samma m\u00f6jligheter att lyckas och utvecklas till sina b\u00e4sta jag.\\n\\nDet viktigaste f\u00f6r oss i elevh\u00e4lsoteamet \u00e4r att fr\u00e4mja det tv\u00e4rprofessionella elevh\u00e4lsoarbetet p\u00e5 skolan, d\u00e4r all personal \u00e4r en del av elevh\u00e4lsan och d\u00e4r elevens b\u00e4sta \u00e4r i fokus. Vi har ett salutogent f\u00f6rh\u00e5llningss\u00e4tt och arbetar f\u00f6r att ge alla eleverna de verktyg som beh\u00f6vs f\u00f6r att lyckas med sina h\u00f6gskolef\u00f6rberedande studier.\\n\\nI elevh\u00e4lsoteamet ing\u00e5r bitr\u00e4dande rektor, specialpedagog, socialpedagog, skolkurator och skolsk\u00f6terska.&quot;}\" data-sheets-userformat=\"{&quot;2&quot;:5025,&quot;3&quot;:{&quot;1&quot;:0},&quot;8&quot;:{&quot;1&quot;:[{&quot;1&quot;:2,&quot;2&quot;:0,&quot;5&quot;:{&quot;1&quot;:2,&quot;2&quot;:0}},{&quot;1&quot;:0,&quot;2&quot;:0,&quot;3&quot;:3},{&quot;1&quot;:1,&quot;2&quot;:0,&quot;4&quot;:1}]},&quot;10&quot;:0,&quot;11&quot;:4,&quot;12&quot;:0,&quot;15&quot;:&quot;Montserrat&quot;}\">Vi i elevh\u00e4lsoteamet arbetar med elevh\u00e4lsa f\u00f6r att f\u00e5 in ett helhetsperspektiv i det kompensatoriska uppdraget i skolan, f\u00f6r att kunna skapa en likv\u00e4rdig skola d\u00e4r samtliga individer f\u00e5r samma m\u00f6jligheter att lyckas och utvecklas till sina b\u00e4sta jag.<\/p>\n<p>Det viktigaste f\u00f6r oss i elevh\u00e4lsoteamet \u00e4r att fr\u00e4mja det tv\u00e4rprofessionella elevh\u00e4lsoarbetet p\u00e5 skolan, d\u00e4r all personal \u00e4r en del av elevh\u00e4lsan och d\u00e4r elevens b\u00e4sta \u00e4r i fokus. Vi har ett salutogent f\u00f6rh\u00e5llningss\u00e4tt och arbetar f\u00f6r att ge alla eleverna de verktyg som beh\u00f6vs f\u00f6r att lyckas med sina h\u00f6gskolef\u00f6rberedande studier.<\/p>\n<p>I elevh\u00e4lsoteamet ing\u00e5r bitr\u00e4dande rektor, specialpedagog, socialpedagog, skolkurator och skolsk\u00f6terska.<\/span><\/p>\n\n\t\t\t\t\t<\/div>\n\t\t\t\t\t\t\t<\/div>\n\n\t\t\t\t\t<\/div>\n\n\t\t <div class=\"ams-fifty__media u-ratio-square\">\n\t\t \t\t\t\t\t<img decoding=\"async\" width=\"600\" height=\"600\" src=\"https:\/\/lbs.se\/wp-content\/uploads\/sites\/16\/2023\/06\/lbs-elevhalsa-202304-600x600.jpg\" class=\"attachment-md size-md\" alt=\"Elever h\u00e4nger bland rosa f\u00e5t\u00f6ljer i korridoren.\" sizes=\"(min-width: 64em) 600px, calc(100vw - 160px)\" srcset=\"https:\/\/lbs.se\/wp-content\/uploads\/sites\/16\/2023\/06\/lbs-elevhalsa-202304-600x600.jpg 600w, https:\/\/lbs.se\/wp-content\/uploads\/sites\/16\/2023\/06\/lbs-elevhalsa-202304-150x150.jpg 150w, https:\/\/lbs.se\/wp-content\/uploads\/sites\/16\/2023\/06\/lbs-elevhalsa-202304-300x300.jpg 300w, https:\/\/lbs.se\/wp-content\/uploads\/sites\/16\/2023\/06\/lbs-elevhalsa-202304-400x400.jpg 400w, https:\/\/lbs.se\/wp-content\/uploads\/sites\/16\/2023\/06\/lbs-elevhalsa-202304-800x800.jpg 800w, https:\/\/lbs.se\/wp-content\/uploads\/sites\/16\/2023\/06\/lbs-elevhalsa-202304-1024x1024.jpg 1024w, https:\/\/lbs.se\/wp-content\/uploads\/sites\/16\/2023\/06\/lbs-elevhalsa-202304.jpg 1200w\" \/>\n\t\t\t\n\t\t\t\n\t\t\t\t\t<\/div>\n\t<\/div>\n\n\t\t\n\n<\/section>\n\n\n\n\n\n<section  class=\"ams-faq ams_event_module c-block l-stacked js-load-more\" data-color-scheme=\"new-blue-dark\" data-count=\"3\" data-count-mobile=\"3\">\n\t<div class=\"l-container l-stack l-stack-fluid-2xl u-pt-fluid-3xl-6xl u-pb-fluid-3xl-6xl is-center is-center@md\">\n\t\t\t\t\t<div class=\"ams-faq__intro l-stack l-stack-lg\">\n\t\t\t\t\t\n\t<h1\n\tclass=\"c-heading u-font-title-1 \"\n\tstyle=\"\">\n\t\t\n\t\t\t\t\tVANLIGA FR\u00c5GOR\n\t\t\t\t\n\t<\/h1>\n\n\t\t\t\t\t\t\t\t\t<div class=\"c-text l-stack u-cs-xl u-font-body\">\n\t\t\t\t\t\t<p><span data-sheets-value=\"{&quot;1&quot;:2,&quot;2&quot;:&quot;H\u00e4r hittar du vanliga fr\u00e5gor och svar om v\u00e5r skola.&quot;}\" data-sheets-userformat=\"{&quot;2&quot;:5033,&quot;3&quot;:{&quot;1&quot;:0},&quot;6&quot;:{&quot;1&quot;:[{&quot;1&quot;:2,&quot;2&quot;:0,&quot;5&quot;:{&quot;1&quot;:2,&quot;2&quot;:0}},{&quot;1&quot;:0,&quot;2&quot;:0,&quot;3&quot;:3},{&quot;1&quot;:1,&quot;2&quot;:0,&quot;4&quot;:1}]},&quot;8&quot;:{&quot;1&quot;:[{&quot;1&quot;:2,&quot;2&quot;:0,&quot;5&quot;:{&quot;1&quot;:2,&quot;2&quot;:0}},{&quot;1&quot;:0,&quot;2&quot;:0,&quot;3&quot;:3},{&quot;1&quot;:1,&quot;2&quot;:0,&quot;4&quot;:1}]},&quot;10&quot;:0,&quot;11&quot;:4,&quot;12&quot;:0,&quot;15&quot;:&quot;Montserrat&quot;}\">H\u00e4r hittar du vanliga fr\u00e5gor och svar om elevh\u00e4lsan p\u00e5 LBS Link\u00f6ping.\u00a0<\/span><\/p>\n\n\t\t\t\t\t<\/div>\n\t\t\t\t\t\t\t<\/div>\n\t\t\n\t\t\n\t\n\t    \n\t\n\t<ul\n\t\tid=\"ams-faq-list-69e5c43cac3fa\"\n\t\tclass=\"ams-faq__ac ams-accordion_module c-accordion js-results \"\n\t\taria-label=\"Vanliga fr\u00e5gor\"\n\t\tdata-variant=\"border-between\"\n\t\tdata-ajax-action=\"log_faq_view\"\n\t\tdata-ajax-url=\"https:\/\/lbs.se\/linkoping\/wp-admin\/admin-ajax.php\"\n\t\tdata-ajax-nonce=\"7f132e2528\"\n\t\tdata-filter-animation=\"off\">\n\n\t\t\n\t\t\t\t\t\t\t\t\t\t\t\t\t\t\t\n\t\t\t\n\t\t\t<li data-ajax-id=\"1545\" class=\"c-accordion__item \"\n\t\t\tdata-filter=\"elevhalsa-linkoping juni-2023\"\n\t\t\t>\n\t\t\t\t<h2 class=\"c-accordion__header\">\n\t\t\t\t\t\t\t\t\t\t<button class=\"c-accordion__trigger u-py-sm u-px-fluid-md-xl u-font-title-4\">\n\t\t\t\t\t\t<span>Finns det mindre, anpassade undervisningsgrupper p\u00e5 skolan?<\/span>\n\t\t\t\t\t\t<svg class=\"ams-icon ams-icon__arrow-down\" width=\"24\" height=\"24\" viewbox=\"0 0 24 24\" fill=\"currentColor\" aria-hidden=\"true\" xmlns=\"http:\/\/www.w3.org\/2000\/svg\">\n\t\t\t\t\t\t\t\t\t\t\t\t\t<path d=\"m11.2033 18.4294-10.872894-10.67584c-.440539-.42594-.440539-1.1147 0-1.54065l.665495-.64345c.440539-.42595 1.152899-.42595 1.593439 0l9.41066 9.27114 9.4107-9.26207c.4405-.42595 1.1529-.42595 1.5934 0l.6655.64345c.4405.42594.4405 1.1147 0 1.54065l-10.8729 10.67587c-.4405.4168-1.1529.4168-1.5934-.0091z\"\/>\n\t\t\t\t\t\n\t\t\t\t\t\t<\/svg>\n\t\t\t\t\t<\/button>\n\t\t\t\t<\/h2>\n\t\t\t\t<div class=\"c-accordion__body l-stack u-font-body\">\n\t\t\t\t\t<div class=\"c-accordion__body__inner u-p-fluid-md-xl l-stack\">\n\t\t\t\t\t\t<p><span data-sheets-value=\"{&quot;1&quot;:2,&quot;2&quot;:&quot;Svar: Nej, eleverna utg\u00e5r alltid fr\u00e5n klassrummet och arbetar tillsammans med resterande elever i samma kurs. Alla skolans inriktningar \u00e4r h\u00f6gskolef\u00f6rberedande och skolan anpassas efter att f\u00f6rbereda eleverna inf\u00f6r vidare studier i framtiden. Vid behov av mer tid eller extra st\u00f6d kan eleverna anv\u00e4nda \u201cstudietiden\u201d som komplement.&quot;}\" data-sheets-userformat=\"{&quot;2&quot;:15105,&quot;3&quot;:{&quot;1&quot;:0},&quot;11&quot;:4,&quot;12&quot;:0,&quot;14&quot;:{&quot;1&quot;:2,&quot;2&quot;:0},&quot;15&quot;:&quot;Arial&quot;,&quot;16&quot;:11}\">Nej, eleverna utg\u00e5r alltid fr\u00e5n klassrummet och arbetar tillsammans med resterande elever i samma kurs. Alla skolans inriktningar \u00e4r h\u00f6gskolef\u00f6rberedande och skolan anpassas efter att f\u00f6rbereda eleverna inf\u00f6r vidare studier i framtiden. Vid behov av mer tid eller extra st\u00f6d kan eleverna anv\u00e4nda \u201cstudietiden\u201d som komplement.<\/span><\/p>\n\n\t\t\t\t\t<\/div>\n\t\t\t\t<\/div>\n\t\t\t<\/li>\n\t\t\t<\/ul>\n\n\t<div class=\"no-results u-mt-0 u-hide\" data-filter-fallback-id=\"ams-faq-list-69e5c43cac3fa\">\n\t<p>Det finns inga resultat som matchar din filtrering.<\/p>\n<\/div>\n\n\t\n\n\t\t\n\t\t\t<\/div>\n\n\t\t\n\n<\/section>\n\n\n\n\n<section  class=\"ams-cta ams-cta--stacked c-block l-stacked\" data-color-scheme=\"nytt-standard\">\n\t<div class=\"l-container l-stack l-stack-fluid-2xl u-pt-fluid-3xl-6xl u-pb-fluid-3xl-6xl is-center is-center@md\">\n\t\t\t\t\t<div class=\"ams-cta__intro l-stack l-stack-lg\">\n\t\t\t\t\t\n\t<h2\n\tclass=\"c-heading u-font-title-1 \"\n\tstyle=\"\">\n\t\t\n\t\t\t\t\tKONTAKTA V\u00c5RT ELEVH\u00c4LSOTEAM\n\t\t\t\t\n\t<\/h2>\n\n\t\t\t\t\t\t\t\t\t<div class=\"c-text l-stack u-cs-xl u-font-body\">\n\t\t\t\t\t\t<p><span data-sheets-value=\"{&quot;1&quot;:2,&quot;2&quot;:&quot;Om du har fr\u00e5gor om v\u00e5r elevh\u00e4lsa \u00e4r du varmt v\u00e4lkommen att kontakta oss.&quot;}\" data-sheets-userformat=\"{&quot;2&quot;:5025,&quot;3&quot;:{&quot;1&quot;:0},&quot;8&quot;:{&quot;1&quot;:[{&quot;1&quot;:2,&quot;2&quot;:0,&quot;5&quot;:{&quot;1&quot;:2,&quot;2&quot;:0}},{&quot;1&quot;:0,&quot;2&quot;:0,&quot;3&quot;:3},{&quot;1&quot;:1,&quot;2&quot;:0,&quot;4&quot;:1}]},&quot;10&quot;:0,&quot;11&quot;:4,&quot;12&quot;:0,&quot;15&quot;:&quot;Montserrat&quot;}\">Om du har fr\u00e5gor om v\u00e5r elevh\u00e4lsa \u00e4r du varmt v\u00e4lkommen att kontakta oss.<\/span><\/p>\n\n\t\t\t\t\t<\/div>\n\t\t\t\t\t\t\t<\/div>\n\t\t\n\t\t\n\t\t\t<div class=\"ams-cta__action u-inline-items\">\n\t\t\t\t\t\t\t\n\n\n<a href=\"https:\/\/lbs.se\/linkoping\/kontakt\/\"\n\t\n\tclass=\"c-btn \"\n\tdata-style=\"square\"\n\tdata-size=\"md\"\n\tdata-width=\"full-mobile\"\n\tdata-variant=\"default\"\n\ttarget=\"_self\">\n\t\t\t<span class=\"label\"> Kontakta oss<\/span>\n\t\t\t<\/a>\n\t\t\t<\/div>\n\t<\/div>\n\n\t\t\n\n<\/section>\n","protected":false},"excerpt":{"rendered":"","protected":false},"author":1,"featured_media":0,"parent":19,"menu_order":0,"comment_status":"closed","ping_status":"closed","template":"","meta":{"footnotes":""},"yoast_head":"<!-- This site is optimized with the Yoast SEO plugin v22.0 - https:\/\/yoast.com\/wordpress\/plugins\/seo\/ -->\n<title>Elevh\u00e4lsa - LBS Gymnasium Link\u00f6ping<\/title>\n<meta name=\"description\" content=\"Det viktigaste f\u00f6r oss i elevh\u00e4lsoteamet \u00e4r att fr\u00e4mja det tv\u00e4rprofessionella elevh\u00e4lsoarbetet p\u00e5 skolan. V\u00e4lkommen till LBS Gymnasium!\" \/>\n<meta name=\"robots\" content=\"index, follow, max-snippet:-1, max-image-preview:large, max-video-preview:-1\" \/>\n<link rel=\"canonical\" href=\"https:\/\/lbs.se\/linkoping\/var-skola\/elevhalsa\/\" \/>\n<meta property=\"og:locale\" content=\"sv_SE\" \/>\n<meta property=\"og:type\" content=\"article\" \/>\n<meta property=\"og:title\" content=\"Elevh\u00e4lsa - LBS Gymnasium Link\u00f6ping\" \/>\n<meta property=\"og:description\" content=\"Det viktigaste f\u00f6r oss i elevh\u00e4lsoteamet \u00e4r att fr\u00e4mja det tv\u00e4rprofessionella elevh\u00e4lsoarbetet p\u00e5 skolan. V\u00e4lkommen till LBS Gymnasium!\" \/>\n<meta property=\"og:url\" content=\"https:\/\/lbs.se\/linkoping\/var-skola\/elevhalsa\/\" \/>\n<meta property=\"og:site_name\" content=\"Link\u00f6ping\" \/>\n<meta property=\"article:modified_time\" content=\"2025-06-23T13:20:29+00:00\" \/>\n<meta name=\"twitter:card\" content=\"summary_large_image\" \/>\n<meta name=\"twitter:title\" content=\"Elevh\u00e4lsa - LBS Gymnasium Link\u00f6ping\" \/>\n<meta name=\"twitter:description\" content=\"Det viktigaste f\u00f6r oss i elevh\u00e4lsoteamet \u00e4r att fr\u00e4mja det tv\u00e4rprofessionella elevh\u00e4lsoarbetet p\u00e5 skolan. V\u00e4lkommen till LBS Gymnasium!\" \/>\n<meta name=\"twitter:label1\" content=\"Ber\u00e4knad l\u00e4stid\" \/>\n\t<meta name=\"twitter:data1\" content=\"1 minut\" \/>\n<script type=\"application\/ld+json\" class=\"yoast-schema-graph\">{\"@context\":\"https:\/\/schema.org\",\"@graph\":[{\"@type\":\"WebPage\",\"@id\":\"https:\/\/lbs.se\/linkoping\/var-skola\/elevhalsa\/\",\"url\":\"https:\/\/lbs.se\/linkoping\/var-skola\/elevhalsa\/\",\"name\":\"Elevh\u00e4lsa - LBS Gymnasium Link\u00f6ping\",\"isPartOf\":{\"@id\":\"https:\/\/lbs.se\/linkoping\/#website\"},\"datePublished\":\"2022-07-25T21:08:14+00:00\",\"dateModified\":\"2025-06-23T13:20:29+00:00\",\"description\":\"Det viktigaste f\u00f6r oss i elevh\u00e4lsoteamet \u00e4r att fr\u00e4mja det tv\u00e4rprofessionella elevh\u00e4lsoarbetet p\u00e5 skolan. V\u00e4lkommen till LBS Gymnasium!\",\"breadcrumb\":{\"@id\":\"https:\/\/lbs.se\/linkoping\/var-skola\/elevhalsa\/#breadcrumb\"},\"inLanguage\":\"sv-SE\",\"potentialAction\":[{\"@type\":\"ReadAction\",\"target\":[\"https:\/\/lbs.se\/linkoping\/var-skola\/elevhalsa\/\"]}]},{\"@type\":\"BreadcrumbList\",\"@id\":\"https:\/\/lbs.se\/linkoping\/var-skola\/elevhalsa\/#breadcrumb\",\"itemListElement\":[{\"@type\":\"ListItem\",\"position\":1,\"name\":\"Start\",\"item\":\"https:\/\/lbs.se\/linkoping\/\"},{\"@type\":\"ListItem\",\"position\":2,\"name\":\"V\u00e5r skola\",\"item\":\"https:\/\/lbs.se\/linkoping\/var-skola\/\"},{\"@type\":\"ListItem\",\"position\":3,\"name\":\"Elevh\u00e4lsa\"}]},{\"@type\":\"WebSite\",\"@id\":\"https:\/\/lbs.se\/linkoping\/#website\",\"url\":\"https:\/\/lbs.se\/linkoping\/\",\"name\":\"Link\u00f6ping\",\"description\":\"LBS Kreativa Gymnasiet\",\"potentialAction\":[{\"@type\":\"SearchAction\",\"target\":{\"@type\":\"EntryPoint\",\"urlTemplate\":\"https:\/\/lbs.se\/linkoping\/?s={search_term_string}\"},\"query-input\":\"required name=search_term_string\"}],\"inLanguage\":\"sv-SE\"}]}<\/script>\n<!-- \/ Yoast SEO plugin. -->","yoast_head_json":{"title":"Elevh\u00e4lsa - LBS Gymnasium Link\u00f6ping","description":"Det viktigaste f\u00f6r oss i elevh\u00e4lsoteamet \u00e4r att fr\u00e4mja det tv\u00e4rprofessionella elevh\u00e4lsoarbetet p\u00e5 skolan. V\u00e4lkommen till LBS Gymnasium!","robots":{"index":"index","follow":"follow","max-snippet":"max-snippet:-1","max-image-preview":"max-image-preview:large","max-video-preview":"max-video-preview:-1"},"canonical":"https:\/\/lbs.se\/linkoping\/var-skola\/elevhalsa\/","og_locale":"sv_SE","og_type":"article","og_title":"Elevh\u00e4lsa - LBS Gymnasium Link\u00f6ping","og_description":"Det viktigaste f\u00f6r oss i elevh\u00e4lsoteamet \u00e4r att fr\u00e4mja det tv\u00e4rprofessionella elevh\u00e4lsoarbetet p\u00e5 skolan. V\u00e4lkommen till LBS Gymnasium!","og_url":"https:\/\/lbs.se\/linkoping\/var-skola\/elevhalsa\/","og_site_name":"Link\u00f6ping","article_modified_time":"2025-06-23T13:20:29+00:00","twitter_card":"summary_large_image","twitter_title":"Elevh\u00e4lsa - LBS Gymnasium Link\u00f6ping","twitter_description":"Det viktigaste f\u00f6r oss i elevh\u00e4lsoteamet \u00e4r att fr\u00e4mja det tv\u00e4rprofessionella elevh\u00e4lsoarbetet p\u00e5 skolan. V\u00e4lkommen till LBS Gymnasium!","twitter_misc":{"Ber\u00e4knad l\u00e4stid":"1 minut"},"schema":{"@context":"https:\/\/schema.org","@graph":[{"@type":"WebPage","@id":"https:\/\/lbs.se\/linkoping\/var-skola\/elevhalsa\/","url":"https:\/\/lbs.se\/linkoping\/var-skola\/elevhalsa\/","name":"Elevh\u00e4lsa - LBS Gymnasium Link\u00f6ping","isPartOf":{"@id":"https:\/\/lbs.se\/linkoping\/#website"},"datePublished":"2022-07-25T21:08:14+00:00","dateModified":"2025-06-23T13:20:29+00:00","description":"Det viktigaste f\u00f6r oss i elevh\u00e4lsoteamet \u00e4r att fr\u00e4mja det tv\u00e4rprofessionella elevh\u00e4lsoarbetet p\u00e5 skolan. V\u00e4lkommen till LBS Gymnasium!","breadcrumb":{"@id":"https:\/\/lbs.se\/linkoping\/var-skola\/elevhalsa\/#breadcrumb"},"inLanguage":"sv-SE","potentialAction":[{"@type":"ReadAction","target":["https:\/\/lbs.se\/linkoping\/var-skola\/elevhalsa\/"]}]},{"@type":"BreadcrumbList","@id":"https:\/\/lbs.se\/linkoping\/var-skola\/elevhalsa\/#breadcrumb","itemListElement":[{"@type":"ListItem","position":1,"name":"Start","item":"https:\/\/lbs.se\/linkoping\/"},{"@type":"ListItem","position":2,"name":"V\u00e5r skola","item":"https:\/\/lbs.se\/linkoping\/var-skola\/"},{"@type":"ListItem","position":3,"name":"Elevh\u00e4lsa"}]},{"@type":"WebSite","@id":"https:\/\/lbs.se\/linkoping\/#website","url":"https:\/\/lbs.se\/linkoping\/","name":"Link\u00f6ping","description":"LBS Kreativa Gymnasiet","potentialAction":[{"@type":"SearchAction","target":{"@type":"EntryPoint","urlTemplate":"https:\/\/lbs.se\/linkoping\/?s={search_term_string}"},"query-input":"required name=search_term_string"}],"inLanguage":"sv-SE"}]}},"_links":{"self":[{"href":"https:\/\/lbs.se\/linkoping\/wp-json\/wp\/v2\/pages\/27"}],"collection":[{"href":"https:\/\/lbs.se\/linkoping\/wp-json\/wp\/v2\/pages"}],"about":[{"href":"https:\/\/lbs.se\/linkoping\/wp-json\/wp\/v2\/types\/page"}],"author":[{"embeddable":true,"href":"https:\/\/lbs.se\/linkoping\/wp-json\/wp\/v2\/users\/1"}],"replies":[{"embeddable":true,"href":"https:\/\/lbs.se\/linkoping\/wp-json\/wp\/v2\/comments?post=27"}],"version-history":[{"count":10,"href":"https:\/\/lbs.se\/linkoping\/wp-json\/wp\/v2\/pages\/27\/revisions"}],"predecessor-version":[{"id":1930,"href":"https:\/\/lbs.se\/linkoping\/wp-json\/wp\/v2\/pages\/27\/revisions\/1930"}],"up":[{"embeddable":true,"href":"https:\/\/lbs.se\/linkoping\/wp-json\/wp\/v2\/pages\/19"}],"wp:attachment":[{"href":"https:\/\/lbs.se\/linkoping\/wp-json\/wp\/v2\/media?parent=27"}],"curies":[{"name":"wp","href":"https:\/\/api.w.org\/{rel}","templated":true}]}}