{"id":456,"date":"2022-09-22T11:19:34","date_gmt":"2022-09-22T09:19:34","guid":{"rendered":"https:\/\/lbs.se\/kungsbacka\/?page_id=456"},"modified":"2025-06-23T11:47:17","modified_gmt":"2025-06-23T09:47:17","slug":"program","status":"publish","type":"page","link":"https:\/\/lbs.se\/kungsbacka\/program\/","title":{"rendered":"Program"},"content":{"rendered":"\n\n<section  class=\"ams-courses-list c-block l-stacked\" data-color-scheme=\"new-kurslistning\">\n\t<div class=\"l-container l-stack l-stack-fluid-2xl u-pt-fluid-3xl-6xl u-pb-fluid-3xl-6xl is-center is-center@md\">\n\t\t\t\t\t<div class=\"ams-courses-list__intro l-stack l-stack-lg\">\n\t\t\t\t\t\n\t<h1\n\tclass=\"c-heading u-font-title-1 \"\n\tstyle=\"\">\n\t\t\n\t\t\t\t\tV\u00c5RA GYMNASIEPROGRAM\n\t\t\t\t\n\t<\/h1>\n\n\t\t\t\t\t\t\t\t\t<div class=\"c-text l-stack u-cs-xl u-font-body\">\n\t\t\t\t\t\t<p><span data-sheets-value=\"{&quot;1&quot;:2,&quot;2&quot;:&quot;H\u00e4r p\u00e5 LBS Kreativa Gymnasiet Bor\u00e5s kan du l\u00e4sa Estetiska programmet eller Teknikprogrammet. Vi erbjuder flera sp\u00e4nnande och kreativa profiler som alla ger h\u00f6gskolebeh\u00f6righet!&quot;}\" data-sheets-userformat=\"{&quot;2&quot;:5033,&quot;3&quot;:{&quot;1&quot;:0},&quot;6&quot;:{&quot;1&quot;:[{&quot;1&quot;:2,&quot;2&quot;:0,&quot;5&quot;:{&quot;1&quot;:2,&quot;2&quot;:0}},{&quot;1&quot;:0,&quot;2&quot;:0,&quot;3&quot;:3},{&quot;1&quot;:1,&quot;2&quot;:0,&quot;4&quot;:1}]},&quot;8&quot;:{&quot;1&quot;:[{&quot;1&quot;:2,&quot;2&quot;:0,&quot;5&quot;:{&quot;1&quot;:2,&quot;2&quot;:0}},{&quot;1&quot;:0,&quot;2&quot;:0,&quot;3&quot;:3},{&quot;1&quot;:1,&quot;2&quot;:0,&quot;4&quot;:1}]},&quot;10&quot;:0,&quot;11&quot;:4,&quot;12&quot;:0,&quot;15&quot;:&quot;Montserrat&quot;}\">H\u00e4r p\u00e5 LBS Kreativa Gymnasiet Kungsbacka kan du l\u00e4sa Estetiska programmet eller Teknikprogrammet. Vi erbjuder flera sp\u00e4nnande och kreativa profiler som alla ger h\u00f6gskolebeh\u00f6righet!<\/span><\/p>\n\n\t\t\t\t\t<\/div>\n\t\t\t\t\t\t\t<\/div>\n\t\t\n\t\t\n\t\t\t\n<ul class=\"ams-courses-list__list l-grid u-gap-fluid-2xl-4xl u-justify-center\">\n\t\t\t<li class=\"l-col-6@md l-col-4@lg\">\n\t\t\t<article class=\"c-card has-media-zoom  \"\n\t\t\t\t\t\tdata-variant=\"\"\n\t\t\t\t\t\tdata-style=\"square\"\n\t\t\t\t\t\tdata-click-area>\n\t\t\t\t<div class=\"c-card__content l-stack l-stack-sm\">\n\t\t\t\t\t\t\t\t\t\t\t<h2 class=\"c-card__title u-font-title-3\">\n\t\t\t\t\t\t\t\t\t\t\t\t\t\t\t<a class=\"c-card__title-link\" href=\"https:\/\/lbs.se\/kungsbacka\/program\/estetiska-programmet\/digital-design\/\">\n\t\t\t\t\t\t\t\t\tDigital Design\n\t\t\t\t\t\t\t\t<\/a>\n\t\t\t\t\t\t\t\t\t\t\t\t\t<\/h2>\n\t\t\t\t\t\n\t\t\t\t\t\n\t\t\t\t\t\t\t\t\t\t\t\t\t\t\t\t<ul class=\"c-card__list u-list-none l-stack-grow u-divider-top u-font-body\">\n\t\t\t\t\t\t\t\t\t\t\t\t\t\t\t<li>\n\t\t\t\t\t\t\t\t\t<strong>Program<\/strong>\n\t\t\t\t\t\t\t\t\t<ul class=\"u-list-dash\">\n\t\t\t\t\t\t\t\t\t\t\t\t\t\t\t\t\t\t\t\t\t<li>Estetiska programmet<\/li>\n\t\t\t\t\t\t\t\t\t\t\t\t\t\t\t\t\t\t\t<\/ul>\n\t\t\t\t\t\t\t\t<\/li>\n\t\t\t\t\t\t\t\n\t\t\t\t\t\t\t\t\t\t\t\t\t\t\t\t\t\t\t\t\t\t\t\t<li>\n\t\t\t\t\t\t\t\t\t\t<strong>Inriktning<\/strong>\n\t\t\t\t\t\t\t\t\t\t<ul class=\"u-list-dash\">\n\t\t\t\t\t\t\t\t\t\t\t\t\t\t\t\t\t\t\t\t\t\t\t<li>Estetik och media<\/li>\n\t\t\t\t\t\t\t\t\t\t\t\t\t\t\t\t\t\t\t\t\t<\/ul>\n\t\t\t\t\t\t\t\t\t<\/li>\n\t\t\t\t\t\t\t\t\t\t\t\t\t\t\t\t\t\t\t\t\t<\/ul>\n\n\t\t\t\t\t\t<div class=\"c-card__icon c-card__icon--nl\">\n\t\t\t\t\t\t\t\t\t\t\t\t\t\t<svg class=\"ams-icon ams-icon--arrow-right\" width=\"32\" height=\"32\" viewbox=\"0 0 32 32\" fill=\"currentColor\" aria-hidden=\"true\" xmlns=\"http:\/\/www.w3.org\/2000\/svg\">\n\t\t\t\t\t\t\t\t<path d=\"M19.3034 28L15.7415 24.4853L20.1077 20.2336L22.8079 17.966L22.7505 17.7392L17.6374 18.0794H0V12.8639H17.6374L22.7505 13.2041L22.8079 12.9773L20.1077 10.7098L15.7415 6.51474L19.3034 3L32 15.5283L19.3034 28Z\"\/>\n\t\t\t\t\t\t\t<\/svg>\n\t\t\t\t\t\t<\/div>\n\t\t\t\t\t\t\t\t\t<\/div>\n\t\t\t\t<div class=\"c-card__media \" style=\" \">\n\t\t\t\t\t<img decoding=\"async\" width=\"400\" height=\"300\" src=\"https:\/\/lbs.se\/wp-content\/uploads\/sites\/15\/2025\/08\/lbsbilderwebbmodellavtal-till-juni-2030kortdigital-design-400x300.jpg\" class=\"attachment-sm size-sm wp-post-image\" alt=\"Elev arbetar med formgivning p\u00e5 sin PC\" sizes=\"(min-width: 64em) 300px, (min-width: 48em) calc(.50 * (100vw - 240px)), calc(100vw - 160px)\" srcset=\"https:\/\/lbs.se\/wp-content\/uploads\/sites\/15\/2025\/08\/lbsbilderwebbmodellavtal-till-juni-2030kortdigital-design-400x300.jpg 400w, https:\/\/lbs.se\/wp-content\/uploads\/sites\/15\/2025\/08\/lbsbilderwebbmodellavtal-till-juni-2030kortdigital-design-300x225.jpg 300w, https:\/\/lbs.se\/wp-content\/uploads\/sites\/15\/2025\/08\/lbsbilderwebbmodellavtal-till-juni-2030kortdigital-design-600x450.jpg 600w, https:\/\/lbs.se\/wp-content\/uploads\/sites\/15\/2025\/08\/lbsbilderwebbmodellavtal-till-juni-2030kortdigital-design-800x600.jpg 800w, https:\/\/lbs.se\/wp-content\/uploads\/sites\/15\/2025\/08\/lbsbilderwebbmodellavtal-till-juni-2030kortdigital-design-1024x768.jpg 1024w, https:\/\/lbs.se\/wp-content\/uploads\/sites\/15\/2025\/08\/lbsbilderwebbmodellavtal-till-juni-2030kortdigital-design-768x576.jpg 768w, https:\/\/lbs.se\/wp-content\/uploads\/sites\/15\/2025\/08\/lbsbilderwebbmodellavtal-till-juni-2030kortdigital-design.jpg 1080w\" \/>\n\t\t\t\t<\/div>\n\t\t\t<\/article>\n\t\t<\/li>\n\t\t\t<li class=\"l-col-6@md l-col-4@lg\">\n\t\t\t<article class=\"c-card has-media-zoom  \"\n\t\t\t\t\t\tdata-variant=\"\"\n\t\t\t\t\t\tdata-style=\"square\"\n\t\t\t\t\t\tdata-click-area>\n\t\t\t\t<div class=\"c-card__content l-stack l-stack-sm\">\n\t\t\t\t\t\t\t\t\t\t\t<h2 class=\"c-card__title u-font-title-3\">\n\t\t\t\t\t\t\t\t\t\t\t\t\t\t\t<a class=\"c-card__title-link\" href=\"https:\/\/lbs.se\/kungsbacka\/program\/estetiska-programmet\/spelgrafik\/\">\n\t\t\t\t\t\t\t\t\tSpelgrafik\n\t\t\t\t\t\t\t\t<\/a>\n\t\t\t\t\t\t\t\t\t\t\t\t\t<\/h2>\n\t\t\t\t\t\n\t\t\t\t\t\n\t\t\t\t\t\t\t\t\t\t\t\t\t\t\t\t<ul class=\"c-card__list u-list-none l-stack-grow u-divider-top u-font-body\">\n\t\t\t\t\t\t\t\t\t\t\t\t\t\t\t<li>\n\t\t\t\t\t\t\t\t\t<strong>Program<\/strong>\n\t\t\t\t\t\t\t\t\t<ul class=\"u-list-dash\">\n\t\t\t\t\t\t\t\t\t\t\t\t\t\t\t\t\t\t\t\t\t<li>Estetiska programmet<\/li>\n\t\t\t\t\t\t\t\t\t\t\t\t\t\t\t\t\t\t\t<\/ul>\n\t\t\t\t\t\t\t\t<\/li>\n\t\t\t\t\t\t\t\n\t\t\t\t\t\t\t\t\t\t\t\t\t\t\t\t\t\t\t\t\t\t\t\t<li>\n\t\t\t\t\t\t\t\t\t\t<strong>Inriktning<\/strong>\n\t\t\t\t\t\t\t\t\t\t<ul class=\"u-list-dash\">\n\t\t\t\t\t\t\t\t\t\t\t\t\t\t\t\t\t\t\t\t\t\t\t<li>Bild och formgivning<\/li>\n\t\t\t\t\t\t\t\t\t\t\t\t\t\t\t\t\t\t\t\t\t<\/ul>\n\t\t\t\t\t\t\t\t\t<\/li>\n\t\t\t\t\t\t\t\t\t\t\t\t\t\t\t\t\t\t\t\t\t<\/ul>\n\n\t\t\t\t\t\t<div class=\"c-card__icon c-card__icon--nl\">\n\t\t\t\t\t\t\t\t\t\t\t\t\t\t<svg class=\"ams-icon ams-icon--arrow-right\" width=\"32\" height=\"32\" viewbox=\"0 0 32 32\" fill=\"currentColor\" aria-hidden=\"true\" xmlns=\"http:\/\/www.w3.org\/2000\/svg\">\n\t\t\t\t\t\t\t\t<path d=\"M19.3034 28L15.7415 24.4853L20.1077 20.2336L22.8079 17.966L22.7505 17.7392L17.6374 18.0794H0V12.8639H17.6374L22.7505 13.2041L22.8079 12.9773L20.1077 10.7098L15.7415 6.51474L19.3034 3L32 15.5283L19.3034 28Z\"\/>\n\t\t\t\t\t\t\t<\/svg>\n\t\t\t\t\t\t<\/div>\n\t\t\t\t\t\t\t\t\t<\/div>\n\t\t\t\t<div class=\"c-card__media \" style=\" \">\n\t\t\t\t\t<img decoding=\"async\" width=\"400\" height=\"300\" src=\"https:\/\/lbs.se\/wp-content\/uploads\/sites\/15\/2023\/06\/lbsbilderwebbmodellavtal-till-juni-2030kortspelgrafik-14-400x300.jpg\" class=\"attachment-sm size-sm wp-post-image\" alt=\"Elev skapar 3D-modell i grafikprogram.\" sizes=\"(min-width: 64em) 300px, (min-width: 48em) calc(.50 * (100vw - 240px)), calc(100vw - 160px)\" srcset=\"https:\/\/lbs.se\/wp-content\/uploads\/sites\/15\/2023\/06\/lbsbilderwebbmodellavtal-till-juni-2030kortspelgrafik-14-400x300.jpg 400w, https:\/\/lbs.se\/wp-content\/uploads\/sites\/15\/2023\/06\/lbsbilderwebbmodellavtal-till-juni-2030kortspelgrafik-14-300x225.jpg 300w, https:\/\/lbs.se\/wp-content\/uploads\/sites\/15\/2023\/06\/lbsbilderwebbmodellavtal-till-juni-2030kortspelgrafik-14-600x450.jpg 600w, https:\/\/lbs.se\/wp-content\/uploads\/sites\/15\/2023\/06\/lbsbilderwebbmodellavtal-till-juni-2030kortspelgrafik-14-800x600.jpg 800w, https:\/\/lbs.se\/wp-content\/uploads\/sites\/15\/2023\/06\/lbsbilderwebbmodellavtal-till-juni-2030kortspelgrafik-14-1024x768.jpg 1024w, https:\/\/lbs.se\/wp-content\/uploads\/sites\/15\/2023\/06\/lbsbilderwebbmodellavtal-till-juni-2030kortspelgrafik-14-768x576.jpg 768w, https:\/\/lbs.se\/wp-content\/uploads\/sites\/15\/2023\/06\/lbsbilderwebbmodellavtal-till-juni-2030kortspelgrafik-14.jpg 1080w\" \/>\n\t\t\t\t<\/div>\n\t\t\t<\/article>\n\t\t<\/li>\n\t\t\t<li class=\"l-col-6@md l-col-4@lg\">\n\t\t\t<article class=\"c-card has-media-zoom  \"\n\t\t\t\t\t\tdata-variant=\"\"\n\t\t\t\t\t\tdata-style=\"square\"\n\t\t\t\t\t\tdata-click-area>\n\t\t\t\t<div class=\"c-card__content l-stack l-stack-sm\">\n\t\t\t\t\t\t\t\t\t\t\t<h2 class=\"c-card__title u-font-title-3\">\n\t\t\t\t\t\t\t\t\t\t\t\t\t\t\t<a class=\"c-card__title-link\" href=\"https:\/\/lbs.se\/kungsbacka\/program\/teknikprogrammet\/ai-webbutveckling\/\">\n\t\t\t\t\t\t\t\t\tAI &amp; webbutveckling\n\t\t\t\t\t\t\t\t<\/a>\n\t\t\t\t\t\t\t\t\t\t\t\t\t<\/h2>\n\t\t\t\t\t\n\t\t\t\t\t\n\t\t\t\t\t\t\t\t\t\t\t\t\t\t\t\t<ul class=\"c-card__list u-list-none l-stack-grow u-divider-top u-font-body\">\n\t\t\t\t\t\t\t\t\t\t\t\t\t\t\t<li>\n\t\t\t\t\t\t\t\t\t<strong>Program<\/strong>\n\t\t\t\t\t\t\t\t\t<ul class=\"u-list-dash\">\n\t\t\t\t\t\t\t\t\t\t\t\t\t\t\t\t\t\t\t\t\t<li>Teknikprogrammet<\/li>\n\t\t\t\t\t\t\t\t\t\t\t\t\t\t\t\t\t\t\t<\/ul>\n\t\t\t\t\t\t\t\t<\/li>\n\t\t\t\t\t\t\t\n\t\t\t\t\t\t\t\t\t\t\t\t\t\t\t\t\t\t\t\t\t\t\t\t<li>\n\t\t\t\t\t\t\t\t\t\t<strong>Inriktning<\/strong>\n\t\t\t\t\t\t\t\t\t\t<ul class=\"u-list-dash\">\n\t\t\t\t\t\t\t\t\t\t\t\t\t\t\t\t\t\t\t\t\t\t\t<li>Informations- och medieteknik<\/li>\n\t\t\t\t\t\t\t\t\t\t\t\t\t\t\t\t\t\t\t\t\t<\/ul>\n\t\t\t\t\t\t\t\t\t<\/li>\n\t\t\t\t\t\t\t\t\t\t\t\t\t\t\t\t\t\t\t\t\t<\/ul>\n\n\t\t\t\t\t\t<div class=\"c-card__icon c-card__icon--nl\">\n\t\t\t\t\t\t\t\t\t\t\t\t\t\t<svg class=\"ams-icon ams-icon--arrow-right\" width=\"32\" height=\"32\" viewbox=\"0 0 32 32\" fill=\"currentColor\" aria-hidden=\"true\" xmlns=\"http:\/\/www.w3.org\/2000\/svg\">\n\t\t\t\t\t\t\t\t<path d=\"M19.3034 28L15.7415 24.4853L20.1077 20.2336L22.8079 17.966L22.7505 17.7392L17.6374 18.0794H0V12.8639H17.6374L22.7505 13.2041L22.8079 12.9773L20.1077 10.7098L15.7415 6.51474L19.3034 3L32 15.5283L19.3034 28Z\"\/>\n\t\t\t\t\t\t\t<\/svg>\n\t\t\t\t\t\t<\/div>\n\t\t\t\t\t\t\t\t\t<\/div>\n\t\t\t\t<div class=\"c-card__media \" style=\" \">\n\t\t\t\t\t<img decoding=\"async\" width=\"400\" height=\"300\" src=\"https:\/\/lbs.se\/wp-content\/uploads\/sites\/15\/2025\/08\/lbsbilderwebbmodellavtal-till-juni-2030kortai-och-webbutveckling-400x300.jpg\" class=\"attachment-sm size-sm wp-post-image\" alt=\"Elev designar hemsidor p\u00e5 sin PC\" sizes=\"(min-width: 64em) 300px, (min-width: 48em) calc(.50 * (100vw - 240px)), calc(100vw - 160px)\" srcset=\"https:\/\/lbs.se\/wp-content\/uploads\/sites\/15\/2025\/08\/lbsbilderwebbmodellavtal-till-juni-2030kortai-och-webbutveckling-400x300.jpg 400w, https:\/\/lbs.se\/wp-content\/uploads\/sites\/15\/2025\/08\/lbsbilderwebbmodellavtal-till-juni-2030kortai-och-webbutveckling-300x225.jpg 300w, https:\/\/lbs.se\/wp-content\/uploads\/sites\/15\/2025\/08\/lbsbilderwebbmodellavtal-till-juni-2030kortai-och-webbutveckling-600x450.jpg 600w, https:\/\/lbs.se\/wp-content\/uploads\/sites\/15\/2025\/08\/lbsbilderwebbmodellavtal-till-juni-2030kortai-och-webbutveckling-800x600.jpg 800w, https:\/\/lbs.se\/wp-content\/uploads\/sites\/15\/2025\/08\/lbsbilderwebbmodellavtal-till-juni-2030kortai-och-webbutveckling-1024x768.jpg 1024w, https:\/\/lbs.se\/wp-content\/uploads\/sites\/15\/2025\/08\/lbsbilderwebbmodellavtal-till-juni-2030kortai-och-webbutveckling-768x576.jpg 768w, https:\/\/lbs.se\/wp-content\/uploads\/sites\/15\/2025\/08\/lbsbilderwebbmodellavtal-till-juni-2030kortai-och-webbutveckling.jpg 1080w\" \/>\n\t\t\t\t<\/div>\n\t\t\t<\/article>\n\t\t<\/li>\n\t\t\t<li class=\"l-col-6@md l-col-4@lg\">\n\t\t\t<article class=\"c-card has-media-zoom  \"\n\t\t\t\t\t\tdata-variant=\"\"\n\t\t\t\t\t\tdata-style=\"square\"\n\t\t\t\t\t\tdata-click-area>\n\t\t\t\t<div class=\"c-card__content l-stack l-stack-sm\">\n\t\t\t\t\t\t\t\t\t\t\t<h2 class=\"c-card__title u-font-title-3\">\n\t\t\t\t\t\t\t\t\t\t\t\t\t\t\t<a class=\"c-card__title-link\" href=\"https:\/\/lbs.se\/kungsbacka\/program\/teknikprogrammet\/spelutveckling\/\">\n\t\t\t\t\t\t\t\t\tSpelutveckling\n\t\t\t\t\t\t\t\t<\/a>\n\t\t\t\t\t\t\t\t\t\t\t\t\t<\/h2>\n\t\t\t\t\t\n\t\t\t\t\t\n\t\t\t\t\t\t\t\t\t\t\t\t\t\t\t\t<ul class=\"c-card__list u-list-none l-stack-grow u-divider-top u-font-body\">\n\t\t\t\t\t\t\t\t\t\t\t\t\t\t\t<li>\n\t\t\t\t\t\t\t\t\t<strong>Program<\/strong>\n\t\t\t\t\t\t\t\t\t<ul class=\"u-list-dash\">\n\t\t\t\t\t\t\t\t\t\t\t\t\t\t\t\t\t\t\t\t\t<li>Teknikprogrammet<\/li>\n\t\t\t\t\t\t\t\t\t\t\t\t\t\t\t\t\t\t\t<\/ul>\n\t\t\t\t\t\t\t\t<\/li>\n\t\t\t\t\t\t\t\n\t\t\t\t\t\t\t\t\t\t\t\t\t\t\t\t\t\t\t\t\t\t\t\t<li>\n\t\t\t\t\t\t\t\t\t\t<strong>Inriktning<\/strong>\n\t\t\t\t\t\t\t\t\t\t<ul class=\"u-list-dash\">\n\t\t\t\t\t\t\t\t\t\t\t\t\t\t\t\t\t\t\t\t\t\t\t<li>Design och produktutveckling<\/li>\n\t\t\t\t\t\t\t\t\t\t\t\t\t\t\t\t\t\t\t\t\t<\/ul>\n\t\t\t\t\t\t\t\t\t<\/li>\n\t\t\t\t\t\t\t\t\t\t\t\t\t\t\t\t\t\t\t\t\t<\/ul>\n\n\t\t\t\t\t\t<div class=\"c-card__icon c-card__icon--nl\">\n\t\t\t\t\t\t\t\t\t\t\t\t\t\t<svg class=\"ams-icon ams-icon--arrow-right\" width=\"32\" height=\"32\" viewbox=\"0 0 32 32\" fill=\"currentColor\" aria-hidden=\"true\" xmlns=\"http:\/\/www.w3.org\/2000\/svg\">\n\t\t\t\t\t\t\t\t<path d=\"M19.3034 28L15.7415 24.4853L20.1077 20.2336L22.8079 17.966L22.7505 17.7392L17.6374 18.0794H0V12.8639H17.6374L22.7505 13.2041L22.8079 12.9773L20.1077 10.7098L15.7415 6.51474L19.3034 3L32 15.5283L19.3034 28Z\"\/>\n\t\t\t\t\t\t\t<\/svg>\n\t\t\t\t\t\t<\/div>\n\t\t\t\t\t\t\t\t\t<\/div>\n\t\t\t\t<div class=\"c-card__media \" style=\" \">\n\t\t\t\t\t<img decoding=\"async\" width=\"400\" height=\"300\" src=\"https:\/\/lbs.se\/wp-content\/uploads\/sites\/15\/2023\/06\/lbsbilderwebbmodellavtal-till-juni-2030kortspelutveckling-14-400x300.jpg\" class=\"attachment-sm size-sm wp-post-image\" alt=\"Elev programmerar spel p\u00e5 b\u00e4rbar dator.\" sizes=\"(min-width: 64em) 300px, (min-width: 48em) calc(.50 * (100vw - 240px)), calc(100vw - 160px)\" srcset=\"https:\/\/lbs.se\/wp-content\/uploads\/sites\/15\/2023\/06\/lbsbilderwebbmodellavtal-till-juni-2030kortspelutveckling-14-400x300.jpg 400w, https:\/\/lbs.se\/wp-content\/uploads\/sites\/15\/2023\/06\/lbsbilderwebbmodellavtal-till-juni-2030kortspelutveckling-14-300x225.jpg 300w, https:\/\/lbs.se\/wp-content\/uploads\/sites\/15\/2023\/06\/lbsbilderwebbmodellavtal-till-juni-2030kortspelutveckling-14-600x450.jpg 600w, https:\/\/lbs.se\/wp-content\/uploads\/sites\/15\/2023\/06\/lbsbilderwebbmodellavtal-till-juni-2030kortspelutveckling-14-800x600.jpg 800w, https:\/\/lbs.se\/wp-content\/uploads\/sites\/15\/2023\/06\/lbsbilderwebbmodellavtal-till-juni-2030kortspelutveckling-14-1024x768.jpg 1024w, https:\/\/lbs.se\/wp-content\/uploads\/sites\/15\/2023\/06\/lbsbilderwebbmodellavtal-till-juni-2030kortspelutveckling-14-768x576.jpg 768w, https:\/\/lbs.se\/wp-content\/uploads\/sites\/15\/2023\/06\/lbsbilderwebbmodellavtal-till-juni-2030kortspelutveckling-14.jpg 1080w\" \/>\n\t\t\t\t<\/div>\n\t\t\t<\/article>\n\t\t<\/li>\n\t<\/ul>\n\t\n\n\t\t\t<\/div>\n\n\t\t\n\n<\/section>\n\n\n\n\t<div class=\"module_wrapper ams_remote_pages_module \">\n\t\t\n\n<section  class=\"ams-cta ams-cta--stacked c-block l-stacked\" data-color-scheme=\"new-pink-dark\">\n\t<div class=\"l-container-narrow l-stack l-stack-fluid-2xl u-pt-fluid-3xl-6xl u-pb-fluid-3xl-6xl is-center is-center@md\">\n\t\t\t\t\t<div class=\"ams-cta__intro l-stack l-stack-lg\">\n\t\t\t\t\t\n\t<h2\n\tclass=\"c-heading u-font-title-1 \"\n\tstyle=\"\">\n\t\t\n\t\t\t\t\tBES\u00d6K OSS\n\t\t\t\t\n\t<\/h2>\n\n\t\t\t\t\t\t\t\t\t<div class=\"c-text l-stack u-cs-xl u-font-body\">\n\t\t\t\t\t\t<p><span data-sheets-value=\"{&quot;1&quot;:2,&quot;2&quot;:&quot;Vill du veta mer om oss p\u00e5 LBS Kreativa Gymnasiet Bor\u00e5s? Bes\u00f6k oss p\u00e5 \u00d6ppet hus eller som Elev f\u00f6r en dag s\u00e5 f\u00e5r du l\u00e4ra k\u00e4nna oss b\u00e4ttre. V\u00e4lkommen!&quot;}\" data-sheets-userformat=\"{&quot;2&quot;:5027,&quot;3&quot;:{&quot;1&quot;:0},&quot;4&quot;:{&quot;1&quot;:2,&quot;2&quot;:13228792},&quot;8&quot;:{&quot;1&quot;:[{&quot;1&quot;:2,&quot;2&quot;:0,&quot;5&quot;:{&quot;1&quot;:2,&quot;2&quot;:0}},{&quot;1&quot;:0,&quot;2&quot;:0,&quot;3&quot;:3},{&quot;1&quot;:1,&quot;2&quot;:0,&quot;4&quot;:1}]},&quot;10&quot;:0,&quot;11&quot;:4,&quot;12&quot;:0,&quot;15&quot;:&quot;Montserrat&quot;}\">Vill du veta mer om oss p\u00e5 LBS Kreativa Gymnasiet Kungsbacka? Bes\u00f6k oss p\u00e5 \u00d6ppet hus eller som Elev f\u00f6r en dag s\u00e5 f\u00e5r du l\u00e4ra k\u00e4nna oss b\u00e4ttre. V\u00e4lkommen!<\/span><\/p>\n\n\t\t\t\t\t<\/div>\n\t\t\t\t\t\t\t<\/div>\n\t\t\n\t\t\n\t\t\t<div class=\"ams-cta__action u-inline-items\">\n\t\t\t\t\t\t\t\n\n\n<a href=\"https:\/\/lbs.se\/kungsbacka\/oppet-hus\/\"\n\t\n\tclass=\"c-btn \"\n\tdata-style=\"square\"\n\tdata-size=\"md\"\n\tdata-width=\"full-mobile\"\n\tdata-variant=\"default\"\n\ttarget=\"_self\">\n\t\t\t<span class=\"label\"> Kom p\u00e5 \u00f6ppet hus<\/span>\n\t\t\t<\/a>\n\t\t\t\t\t\t\t\n\n\n<a href=\"https:\/\/lbs.se\/kungsbacka\/elev-for-en-dag\/\"\n\t\n\tclass=\"c-btn \"\n\tdata-style=\"square\"\n\tdata-size=\"md\"\n\tdata-width=\"full-mobile\"\n\tdata-variant=\"outline\"\n\ttarget=\"_self\">\n\t\t\t<span class=\"label\"> Bli elev f\u00f6r en dag<\/span>\n\t\t\t<\/a>\n\t\t\t<\/div>\n\t<\/div>\n\n\t\t\n\n<\/section>\n<div\n\t\n\tclass=\"\n\tc-separator\n\tc-separator--line\n\tc-separator--center\n\tc-separator--center@md\n\t\n\tu-mt-fluid-Ingen\n\tu-mb-fluid-Ingen\n\t\n\t\"\n\tstyle=\"\n\t--width-desk: 100%;\n\t--width-mob: 100%;\n\t--height-desk: 30px;\n\t--height-mob: 30px;\n\t--style: solid;\n\t--color: #FF0079;\n\t\">\n\t\t\t<div class=\"c-separator__line\"><\/div>\n\t<\/div>\n\t<\/div>\n\n\t","protected":false},"excerpt":{"rendered":"","protected":false},"author":1,"featured_media":0,"parent":0,"menu_order":0,"comment_status":"closed","ping_status":"closed","template":"","meta":{"footnotes":""},"yoast_head":"<!-- This site is optimized with the Yoast SEO plugin v22.0 - https:\/\/yoast.com\/wordpress\/plugins\/seo\/ -->\n<title>Program - LBS Gymnasium Kungsbacka<\/title>\n<meta name=\"description\" content=\"H\u00e4r p\u00e5 LBS Kreativa Gymnasiet Kungsbacka kan du l\u00e4sa Estetiska programmet eller Teknikprogrammet. V\u00e4lkommen till LBS Gymnasium!\" \/>\n<meta name=\"robots\" content=\"index, follow, max-snippet:-1, max-image-preview:large, max-video-preview:-1\" \/>\n<link rel=\"canonical\" href=\"https:\/\/lbs.se\/kungsbacka\/program\/\" \/>\n<meta property=\"og:locale\" content=\"sv_SE\" \/>\n<meta property=\"og:type\" content=\"article\" \/>\n<meta property=\"og:title\" content=\"Program - LBS Gymnasium Kungsbacka\" \/>\n<meta property=\"og:description\" content=\"H\u00e4r p\u00e5 LBS Kreativa Gymnasiet Kungsbacka kan du l\u00e4sa Estetiska programmet eller Teknikprogrammet. V\u00e4lkommen till LBS Gymnasium!\" \/>\n<meta property=\"og:url\" content=\"https:\/\/lbs.se\/kungsbacka\/program\/\" \/>\n<meta property=\"og:site_name\" content=\"Kungsbacka\" \/>\n<meta property=\"article:modified_time\" content=\"2025-06-23T09:47:17+00:00\" \/>\n<meta name=\"twitter:card\" content=\"summary_large_image\" \/>\n<meta name=\"twitter:title\" content=\"Program - LBS Gymnasium Kungsbacka\" \/>\n<meta name=\"twitter:description\" content=\"H\u00e4r p\u00e5 LBS Kreativa Gymnasiet Kungsbacka kan du l\u00e4sa Estetiska programmet eller Teknikprogrammet. V\u00e4lkommen till LBS Gymnasium!\" \/>\n<meta name=\"twitter:label1\" content=\"Ber\u00e4knad l\u00e4stid\" \/>\n\t<meta name=\"twitter:data1\" content=\"1 minut\" \/>\n<script type=\"application\/ld+json\" class=\"yoast-schema-graph\">{\"@context\":\"https:\/\/schema.org\",\"@graph\":[{\"@type\":\"WebPage\",\"@id\":\"https:\/\/lbs.se\/kungsbacka\/program\/\",\"url\":\"https:\/\/lbs.se\/kungsbacka\/program\/\",\"name\":\"Program - LBS Gymnasium Kungsbacka\",\"isPartOf\":{\"@id\":\"https:\/\/lbs.se\/kungsbacka\/#website\"},\"datePublished\":\"2022-09-22T09:19:34+00:00\",\"dateModified\":\"2025-06-23T09:47:17+00:00\",\"description\":\"H\u00e4r p\u00e5 LBS Kreativa Gymnasiet Kungsbacka kan du l\u00e4sa Estetiska programmet eller Teknikprogrammet. V\u00e4lkommen till LBS Gymnasium!\",\"breadcrumb\":{\"@id\":\"https:\/\/lbs.se\/kungsbacka\/program\/#breadcrumb\"},\"inLanguage\":\"sv-SE\",\"potentialAction\":[{\"@type\":\"ReadAction\",\"target\":[\"https:\/\/lbs.se\/kungsbacka\/program\/\"]}]},{\"@type\":\"BreadcrumbList\",\"@id\":\"https:\/\/lbs.se\/kungsbacka\/program\/#breadcrumb\",\"itemListElement\":[{\"@type\":\"ListItem\",\"position\":1,\"name\":\"Start\",\"item\":\"https:\/\/lbs.se\/kungsbacka\/\"},{\"@type\":\"ListItem\",\"position\":2,\"name\":\"Program\"}]},{\"@type\":\"WebSite\",\"@id\":\"https:\/\/lbs.se\/kungsbacka\/#website\",\"url\":\"https:\/\/lbs.se\/kungsbacka\/\",\"name\":\"Kungsbacka\",\"description\":\"LBS Kreativa Gymnasiet\",\"potentialAction\":[{\"@type\":\"SearchAction\",\"target\":{\"@type\":\"EntryPoint\",\"urlTemplate\":\"https:\/\/lbs.se\/kungsbacka\/?s={search_term_string}\"},\"query-input\":\"required name=search_term_string\"}],\"inLanguage\":\"sv-SE\"}]}<\/script>\n<!-- \/ Yoast SEO plugin. -->","yoast_head_json":{"title":"Program - LBS Gymnasium Kungsbacka","description":"H\u00e4r p\u00e5 LBS Kreativa Gymnasiet Kungsbacka kan du l\u00e4sa Estetiska programmet eller Teknikprogrammet. V\u00e4lkommen till LBS Gymnasium!","robots":{"index":"index","follow":"follow","max-snippet":"max-snippet:-1","max-image-preview":"max-image-preview:large","max-video-preview":"max-video-preview:-1"},"canonical":"https:\/\/lbs.se\/kungsbacka\/program\/","og_locale":"sv_SE","og_type":"article","og_title":"Program - LBS Gymnasium Kungsbacka","og_description":"H\u00e4r p\u00e5 LBS Kreativa Gymnasiet Kungsbacka kan du l\u00e4sa Estetiska programmet eller Teknikprogrammet. V\u00e4lkommen till LBS Gymnasium!","og_url":"https:\/\/lbs.se\/kungsbacka\/program\/","og_site_name":"Kungsbacka","article_modified_time":"2025-06-23T09:47:17+00:00","twitter_card":"summary_large_image","twitter_title":"Program - LBS Gymnasium Kungsbacka","twitter_description":"H\u00e4r p\u00e5 LBS Kreativa Gymnasiet Kungsbacka kan du l\u00e4sa Estetiska programmet eller Teknikprogrammet. V\u00e4lkommen till LBS Gymnasium!","twitter_misc":{"Ber\u00e4knad l\u00e4stid":"1 minut"},"schema":{"@context":"https:\/\/schema.org","@graph":[{"@type":"WebPage","@id":"https:\/\/lbs.se\/kungsbacka\/program\/","url":"https:\/\/lbs.se\/kungsbacka\/program\/","name":"Program - LBS Gymnasium Kungsbacka","isPartOf":{"@id":"https:\/\/lbs.se\/kungsbacka\/#website"},"datePublished":"2022-09-22T09:19:34+00:00","dateModified":"2025-06-23T09:47:17+00:00","description":"H\u00e4r p\u00e5 LBS Kreativa Gymnasiet Kungsbacka kan du l\u00e4sa Estetiska programmet eller Teknikprogrammet. V\u00e4lkommen till LBS Gymnasium!","breadcrumb":{"@id":"https:\/\/lbs.se\/kungsbacka\/program\/#breadcrumb"},"inLanguage":"sv-SE","potentialAction":[{"@type":"ReadAction","target":["https:\/\/lbs.se\/kungsbacka\/program\/"]}]},{"@type":"BreadcrumbList","@id":"https:\/\/lbs.se\/kungsbacka\/program\/#breadcrumb","itemListElement":[{"@type":"ListItem","position":1,"name":"Start","item":"https:\/\/lbs.se\/kungsbacka\/"},{"@type":"ListItem","position":2,"name":"Program"}]},{"@type":"WebSite","@id":"https:\/\/lbs.se\/kungsbacka\/#website","url":"https:\/\/lbs.se\/kungsbacka\/","name":"Kungsbacka","description":"LBS Kreativa Gymnasiet","potentialAction":[{"@type":"SearchAction","target":{"@type":"EntryPoint","urlTemplate":"https:\/\/lbs.se\/kungsbacka\/?s={search_term_string}"},"query-input":"required name=search_term_string"}],"inLanguage":"sv-SE"}]}},"_links":{"self":[{"href":"https:\/\/lbs.se\/kungsbacka\/wp-json\/wp\/v2\/pages\/456"}],"collection":[{"href":"https:\/\/lbs.se\/kungsbacka\/wp-json\/wp\/v2\/pages"}],"about":[{"href":"https:\/\/lbs.se\/kungsbacka\/wp-json\/wp\/v2\/types\/page"}],"author":[{"embeddable":true,"href":"https:\/\/lbs.se\/kungsbacka\/wp-json\/wp\/v2\/users\/1"}],"replies":[{"embeddable":true,"href":"https:\/\/lbs.se\/kungsbacka\/wp-json\/wp\/v2\/comments?post=456"}],"version-history":[{"count":10,"href":"https:\/\/lbs.se\/kungsbacka\/wp-json\/wp\/v2\/pages\/456\/revisions"}],"predecessor-version":[{"id":2023,"href":"https:\/\/lbs.se\/kungsbacka\/wp-json\/wp\/v2\/pages\/456\/revisions\/2023"}],"wp:attachment":[{"href":"https:\/\/lbs.se\/kungsbacka\/wp-json\/wp\/v2\/media?parent=456"}],"curies":[{"name":"wp","href":"https:\/\/api.w.org\/{rel}","templated":true}]}}