{"id":2205,"date":"2026-03-18T13:33:20","date_gmt":"2026-03-18T12:33:20","guid":{"rendered":"https:\/\/lbs.se\/kungsbacka\/?page_id=2205"},"modified":"2026-03-18T15:12:22","modified_gmt":"2026-03-18T14:12:22","slug":"lbs-awards","status":"publish","type":"page","link":"https:\/\/lbs.se\/kungsbacka\/lbs-awards\/","title":{"rendered":"LBS Awards"},"content":{"rendered":"\n\t\n\t\n\t\n\t\n\t\n\n<section \n\tclass=\"ams-hero ams-hero--classic ams-hero--75 c-block l-stacked  \"\n\tdata-color-scheme=\"\"\n\tstyle=\"\">\n\t<div class=\"ams-hero__container u-items-center u-justify-center\">\n\t\t<div\n\t\t\tclass=\"ams-hero__content l-stack l-stack-xl is-center is-center@md\" >\n\t\t\t<div class=\"l-stack l-stack-lg\">\n\t\t\t\t\n\t\t\t\t\t\t\t<\/div>\n\n\t\t\t\t\t<\/div>\n\t<\/div>\n\n\t\n\t\t\t\n\t\t\t\t\t\t\t\n\t\t\t\t<div class=\"c-bg c-bg--img\" data-settings=\"{&quot;desktop_settings&quot;:{&quot;size&quot;:&quot;cover&quot;,&quot;position&quot;:&quot;middle-center&quot;},&quot;mobile_settings&quot;:{&quot;size&quot;:&quot;cover&quot;,&quot;position&quot;:&quot;middle-center&quot;}}\" data-position=\"middle-center\" data-size=\"cover\">\n\t\t\t<picture><source media=\"(min-width: 48em)\" srcset=\"https:\/\/lbs.se\/wp-content\/uploads\/sites\/15\/2026\/03\/lbsawardssamladheader-1.jpg 1920w, https:\/\/lbs.se\/wp-content\/uploads\/sites\/15\/2026\/03\/lbsawardssamladheader-1-300x169.jpg 300w, https:\/\/lbs.se\/wp-content\/uploads\/sites\/15\/2026\/03\/lbsawardssamladheader-1-400x225.jpg 400w, https:\/\/lbs.se\/wp-content\/uploads\/sites\/15\/2026\/03\/lbsawardssamladheader-1-600x338.jpg 600w, https:\/\/lbs.se\/wp-content\/uploads\/sites\/15\/2026\/03\/lbsawardssamladheader-1-800x450.jpg 800w, https:\/\/lbs.se\/wp-content\/uploads\/sites\/15\/2026\/03\/lbsawardssamladheader-1-1024x576.jpg 1024w, https:\/\/lbs.se\/wp-content\/uploads\/sites\/15\/2026\/03\/lbsawardssamladheader-1-1200x675.jpg 1200w\" sizes=\"(max-width: 1920px) 100vw, 1920px\" \/><source srcset=\"https:\/\/lbs.se\/wp-content\/uploads\/sites\/15\/2026\/03\/gaia-mama-mobilvy2-768x576.png\" sizes=\"(max-width: 768px) 100vw, 768px\" \/><img decoding=\"async\" width=\"1920\" height=\"1080\" src=\"https:\/\/lbs.se\/wp-content\/uploads\/sites\/15\/2026\/03\/lbsawardssamladheader-1.jpg\" class=\"attachment-hero-lg size-hero-lg\" alt=\"gaia mama awards\" sizes=\"(max-width: 1920px) 100vw, 1920px\" srcset=\"https:\/\/lbs.se\/wp-content\/uploads\/sites\/15\/2026\/03\/lbsawardssamladheader-1.jpg 1920w, https:\/\/lbs.se\/wp-content\/uploads\/sites\/15\/2026\/03\/lbsawardssamladheader-1-300x169.jpg 300w, https:\/\/lbs.se\/wp-content\/uploads\/sites\/15\/2026\/03\/lbsawardssamladheader-1-400x225.jpg 400w, https:\/\/lbs.se\/wp-content\/uploads\/sites\/15\/2026\/03\/lbsawardssamladheader-1-600x338.jpg 600w, https:\/\/lbs.se\/wp-content\/uploads\/sites\/15\/2026\/03\/lbsawardssamladheader-1-800x450.jpg 800w, https:\/\/lbs.se\/wp-content\/uploads\/sites\/15\/2026\/03\/lbsawardssamladheader-1-1024x576.jpg 1024w, https:\/\/lbs.se\/wp-content\/uploads\/sites\/15\/2026\/03\/lbsawardssamladheader-1-1200x675.jpg 1200w\" \/><\/picture>\n\t\t<\/div>\n\t\n<\/section>\n\n\n\n\n<section  class=\"ams-cta ams-cta--stacked c-block l-stacked\" data-color-scheme=\"new-standard-dark\">\n\t<div class=\"l-container l-stack l-stack-fluid-2xl u-pt-fluid-3xl-6xl u-pb-fluid-3xl-6xl is-center is-center@md\">\n\t\t\t\t\t<div class=\"ams-cta__intro l-stack l-stack-lg\">\n\t\t\t\t\t\n\t<h1\n\tclass=\"c-heading u-font-title-1 \"\n\tstyle=\"\">\n\t\t\n\t\t\t\t\tLBS AWARDS\n\t\t\t\t\n\t<\/h1>\n\n\t\t\t\t\t\t\t\t\t<div class=\"c-text l-stack u-cs-xl u-font-body\">\n\t\t\t\t\t\t<p><span data-sheets-value=\"{&quot;1&quot;:2,&quot;2&quot;:&quot;LBS Awards \u00e4r v\u00e5rens stora t\u00e4vlingar och galor. H\u00e4r samlas LBS elever fr\u00e5n hela landet f\u00f6r att t\u00e4vla mot varandra i olika kategorier och hylla varandras kreativa arbeten.&quot;}\" data-sheets-userformat=\"{&quot;2&quot;:5025,&quot;3&quot;:{&quot;1&quot;:0},&quot;8&quot;:{&quot;1&quot;:[{&quot;1&quot;:2,&quot;2&quot;:0,&quot;5&quot;:{&quot;1&quot;:2,&quot;2&quot;:0}},{&quot;1&quot;:0,&quot;2&quot;:0,&quot;3&quot;:3},{&quot;1&quot;:1,&quot;2&quot;:0,&quot;4&quot;:1}]},&quot;10&quot;:0,&quot;11&quot;:4,&quot;12&quot;:0,&quot;15&quot;:&quot;Montserrat&quot;}\">LBS Awards \u00e4r v\u00e5rens stora t\u00e4vlingar och galor. H\u00e4r samlas LBS elever fr\u00e5n hela landet f\u00f6r att t\u00e4vla mot varandra i olika kategorier. P\u00e5 Game and Innovation Awards hyllar vi v\u00e5ra webbutvecklare, spelgrafiker och spelutvecklare! P\u00e5 Music and Media Awards hyllar vi v\u00e5ra elever som l\u00e4ser Digital Design, Grafisk Design, Foto &amp; Film och Musik.\u00a0<\/span><\/p>\n<p>Uppt\u00e4ck mer om LBS Awards!<\/p>\n\n\t\t\t\t\t<\/div>\n\t\t\t\t\t\t\t<\/div>\n\t\t\n\t\t\n\t\t\t<div class=\"ams-cta__action u-inline-items\">\n\t\t\t\t\t\t\t\n\n\n<a href=\"https:\/\/lbs.se\/kungsbacka\/game-awards\/\"\n\t\n\tclass=\"c-btn \"\n\tdata-style=\"square\"\n\tdata-size=\"md\"\n\tdata-width=\"full-mobile\"\n\tdata-variant=\"default\"\n\ttarget=\"_self\">\n\t\t\t<span class=\"label\"> Game and Innovation Awards<\/span>\n\t\t\t<\/a>\n\t\t\t\t\t\t\t\n\n\n<a href=\"https:\/\/lbs.se\/kungsbacka\/music-and-media-awards\/\"\n\t\n\tclass=\"c-btn \"\n\tdata-style=\"square\"\n\tdata-size=\"md\"\n\tdata-width=\"full-mobile\"\n\tdata-variant=\"default\"\n\ttarget=\"_self\">\n\t\t\t<span class=\"label\"> Music and Media Awards<\/span>\n\t\t\t<\/a>\n\t\t\t<\/div>\n\t<\/div>\n\n\t\t\n\n<\/section>\n\n\n<div\n\t\n\tclass=\"\n\tc-separator\n\tc-separator--line\n\tc-separator--center\n\tc-separator--center@md\n\t\n\tu-mt-fluid-Ingen\n\tu-mb-fluid-Ingen\n\t\n\t\"\n\tstyle=\"\n\t--width-desk: 100%;\n\t--width-mob: 100%;\n\t\n\t\n\t--style: solid;\n\t\n\t\">\n\t\t\t<div class=\"c-separator__line\"><\/div>\n\t<\/div>\n","protected":false},"excerpt":{"rendered":"","protected":false},"author":59,"featured_media":0,"parent":0,"menu_order":0,"comment_status":"closed","ping_status":"closed","template":"","meta":{"footnotes":""},"yoast_head":"<!-- This site is optimized with the Yoast SEO plugin v22.0 - https:\/\/yoast.com\/wordpress\/plugins\/seo\/ -->\n<title>Kungsbacka<\/title>\n<meta name=\"description\" content=\"LBS Awards - v\u00e5rens stora t\u00e4vlingar och galor. H\u00e4r samlas LBS elever fr\u00e5n hela landet f\u00f6r att t\u00e4vla mot varandra i olika kategorier.\" \/>\n<meta name=\"robots\" content=\"index, follow, max-snippet:-1, max-image-preview:large, max-video-preview:-1\" \/>\n<link rel=\"canonical\" href=\"https:\/\/lbs.se\/kungsbacka\/lbs-awards\/\" \/>\n<meta property=\"og:locale\" content=\"sv_SE\" \/>\n<meta property=\"og:type\" content=\"article\" \/>\n<meta property=\"og:description\" content=\"LBS Awards - v\u00e5rens stora t\u00e4vlingar och galor. H\u00e4r samlas LBS elever fr\u00e5n hela landet f\u00f6r att t\u00e4vla mot varandra i olika kategorier.\" \/>\n<meta property=\"og:url\" content=\"https:\/\/lbs.se\/kungsbacka\/lbs-awards\/\" \/>\n<meta property=\"og:site_name\" content=\"Kungsbacka\" \/>\n<meta property=\"article:modified_time\" content=\"2026-03-18T14:12:22+00:00\" \/>\n<meta name=\"twitter:card\" content=\"summary_large_image\" \/>\n<meta name=\"twitter:description\" content=\"LBS Awards - v\u00e5rens stora t\u00e4vlingar och galor. H\u00e4r samlas LBS elever fr\u00e5n hela landet f\u00f6r att t\u00e4vla mot varandra i olika kategorier.\" \/>\n<meta name=\"twitter:label1\" content=\"Ber\u00e4knad l\u00e4stid\" \/>\n\t<meta name=\"twitter:data1\" content=\"1 minut\" \/>\n<script type=\"application\/ld+json\" class=\"yoast-schema-graph\">{\"@context\":\"https:\/\/schema.org\",\"@graph\":[{\"@type\":\"WebPage\",\"@id\":\"https:\/\/lbs.se\/kungsbacka\/lbs-awards\/\",\"url\":\"https:\/\/lbs.se\/kungsbacka\/lbs-awards\/\",\"name\":\"LBS Awards - Kungsbacka\",\"isPartOf\":{\"@id\":\"https:\/\/lbs.se\/kungsbacka\/#website\"},\"datePublished\":\"2026-03-18T12:33:20+00:00\",\"dateModified\":\"2026-03-18T14:12:22+00:00\",\"description\":\"LBS Awards - v\u00e5rens stora t\u00e4vlingar och galor. H\u00e4r samlas LBS elever fr\u00e5n hela landet f\u00f6r att t\u00e4vla mot varandra i olika kategorier.\",\"breadcrumb\":{\"@id\":\"https:\/\/lbs.se\/kungsbacka\/lbs-awards\/#breadcrumb\"},\"inLanguage\":\"sv-SE\",\"potentialAction\":[{\"@type\":\"ReadAction\",\"target\":[\"https:\/\/lbs.se\/kungsbacka\/lbs-awards\/\"]}]},{\"@type\":\"BreadcrumbList\",\"@id\":\"https:\/\/lbs.se\/kungsbacka\/lbs-awards\/#breadcrumb\",\"itemListElement\":[{\"@type\":\"ListItem\",\"position\":1,\"name\":\"Start\",\"item\":\"https:\/\/lbs.se\/kungsbacka\/\"},{\"@type\":\"ListItem\",\"position\":2,\"name\":\"LBS Awards\"}]},{\"@type\":\"WebSite\",\"@id\":\"https:\/\/lbs.se\/kungsbacka\/#website\",\"url\":\"https:\/\/lbs.se\/kungsbacka\/\",\"name\":\"Kungsbacka\",\"description\":\"LBS Kreativa Gymnasiet\",\"potentialAction\":[{\"@type\":\"SearchAction\",\"target\":{\"@type\":\"EntryPoint\",\"urlTemplate\":\"https:\/\/lbs.se\/kungsbacka\/?s={search_term_string}\"},\"query-input\":\"required name=search_term_string\"}],\"inLanguage\":\"sv-SE\"}]}<\/script>\n<!-- \/ Yoast SEO plugin. -->","yoast_head_json":{"title":"Kungsbacka","description":"LBS Awards - v\u00e5rens stora t\u00e4vlingar och galor. H\u00e4r samlas LBS elever fr\u00e5n hela landet f\u00f6r att t\u00e4vla mot varandra i olika kategorier.","robots":{"index":"index","follow":"follow","max-snippet":"max-snippet:-1","max-image-preview":"max-image-preview:large","max-video-preview":"max-video-preview:-1"},"canonical":"https:\/\/lbs.se\/kungsbacka\/lbs-awards\/","og_locale":"sv_SE","og_type":"article","og_description":"LBS Awards - v\u00e5rens stora t\u00e4vlingar och galor. H\u00e4r samlas LBS elever fr\u00e5n hela landet f\u00f6r att t\u00e4vla mot varandra i olika kategorier.","og_url":"https:\/\/lbs.se\/kungsbacka\/lbs-awards\/","og_site_name":"Kungsbacka","article_modified_time":"2026-03-18T14:12:22+00:00","twitter_card":"summary_large_image","twitter_description":"LBS Awards - v\u00e5rens stora t\u00e4vlingar och galor. H\u00e4r samlas LBS elever fr\u00e5n hela landet f\u00f6r att t\u00e4vla mot varandra i olika kategorier.","twitter_misc":{"Ber\u00e4knad l\u00e4stid":"1 minut"},"schema":{"@context":"https:\/\/schema.org","@graph":[{"@type":"WebPage","@id":"https:\/\/lbs.se\/kungsbacka\/lbs-awards\/","url":"https:\/\/lbs.se\/kungsbacka\/lbs-awards\/","name":"LBS Awards - Kungsbacka","isPartOf":{"@id":"https:\/\/lbs.se\/kungsbacka\/#website"},"datePublished":"2026-03-18T12:33:20+00:00","dateModified":"2026-03-18T14:12:22+00:00","description":"LBS Awards - v\u00e5rens stora t\u00e4vlingar och galor. H\u00e4r samlas LBS elever fr\u00e5n hela landet f\u00f6r att t\u00e4vla mot varandra i olika kategorier.","breadcrumb":{"@id":"https:\/\/lbs.se\/kungsbacka\/lbs-awards\/#breadcrumb"},"inLanguage":"sv-SE","potentialAction":[{"@type":"ReadAction","target":["https:\/\/lbs.se\/kungsbacka\/lbs-awards\/"]}]},{"@type":"BreadcrumbList","@id":"https:\/\/lbs.se\/kungsbacka\/lbs-awards\/#breadcrumb","itemListElement":[{"@type":"ListItem","position":1,"name":"Start","item":"https:\/\/lbs.se\/kungsbacka\/"},{"@type":"ListItem","position":2,"name":"LBS Awards"}]},{"@type":"WebSite","@id":"https:\/\/lbs.se\/kungsbacka\/#website","url":"https:\/\/lbs.se\/kungsbacka\/","name":"Kungsbacka","description":"LBS Kreativa Gymnasiet","potentialAction":[{"@type":"SearchAction","target":{"@type":"EntryPoint","urlTemplate":"https:\/\/lbs.se\/kungsbacka\/?s={search_term_string}"},"query-input":"required name=search_term_string"}],"inLanguage":"sv-SE"}]}},"_links":{"self":[{"href":"https:\/\/lbs.se\/kungsbacka\/wp-json\/wp\/v2\/pages\/2205"}],"collection":[{"href":"https:\/\/lbs.se\/kungsbacka\/wp-json\/wp\/v2\/pages"}],"about":[{"href":"https:\/\/lbs.se\/kungsbacka\/wp-json\/wp\/v2\/types\/page"}],"author":[{"embeddable":true,"href":"https:\/\/lbs.se\/kungsbacka\/wp-json\/wp\/v2\/users\/59"}],"replies":[{"embeddable":true,"href":"https:\/\/lbs.se\/kungsbacka\/wp-json\/wp\/v2\/comments?post=2205"}],"version-history":[{"count":3,"href":"https:\/\/lbs.se\/kungsbacka\/wp-json\/wp\/v2\/pages\/2205\/revisions"}],"predecessor-version":[{"id":2215,"href":"https:\/\/lbs.se\/kungsbacka\/wp-json\/wp\/v2\/pages\/2205\/revisions\/2215"}],"wp:attachment":[{"href":"https:\/\/lbs.se\/kungsbacka\/wp-json\/wp\/v2\/media?parent=2205"}],"curies":[{"name":"wp","href":"https:\/\/api.w.org\/{rel}","templated":true}]}}