{"id":1129,"date":"2023-06-05T08:36:59","date_gmt":"2023-06-05T06:36:59","guid":{"rendered":"https:\/\/lbs.se\/kungsbacka\/?page_id=1129"},"modified":"2025-06-23T11:46:42","modified_gmt":"2025-06-23T09:46:42","slug":"betygsresultat","status":"publish","type":"page","link":"https:\/\/lbs.se\/kungsbacka\/kvalitet\/betygsresultat\/","title":{"rendered":"Betygsresultat"},"content":{"rendered":"\n\t<div class=\"module_wrapper ams_remote_pages_module \">\n\t\t\n\n<section  class=\"ams-cta ams-cta--stacked c-block l-stacked\" data-color-scheme=\"new-standard-dark\">\n\t<div class=\"l-container l-stack l-stack-fluid-2xl u-pt-fluid-3xl-6xl u-pb-fluid-3xl-6xl is-center is-center@md\">\n\t\t\t\t\t<div class=\"ams-cta__intro l-stack l-stack-lg\">\n\t\t\t\t\t\n\t<h1\n\tclass=\"c-heading u-font-title-1 \"\n\tstyle=\"\">\n\t\t\n\t\t\t\t\tV\u00e5ra kvalitetsresultat\n\t\t\t\t\n\t<\/h1>\n\n\t\t\t\t\t\t\t\t\t<div class=\"c-text l-stack u-cs-xl u-font-body\">\n\t\t\t\t\t\t<p>Som en del av det systematiska kvalitetsarbetet sammanfattar huvudman samt varje rektor \u00e5rligen det g\u00e5ngna verksamhets\u00e5ret avseende m\u00e5l, resultat, analyser och strategier i skolans kvalitetsrapport.<\/p>\n\n\t\t\t\t\t<\/div>\n\t\t\t\t\t\t\t<\/div>\n\t\t\n\t\t\n\t\t\t<\/div>\n\n\t\t\n\n<\/section>\n\n\n<section  class=\"ams-cta ams-cta--stacked c-block l-stacked arrow\" data-color-scheme=\"new-blue-light\">\n\t<div class=\"l-container l-stack l-stack-fluid-2xl u-pt-fluid-md-xl u-pb-fluid-md-xl is-center is-center@md\">\n\t\t\t\t\t<div class=\"ams-cta__intro l-stack l-stack-lg\">\n\t\t\t\t\t\n\t<h2\n\tclass=\"c-heading u-font-title-1 \"\n\tstyle=\"\">\n\t\t\n\t\t\t\t\tKVALITETSRAPPORTER <span class=\"highlight\">\u2193<\/span>\n\t\t\t\t\n\t<\/h2>\n\n\t\t\t\t\t\t\t<\/div>\n\t\t\n\t\t\n\t\t\t<\/div>\n\n\t\t\n\n<\/section>\n\n\n<section  class=\"ams-file-manager ams-file-manager--list c-block l-stacked\" data-color-scheme=\"new-blue-dark\">\n\t<div class=\"l-container l-stack l-stack-fluid-2xl u-pt-fluid-2xl-4xl u-pb-fluid-2xl-4xl is-center is-center@md\">\n\t\t\t\t\t<div class=\"ams-file-manager__intro l-stack l-stack-lg\">\n\t\t\t\t\n\t\t\t\t\t\t\t\t\t<div class=\"c-text l-stack u-cs-xl u-font-body\">\n\t\t\t\t\t\t<p><span data-sheets-value=\"{&quot;1&quot;:2,&quot;2&quot;:&quot;Kvalitetsrapporten ger en \u00f6versikt av hur vi arbetar med kvalitet p\u00e5 b\u00e5de skolniv\u00e5 och huvudmannaniv\u00e5. Du kan ladda ner och l\u00e4sa kvalitetsrapporterna nedan.&quot;}\" data-sheets-userformat=\"{&quot;2&quot;:5035,&quot;3&quot;:{&quot;1&quot;:0},&quot;4&quot;:{&quot;1&quot;:2,&quot;2&quot;:15389148},&quot;6&quot;:{&quot;1&quot;:[{&quot;1&quot;:2,&quot;2&quot;:0,&quot;5&quot;:{&quot;1&quot;:2,&quot;2&quot;:0}},{&quot;1&quot;:0,&quot;2&quot;:0,&quot;3&quot;:3},{&quot;1&quot;:1,&quot;2&quot;:0,&quot;4&quot;:1}]},&quot;8&quot;:{&quot;1&quot;:[{&quot;1&quot;:2,&quot;2&quot;:0,&quot;5&quot;:{&quot;1&quot;:2,&quot;2&quot;:0}},{&quot;1&quot;:0,&quot;2&quot;:0,&quot;3&quot;:3},{&quot;1&quot;:1,&quot;2&quot;:0,&quot;4&quot;:1}]},&quot;10&quot;:0,&quot;11&quot;:4,&quot;12&quot;:0,&quot;15&quot;:&quot;Montserrat&quot;}\">Kvalitetsrapporten ger en \u00f6versikt av hur vi arbetar med kvalitet p\u00e5 b\u00e5de skolniv\u00e5 och huvudmannaniv\u00e5. Du kan ladda ner och l\u00e4sa kvalitetsrapporterna nedan.<\/span><\/p>\n\n\t\t\t\t\t<\/div>\n\t\t\t\t\t\t\t<\/div>\n\t\t\n\t\t\t\t\t\t<ul class=\"c-block-list\" data-cols=\"3\">\n\t\t\t\t\t<li class=\"c-block-list__item\">\n\t\t\t\t<a\n\t\t\t\t\tdownload=\"https:\/\/lbs.se\/wp-content\/uploads\/2025\/12\/kr-lbs-ab2425.pdf\"\n\t\t\t\t\thref=\"https:\/\/lbs.se\/wp-content\/uploads\/2025\/12\/kr-lbs-ab2425.pdf\"\n\t\t\t\t\ttitle=\"KR LBS AB_2425\"\n\t\t\t\t\tclass=\"c-block-list__link\">Huvudman 24\/25<\/a>\n\t\t\t<\/li>\n\t\t\t\t\t<li class=\"c-block-list__item\">\n\t\t\t\t<a\n\t\t\t\t\tdownload=\"https:\/\/lbs.se\/wp-content\/uploads\/2025\/10\/kr-2425lbs-boras.pdf\"\n\t\t\t\t\thref=\"https:\/\/lbs.se\/wp-content\/uploads\/2025\/10\/kr-2425lbs-boras.pdf\"\n\t\t\t\t\ttitle=\"KR 2425_LBS Bora\u030as\"\n\t\t\t\t\tclass=\"c-block-list__link\">LBS Bor\u00e5s 24\/25<\/a>\n\t\t\t<\/li>\n\t\t\t\t\t<li class=\"c-block-list__item\">\n\t\t\t\t<a\n\t\t\t\t\tdownload=\"https:\/\/lbs.se\/wp-content\/uploads\/2025\/10\/kr-2425lbs-goteborg.pdf\"\n\t\t\t\t\thref=\"https:\/\/lbs.se\/wp-content\/uploads\/2025\/10\/kr-2425lbs-goteborg.pdf\"\n\t\t\t\t\ttitle=\"KR 2425_LBS Go\u0308teborg\"\n\t\t\t\t\tclass=\"c-block-list__link\">LBS G\u00f6teborg 24\/25<\/a>\n\t\t\t<\/li>\n\t\t\t\t\t<li class=\"c-block-list__item\">\n\t\t\t\t<a\n\t\t\t\t\tdownload=\"https:\/\/lbs.se\/wp-content\/uploads\/2025\/10\/kr-2425lbs-halmstad.pdf\"\n\t\t\t\t\thref=\"https:\/\/lbs.se\/wp-content\/uploads\/2025\/10\/kr-2425lbs-halmstad.pdf\"\n\t\t\t\t\ttitle=\"KR 2425_LBS Halmstad\"\n\t\t\t\t\tclass=\"c-block-list__link\">LBS Halmstad 24\/25<\/a>\n\t\t\t<\/li>\n\t\t\t\t\t<li class=\"c-block-list__item\">\n\t\t\t\t<a\n\t\t\t\t\tdownload=\"https:\/\/lbs.se\/wp-content\/uploads\/2025\/10\/kr-2425lbs-helsingborg.pdf\"\n\t\t\t\t\thref=\"https:\/\/lbs.se\/wp-content\/uploads\/2025\/10\/kr-2425lbs-helsingborg.pdf\"\n\t\t\t\t\ttitle=\"KR 2425_LBS Helsingborg\"\n\t\t\t\t\tclass=\"c-block-list__link\">LBS Helsingborg 24\/25<\/a>\n\t\t\t<\/li>\n\t\t\t\t\t<li class=\"c-block-list__item\">\n\t\t\t\t<a\n\t\t\t\t\tdownload=\"https:\/\/lbs.se\/wp-content\/uploads\/2025\/10\/kr-2425lbs-jonkoping.pdf\"\n\t\t\t\t\thref=\"https:\/\/lbs.se\/wp-content\/uploads\/2025\/10\/kr-2425lbs-jonkoping.pdf\"\n\t\t\t\t\ttitle=\"KR 2425_LBS Jo\u0308nko\u0308ping\"\n\t\t\t\t\tclass=\"c-block-list__link\">LBS J\u00f6nk\u00f6ping 24\/25<\/a>\n\t\t\t<\/li>\n\t\t\t\t\t<li class=\"c-block-list__item\">\n\t\t\t\t<a\n\t\t\t\t\tdownload=\"https:\/\/lbs.se\/wp-content\/uploads\/2025\/10\/kr-2425lbs-kristianstad.pdf\"\n\t\t\t\t\thref=\"https:\/\/lbs.se\/wp-content\/uploads\/2025\/10\/kr-2425lbs-kristianstad.pdf\"\n\t\t\t\t\ttitle=\"KR 2425_LBS Kristianstad\"\n\t\t\t\t\tclass=\"c-block-list__link\">LBS Kristianstad 24\/25<\/a>\n\t\t\t<\/li>\n\t\t\t\t\t<li class=\"c-block-list__item\">\n\t\t\t\t<a\n\t\t\t\t\tdownload=\"https:\/\/lbs.se\/wp-content\/uploads\/2025\/10\/kr-2425lbs-kungsbacka-1.pdf\"\n\t\t\t\t\thref=\"https:\/\/lbs.se\/wp-content\/uploads\/2025\/10\/kr-2425lbs-kungsbacka-1.pdf\"\n\t\t\t\t\ttitle=\"KR 2425_LBS Kungsbacka\"\n\t\t\t\t\tclass=\"c-block-list__link\">LBS Kungsbacka 24\/25<\/a>\n\t\t\t<\/li>\n\t\t\t\t\t<li class=\"c-block-list__item\">\n\t\t\t\t<a\n\t\t\t\t\tdownload=\"https:\/\/lbs.se\/wp-content\/uploads\/2025\/10\/kr-2425lbs-linkoping.pdf\"\n\t\t\t\t\thref=\"https:\/\/lbs.se\/wp-content\/uploads\/2025\/10\/kr-2425lbs-linkoping.pdf\"\n\t\t\t\t\ttitle=\"KR 2425_LBS Linko\u0308ping\"\n\t\t\t\t\tclass=\"c-block-list__link\">LBS Link\u00f6ping 24\/25<\/a>\n\t\t\t<\/li>\n\t\t\t\t\t<li class=\"c-block-list__item\">\n\t\t\t\t<a\n\t\t\t\t\tdownload=\"https:\/\/lbs.se\/wp-content\/uploads\/2025\/10\/kr-2425lbs-lund.pdf\"\n\t\t\t\t\thref=\"https:\/\/lbs.se\/wp-content\/uploads\/2025\/10\/kr-2425lbs-lund.pdf\"\n\t\t\t\t\ttitle=\"KR 2425_LBS Lund\"\n\t\t\t\t\tclass=\"c-block-list__link\">LBS Lund 24\/25<\/a>\n\t\t\t<\/li>\n\t\t\t\t\t<li class=\"c-block-list__item\">\n\t\t\t\t<a\n\t\t\t\t\tdownload=\"https:\/\/lbs.se\/wp-content\/uploads\/2025\/10\/kr-2425lbs-malmo.pdf\"\n\t\t\t\t\thref=\"https:\/\/lbs.se\/wp-content\/uploads\/2025\/10\/kr-2425lbs-malmo.pdf\"\n\t\t\t\t\ttitle=\"KR 2425_LBS Malmo\u0308\"\n\t\t\t\t\tclass=\"c-block-list__link\">LBS Malm\u00f6 24\/25<\/a>\n\t\t\t<\/li>\n\t\t\t\t\t<li class=\"c-block-list__item\">\n\t\t\t\t<a\n\t\t\t\t\tdownload=\"https:\/\/lbs.se\/wp-content\/uploads\/2025\/10\/kr-2425lbs-nykoping.pdf\"\n\t\t\t\t\thref=\"https:\/\/lbs.se\/wp-content\/uploads\/2025\/10\/kr-2425lbs-nykoping.pdf\"\n\t\t\t\t\ttitle=\"KR 2425_LBS Nyko\u0308ping\"\n\t\t\t\t\tclass=\"c-block-list__link\">LBS Nyk\u00f6ping 24\/25<\/a>\n\t\t\t<\/li>\n\t\t\t\t\t<li class=\"c-block-list__item\">\n\t\t\t\t<a\n\t\t\t\t\tdownload=\"https:\/\/lbs.se\/wp-content\/uploads\/2025\/10\/kr-2425lbs-stockholm-norra.pdf\"\n\t\t\t\t\thref=\"https:\/\/lbs.se\/wp-content\/uploads\/2025\/10\/kr-2425lbs-stockholm-norra.pdf\"\n\t\t\t\t\ttitle=\"KR 2425_LBS Stockholm Norra\"\n\t\t\t\t\tclass=\"c-block-list__link\">LBS Stockholm Norra 24\/25<\/a>\n\t\t\t<\/li>\n\t\t\t\t\t<li class=\"c-block-list__item\">\n\t\t\t\t<a\n\t\t\t\t\tdownload=\"https:\/\/lbs.se\/wp-content\/uploads\/2025\/10\/kr-2425lbs-stockholm-sodra.pdf\"\n\t\t\t\t\thref=\"https:\/\/lbs.se\/wp-content\/uploads\/2025\/10\/kr-2425lbs-stockholm-sodra.pdf\"\n\t\t\t\t\ttitle=\"KR 2425_LBS Stockholm So\u0308dra\"\n\t\t\t\t\tclass=\"c-block-list__link\">LBS Stockholm S\u00f6dra 24\/25<\/a>\n\t\t\t<\/li>\n\t\t\t\t\t<li class=\"c-block-list__item\">\n\t\t\t\t<a\n\t\t\t\t\tdownload=\"https:\/\/lbs.se\/wp-content\/uploads\/2025\/10\/kr-2425lbs-trollhattan.pdf\"\n\t\t\t\t\thref=\"https:\/\/lbs.se\/wp-content\/uploads\/2025\/10\/kr-2425lbs-trollhattan.pdf\"\n\t\t\t\t\ttitle=\"KR 2425_LBS Trollha\u0308ttan\"\n\t\t\t\t\tclass=\"c-block-list__link\">LBS Trollh\u00e4ttan 24\/25<\/a>\n\t\t\t<\/li>\n\t\t\t\t\t<li class=\"c-block-list__item\">\n\t\t\t\t<a\n\t\t\t\t\tdownload=\"https:\/\/lbs.se\/wp-content\/uploads\/2025\/10\/kr-2425lbs-vaxjo.pdf\"\n\t\t\t\t\thref=\"https:\/\/lbs.se\/wp-content\/uploads\/2025\/10\/kr-2425lbs-vaxjo.pdf\"\n\t\t\t\t\ttitle=\"KR 2425_LBS Va\u0308xjo\u0308\"\n\t\t\t\t\tclass=\"c-block-list__link\">LBS V\u00e4xj\u00f6 24\/25<\/a>\n\t\t\t<\/li>\n\t\t\t\t\t<li class=\"c-block-list__item\">\n\t\t\t\t<a\n\t\t\t\t\tdownload=\"https:\/\/lbs.se\/wp-content\/uploads\/2025\/10\/kr-2425lbs-orebro.pdf\"\n\t\t\t\t\thref=\"https:\/\/lbs.se\/wp-content\/uploads\/2025\/10\/kr-2425lbs-orebro.pdf\"\n\t\t\t\t\ttitle=\"KR 2425_LBS O\u0308rebro\"\n\t\t\t\t\tclass=\"c-block-list__link\">LBS \u00d6rebro 24\/25<\/a>\n\t\t\t<\/li>\n\t\t\t<\/ul>\n\t\n\t\t\t<\/div>\n\n\t\t\n\n<\/section>\n\t<\/div>\n\n\t\n\n\n\n<section  class=\"ams-cta ams-cta--stacked c-block l-stacked\" data-color-scheme=\"nytt-standard\">\n\t<div class=\"l-container-narrow l-stack l-stack-fluid-2xl u-pt-fluid-3xl-6xl u-pb-fluid-3xl-6xl is-center is-center@md\">\n\t\t\t\t\t<div class=\"ams-cta__intro l-stack l-stack-lg\">\n\t\t\t\t\t\n\t<h2\n\tclass=\"c-heading u-font-title-1 \"\n\tstyle=\"\">\n\t\t\n\t\t\t\t\tVILL DU VETA MER OM V\u00c5RT KVALITETSARBETE?\n\t\t\t\t\n\t<\/h2>\n\n\t\t\t\t\t\t\t\t\t<div class=\"c-text l-stack u-cs-xl u-font-body\">\n\t\t\t\t\t\t<p><span data-sheets-value=\"{&quot;1&quot;:2,&quot;2&quot;:&quot;Nedan kan du g\u00e5 vidare f\u00f6r att l\u00e4sa mer om v\u00e5rt kvalitetsarbete. Vi har \u00e4ven en funktion d\u00e4r du kan l\u00e4mna synpunkter till huvudman.&quot;}\" data-sheets-userformat=\"{&quot;2&quot;:5025,&quot;3&quot;:{&quot;1&quot;:0},&quot;8&quot;:{&quot;1&quot;:[{&quot;1&quot;:2,&quot;2&quot;:0,&quot;5&quot;:{&quot;1&quot;:2,&quot;2&quot;:0}},{&quot;1&quot;:0,&quot;2&quot;:0,&quot;3&quot;:3},{&quot;1&quot;:1,&quot;2&quot;:0,&quot;4&quot;:1}]},&quot;10&quot;:0,&quot;11&quot;:4,&quot;12&quot;:0,&quot;15&quot;:&quot;Montserrat&quot;}\">Nedan kan du g\u00e5 vidare f\u00f6r att l\u00e4sa mer om v\u00e5rt kvalitetsarbete. Vi har \u00e4ven en funktion d\u00e4r du kan l\u00e4mna synpunkter till huvudman.<\/span><\/p>\n\n\t\t\t\t\t<\/div>\n\t\t\t\t\t\t\t<\/div>\n\t\t\n\t\t\n\t\t\t<div class=\"ams-cta__action u-inline-items\">\n\t\t\t\t\t\t\t\n\n\n<a href=\"https:\/\/lbs.se\/kungsbacka\/kvalitet\/\"\n\t\n\tclass=\"c-btn \"\n\tdata-style=\"square\"\n\tdata-size=\"md\"\n\tdata-width=\"full-mobile\"\n\tdata-variant=\"default\"\n\ttarget=\"_self\">\n\t\t\t<span class=\"label\"> Mer om kvalitet<\/span>\n\t\t\t<\/a>\n\t\t\t\t\t\t\t\n\n\n<a href=\"https:\/\/lbs.se\/kungsbacka\/kvalitet\/synpunkter-pa-verksamheten\/\"\n\t\n\tclass=\"c-btn \"\n\tdata-style=\"square\"\n\tdata-size=\"md\"\n\tdata-width=\"full-mobile\"\n\tdata-variant=\"outline\"\n\ttarget=\"_self\">\n\t\t\t<span class=\"label\"> L\u00e4mna synpunkter<\/span>\n\t\t\t<\/a>\n\t\t\t<\/div>\n\t<\/div>\n\n\t\t\n\n<\/section>\n","protected":false},"excerpt":{"rendered":"","protected":false},"author":3,"featured_media":0,"parent":1122,"menu_order":0,"comment_status":"closed","ping_status":"closed","template":"","meta":{"footnotes":""},"yoast_head":"<!-- This site is optimized with the Yoast SEO plugin v22.0 - https:\/\/yoast.com\/wordpress\/plugins\/seo\/ -->\n<title>Betygsresultat - LBS Gymnasium Kungsbacka<\/title>\n<meta name=\"description\" content=\"Som en del av det systematiska kvalitetsarbetet sammanfattar huvudman samt varje rektor \u00e5rligen det g\u00e5ngna verksamhets\u00e5ret.\" \/>\n<meta name=\"robots\" content=\"index, follow, max-snippet:-1, max-image-preview:large, max-video-preview:-1\" \/>\n<link rel=\"canonical\" href=\"https:\/\/lbs.se\/kungsbacka\/kvalitet\/betygsresultat\/\" \/>\n<meta property=\"og:locale\" content=\"sv_SE\" \/>\n<meta property=\"og:type\" content=\"article\" \/>\n<meta property=\"og:title\" content=\"Betygsresultat - LBS Gymnasium Kungsbacka\" \/>\n<meta property=\"og:description\" content=\"Som en del av det systematiska kvalitetsarbetet sammanfattar huvudman samt varje rektor \u00e5rligen det g\u00e5ngna verksamhets\u00e5ret.\" \/>\n<meta property=\"og:url\" content=\"https:\/\/lbs.se\/kungsbacka\/kvalitet\/betygsresultat\/\" \/>\n<meta property=\"og:site_name\" content=\"Kungsbacka\" \/>\n<meta property=\"article:modified_time\" content=\"2025-06-23T09:46:42+00:00\" \/>\n<meta name=\"twitter:card\" content=\"summary_large_image\" \/>\n<meta name=\"twitter:title\" content=\"Betygsresultat - LBS Gymnasium Kungsbacka\" \/>\n<meta name=\"twitter:description\" content=\"Som en del av det systematiska kvalitetsarbetet sammanfattar huvudman samt varje rektor \u00e5rligen det g\u00e5ngna verksamhets\u00e5ret.\" \/>\n<meta name=\"twitter:label1\" content=\"Ber\u00e4knad l\u00e4stid\" \/>\n\t<meta name=\"twitter:data1\" content=\"1 minut\" \/>\n<script type=\"application\/ld+json\" class=\"yoast-schema-graph\">{\"@context\":\"https:\/\/schema.org\",\"@graph\":[{\"@type\":\"WebPage\",\"@id\":\"https:\/\/lbs.se\/kungsbacka\/kvalitet\/betygsresultat\/\",\"url\":\"https:\/\/lbs.se\/kungsbacka\/kvalitet\/betygsresultat\/\",\"name\":\"Betygsresultat - LBS Gymnasium Kungsbacka\",\"isPartOf\":{\"@id\":\"https:\/\/lbs.se\/kungsbacka\/#website\"},\"datePublished\":\"2023-06-05T06:36:59+00:00\",\"dateModified\":\"2025-06-23T09:46:42+00:00\",\"description\":\"Som en del av det systematiska kvalitetsarbetet sammanfattar huvudman samt varje rektor \u00e5rligen det g\u00e5ngna verksamhets\u00e5ret.\",\"breadcrumb\":{\"@id\":\"https:\/\/lbs.se\/kungsbacka\/kvalitet\/betygsresultat\/#breadcrumb\"},\"inLanguage\":\"sv-SE\",\"potentialAction\":[{\"@type\":\"ReadAction\",\"target\":[\"https:\/\/lbs.se\/kungsbacka\/kvalitet\/betygsresultat\/\"]}]},{\"@type\":\"BreadcrumbList\",\"@id\":\"https:\/\/lbs.se\/kungsbacka\/kvalitet\/betygsresultat\/#breadcrumb\",\"itemListElement\":[{\"@type\":\"ListItem\",\"position\":1,\"name\":\"Start\",\"item\":\"https:\/\/lbs.se\/kungsbacka\/\"},{\"@type\":\"ListItem\",\"position\":2,\"name\":\"Kvalitet\",\"item\":\"https:\/\/lbs.se\/kungsbacka\/kvalitet\/\"},{\"@type\":\"ListItem\",\"position\":3,\"name\":\"Betygsresultat\"}]},{\"@type\":\"WebSite\",\"@id\":\"https:\/\/lbs.se\/kungsbacka\/#website\",\"url\":\"https:\/\/lbs.se\/kungsbacka\/\",\"name\":\"Kungsbacka\",\"description\":\"LBS Kreativa Gymnasiet\",\"potentialAction\":[{\"@type\":\"SearchAction\",\"target\":{\"@type\":\"EntryPoint\",\"urlTemplate\":\"https:\/\/lbs.se\/kungsbacka\/?s={search_term_string}\"},\"query-input\":\"required name=search_term_string\"}],\"inLanguage\":\"sv-SE\"}]}<\/script>\n<!-- \/ Yoast SEO plugin. -->","yoast_head_json":{"title":"Betygsresultat - LBS Gymnasium Kungsbacka","description":"Som en del av det systematiska kvalitetsarbetet sammanfattar huvudman samt varje rektor \u00e5rligen det g\u00e5ngna verksamhets\u00e5ret.","robots":{"index":"index","follow":"follow","max-snippet":"max-snippet:-1","max-image-preview":"max-image-preview:large","max-video-preview":"max-video-preview:-1"},"canonical":"https:\/\/lbs.se\/kungsbacka\/kvalitet\/betygsresultat\/","og_locale":"sv_SE","og_type":"article","og_title":"Betygsresultat - LBS Gymnasium Kungsbacka","og_description":"Som en del av det systematiska kvalitetsarbetet sammanfattar huvudman samt varje rektor \u00e5rligen det g\u00e5ngna verksamhets\u00e5ret.","og_url":"https:\/\/lbs.se\/kungsbacka\/kvalitet\/betygsresultat\/","og_site_name":"Kungsbacka","article_modified_time":"2025-06-23T09:46:42+00:00","twitter_card":"summary_large_image","twitter_title":"Betygsresultat - LBS Gymnasium Kungsbacka","twitter_description":"Som en del av det systematiska kvalitetsarbetet sammanfattar huvudman samt varje rektor \u00e5rligen det g\u00e5ngna verksamhets\u00e5ret.","twitter_misc":{"Ber\u00e4knad l\u00e4stid":"1 minut"},"schema":{"@context":"https:\/\/schema.org","@graph":[{"@type":"WebPage","@id":"https:\/\/lbs.se\/kungsbacka\/kvalitet\/betygsresultat\/","url":"https:\/\/lbs.se\/kungsbacka\/kvalitet\/betygsresultat\/","name":"Betygsresultat - LBS Gymnasium Kungsbacka","isPartOf":{"@id":"https:\/\/lbs.se\/kungsbacka\/#website"},"datePublished":"2023-06-05T06:36:59+00:00","dateModified":"2025-06-23T09:46:42+00:00","description":"Som en del av det systematiska kvalitetsarbetet sammanfattar huvudman samt varje rektor \u00e5rligen det g\u00e5ngna verksamhets\u00e5ret.","breadcrumb":{"@id":"https:\/\/lbs.se\/kungsbacka\/kvalitet\/betygsresultat\/#breadcrumb"},"inLanguage":"sv-SE","potentialAction":[{"@type":"ReadAction","target":["https:\/\/lbs.se\/kungsbacka\/kvalitet\/betygsresultat\/"]}]},{"@type":"BreadcrumbList","@id":"https:\/\/lbs.se\/kungsbacka\/kvalitet\/betygsresultat\/#breadcrumb","itemListElement":[{"@type":"ListItem","position":1,"name":"Start","item":"https:\/\/lbs.se\/kungsbacka\/"},{"@type":"ListItem","position":2,"name":"Kvalitet","item":"https:\/\/lbs.se\/kungsbacka\/kvalitet\/"},{"@type":"ListItem","position":3,"name":"Betygsresultat"}]},{"@type":"WebSite","@id":"https:\/\/lbs.se\/kungsbacka\/#website","url":"https:\/\/lbs.se\/kungsbacka\/","name":"Kungsbacka","description":"LBS Kreativa Gymnasiet","potentialAction":[{"@type":"SearchAction","target":{"@type":"EntryPoint","urlTemplate":"https:\/\/lbs.se\/kungsbacka\/?s={search_term_string}"},"query-input":"required name=search_term_string"}],"inLanguage":"sv-SE"}]}},"_links":{"self":[{"href":"https:\/\/lbs.se\/kungsbacka\/wp-json\/wp\/v2\/pages\/1129"}],"collection":[{"href":"https:\/\/lbs.se\/kungsbacka\/wp-json\/wp\/v2\/pages"}],"about":[{"href":"https:\/\/lbs.se\/kungsbacka\/wp-json\/wp\/v2\/types\/page"}],"author":[{"embeddable":true,"href":"https:\/\/lbs.se\/kungsbacka\/wp-json\/wp\/v2\/users\/3"}],"replies":[{"embeddable":true,"href":"https:\/\/lbs.se\/kungsbacka\/wp-json\/wp\/v2\/comments?post=1129"}],"version-history":[{"count":10,"href":"https:\/\/lbs.se\/kungsbacka\/wp-json\/wp\/v2\/pages\/1129\/revisions"}],"predecessor-version":[{"id":2021,"href":"https:\/\/lbs.se\/kungsbacka\/wp-json\/wp\/v2\/pages\/1129\/revisions\/2021"}],"up":[{"embeddable":true,"href":"https:\/\/lbs.se\/kungsbacka\/wp-json\/wp\/v2\/pages\/1122"}],"wp:attachment":[{"href":"https:\/\/lbs.se\/kungsbacka\/wp-json\/wp\/v2\/media?parent=1129"}],"curies":[{"name":"wp","href":"https:\/\/api.w.org\/{rel}","templated":true}]}}