{"id":1091,"date":"2023-06-05T08:07:38","date_gmt":"2023-06-05T06:07:38","guid":{"rendered":"https:\/\/lbs.se\/kungsbacka\/?page_id=1091"},"modified":"2023-09-27T10:17:41","modified_gmt":"2023-09-27T08:17:41","slug":"game-awards","status":"publish","type":"page","link":"https:\/\/lbs.se\/kungsbacka\/game-awards\/","title":{"rendered":"Game awards"},"content":{"rendered":"\n\t<div class=\"module_wrapper ams_remote_pages_module \">\n\t\t\n\t\n\t\n\t\n\t\n\t\n\n<section \n\tclass=\"ams-hero ams-hero--classic ams-hero--75 c-block l-stacked  \"\n\tdata-color-scheme=\"\"\n\tstyle=\"\">\n\t<div class=\"ams-hero__container u-items-center u-justify-center\">\n\t\t<div\n\t\t\tclass=\"ams-hero__content l-stack l-stack-xl is-center is-center@md\" >\n\t\t\t<div class=\"l-stack l-stack-lg\">\n\t\t\t\t\n\t\t\t\t\t\t\t<\/div>\n\n\t\t\t\t\t<\/div>\n\t<\/div>\n\n\t\n\t\t\t\n\t\t\t\t\t\t\t\n\t\t\t\t<div class=\"c-bg c-bg--img\" data-settings=\"{&quot;desktop_settings&quot;:{&quot;size&quot;:&quot;cover&quot;,&quot;position&quot;:&quot;middle-center&quot;},&quot;mobile_settings&quot;:{&quot;size&quot;:&quot;cover&quot;,&quot;position&quot;:&quot;middle-center&quot;}}\" data-position=\"middle-center\" data-size=\"cover\">\n\t\t\t<img decoding=\"async\" width=\"1920\" height=\"1080\" src=\"https:\/\/lbs.se\/wp-content\/uploads\/2023\/06\/lbsawardsgaiaheader.jpg\" class=\"attachment-hero-lg size-hero-lg\" alt=\"Logotyp f\u00f6r Game and innovation awards\" sizes=\"(max-width: 1920px) 100vw, 1920px\" srcset=\"https:\/\/lbs.se\/wp-content\/uploads\/2023\/06\/lbsawardsgaiaheader.jpg 1920w, https:\/\/lbs.se\/wp-content\/uploads\/2023\/06\/lbsawardsgaiaheader-300x169.jpg 300w, https:\/\/lbs.se\/wp-content\/uploads\/2023\/06\/lbsawardsgaiaheader-400x225.jpg 400w, https:\/\/lbs.se\/wp-content\/uploads\/2023\/06\/lbsawardsgaiaheader-600x338.jpg 600w, https:\/\/lbs.se\/wp-content\/uploads\/2023\/06\/lbsawardsgaiaheader-800x450.jpg 800w, https:\/\/lbs.se\/wp-content\/uploads\/2023\/06\/lbsawardsgaiaheader-1024x576.jpg 1024w, https:\/\/lbs.se\/wp-content\/uploads\/2023\/06\/lbsawardsgaiaheader-1200x675.jpg 1200w\" \/>\n\t\t<\/div>\n\t\n<\/section>\n\t\t\t\t\t<div class=\"container core-spacer\">\n\t\t\t\t\t\t<div class=\"row\">\n\t\t\t\t\t\t\t<div class=\"col-12\">\n\t\t\t\t\t\t\t\t\n<div style=\"height:65px\" aria-hidden=\"true\" class=\"wp-block-spacer\"><\/div>\n\t\t\t\t\t\t\t<\/div>\n\t\t\t\t\t\t<\/div>\n\t\t\t\t\t<\/div>\n\t\t\t\t\t\t\t\t\t\t<div class=\"container core-heading\">\n\t\t\t\t\t\t<div class=\"row\">\n\t\t\t\t\t\t\t<div class=\"col-12\">\n\t\t\t\t\t\t\t\t\n<h2 class=\"wp-block-heading\">LBS GAME AND INNOVATION AWARDS<\/h2>\n\t\t\t\t\t\t\t<\/div>\n\t\t\t\t\t\t<\/div>\n\t\t\t\t\t<\/div>\n\t\t\t\t\t\t\t\t\t\t<div class=\"container core-paragraph\">\n\t\t\t\t\t\t<div class=\"row\">\n\t\t\t\t\t\t\t<div class=\"col-12\">\n\t\t\t\t\t\t\t\t\n<p>LBS Game and Innovation Awards \u00e4r ett event d\u00e4r vi hyllar v\u00e5ra webbutvecklare, spelgrafiker och spelutvecklare! V\u00e5ra elever jobbar i team och anm\u00e4ler sina bidrag till t\u00e4vlingen varje \u00e5r. Bidragen blir d\u00f6mda av en professionell jury fr\u00e5n respektive bransch.<\/p>\n\t\t\t\t\t\t\t<\/div>\n\t\t\t\t\t\t<\/div>\n\t\t\t\t\t<\/div>\n\t\t\t\t\t\t\t\t\t\t<div class=\"container core-paragraph\">\n\t\t\t\t\t\t<div class=\"row\">\n\t\t\t\t\t\t\t<div class=\"col-12\">\n\t\t\t\t\t\t\t\t\n<p>LBS Game and Innovation Awards genomf\u00f6rs f\u00f6r f\u00f6rsta g\u00e5ngen 11 maj 2026 i Lund.<\/p>\n\t\t\t\t\t\t\t<\/div>\n\t\t\t\t\t\t<\/div>\n\t\t\t\t\t<\/div>\n\t\t\t\t\t\t\t\t\t\t<div class=\"container core-spacer\">\n\t\t\t\t\t\t<div class=\"row\">\n\t\t\t\t\t\t\t<div class=\"col-12\">\n\t\t\t\t\t\t\t\t\n<div style=\"height:65px\" aria-hidden=\"true\" class=\"wp-block-spacer\"><\/div>\n\t\t\t\t\t\t\t<\/div>\n\t\t\t\t\t\t<\/div>\n\t\t\t\t\t<\/div>\n\t\t\t\t\t\n\n<section  class=\"ams-cta ams-cta--stacked c-block l-stacked\" data-color-scheme=\"new-green-light\">\n\t<div class=\"l-container l-stack l-stack-fluid-2xl u-pt-fluid-md-xl u-pb-fluid-md-xl is-center is-center@md\">\n\t\t\t\t\t<div class=\"ams-cta__intro l-stack l-stack-lg\">\n\t\t\t\t\t\n\t<h2\n\tclass=\"c-heading u-font-title-1 \"\n\tstyle=\"\">\n\t\t\n\t\t\t\t\tS\u00c5 FUNGERAR T\u00c4VLINGEN \u2193\n\t\t\t\t\n\t<\/h2>\n\n\t\t\t\t\t\t\t<\/div>\n\t\t\n\t\t\n\t\t\t<\/div>\n\n\t\t\n\n<\/section>\n\n\n<section  class=\"ams-timeline c-block l-stacked\" data-color-scheme=\"timeline-green\">\n\t<div class=\"l-container l-stack l-stack-fluid-2xl u-pt-fluid-3xl-6xl u-pb-fluid-3xl-6xl is-center is-center@md\">\n\t\t\n\t\t\t\t\t\n<ol class=\"c-steps\" data-variant=\"horizontal\" data-size=\"lg\">\n\t\t\t<li class=\"c-steps__item \"\n\t\t\t\n\t\t\t>\n\t\t\t\t\t\t\t<div class=\"c-steps__circle u-radius-round\">\n\t\t\t\t\t\t\t\t\t\t\t<img decoding=\"async\" src=\"https:\/\/lbs.se\/wp-content\/uploads\/2023\/06\/lbswebbsiffrorsvartamarginal1.svg\" class=\"\" alt=\"1.\" height=\"141\" width=\"53.03\" \/>\n\t\t\t\t\t\t\t\t\t<\/div>\n\t\t\t\n\t\t\t\t\t\t\t<div class=\"c-steps__content l-stack-xs\">\n\t\t\t\t\t\n\t\t\t\t\t\t\t\t\t\t\t<div class=\"c-steps__text l-stack-sm u-font-body\">\n\t\t\t\t\t\t\t<p><span data-sheets-value=\"{&quot;1&quot;:2,&quot;2&quot;:&quot;T\u00e4vlingskategorierna och kraven sl\u00e4pps, eleverna som vill f\u00e5r under profilveckor arbeta i team med sina spelbidrag&quot;}\" data-sheets-userformat=\"{&quot;2&quot;:4523,&quot;3&quot;:{&quot;1&quot;:0},&quot;4&quot;:{&quot;1&quot;:2,&quot;2&quot;:15389148},&quot;6&quot;:{&quot;1&quot;:[{&quot;1&quot;:2,&quot;2&quot;:0,&quot;5&quot;:{&quot;1&quot;:2,&quot;2&quot;:0}},{&quot;1&quot;:0,&quot;2&quot;:0,&quot;3&quot;:3},{&quot;1&quot;:1,&quot;2&quot;:0,&quot;4&quot;:1}]},&quot;8&quot;:{&quot;1&quot;:[{&quot;1&quot;:2,&quot;2&quot;:0,&quot;5&quot;:{&quot;1&quot;:2,&quot;2&quot;:0}},{&quot;1&quot;:0,&quot;2&quot;:0,&quot;3&quot;:3},{&quot;1&quot;:1,&quot;2&quot;:0,&quot;4&quot;:1}]},&quot;10&quot;:0,&quot;11&quot;:4,&quot;15&quot;:&quot;Montserrat&quot;}\">T\u00e4vlingskategorierna och kraven sl\u00e4pps, eleverna som vill f\u00e5r under profilveckor arbeta i team med sina spelbidrag<\/span><\/p>\n\n\t\t\t\t\t\t<\/div>\n\t\t\t\t\t\t\t\t\t<\/div>\n\t\t\t\t\t<\/li>\n\t\t\t<li class=\"c-steps__item \"\n\t\t\t\n\t\t\t>\n\t\t\t\t\t\t\t<div class=\"c-steps__circle u-radius-round\">\n\t\t\t\t\t\t\t\t\t\t\t<img decoding=\"async\" src=\"https:\/\/lbs.se\/wp-content\/uploads\/2023\/06\/lbswebbsiffrorsvartamarginal2.svg\" class=\"\" alt=\"2.\" height=\"141.86\" width=\"53.03\" \/>\n\t\t\t\t\t\t\t\t\t<\/div>\n\t\t\t\n\t\t\t\t\t\t\t<div class=\"c-steps__content l-stack-xs\">\n\t\t\t\t\t\n\t\t\t\t\t\t\t\t\t\t\t<div class=\"c-steps__text l-stack-sm u-font-body\">\n\t\t\t\t\t\t\t<p><span data-sheets-value=\"{&quot;1&quot;:2,&quot;2&quot;:&quot;Spelen blir bed\u00f6mda av en professionell jury fr\u00e5n spelbranschen. De b\u00e4sta bidragen nomineras till galan&quot;}\" data-sheets-userformat=\"{&quot;2&quot;:4523,&quot;3&quot;:{&quot;1&quot;:0},&quot;4&quot;:{&quot;1&quot;:2,&quot;2&quot;:15389148},&quot;6&quot;:{&quot;1&quot;:[{&quot;1&quot;:2,&quot;2&quot;:0,&quot;5&quot;:{&quot;1&quot;:2,&quot;2&quot;:0}},{&quot;1&quot;:0,&quot;2&quot;:0,&quot;3&quot;:3},{&quot;1&quot;:1,&quot;2&quot;:0,&quot;4&quot;:1}]},&quot;8&quot;:{&quot;1&quot;:[{&quot;1&quot;:2,&quot;2&quot;:0,&quot;5&quot;:{&quot;1&quot;:2,&quot;2&quot;:0}},{&quot;1&quot;:0,&quot;2&quot;:0,&quot;3&quot;:3},{&quot;1&quot;:1,&quot;2&quot;:0,&quot;4&quot;:1}]},&quot;10&quot;:0,&quot;11&quot;:4,&quot;15&quot;:&quot;Montserrat&quot;}\">Bidragen blir bed\u00f6mda av en professionell jury fr\u00e5n respektive bransch. De b\u00e4sta bidragen nomineras till galan<\/span><\/p>\n\n\t\t\t\t\t\t<\/div>\n\t\t\t\t\t\t\t\t\t<\/div>\n\t\t\t\t\t<\/li>\n\t\t\t<li class=\"c-steps__item \"\n\t\t\t\n\t\t\t>\n\t\t\t\t\t\t\t<div class=\"c-steps__circle u-radius-round\">\n\t\t\t\t\t\t\t\t\t\t\t<img decoding=\"async\" src=\"https:\/\/lbs.se\/wp-content\/uploads\/2023\/06\/lbswebbsiffrorsvartamarginal3.svg\" class=\"\" alt=\"3.\" height=\"142.72\" width=\"53.03\" \/>\n\t\t\t\t\t\t\t\t\t<\/div>\n\t\t\t\n\t\t\t\t\t\t\t<div class=\"c-steps__content l-stack-xs\">\n\t\t\t\t\t\n\t\t\t\t\t\t\t\t\t\t\t<div class=\"c-steps__text l-stack-sm u-font-body\">\n\t\t\t\t\t\t\t<p><span data-sheets-value=\"{&quot;1&quot;:2,&quot;2&quot;:&quot;Under Game Awards utn\u00e4mns vinnarna och bidragen hyllas under en livlig eftermiddag&quot;}\" data-sheets-userformat=\"{&quot;2&quot;:4523,&quot;3&quot;:{&quot;1&quot;:0},&quot;4&quot;:{&quot;1&quot;:2,&quot;2&quot;:15389148},&quot;6&quot;:{&quot;1&quot;:[{&quot;1&quot;:2,&quot;2&quot;:0,&quot;5&quot;:{&quot;1&quot;:2,&quot;2&quot;:0}},{&quot;1&quot;:0,&quot;2&quot;:0,&quot;3&quot;:3},{&quot;1&quot;:1,&quot;2&quot;:0,&quot;4&quot;:1}]},&quot;8&quot;:{&quot;1&quot;:[{&quot;1&quot;:2,&quot;2&quot;:0,&quot;5&quot;:{&quot;1&quot;:2,&quot;2&quot;:0}},{&quot;1&quot;:0,&quot;2&quot;:0,&quot;3&quot;:3},{&quot;1&quot;:1,&quot;2&quot;:0,&quot;4&quot;:1}]},&quot;10&quot;:0,&quot;11&quot;:4,&quot;15&quot;:&quot;Montserrat&quot;}\">Under Game and Inovation Awards utn\u00e4mns vinnarna och bidragen hyllas under en livlig eftermiddag<\/span><\/p>\n\n\t\t\t\t\t\t<\/div>\n\t\t\t\t\t\t\t\t\t<\/div>\n\t\t\t\t\t<\/li>\n\t<\/ol>\n\t\n\t\t\t<\/div>\n\n\t\t\n\n<\/section>\n\t<\/div>\n\n\t\n\n\n\t<div class=\"module_wrapper ams_remote_pages_module \">\n\t\t\n\n<section  class=\"ams-cta ams-cta--stacked c-block l-stacked\" data-color-scheme=\"nytt-standard\">\n\t<div class=\"l-container-narrow l-stack l-stack-fluid-2xl u-pt-fluid-3xl-6xl u-pb-fluid-3xl-6xl is-center is-center@md\">\n\t\t\t\t\t<div class=\"ams-cta__intro l-stack l-stack-lg\">\n\t\t\t\t\t\n\t<h2\n\tclass=\"c-heading u-font-title-1 \"\n\tstyle=\"\">\n\t\t\n\t\t\t\t\tBES\u00d6K OSS\n\t\t\t\t\n\t<\/h2>\n\n\t\t\t\t\t\t\t\t\t<div class=\"c-text l-stack u-cs-xl u-font-body\">\n\t\t\t\t\t\t<p><span data-sheets-value=\"{&quot;1&quot;:2,&quot;2&quot;:&quot;Vill du veta mer om oss p\u00e5 LBS Kreativa Gymnasiet Bor\u00e5s? Bes\u00f6k oss p\u00e5 \u00d6ppet hus eller som Elev f\u00f6r en dag s\u00e5 f\u00e5r du l\u00e4ra k\u00e4nna oss b\u00e4ttre. V\u00e4lkommen!&quot;}\" data-sheets-userformat=\"{&quot;2&quot;:5027,&quot;3&quot;:{&quot;1&quot;:0},&quot;4&quot;:{&quot;1&quot;:2,&quot;2&quot;:13228792},&quot;8&quot;:{&quot;1&quot;:[{&quot;1&quot;:2,&quot;2&quot;:0,&quot;5&quot;:{&quot;1&quot;:2,&quot;2&quot;:0}},{&quot;1&quot;:0,&quot;2&quot;:0,&quot;3&quot;:3},{&quot;1&quot;:1,&quot;2&quot;:0,&quot;4&quot;:1}]},&quot;10&quot;:0,&quot;11&quot;:4,&quot;12&quot;:0,&quot;15&quot;:&quot;Montserrat&quot;}\">Vill du veta mer om oss p\u00e5 LBS Kreativa Gymnasiet Kungsbacka? Bes\u00f6k oss p\u00e5 \u00d6ppet hus eller som Elev f\u00f6r en dag s\u00e5 f\u00e5r du l\u00e4ra k\u00e4nna oss b\u00e4ttre. V\u00e4lkommen!<\/span><\/p>\n\n\t\t\t\t\t<\/div>\n\t\t\t\t\t\t\t<\/div>\n\t\t\n\t\t\n\t\t\t<div class=\"ams-cta__action u-inline-items\">\n\t\t\t\t\t\t\t\n\n\n<a href=\"https:\/\/lbs.se\/kungsbacka\/elev-for-en-dag\/\"\n\t\n\tclass=\"c-btn \"\n\tdata-style=\"square\"\n\tdata-size=\"md\"\n\tdata-width=\"full-mobile\"\n\tdata-variant=\"default\"\n\ttarget=\"_self\">\n\t\t\t<span class=\"label\"> Bli elev f\u00f6r en dag<\/span>\n\t\t\t<\/a>\n\t\t\t\t\t\t\t\n\n\n<a href=\"https:\/\/lbs.se\/kungsbacka\/oppet-hus\/\"\n\t\n\tclass=\"c-btn \"\n\tdata-style=\"square\"\n\tdata-size=\"md\"\n\tdata-width=\"full-mobile\"\n\tdata-variant=\"outline\"\n\ttarget=\"_self\">\n\t\t\t<span class=\"label\"> Kom p\u00e5 \u00f6ppet hus<\/span>\n\t\t\t<\/a>\n\t\t\t<\/div>\n\t<\/div>\n\n\t\t\n\n<\/section>\n\t<\/div>\n\n\t","protected":false},"excerpt":{"rendered":"","protected":false},"author":3,"featured_media":0,"parent":0,"menu_order":0,"comment_status":"closed","ping_status":"closed","template":"","meta":{"footnotes":""},"yoast_head":"<!-- This site is optimized with the Yoast SEO plugin v22.0 - https:\/\/yoast.com\/wordpress\/plugins\/seo\/ -->\n<title>Game awards - LBS Gymnasium Kungsbacka<\/title>\n<meta name=\"description\" content=\"LBS Game Awards \u00e4r ett event d\u00e4r vi hyllar v\u00e5ra Spelgrafiker och Spelutvecklare! V\u00e4lkommen till LBS Gymnasium!\" \/>\n<meta name=\"robots\" content=\"index, follow, max-snippet:-1, max-image-preview:large, max-video-preview:-1\" \/>\n<link rel=\"canonical\" href=\"https:\/\/lbs.se\/kungsbacka\/game-awards\/\" \/>\n<meta property=\"og:locale\" content=\"sv_SE\" \/>\n<meta property=\"og:type\" content=\"article\" \/>\n<meta property=\"og:title\" content=\"Game awards - LBS Gymnasium Kungsbacka\" \/>\n<meta property=\"og:description\" content=\"LBS Game Awards \u00e4r ett event d\u00e4r vi hyllar v\u00e5ra Spelgrafiker och Spelutvecklare! V\u00e4lkommen till LBS Gymnasium!\" \/>\n<meta property=\"og:url\" content=\"https:\/\/lbs.se\/kungsbacka\/game-awards\/\" \/>\n<meta property=\"og:site_name\" content=\"Kungsbacka\" \/>\n<meta property=\"article:modified_time\" content=\"2023-09-27T08:17:41+00:00\" \/>\n<meta name=\"twitter:card\" content=\"summary_large_image\" \/>\n<meta name=\"twitter:title\" content=\"Game awards - LBS Gymnasium Kungsbacka\" \/>\n<meta name=\"twitter:description\" content=\"LBS Game Awards \u00e4r ett event d\u00e4r vi hyllar v\u00e5ra Spelgrafiker och Spelutvecklare! V\u00e4lkommen till LBS Gymnasium!\" \/>\n<script type=\"application\/ld+json\" class=\"yoast-schema-graph\">{\"@context\":\"https:\/\/schema.org\",\"@graph\":[{\"@type\":\"WebPage\",\"@id\":\"https:\/\/lbs.se\/kungsbacka\/game-awards\/\",\"url\":\"https:\/\/lbs.se\/kungsbacka\/game-awards\/\",\"name\":\"Game awards - LBS Gymnasium Kungsbacka\",\"isPartOf\":{\"@id\":\"https:\/\/lbs.se\/kungsbacka\/#website\"},\"datePublished\":\"2023-06-05T06:07:38+00:00\",\"dateModified\":\"2023-09-27T08:17:41+00:00\",\"description\":\"LBS Game Awards \u00e4r ett event d\u00e4r vi hyllar v\u00e5ra Spelgrafiker och Spelutvecklare! V\u00e4lkommen till LBS Gymnasium!\",\"breadcrumb\":{\"@id\":\"https:\/\/lbs.se\/kungsbacka\/game-awards\/#breadcrumb\"},\"inLanguage\":\"sv-SE\",\"potentialAction\":[{\"@type\":\"ReadAction\",\"target\":[\"https:\/\/lbs.se\/kungsbacka\/game-awards\/\"]}]},{\"@type\":\"BreadcrumbList\",\"@id\":\"https:\/\/lbs.se\/kungsbacka\/game-awards\/#breadcrumb\",\"itemListElement\":[{\"@type\":\"ListItem\",\"position\":1,\"name\":\"Start\",\"item\":\"https:\/\/lbs.se\/kungsbacka\/\"},{\"@type\":\"ListItem\",\"position\":2,\"name\":\"Game awards\"}]},{\"@type\":\"WebSite\",\"@id\":\"https:\/\/lbs.se\/kungsbacka\/#website\",\"url\":\"https:\/\/lbs.se\/kungsbacka\/\",\"name\":\"Kungsbacka\",\"description\":\"LBS Kreativa Gymnasiet\",\"potentialAction\":[{\"@type\":\"SearchAction\",\"target\":{\"@type\":\"EntryPoint\",\"urlTemplate\":\"https:\/\/lbs.se\/kungsbacka\/?s={search_term_string}\"},\"query-input\":\"required name=search_term_string\"}],\"inLanguage\":\"sv-SE\"}]}<\/script>\n<!-- \/ Yoast SEO plugin. -->","yoast_head_json":{"title":"Game awards - LBS Gymnasium Kungsbacka","description":"LBS Game Awards \u00e4r ett event d\u00e4r vi hyllar v\u00e5ra Spelgrafiker och Spelutvecklare! V\u00e4lkommen till LBS Gymnasium!","robots":{"index":"index","follow":"follow","max-snippet":"max-snippet:-1","max-image-preview":"max-image-preview:large","max-video-preview":"max-video-preview:-1"},"canonical":"https:\/\/lbs.se\/kungsbacka\/game-awards\/","og_locale":"sv_SE","og_type":"article","og_title":"Game awards - LBS Gymnasium Kungsbacka","og_description":"LBS Game Awards \u00e4r ett event d\u00e4r vi hyllar v\u00e5ra Spelgrafiker och Spelutvecklare! V\u00e4lkommen till LBS Gymnasium!","og_url":"https:\/\/lbs.se\/kungsbacka\/game-awards\/","og_site_name":"Kungsbacka","article_modified_time":"2023-09-27T08:17:41+00:00","twitter_card":"summary_large_image","twitter_title":"Game awards - LBS Gymnasium Kungsbacka","twitter_description":"LBS Game Awards \u00e4r ett event d\u00e4r vi hyllar v\u00e5ra Spelgrafiker och Spelutvecklare! V\u00e4lkommen till LBS Gymnasium!","schema":{"@context":"https:\/\/schema.org","@graph":[{"@type":"WebPage","@id":"https:\/\/lbs.se\/kungsbacka\/game-awards\/","url":"https:\/\/lbs.se\/kungsbacka\/game-awards\/","name":"Game awards - LBS Gymnasium Kungsbacka","isPartOf":{"@id":"https:\/\/lbs.se\/kungsbacka\/#website"},"datePublished":"2023-06-05T06:07:38+00:00","dateModified":"2023-09-27T08:17:41+00:00","description":"LBS Game Awards \u00e4r ett event d\u00e4r vi hyllar v\u00e5ra Spelgrafiker och Spelutvecklare! V\u00e4lkommen till LBS Gymnasium!","breadcrumb":{"@id":"https:\/\/lbs.se\/kungsbacka\/game-awards\/#breadcrumb"},"inLanguage":"sv-SE","potentialAction":[{"@type":"ReadAction","target":["https:\/\/lbs.se\/kungsbacka\/game-awards\/"]}]},{"@type":"BreadcrumbList","@id":"https:\/\/lbs.se\/kungsbacka\/game-awards\/#breadcrumb","itemListElement":[{"@type":"ListItem","position":1,"name":"Start","item":"https:\/\/lbs.se\/kungsbacka\/"},{"@type":"ListItem","position":2,"name":"Game awards"}]},{"@type":"WebSite","@id":"https:\/\/lbs.se\/kungsbacka\/#website","url":"https:\/\/lbs.se\/kungsbacka\/","name":"Kungsbacka","description":"LBS Kreativa Gymnasiet","potentialAction":[{"@type":"SearchAction","target":{"@type":"EntryPoint","urlTemplate":"https:\/\/lbs.se\/kungsbacka\/?s={search_term_string}"},"query-input":"required name=search_term_string"}],"inLanguage":"sv-SE"}]}},"_links":{"self":[{"href":"https:\/\/lbs.se\/kungsbacka\/wp-json\/wp\/v2\/pages\/1091"}],"collection":[{"href":"https:\/\/lbs.se\/kungsbacka\/wp-json\/wp\/v2\/pages"}],"about":[{"href":"https:\/\/lbs.se\/kungsbacka\/wp-json\/wp\/v2\/types\/page"}],"author":[{"embeddable":true,"href":"https:\/\/lbs.se\/kungsbacka\/wp-json\/wp\/v2\/users\/3"}],"replies":[{"embeddable":true,"href":"https:\/\/lbs.se\/kungsbacka\/wp-json\/wp\/v2\/comments?post=1091"}],"version-history":[{"count":3,"href":"https:\/\/lbs.se\/kungsbacka\/wp-json\/wp\/v2\/pages\/1091\/revisions"}],"predecessor-version":[{"id":1095,"href":"https:\/\/lbs.se\/kungsbacka\/wp-json\/wp\/v2\/pages\/1091\/revisions\/1095"}],"wp:attachment":[{"href":"https:\/\/lbs.se\/kungsbacka\/wp-json\/wp\/v2\/media?parent=1091"}],"curies":[{"name":"wp","href":"https:\/\/api.w.org\/{rel}","templated":true}]}}