{"id":5,"date":"2022-07-25T22:55:30","date_gmt":"2022-07-25T20:55:30","guid":{"rendered":"https:\/\/lbs.se\/kristianstad\/?page_id=5"},"modified":"2025-08-22T14:38:09","modified_gmt":"2025-08-22T12:38:09","slug":"startsida","status":"publish","type":"page","link":"https:\/\/lbs.se\/kristianstad\/","title":{"rendered":"Startsida"},"content":{"rendered":"\n\t\n\t\n\t\n\t\n\t\n\n<section \n\tclass=\"ams-hero ams-hero--classic ams-hero--100 c-block l-stacked  \"\n\tdata-color-scheme=\"new-hero\"\n\tstyle=\"--hero-content-width: 900px;\">\n\t<div class=\"ams-hero__container u-items-start u-justify-end\">\n\t\t<div\n\t\t\tclass=\"ams-hero__content l-stack l-stack-xl is-left is-left@md\" >\n\t\t\t<div class=\"l-stack l-stack-lg\">\n\t\t\t\t\t\n\t<h1\n\tclass=\"c-heading u-font-huge \"\n\tstyle=\"\">\n\t\t\n\t\t\t\t\tVI BLIR EN DEL AV DROTTNING BLANKAS GYMNASIESKOLA\n\t\t\t\t\n\t<\/h1>\n\n\t\t\t\t\t\t\t\t\t<div class=\"text l-stack u-font-body\">\n\t\t\t\t\t\t<p>LBS Kreativa Gymnasiet Kristianstad har g\u00e5tt samman med Drottning Blankas Gymnasieskola Kristianstad inf\u00f6r h\u00f6stterminen 2025. Det inneb\u00e4r att vi bytt namn och ist\u00e4llet blir en del av DBGYs skolverksamhet.<\/p>\n\n\t\t\t\t\t<\/div>\n\t\t\t\t\t\t\t<\/div>\n\n\t\t\t\t<div class=\"ams-hero__action u-inline-items\">\n\t\t\t\t\t\t\t\n\n\n<a href=\"https:\/\/lbs.se\/kristianstad\/news\/lbs-kristianstad-gar-samman-med-drottning-blankas-gymnasieskola\/\"\n\t\n\tclass=\"c-btn \"\n\tdata-style=\"square\"\n\tdata-size=\"md\"\n\tdata-width=\"full-mobile\"\n\tdata-variant=\"default\"\n\ttarget=\"_self\">\n\t\t\t\t\t<span class=\"label\"> L\u00e4s om sammanslagningen<\/span>\n\t<\/a>\n\t\t\t<\/div>\n\t\t<\/div>\n\t<\/div>\n\n\t\n\t\t\t\n\t\t\t\t\t\t\t\n\t\t\t\t<div class=\"c-bg c-bg--img\" data-settings=\"{&quot;desktop_settings&quot;:{&quot;size&quot;:&quot;cover&quot;,&quot;position&quot;:&quot;middle-center&quot;},&quot;mobile_settings&quot;:{&quot;size&quot;:&quot;cover&quot;,&quot;position&quot;:&quot;middle-center&quot;}}\" data-position=\"middle-center\" data-size=\"cover\">\n\t\t\t<img decoding=\"async\" width=\"1920\" height=\"1080\" src=\"https:\/\/lbs.se\/wp-content\/uploads\/sites\/14\/2025\/01\/lbs-kreativa-gymnasiet-kristianstad-1920x1080.jpg\" class=\"attachment-hero-lg size-hero-lg\" alt=\"Elever p\u00e5 LBS Kreativa Gymnasiet Kristianstad.\" sizes=\"(max-width: 1920px) 100vw, 1920px\" \/>\n\t\t<\/div>\n\t\n<\/section>\n","protected":false},"excerpt":{"rendered":"","protected":false},"author":1,"featured_media":0,"parent":0,"menu_order":0,"comment_status":"closed","ping_status":"closed","template":"","meta":{"footnotes":""},"yoast_head":"<!-- This site is optimized with the Yoast SEO plugin v22.0 - https:\/\/yoast.com\/wordpress\/plugins\/seo\/ -->\n<title>V\u00e4lkommen till LBS Kreativa Gymnasiet Kristianstad<\/title>\n<meta name=\"description\" content=\"LBS Kreativa Gymnasiet Kristianstad utbildar dig f\u00f6r att lyckas i framtidens kreativa branscher.\" \/>\n<meta name=\"robots\" content=\"index, follow, max-snippet:-1, max-image-preview:large, max-video-preview:-1\" \/>\n<link rel=\"canonical\" href=\"https:\/\/lbs.se\/kristianstad\/\" \/>\n<meta property=\"og:locale\" content=\"sv_SE\" \/>\n<meta property=\"og:type\" content=\"article\" \/>\n<meta property=\"og:title\" content=\"V\u00e4lkommen till LBS Kreativa Gymnasiet Kristianstad\" \/>\n<meta property=\"og:description\" content=\"LBS Kreativa Gymnasiet Kristianstad utbildar dig f\u00f6r att lyckas i framtidens kreativa branscher.\" \/>\n<meta property=\"og:url\" content=\"https:\/\/lbs.se\/kristianstad\/\" \/>\n<meta property=\"og:site_name\" content=\"Kristianstad\" \/>\n<meta property=\"article:modified_time\" content=\"2025-08-22T12:38:09+00:00\" \/>\n<meta name=\"twitter:card\" content=\"summary_large_image\" \/>\n<meta name=\"twitter:title\" content=\"V\u00e4lkommen till LBS Kreativa Gymnasiet Kristianstad\" \/>\n<meta name=\"twitter:description\" content=\"LBS Kreativa Gymnasiet Kristianstad utbildar dig f\u00f6r att lyckas i framtidens kreativa branscher.\" \/>\n<meta name=\"twitter:label1\" content=\"Ber\u00e4knad l\u00e4stid\" \/>\n\t<meta name=\"twitter:data1\" content=\"1 minut\" \/>\n<script type=\"application\/ld+json\" class=\"yoast-schema-graph\">{\"@context\":\"https:\/\/schema.org\",\"@graph\":[{\"@type\":\"WebPage\",\"@id\":\"https:\/\/lbs.se\/kristianstad\/\",\"url\":\"https:\/\/lbs.se\/kristianstad\/\",\"name\":\"V\u00e4lkommen till LBS Kreativa Gymnasiet Kristianstad\",\"isPartOf\":{\"@id\":\"https:\/\/lbs.se\/kristianstad\/#website\"},\"datePublished\":\"2022-07-25T20:55:30+00:00\",\"dateModified\":\"2025-08-22T12:38:09+00:00\",\"description\":\"LBS Kreativa Gymnasiet Kristianstad utbildar dig f\u00f6r att lyckas i framtidens kreativa branscher.\",\"breadcrumb\":{\"@id\":\"https:\/\/lbs.se\/kristianstad\/#breadcrumb\"},\"inLanguage\":\"sv-SE\",\"potentialAction\":[{\"@type\":\"ReadAction\",\"target\":[\"https:\/\/lbs.se\/kristianstad\/\"]}]},{\"@type\":\"BreadcrumbList\",\"@id\":\"https:\/\/lbs.se\/kristianstad\/#breadcrumb\",\"itemListElement\":[{\"@type\":\"ListItem\",\"position\":1,\"name\":\"Start\",\"item\":\"https:\/\/lbs.se\/kristianstad\/\"},{\"@type\":\"ListItem\",\"position\":2,\"name\":\"Startsida\"}]},{\"@type\":\"WebSite\",\"@id\":\"https:\/\/lbs.se\/kristianstad\/#website\",\"url\":\"https:\/\/lbs.se\/kristianstad\/\",\"name\":\"Kristianstad\",\"description\":\"LBS Kreativa Gymnasiet\",\"potentialAction\":[{\"@type\":\"SearchAction\",\"target\":{\"@type\":\"EntryPoint\",\"urlTemplate\":\"https:\/\/lbs.se\/kristianstad\/?s={search_term_string}\"},\"query-input\":\"required name=search_term_string\"}],\"inLanguage\":\"sv-SE\"}]}<\/script>\n<!-- \/ Yoast SEO plugin. -->","yoast_head_json":{"title":"V\u00e4lkommen till LBS Kreativa Gymnasiet Kristianstad","description":"LBS Kreativa Gymnasiet Kristianstad utbildar dig f\u00f6r att lyckas i framtidens kreativa branscher.","robots":{"index":"index","follow":"follow","max-snippet":"max-snippet:-1","max-image-preview":"max-image-preview:large","max-video-preview":"max-video-preview:-1"},"canonical":"https:\/\/lbs.se\/kristianstad\/","og_locale":"sv_SE","og_type":"article","og_title":"V\u00e4lkommen till LBS Kreativa Gymnasiet Kristianstad","og_description":"LBS Kreativa Gymnasiet Kristianstad utbildar dig f\u00f6r att lyckas i framtidens kreativa branscher.","og_url":"https:\/\/lbs.se\/kristianstad\/","og_site_name":"Kristianstad","article_modified_time":"2025-08-22T12:38:09+00:00","twitter_card":"summary_large_image","twitter_title":"V\u00e4lkommen till LBS Kreativa Gymnasiet Kristianstad","twitter_description":"LBS Kreativa Gymnasiet Kristianstad utbildar dig f\u00f6r att lyckas i framtidens kreativa branscher.","twitter_misc":{"Ber\u00e4knad l\u00e4stid":"1 minut"},"schema":{"@context":"https:\/\/schema.org","@graph":[{"@type":"WebPage","@id":"https:\/\/lbs.se\/kristianstad\/","url":"https:\/\/lbs.se\/kristianstad\/","name":"V\u00e4lkommen till LBS Kreativa Gymnasiet Kristianstad","isPartOf":{"@id":"https:\/\/lbs.se\/kristianstad\/#website"},"datePublished":"2022-07-25T20:55:30+00:00","dateModified":"2025-08-22T12:38:09+00:00","description":"LBS Kreativa Gymnasiet Kristianstad utbildar dig f\u00f6r att lyckas i framtidens kreativa branscher.","breadcrumb":{"@id":"https:\/\/lbs.se\/kristianstad\/#breadcrumb"},"inLanguage":"sv-SE","potentialAction":[{"@type":"ReadAction","target":["https:\/\/lbs.se\/kristianstad\/"]}]},{"@type":"BreadcrumbList","@id":"https:\/\/lbs.se\/kristianstad\/#breadcrumb","itemListElement":[{"@type":"ListItem","position":1,"name":"Start","item":"https:\/\/lbs.se\/kristianstad\/"},{"@type":"ListItem","position":2,"name":"Startsida"}]},{"@type":"WebSite","@id":"https:\/\/lbs.se\/kristianstad\/#website","url":"https:\/\/lbs.se\/kristianstad\/","name":"Kristianstad","description":"LBS Kreativa Gymnasiet","potentialAction":[{"@type":"SearchAction","target":{"@type":"EntryPoint","urlTemplate":"https:\/\/lbs.se\/kristianstad\/?s={search_term_string}"},"query-input":"required name=search_term_string"}],"inLanguage":"sv-SE"}]}},"_links":{"self":[{"href":"https:\/\/lbs.se\/kristianstad\/wp-json\/wp\/v2\/pages\/5"}],"collection":[{"href":"https:\/\/lbs.se\/kristianstad\/wp-json\/wp\/v2\/pages"}],"about":[{"href":"https:\/\/lbs.se\/kristianstad\/wp-json\/wp\/v2\/types\/page"}],"author":[{"embeddable":true,"href":"https:\/\/lbs.se\/kristianstad\/wp-json\/wp\/v2\/users\/1"}],"replies":[{"embeddable":true,"href":"https:\/\/lbs.se\/kristianstad\/wp-json\/wp\/v2\/comments?post=5"}],"version-history":[{"count":10,"href":"https:\/\/lbs.se\/kristianstad\/wp-json\/wp\/v2\/pages\/5\/revisions"}],"predecessor-version":[{"id":2054,"href":"https:\/\/lbs.se\/kristianstad\/wp-json\/wp\/v2\/pages\/5\/revisions\/2054"}],"wp:attachment":[{"href":"https:\/\/lbs.se\/kristianstad\/wp-json\/wp\/v2\/media?parent=5"}],"curies":[{"name":"wp","href":"https:\/\/api.w.org\/{rel}","templated":true}]}}