{"id":27,"date":"2022-07-25T23:08:14","date_gmt":"2022-07-25T21:08:14","guid":{"rendered":"https:\/\/lbs.se\/kristianstad\/?page_id=27"},"modified":"2023-09-27T09:30:30","modified_gmt":"2023-09-27T07:30:30","slug":"elevhalsa","status":"publish","type":"page","link":"https:\/\/lbs.se\/kristianstad\/var-skola\/elevhalsa\/","title":{"rendered":"Elevh\u00e4lsa"},"content":{"rendered":"\n\t\n\t\n\t\n\n\t\n\t\n\t\t\n<section  class=\"c-block l-stacked  \" data-color-scheme=\"1553\">\n\t<div class=\"ams-fifty ams-fifty--container ams-fifty--left ams-fifty--top l-container u-pt-fluid-3xl-6xl u-pb-fluid-3xl-6xl\">\n\t\t<div class=\"ams-fifty__content l-stack l-stack-xl is-left is-left@lg\">\n\t\t\t<div class=\"ams-fifty__text l-stack l-stack-lg\">\n\t\t\t\t\t\n\t<h1\n\tclass=\"c-heading u-font-title-1 \"\n\tstyle=\"\">\n\t\t\n\t\t\t\t\tELEVH\u00c4LSA\n\t\t\t\t\n\t<\/h1>\n\n\t\t\t\t\t\t\t\t\t<div class=\"text l-stack u-font-body\">\n\t\t\t\t\t\t<p><span data-sheets-value=\"{&quot;1&quot;:2,&quot;2&quot;:&quot;P\u00e5 LBS Kristianstad arbetar vi aktivt med det f\u00f6rebyggande arbetet inom v\u00e5ra olika yrkesomr\u00e5den.\\n\\nSkolsk\u00f6terskan arbetar f\u00f6rebyggande och h\u00e5ller i h\u00e4lsosamtal med alla elever i \u00e5rskurs 1, skolsk\u00f6terskan hj\u00e4lper \u00e4ven till med kompletterande vaccinationer f\u00f6r de som missat tidigare erbjudanden samt \u00e4r ett bollplank f\u00f6r skolans \u00f6vriga personal inom h\u00e4lsofr\u00e5gor.\\n\\nSkolans kurator handleder skolans \u00f6vriga personal i sociala fr\u00e5gor, arbetar f\u00f6rebyggande mot mobbing, erbjuder st\u00f6dsamtal till enskilda elever, grupper av elever och deras f\u00f6r\u00e4ldrar. Kuratorn har \u00e4ven kontakt med andra myndigheter, till exempel socialtj\u00e4nsten och f\u00e4ltsekreterarna.\\n\\nSpecialpedagogen kontaktar avl\u00e4mnande skolor f\u00f6r att f\u00e5 information kring elever som kan vara i behov av st\u00f6d, detta f\u00f6r att eleverna inte ska hamna mellan stolarna n\u00e4r man byter skola. Vidare st\u00f6djer specialpedagogen skolans personal och elever i det dagliga arbetet och arbetar \u00e4ven med utredningar av olika slag.\\n\\nSkolans studie- och yrkesv\u00e4gledare st\u00f6djer eleverna genom att ge information och undervisning om bland annat utbildningsv\u00e4sendet, arbetslivet och arbetsmarknaden. Studie- och yrkesv\u00e4gledaren st\u00f6djer \u00e4ven skolans \u00f6vriga personal i deras studie- och yrkesorienterande verksamhet. Det viktigaste f\u00f6r oss i elevh\u00e4lsan \u00e4r att vara n\u00e4rvarande och st\u00f6dja v\u00e5ra elever i det som eleverna \u00e4r i behov av inom EHT:s olika yrkesuppdrag.&quot;}\" data-sheets-userformat=\"{&quot;2&quot;:5025,&quot;3&quot;:{&quot;1&quot;:0},&quot;8&quot;:{&quot;1&quot;:[{&quot;1&quot;:2,&quot;2&quot;:0,&quot;5&quot;:{&quot;1&quot;:2,&quot;2&quot;:0}},{&quot;1&quot;:0,&quot;2&quot;:0,&quot;3&quot;:3},{&quot;1&quot;:1,&quot;2&quot;:0,&quot;4&quot;:1}]},&quot;10&quot;:0,&quot;11&quot;:4,&quot;12&quot;:0,&quot;15&quot;:&quot;Montserrat&quot;}\" data-sheets-textstyleruns=\"{&quot;1&quot;:0,&quot;2&quot;:{&quot;5&quot;:1}}\uee10{&quot;1&quot;:96}\uee10{&quot;1&quot;:98,&quot;2&quot;:{&quot;5&quot;:1}}\uee10{&quot;1&quot;:112}\uee10{&quot;1&quot;:370,&quot;2&quot;:{&quot;5&quot;:1}}\uee10{&quot;1&quot;:377}\uee10{&quot;1&quot;:645,&quot;2&quot;:{&quot;5&quot;:1}}\uee10{&quot;1&quot;:661}\uee10{&quot;1&quot;:970,&quot;2&quot;:{&quot;5&quot;:1}}\uee10{&quot;1&quot;:996}\"><strong>P\u00e5 LBS Kristianstad arbetar vi aktivt med det f\u00f6rebyggande arbetet inom v\u00e5ra olika yrkesomr\u00e5den.<\/strong><\/p>\n<p><strong>Skolsk\u00f6terskan<\/strong> arbetar f\u00f6rebyggande och h\u00e5ller i h\u00e4lsosamtal med alla elever i \u00e5rskurs 1, skolsk\u00f6terskan hj\u00e4lper \u00e4ven till med kompletterande vaccinationer f\u00f6r de som missat tidigare erbjudanden samt \u00e4r ett bollplank f\u00f6r skolans \u00f6vriga personal inom h\u00e4lsofr\u00e5gor.<\/p>\n<p>Skolans <strong>kurator<\/strong> handleder skolans \u00f6vriga personal i sociala fr\u00e5gor, arbetar f\u00f6rebyggande mot mobbing, erbjuder st\u00f6dsamtal till enskilda elever, grupper av elever och deras f\u00f6r\u00e4ldrar. Kuratorn har \u00e4ven kontakt med andra myndigheter, till exempel socialtj\u00e4nsten och f\u00e4ltsekreterarna.<\/p>\n<p><strong>Specialpedagogen<\/strong> kontaktar avl\u00e4mnande skolor f\u00f6r att f\u00e5 information kring elever som kan vara i behov av st\u00f6d, detta f\u00f6r att eleverna inte ska hamna mellan stolarna n\u00e4r man byter skola. Vidare st\u00f6djer specialpedagogen skolans personal och elever i det dagliga arbetet och arbetar \u00e4ven med utredningar av olika slag.<\/p>\n<p>Skolans <strong>studie- och yrkesv\u00e4gledare<\/strong> st\u00f6djer eleverna genom att ge information och undervisning om bland annat utbildningsv\u00e4sendet, arbetslivet och arbetsmarknaden. Studie- och yrkesv\u00e4gledaren st\u00f6djer \u00e4ven skolans \u00f6vriga personal i deras studie- och yrkesorienterande verksamhet. Det viktigaste f\u00f6r oss i elevh\u00e4lsan \u00e4r att vara n\u00e4rvarande och st\u00f6dja v\u00e5ra elever i det som eleverna \u00e4r i behov av inom EHT:s olika yrkesuppdrag.<\/span><\/p>\n\n\t\t\t\t\t<\/div>\n\t\t\t\t\t\t\t<\/div>\n\n\t\t\t\t\t<\/div>\n\n\t\t <div class=\"ams-fifty__media u-ratio-square\">\n\t\t \t\t\t\t\t<img decoding=\"async\" width=\"600\" height=\"600\" src=\"https:\/\/lbs.se\/wp-content\/uploads\/sites\/14\/2023\/06\/lbs-elevhalsa-202304-600x600.jpg\" class=\"attachment-md size-md\" alt=\"Elever h\u00e4nger bland rosa f\u00e5t\u00f6ljer i korridoren.\" sizes=\"(min-width: 64em) 600px, calc(100vw - 160px)\" srcset=\"https:\/\/lbs.se\/wp-content\/uploads\/sites\/14\/2023\/06\/lbs-elevhalsa-202304-600x600.jpg 600w, https:\/\/lbs.se\/wp-content\/uploads\/sites\/14\/2023\/06\/lbs-elevhalsa-202304-150x150.jpg 150w, https:\/\/lbs.se\/wp-content\/uploads\/sites\/14\/2023\/06\/lbs-elevhalsa-202304-300x300.jpg 300w, https:\/\/lbs.se\/wp-content\/uploads\/sites\/14\/2023\/06\/lbs-elevhalsa-202304-400x400.jpg 400w, https:\/\/lbs.se\/wp-content\/uploads\/sites\/14\/2023\/06\/lbs-elevhalsa-202304-800x800.jpg 800w, https:\/\/lbs.se\/wp-content\/uploads\/sites\/14\/2023\/06\/lbs-elevhalsa-202304-1024x1024.jpg 1024w, https:\/\/lbs.se\/wp-content\/uploads\/sites\/14\/2023\/06\/lbs-elevhalsa-202304.jpg 1200w\" \/>\n\t\t\t\n\t\t\t\n\t\t\t\t\t<\/div>\n\t<\/div>\n\n\t\t\n\n<\/section>\n\n\n\n\n<section  class=\"ams-cta ams-cta--stacked c-block l-stacked\" data-color-scheme=\"1551\">\n\t<div class=\"l-container l-stack l-stack-fluid-2xl u-pt-fluid-3xl-6xl u-pb-fluid-3xl-6xl is-center is-center@md\">\n\t\t\t\t\t<div class=\"ams-cta__intro l-stack l-stack-lg\">\n\t\t\t\t\t\n\t<h2\n\tclass=\"c-heading u-font-title-1 \"\n\tstyle=\"\">\n\t\t\n\t\t\t\t\tKONTAKTA V\u00c5RT ELEVH\u00c4LSOTEAM\n\t\t\t\t\n\t<\/h2>\n\n\t\t\t\t\t\t\t\t\t<div class=\"c-text l-stack u-cs-xl u-font-body\">\n\t\t\t\t\t\t<p><span data-sheets-value=\"{&quot;1&quot;:2,&quot;2&quot;:&quot;Om du har fr\u00e5gor om v\u00e5r elevh\u00e4lsa \u00e4r du varmt v\u00e4lkommen att kontakta oss.&quot;}\" data-sheets-userformat=\"{&quot;2&quot;:5025,&quot;3&quot;:{&quot;1&quot;:0},&quot;8&quot;:{&quot;1&quot;:[{&quot;1&quot;:2,&quot;2&quot;:0,&quot;5&quot;:{&quot;1&quot;:2,&quot;2&quot;:0}},{&quot;1&quot;:0,&quot;2&quot;:0,&quot;3&quot;:3},{&quot;1&quot;:1,&quot;2&quot;:0,&quot;4&quot;:1}]},&quot;10&quot;:0,&quot;11&quot;:4,&quot;12&quot;:0,&quot;15&quot;:&quot;Montserrat&quot;}\">Om du har fr\u00e5gor om v\u00e5r elevh\u00e4lsa \u00e4r du varmt v\u00e4lkommen att kontakta oss.<\/span><\/p>\n\n\t\t\t\t\t<\/div>\n\t\t\t\t\t\t\t<\/div>\n\t\t\n\t\t\n\t\t\t<div class=\"ams-cta__action u-inline-items\">\n\t\t\t\t\t\t\t\n\n\n<a href=\"https:\/\/lbs.se\/kristianstad\/kontakt\/\"\n\t\n\tclass=\"c-btn \"\n\tdata-style=\"square\"\n\tdata-size=\"md\"\n\tdata-width=\"full-mobile\"\n\tdata-variant=\"default\"\n\ttarget=\"_self\">\n\t\t\t<span class=\"label\"> Kontakta oss<\/span>\n\t\t\t<\/a>\n\t\t\t<\/div>\n\t<\/div>\n\n\t\t\n\t\t\t\t\n\t\t\n\t\t\t\n\t\t\t\t\t\n\t\t\t\n\t\t\t\t\t\n\t\t\t\t\t\t\t\t\t\t\n\t\t\t\t\t\n\t\t\t\t\t\t\t\t\t\t\n\t\t\t\t\t\n\t\t\t\n\t\t\t\t\t\n\t\t\t\n\t\t\t\t\t\n\t\t<div class=\"c-image-offset\" style=\"--img-size-min:100;--img-size-max:230;--block-start-min:-50;--block-start-max:-120;--inline-end-min:20;--inline-end-max:70\">\n\t\t\t<img decoding=\"async\" width=\"333\" height=\"319\" src=\"https:\/\/lbs.se\/wp-content\/uploads\/sites\/14\/2023\/06\/lbsfoto-filmobjekt.png\" class=\"attachment-sm size-sm\" alt=\"\" srcset=\"https:\/\/lbs.se\/wp-content\/uploads\/sites\/14\/2023\/06\/lbsfoto-filmobjekt.png 333w, https:\/\/lbs.se\/wp-content\/uploads\/sites\/14\/2023\/06\/lbsfoto-filmobjekt-300x287.png 300w\" sizes=\"(max-width: 333px) 100vw, 333px\" \/>\n\t\t<\/div>\n\t\t\n\n<\/section>\n","protected":false},"excerpt":{"rendered":"","protected":false},"author":1,"featured_media":0,"parent":19,"menu_order":0,"comment_status":"closed","ping_status":"closed","template":"","meta":{"footnotes":""},"yoast_head":"<!-- This site is optimized with the Yoast SEO plugin v22.0 - https:\/\/yoast.com\/wordpress\/plugins\/seo\/ -->\n<title>Elevh\u00e4lsa - LBS Gymnasium Kristianstad<\/title>\n<meta name=\"description\" content=\"P\u00e5 LBS Kristianstad arbetar vi aktivt med det f\u00f6rebyggande arbetet inom v\u00e5ra olika yrkesomr\u00e5den. V\u00e4lkommen till LBS Gymnasium!\" \/>\n<meta name=\"robots\" content=\"index, follow, max-snippet:-1, max-image-preview:large, max-video-preview:-1\" \/>\n<link rel=\"canonical\" href=\"https:\/\/lbs.se\/kristianstad\/var-skola\/elevhalsa\/\" \/>\n<meta property=\"og:locale\" content=\"sv_SE\" \/>\n<meta property=\"og:type\" content=\"article\" \/>\n<meta property=\"og:title\" content=\"Elevh\u00e4lsa - LBS Gymnasium Kristianstad\" \/>\n<meta property=\"og:description\" content=\"P\u00e5 LBS Kristianstad arbetar vi aktivt med det f\u00f6rebyggande arbetet inom v\u00e5ra olika yrkesomr\u00e5den. V\u00e4lkommen till LBS Gymnasium!\" \/>\n<meta property=\"og:url\" content=\"https:\/\/lbs.se\/kristianstad\/var-skola\/elevhalsa\/\" \/>\n<meta property=\"og:site_name\" content=\"Kristianstad\" \/>\n<meta property=\"article:modified_time\" content=\"2023-09-27T07:30:30+00:00\" \/>\n<meta name=\"twitter:card\" content=\"summary_large_image\" \/>\n<meta name=\"twitter:title\" content=\"Elevh\u00e4lsa - LBS Gymnasium Kristianstad\" \/>\n<meta name=\"twitter:description\" content=\"P\u00e5 LBS Kristianstad arbetar vi aktivt med det f\u00f6rebyggande arbetet inom v\u00e5ra olika yrkesomr\u00e5den. V\u00e4lkommen till LBS Gymnasium!\" \/>\n<script type=\"application\/ld+json\" class=\"yoast-schema-graph\">{\"@context\":\"https:\/\/schema.org\",\"@graph\":[{\"@type\":\"WebPage\",\"@id\":\"https:\/\/lbs.se\/kristianstad\/var-skola\/elevhalsa\/\",\"url\":\"https:\/\/lbs.se\/kristianstad\/var-skola\/elevhalsa\/\",\"name\":\"Elevh\u00e4lsa - LBS Gymnasium Kristianstad\",\"isPartOf\":{\"@id\":\"https:\/\/lbs.se\/kristianstad\/#website\"},\"datePublished\":\"2022-07-25T21:08:14+00:00\",\"dateModified\":\"2023-09-27T07:30:30+00:00\",\"description\":\"P\u00e5 LBS Kristianstad arbetar vi aktivt med det f\u00f6rebyggande arbetet inom v\u00e5ra olika yrkesomr\u00e5den. V\u00e4lkommen till LBS Gymnasium!\",\"breadcrumb\":{\"@id\":\"https:\/\/lbs.se\/kristianstad\/var-skola\/elevhalsa\/#breadcrumb\"},\"inLanguage\":\"sv-SE\",\"potentialAction\":[{\"@type\":\"ReadAction\",\"target\":[\"https:\/\/lbs.se\/kristianstad\/var-skola\/elevhalsa\/\"]}]},{\"@type\":\"BreadcrumbList\",\"@id\":\"https:\/\/lbs.se\/kristianstad\/var-skola\/elevhalsa\/#breadcrumb\",\"itemListElement\":[{\"@type\":\"ListItem\",\"position\":1,\"name\":\"Start\",\"item\":\"https:\/\/lbs.se\/kristianstad\/\"},{\"@type\":\"ListItem\",\"position\":2,\"name\":\"V\u00e5r skola\",\"item\":\"https:\/\/lbs.se\/kristianstad\/var-skola\/\"},{\"@type\":\"ListItem\",\"position\":3,\"name\":\"Elevh\u00e4lsa\"}]},{\"@type\":\"WebSite\",\"@id\":\"https:\/\/lbs.se\/kristianstad\/#website\",\"url\":\"https:\/\/lbs.se\/kristianstad\/\",\"name\":\"Kristianstad\",\"description\":\"LBS Kreativa Gymnasiet\",\"potentialAction\":[{\"@type\":\"SearchAction\",\"target\":{\"@type\":\"EntryPoint\",\"urlTemplate\":\"https:\/\/lbs.se\/kristianstad\/?s={search_term_string}\"},\"query-input\":\"required name=search_term_string\"}],\"inLanguage\":\"sv-SE\"}]}<\/script>\n<!-- \/ Yoast SEO plugin. -->","yoast_head_json":{"title":"Elevh\u00e4lsa - LBS Gymnasium Kristianstad","description":"P\u00e5 LBS Kristianstad arbetar vi aktivt med det f\u00f6rebyggande arbetet inom v\u00e5ra olika yrkesomr\u00e5den. V\u00e4lkommen till LBS Gymnasium!","robots":{"index":"index","follow":"follow","max-snippet":"max-snippet:-1","max-image-preview":"max-image-preview:large","max-video-preview":"max-video-preview:-1"},"canonical":"https:\/\/lbs.se\/kristianstad\/var-skola\/elevhalsa\/","og_locale":"sv_SE","og_type":"article","og_title":"Elevh\u00e4lsa - LBS Gymnasium Kristianstad","og_description":"P\u00e5 LBS Kristianstad arbetar vi aktivt med det f\u00f6rebyggande arbetet inom v\u00e5ra olika yrkesomr\u00e5den. V\u00e4lkommen till LBS Gymnasium!","og_url":"https:\/\/lbs.se\/kristianstad\/var-skola\/elevhalsa\/","og_site_name":"Kristianstad","article_modified_time":"2023-09-27T07:30:30+00:00","twitter_card":"summary_large_image","twitter_title":"Elevh\u00e4lsa - LBS Gymnasium Kristianstad","twitter_description":"P\u00e5 LBS Kristianstad arbetar vi aktivt med det f\u00f6rebyggande arbetet inom v\u00e5ra olika yrkesomr\u00e5den. V\u00e4lkommen till LBS Gymnasium!","schema":{"@context":"https:\/\/schema.org","@graph":[{"@type":"WebPage","@id":"https:\/\/lbs.se\/kristianstad\/var-skola\/elevhalsa\/","url":"https:\/\/lbs.se\/kristianstad\/var-skola\/elevhalsa\/","name":"Elevh\u00e4lsa - LBS Gymnasium Kristianstad","isPartOf":{"@id":"https:\/\/lbs.se\/kristianstad\/#website"},"datePublished":"2022-07-25T21:08:14+00:00","dateModified":"2023-09-27T07:30:30+00:00","description":"P\u00e5 LBS Kristianstad arbetar vi aktivt med det f\u00f6rebyggande arbetet inom v\u00e5ra olika yrkesomr\u00e5den. V\u00e4lkommen till LBS Gymnasium!","breadcrumb":{"@id":"https:\/\/lbs.se\/kristianstad\/var-skola\/elevhalsa\/#breadcrumb"},"inLanguage":"sv-SE","potentialAction":[{"@type":"ReadAction","target":["https:\/\/lbs.se\/kristianstad\/var-skola\/elevhalsa\/"]}]},{"@type":"BreadcrumbList","@id":"https:\/\/lbs.se\/kristianstad\/var-skola\/elevhalsa\/#breadcrumb","itemListElement":[{"@type":"ListItem","position":1,"name":"Start","item":"https:\/\/lbs.se\/kristianstad\/"},{"@type":"ListItem","position":2,"name":"V\u00e5r skola","item":"https:\/\/lbs.se\/kristianstad\/var-skola\/"},{"@type":"ListItem","position":3,"name":"Elevh\u00e4lsa"}]},{"@type":"WebSite","@id":"https:\/\/lbs.se\/kristianstad\/#website","url":"https:\/\/lbs.se\/kristianstad\/","name":"Kristianstad","description":"LBS Kreativa Gymnasiet","potentialAction":[{"@type":"SearchAction","target":{"@type":"EntryPoint","urlTemplate":"https:\/\/lbs.se\/kristianstad\/?s={search_term_string}"},"query-input":"required name=search_term_string"}],"inLanguage":"sv-SE"}]}},"_links":{"self":[{"href":"https:\/\/lbs.se\/kristianstad\/wp-json\/wp\/v2\/pages\/27"}],"collection":[{"href":"https:\/\/lbs.se\/kristianstad\/wp-json\/wp\/v2\/pages"}],"about":[{"href":"https:\/\/lbs.se\/kristianstad\/wp-json\/wp\/v2\/types\/page"}],"author":[{"embeddable":true,"href":"https:\/\/lbs.se\/kristianstad\/wp-json\/wp\/v2\/users\/1"}],"replies":[{"embeddable":true,"href":"https:\/\/lbs.se\/kristianstad\/wp-json\/wp\/v2\/comments?post=27"}],"version-history":[{"count":10,"href":"https:\/\/lbs.se\/kristianstad\/wp-json\/wp\/v2\/pages\/27\/revisions"}],"predecessor-version":[{"id":1563,"href":"https:\/\/lbs.se\/kristianstad\/wp-json\/wp\/v2\/pages\/27\/revisions\/1563"}],"up":[{"embeddable":true,"href":"https:\/\/lbs.se\/kristianstad\/wp-json\/wp\/v2\/pages\/19"}],"wp:attachment":[{"href":"https:\/\/lbs.se\/kristianstad\/wp-json\/wp\/v2\/media?parent=27"}],"curies":[{"name":"wp","href":"https:\/\/api.w.org\/{rel}","templated":true}]}}