{"id":1828,"date":"2024-06-05T13:32:30","date_gmt":"2024-06-05T11:32:30","guid":{"rendered":"https:\/\/lbs.se\/kristianstad\/?page_id=1828"},"modified":"2024-06-05T13:32:31","modified_gmt":"2024-06-05T11:32:31","slug":"e-sport","status":"publish","type":"page","link":"https:\/\/lbs.se\/kristianstad\/e-sport\/","title":{"rendered":"E-sport p\u00e5 LBS Kristianstad"},"content":{"rendered":"\n\t\n\t\n\t\n\t\n\t\n\n<section \n\tclass=\"ams-hero ams-hero--classic ams-hero--75 c-block l-stacked ams-text-background \"\n\tdata-color-scheme=\"12\"\n\tstyle=\"--hero-content-width: 1100px;\">\n\t<div class=\"ams-hero__container u-items-center u-justify-center\">\n\t\t<div\n\t\t\tclass=\"ams-hero__content l-stack l-stack-xl is-center is-center@md\" >\n\t\t\t<div class=\"l-stack l-stack-lg\">\n\t\t\t\t\t\n\t<h1\n\tclass=\"c-heading u-font-huge u-font-mobile\"\n\tstyle=\"--font-size: 40px;\">\n\t\t\n\t\t\t\t\t<span class=\"word\">E-sport<\/span> <span class=\"word\">som<\/span> <span class=\"word\">individuellt<\/span> <span class=\"word\">val<\/span>\n\t\t\t\t\n\t<\/h1>\n\n\t\t\t\t\t\t\t<\/div>\n\n\t\t\t\t\t<\/div>\n\t<\/div>\n\n\t\n\t\t\t\n\t\t\t\t\t\t\t\n\t\t\t\t<div class=\"c-bg c-bg--img\" data-settings=\"{&quot;desktop_settings&quot;:{&quot;size&quot;:&quot;cover&quot;,&quot;position&quot;:&quot;middle-center&quot;},&quot;mobile_settings&quot;:{&quot;size&quot;:&quot;cover&quot;,&quot;position&quot;:&quot;middle-center&quot;}}\" data-position=\"middle-center\" data-size=\"cover\">\n\t\t\t<img decoding=\"async\" width=\"1920\" height=\"1080\" src=\"https:\/\/lbs.se\/wp-content\/uploads\/sites\/14\/2024\/06\/namnlos-design-1920x1080.png\" class=\"attachment-hero-lg size-hero-lg\" alt=\"E-sport LBS Kristianstad\" sizes=\"(max-width: 1920px) 100vw, 1920px\" srcset=\"https:\/\/lbs.se\/wp-content\/uploads\/sites\/14\/2024\/06\/namnlos-design-1920x1080.png 1920w, https:\/\/lbs.se\/wp-content\/uploads\/sites\/14\/2024\/06\/namnlos-design-300x169.png 300w, https:\/\/lbs.se\/wp-content\/uploads\/sites\/14\/2024\/06\/namnlos-design-400x225.png 400w, https:\/\/lbs.se\/wp-content\/uploads\/sites\/14\/2024\/06\/namnlos-design-600x338.png 600w, https:\/\/lbs.se\/wp-content\/uploads\/sites\/14\/2024\/06\/namnlos-design-800x450.png 800w, https:\/\/lbs.se\/wp-content\/uploads\/sites\/14\/2024\/06\/namnlos-design-1024x576.png 1024w, https:\/\/lbs.se\/wp-content\/uploads\/sites\/14\/2024\/06\/namnlos-design-1200x675.png 1200w, https:\/\/lbs.se\/wp-content\/uploads\/sites\/14\/2024\/06\/namnlos-design.png 2048w\" \/>\n\t\t<\/div>\n\t\n<\/section>\n\n\n\n<div class=\"wp-block-columns is-layout-flex wp-container-core-columns-layout-1 wp-block-columns-is-layout-flex\">\n<div class=\"wp-block-column is-layout-flow wp-block-column-is-layout-flow\" style=\"flex-basis:66.66%\">\n<h2 class=\"wp-block-heading\">LBS E-SPORT -som Individuellt val<\/h2>\n\n\n\n<p   class=\"site__ingress container text-left  site__text-color--dark  site__free_text--ingress p-0\">\n\t\u00c4r spel och e-sport det du verkligen brinner f\u00f6r? Kombinera d\u00e5 din inriktning med E-sport som individuellt val p\u00e5 LBS Kristianstad!<\/p>\n\n\n\n\n\n<p>E-sport kr\u00e4ver uth\u00e5llighet, god fysisk och mental kondition samt lagarbete. N\u00e4r du v\u00e4ljer E-sport p\u00e5 LBS Kristianstad g\u00f6r du det som ett individuellt val och \u00e4r allts\u00e5 valbart oavsett program. Kursen inneh\u00e5ller b\u00e5de speltr\u00e4ning och fysisk samt mental tr\u00e4ning f\u00f6r ett sunt ut\u00f6vande av E-sport. Utifr\u00e5n kunskap om en spelares behov, spelens uppl\u00e4gg och inneh\u00e5ll skapar vi tillsammans en spelarprofil som kopplas till ett tr\u00e4ningsprogram f\u00f6r att g\u00f6ra dig till den b\u00e4sta spelaren du kan bli. Erfarna e-sportscoacher samarbetar med aktiva spelare f\u00f6r att utveckla dina talanger maximalt. Matcher och turneringar \u00e4r en h\u00f6rnsten.<\/p>\n\n\n\n<p>LBS E-sport league och <a href=\"https:\/\/lbs.se\/kristianstad\/e-sport-awards\/\">E-sport Awards<\/a> under v\u00e5rterminen \u00e4r e-sportligan f\u00f6r alla esportare p\u00e5 LBS som avg\u00f6r vilken LBS skola som \u00e4r b\u00e4st p\u00e5 spelen CS-GO, Valorant och League of Legends. I matcher mellan skolorna k\u00e4mpar sig eleverna fram till ett slutspel som sedan sker live inf\u00f6r publik p\u00e5 scen i ett evenemang som ocks\u00e5 live-streamas. Se mer av E-sport Awards <a href=\"https:\/\/lbs.se\/kristianstad\/e-sport-awards\/\">h\u00e4r<\/a>.<\/p>\n\n\n\n<p>Du f\u00e5r \u00e4ven dra nytta av LBS tunga erfarenhet och kunskap inom event, marknadsf\u00f6ring, f\u00f6retagande, streaming, kreativt probleml\u00f6sande, medier och mycket mer i n\u00e4ra samarbete med Dreamhack. Det g\u00f6r dig till en nischad eventarrang\u00f6r med specialkunskap.<\/p>\n<\/div>\n\n\n\n<div class=\"wp-block-column is-layout-flow wp-block-column-is-layout-flow\" style=\"flex-basis:33.33%\"><\/div>\n<\/div>\n\n\n<section \n\tclass=\"ams-info-graph  c-block l-stacked  \"\n\tdata-color-scheme=\"1543\">\n\t<div\n\t\tclass=\"l-stack l-stack-fluid-2xl u-pt-fluid-3xl-6xl u-pb-fluid-3xl-6xl is-center is-center@md\">\n\t\t\n\t\t\n\t\t<ul class=\"ams-info-graph__list l-grid u-justify-start\">\n\t\t\t\t\t\t\t\t\t\n\t\t\t\t\t\t\t<li \n\t\t\t\t\tdata-color-scheme=\"primar1-hover-standard\"\n\t\t\t\t\tdata-color-scheme-mobile=\"primar1-hover-standard\"\n\t\t\t\t\tclass=\"c-ig  l-col-6@md\">\n\n\t\t\t\t\t\t\t\t\t\t\t<div class=\"c-ig__item l-stack\">\n\t\t\t\t\t\t\t\t\t\t<h2 class=\"c-ig__title u-font-title-3\">\n\t\t\t\t\t\t\tE-sportens globala marknad f\u00f6rv\u00e4ntas v\u00e4xa med hela\n\t\t\t\t\t\t<\/h2>\n\t\n\t\n\t\t\t<div\n\t\t\tclass=\"c-ig__number u-font-display \"\n\t\t\tdata-speed=\"1000\"\n\t\t\tdata-to=\"21\"\n\t\t\tdata-percent=\"1\"\n\t\t>\n\t\t\t21%\n\t\t<\/div>\n\t\n\t\t\t<div class=\"c-ig__text l-stack-xs u-font-body\">\n\t\t\t<p><span data-sheets-value=\"{&quot;1&quot;:2,&quot;2&quot;:&quot;E-sportens globala marknad f\u00f6rv\u00e4ntas v\u00e4xa med hela 21 % i oms\u00e4ttning kommande fyra \u00e5ren&quot;}\" data-sheets-userformat=\"{&quot;2&quot;:5037,&quot;3&quot;:{&quot;1&quot;:0},&quot;5&quot;:{&quot;1&quot;:[{&quot;1&quot;:2,&quot;2&quot;:0,&quot;5&quot;:{&quot;1&quot;:2,&quot;2&quot;:0}},{&quot;1&quot;:0,&quot;2&quot;:0,&quot;3&quot;:3},{&quot;1&quot;:1,&quot;2&quot;:0,&quot;4&quot;:1}]},&quot;6&quot;:{&quot;1&quot;:[{&quot;1&quot;:2,&quot;2&quot;:0,&quot;5&quot;:{&quot;1&quot;:2,&quot;2&quot;:0}},{&quot;1&quot;:0,&quot;2&quot;:0,&quot;3&quot;:3},{&quot;1&quot;:1,&quot;2&quot;:0,&quot;4&quot;:1}]},&quot;8&quot;:{&quot;1&quot;:[{&quot;1&quot;:2,&quot;2&quot;:0,&quot;5&quot;:{&quot;1&quot;:2,&quot;2&quot;:0}},{&quot;1&quot;:0,&quot;2&quot;:0,&quot;3&quot;:3},{&quot;1&quot;:1,&quot;2&quot;:0,&quot;4&quot;:1}]},&quot;10&quot;:0,&quot;11&quot;:4,&quot;12&quot;:0,&quot;15&quot;:&quot;Montserrat&quot;}\" data-sheets-textstyleruns=\"{&quot;1&quot;:0}\uee10{&quot;1&quot;:51,&quot;2&quot;:{&quot;5&quot;:1}}\uee10{&quot;1&quot;:55}\">i oms\u00e4ttning kommande fyra \u00e5ren<\/span><\/p>\n\n\t\t<\/div>\n\t\n\t\n\t\t\t\t\t\t<\/div>\n\t\t\t\t\t\n\t\t\t\t<\/li>\n\t\t\t\t\t\t\t<li \n\t\t\t\t\tdata-color-scheme=\"nyans2_av_p2-hover-standard\"\n\t\t\t\t\tdata-color-scheme-mobile=\"nyans2_av_p2-hover-standard\"\n\t\t\t\t\tclass=\"c-ig  l-col-6@md\">\n\n\t\t\t\t\t\t\t\t\t\t\t<div class=\"c-ig__item l-stack\">\n\t\t\t\t\t\t\t\t\t\t<h2 class=\"c-ig__title u-font-title-3\">\n\t\t\t\t\t\t\tDen globala e-sportsmarknaden var v\u00e4rderad till\n\t\t\t\t\t\t<\/h2>\n\t\n\t\n\t\t\t<div\n\t\t\tclass=\"c-ig__number u-font-display \"\n\t\t\tdata-speed=\"1000\"\n\t\t\tdata-to=\"1.22\"\n\t\t\tdata-percent=\"\"\n\t\t>\n\t\t\t1.22\n\t\t<\/div>\n\t\n\t\t\t<div class=\"c-ig__text l-stack-xs u-font-body\">\n\t\t\t<p><span data-sheets-value=\"{&quot;1&quot;:2,&quot;2&quot;:&quot;Den globala e-sportsmarknaden var v\u00e4rderad till 1.22 miljarder dollar 2021&quot;}\" data-sheets-userformat=\"{&quot;2&quot;:5025,&quot;3&quot;:{&quot;1&quot;:0},&quot;8&quot;:{&quot;1&quot;:[{&quot;1&quot;:2,&quot;2&quot;:0,&quot;5&quot;:{&quot;1&quot;:2,&quot;2&quot;:0}},{&quot;1&quot;:0,&quot;2&quot;:0,&quot;3&quot;:3},{&quot;1&quot;:1,&quot;2&quot;:0,&quot;4&quot;:1}]},&quot;10&quot;:0,&quot;11&quot;:4,&quot;12&quot;:0,&quot;15&quot;:&quot;Montserrat&quot;}\" data-sheets-textstyleruns=\"{&quot;1&quot;:0}\uee10{&quot;1&quot;:47,&quot;2&quot;:{&quot;5&quot;:1}}\uee10{&quot;1&quot;:69}\">miljarder dollar 2021<\/span><\/p>\n\n\t\t<\/div>\n\t\n\t\n\t\t\t\t\t\t<\/div>\n\t\t\t\t\t\n\t\t\t\t<\/li>\n\t\t\t\t\t<\/ul>\n\t<\/div>\n\n\t\t\n\n\n<\/section>\n\n\t\n\t\n\t\n\t\n\t\n\n\n\t<div class=\"module_wrapper ams_remote_pages_module \">\n\t\t\n\n<section  class=\"ams-quote c-block l-stacked\" data-color-scheme=\"nytt-standard\">\n\t<div class=\"l-container-full l-stack l-stack-fluid-2xl u-pt-fluid-2xl-4xl u-pb-fluid-2xl-4xl is-left is-left@md\">\n\t\t\n\t\t\t\t\t<ul class=\"ams-quote__list l-grid u-gap-fluid-2xl-4xl u-justify-center\" aria-label=\"Citat\">\n\t\t\t<li class=\"l-col-12@md\">\n\t\t\t<article class=\"c-card\" data-variant=\"quote\" >\n\t\t\t\t<div class=\"c-card__content l-stack u-text-left\">\n\t\t\t\t\t\t\t\t\t\t\t<blockquote class=\"c-card__title u-font-title-3\">\n\t\t\t\t\t\t\t\t\t\t\t\t\t\t\t<p>Man f\u00e5r utvecklas p\u00e5 det man beh\u00f6ver inom sitt spel. L\u00e4raren kollar vad just du beh\u00f6ver l\u00e4ra dig och \u00e4ndra p\u00e5 f\u00f6r att komma steget l\u00e4ngre.<\/p>\n\t\t\t\t\t\t\t\t\t\t\t\t\t<\/blockquote>\n\t\t\t\t\t\n\t\t\t\t\t\t\t\t\t\t\t<p class=\"c-card__text\">\n\t\t\t\t\t\t\t<span class=\"author u-font-body\">Filip<\/span>\n\t\t\t\t\t\t\t<span class=\"title u-font-body\">\u00e5k 3<\/span>\n\t\t\t\t\t\t<\/p>\n\t\t\t\t\t\t\t\t\t<\/div>\n\n\t\t\t\t\t\t\t<\/article>\n\t\t<\/li>\n\t<\/ul>\n\t\n\t\t\t<\/div>\n\n\t\t\n\n<\/section>\n\t<\/div>\n\n\t\n\n\n\t<div class=\"module_wrapper ams_remote_pages_module \">\n\t\t\n\n<section  class=\"ams-cta ams-cta--stacked c-block l-stacked\" data-color-scheme=\"1554\">\n\t<div class=\"l-container-narrow l-stack l-stack-fluid-2xl u-pt-fluid-3xl-6xl u-pb-fluid-3xl-6xl is-center is-center@md\">\n\t\t\t\t\t<div class=\"ams-cta__intro l-stack l-stack-lg\">\n\t\t\t\t\t\n\t<h2\n\tclass=\"c-heading u-font-title-1 \"\n\tstyle=\"\">\n\t\t\n\t\t\t\t\tBES\u00d6K OSS\n\t\t\t\t\n\t<\/h2>\n\n\t\t\t\t\t\t\t\t\t<div class=\"c-text l-stack u-cs-xl u-font-body\">\n\t\t\t\t\t\t<p><span data-sheets-value=\"{&quot;1&quot;:2,&quot;2&quot;:&quot;Vill du veta mer om oss p\u00e5 LBS Kreativa Gymnasiet Bor\u00e5s? Bes\u00f6k oss p\u00e5 \u00d6ppet hus eller som Elev f\u00f6r en dag s\u00e5 f\u00e5r du l\u00e4ra k\u00e4nna oss b\u00e4ttre. V\u00e4lkommen!&quot;}\" data-sheets-userformat=\"{&quot;2&quot;:5027,&quot;3&quot;:{&quot;1&quot;:0},&quot;4&quot;:{&quot;1&quot;:2,&quot;2&quot;:13228792},&quot;8&quot;:{&quot;1&quot;:[{&quot;1&quot;:2,&quot;2&quot;:0,&quot;5&quot;:{&quot;1&quot;:2,&quot;2&quot;:0}},{&quot;1&quot;:0,&quot;2&quot;:0,&quot;3&quot;:3},{&quot;1&quot;:1,&quot;2&quot;:0,&quot;4&quot;:1}]},&quot;10&quot;:0,&quot;11&quot;:4,&quot;12&quot;:0,&quot;15&quot;:&quot;Montserrat&quot;}\">Vill du veta mer om oss p\u00e5 LBS Kreativa Gymnasiet Kristianstad? Bes\u00f6k oss p\u00e5 \u00d6ppet hus eller som Elev f\u00f6r en dag s\u00e5 f\u00e5r du l\u00e4ra k\u00e4nna oss b\u00e4ttre. V\u00e4lkommen!<\/span><\/p>\n\n\t\t\t\t\t<\/div>\n\t\t\t\t\t\t\t<\/div>\n\t\t\n\t\t\n\t\t\t<div class=\"ams-cta__action u-inline-items\">\n\t\t\t\t\t\t\t\n\n\n<a href=\"https:\/\/lbs.se\/kristianstad\/oppet-hus\/\"\n\t\n\tclass=\"c-btn \"\n\tdata-style=\"square\"\n\tdata-size=\"md\"\n\tdata-width=\"full-mobile\"\n\tdata-variant=\"default\"\n\ttarget=\"_self\">\n\t\t\t<span class=\"label\"> Kom p\u00e5 \u00f6ppet hus<\/span>\n\t\t\t<\/a>\n\t\t\t\t\t\t\t\n\n\n<a href=\"https:\/\/lbs.se\/kristianstad\/elev-for-en-dag\/\"\n\t\n\tclass=\"c-btn \"\n\tdata-style=\"square\"\n\tdata-size=\"md\"\n\tdata-width=\"full-mobile\"\n\tdata-variant=\"outline\"\n\ttarget=\"_self\">\n\t\t\t<span class=\"label\"> Bli elev f\u00f6r en dag<\/span>\n\t\t\t<\/a>\n\t\t\t<\/div>\n\t<\/div>\n\n\t\t\n\n<\/section>\n\t<\/div>\n\n\t","protected":false},"excerpt":{"rendered":"<p>LBS E-SPORT -som Individuellt val E-sport kr\u00e4ver uth\u00e5llighet, god fysisk och mental kondition samt lagarbete. N\u00e4r du v\u00e4ljer E-sport p\u00e5 LBS Kristianstad g\u00f6r du det som ett individuellt val och \u00e4r allts\u00e5 valbart oavsett program. Kursen inneh\u00e5ller b\u00e5de speltr\u00e4ning och fysisk samt mental tr\u00e4ning f\u00f6r ett sunt ut\u00f6vande av E-sport. Utifr\u00e5n kunskap om en spelares&#8230;<\/p>\n","protected":false},"author":43,"featured_media":0,"parent":0,"menu_order":0,"comment_status":"closed","ping_status":"closed","template":"","meta":{"footnotes":""},"yoast_head":"<!-- This site is optimized with the Yoast SEO plugin v22.0 - https:\/\/yoast.com\/wordpress\/plugins\/seo\/ -->\n<title>Kristianstad<\/title>\n<meta name=\"description\" content=\"Nu erbjuder vi E-sport som individuellt val p\u00e5 LBS Kristianstad. Det inneb\u00e4r att du kan kombinera E-sportstr\u00e4ning med skola oavsett program!\" \/>\n<meta name=\"robots\" content=\"index, follow, max-snippet:-1, max-image-preview:large, max-video-preview:-1\" \/>\n<link rel=\"canonical\" href=\"https:\/\/lbs.se\/kristianstad\/e-sport\/\" \/>\n<meta property=\"og:locale\" content=\"sv_SE\" \/>\n<meta property=\"og:type\" content=\"article\" \/>\n<meta property=\"og:description\" content=\"Nu erbjuder vi E-sport som individuellt val p\u00e5 LBS Kristianstad. Det inneb\u00e4r att du kan kombinera E-sportstr\u00e4ning med skola oavsett program!\" \/>\n<meta property=\"og:url\" content=\"https:\/\/lbs.se\/kristianstad\/e-sport\/\" \/>\n<meta property=\"og:site_name\" content=\"Kristianstad\" \/>\n<meta property=\"article:modified_time\" content=\"2024-06-05T11:32:31+00:00\" \/>\n<meta name=\"twitter:card\" content=\"summary_large_image\" \/>\n<meta name=\"twitter:description\" content=\"Nu erbjuder vi E-sport som individuellt val p\u00e5 LBS Kristianstad. Det inneb\u00e4r att du kan kombinera E-sportstr\u00e4ning med skola oavsett program!\" \/>\n<meta name=\"twitter:label1\" content=\"Ber\u00e4knad l\u00e4stid\" \/>\n\t<meta name=\"twitter:data1\" content=\"2 minuter\" \/>\n<script type=\"application\/ld+json\" class=\"yoast-schema-graph\">{\"@context\":\"https:\/\/schema.org\",\"@graph\":[{\"@type\":\"WebPage\",\"@id\":\"https:\/\/lbs.se\/kristianstad\/e-sport\/\",\"url\":\"https:\/\/lbs.se\/kristianstad\/e-sport\/\",\"name\":\"E-sport p\u00e5 LBS Kristianstad - Kristianstad\",\"isPartOf\":{\"@id\":\"https:\/\/lbs.se\/kristianstad\/#website\"},\"datePublished\":\"2024-06-05T11:32:30+00:00\",\"dateModified\":\"2024-06-05T11:32:31+00:00\",\"description\":\"Nu erbjuder vi E-sport som individuellt val p\u00e5 LBS Kristianstad. Det inneb\u00e4r att du kan kombinera E-sportstr\u00e4ning med skola oavsett program!\",\"breadcrumb\":{\"@id\":\"https:\/\/lbs.se\/kristianstad\/e-sport\/#breadcrumb\"},\"inLanguage\":\"sv-SE\",\"potentialAction\":[{\"@type\":\"ReadAction\",\"target\":[\"https:\/\/lbs.se\/kristianstad\/e-sport\/\"]}]},{\"@type\":\"BreadcrumbList\",\"@id\":\"https:\/\/lbs.se\/kristianstad\/e-sport\/#breadcrumb\",\"itemListElement\":[{\"@type\":\"ListItem\",\"position\":1,\"name\":\"Start\",\"item\":\"https:\/\/lbs.se\/kristianstad\/\"},{\"@type\":\"ListItem\",\"position\":2,\"name\":\"E-sport p\u00e5 LBS Kristianstad\"}]},{\"@type\":\"WebSite\",\"@id\":\"https:\/\/lbs.se\/kristianstad\/#website\",\"url\":\"https:\/\/lbs.se\/kristianstad\/\",\"name\":\"Kristianstad\",\"description\":\"LBS Kreativa Gymnasiet\",\"potentialAction\":[{\"@type\":\"SearchAction\",\"target\":{\"@type\":\"EntryPoint\",\"urlTemplate\":\"https:\/\/lbs.se\/kristianstad\/?s={search_term_string}\"},\"query-input\":\"required name=search_term_string\"}],\"inLanguage\":\"sv-SE\"}]}<\/script>\n<!-- \/ Yoast SEO plugin. -->","yoast_head_json":{"title":"Kristianstad","description":"Nu erbjuder vi E-sport som individuellt val p\u00e5 LBS Kristianstad. Det inneb\u00e4r att du kan kombinera E-sportstr\u00e4ning med skola oavsett program!","robots":{"index":"index","follow":"follow","max-snippet":"max-snippet:-1","max-image-preview":"max-image-preview:large","max-video-preview":"max-video-preview:-1"},"canonical":"https:\/\/lbs.se\/kristianstad\/e-sport\/","og_locale":"sv_SE","og_type":"article","og_description":"Nu erbjuder vi E-sport som individuellt val p\u00e5 LBS Kristianstad. Det inneb\u00e4r att du kan kombinera E-sportstr\u00e4ning med skola oavsett program!","og_url":"https:\/\/lbs.se\/kristianstad\/e-sport\/","og_site_name":"Kristianstad","article_modified_time":"2024-06-05T11:32:31+00:00","twitter_card":"summary_large_image","twitter_description":"Nu erbjuder vi E-sport som individuellt val p\u00e5 LBS Kristianstad. Det inneb\u00e4r att du kan kombinera E-sportstr\u00e4ning med skola oavsett program!","twitter_misc":{"Ber\u00e4knad l\u00e4stid":"2 minuter"},"schema":{"@context":"https:\/\/schema.org","@graph":[{"@type":"WebPage","@id":"https:\/\/lbs.se\/kristianstad\/e-sport\/","url":"https:\/\/lbs.se\/kristianstad\/e-sport\/","name":"E-sport p\u00e5 LBS Kristianstad - Kristianstad","isPartOf":{"@id":"https:\/\/lbs.se\/kristianstad\/#website"},"datePublished":"2024-06-05T11:32:30+00:00","dateModified":"2024-06-05T11:32:31+00:00","description":"Nu erbjuder vi E-sport som individuellt val p\u00e5 LBS Kristianstad. Det inneb\u00e4r att du kan kombinera E-sportstr\u00e4ning med skola oavsett program!","breadcrumb":{"@id":"https:\/\/lbs.se\/kristianstad\/e-sport\/#breadcrumb"},"inLanguage":"sv-SE","potentialAction":[{"@type":"ReadAction","target":["https:\/\/lbs.se\/kristianstad\/e-sport\/"]}]},{"@type":"BreadcrumbList","@id":"https:\/\/lbs.se\/kristianstad\/e-sport\/#breadcrumb","itemListElement":[{"@type":"ListItem","position":1,"name":"Start","item":"https:\/\/lbs.se\/kristianstad\/"},{"@type":"ListItem","position":2,"name":"E-sport p\u00e5 LBS Kristianstad"}]},{"@type":"WebSite","@id":"https:\/\/lbs.se\/kristianstad\/#website","url":"https:\/\/lbs.se\/kristianstad\/","name":"Kristianstad","description":"LBS Kreativa Gymnasiet","potentialAction":[{"@type":"SearchAction","target":{"@type":"EntryPoint","urlTemplate":"https:\/\/lbs.se\/kristianstad\/?s={search_term_string}"},"query-input":"required name=search_term_string"}],"inLanguage":"sv-SE"}]}},"_links":{"self":[{"href":"https:\/\/lbs.se\/kristianstad\/wp-json\/wp\/v2\/pages\/1828"}],"collection":[{"href":"https:\/\/lbs.se\/kristianstad\/wp-json\/wp\/v2\/pages"}],"about":[{"href":"https:\/\/lbs.se\/kristianstad\/wp-json\/wp\/v2\/types\/page"}],"author":[{"embeddable":true,"href":"https:\/\/lbs.se\/kristianstad\/wp-json\/wp\/v2\/users\/43"}],"replies":[{"embeddable":true,"href":"https:\/\/lbs.se\/kristianstad\/wp-json\/wp\/v2\/comments?post=1828"}],"version-history":[{"count":3,"href":"https:\/\/lbs.se\/kristianstad\/wp-json\/wp\/v2\/pages\/1828\/revisions"}],"predecessor-version":[{"id":1832,"href":"https:\/\/lbs.se\/kristianstad\/wp-json\/wp\/v2\/pages\/1828\/revisions\/1832"}],"wp:attachment":[{"href":"https:\/\/lbs.se\/kristianstad\/wp-json\/wp\/v2\/media?parent=1828"}],"curies":[{"name":"wp","href":"https:\/\/api.w.org\/{rel}","templated":true}]}}