{"id":1836,"date":"2024-06-07T11:02:11","date_gmt":"2024-06-07T09:02:11","guid":{"rendered":"https:\/\/lbs.se\/jonkoping\/?page_id=1836"},"modified":"2025-06-23T10:38:33","modified_gmt":"2025-06-23T08:38:33","slug":"e-sport","status":"publish","type":"page","link":"https:\/\/lbs.se\/jonkoping\/e-sport\/","title":{"rendered":"E-sport LBS J\u00f6nk\u00f6ping"},"content":{"rendered":"\n\t\n\t\n\t\n\t\n\t\n\n<section \n\tclass=\"ams-hero ams-hero--classic ams-hero--75 c-block l-stacked ams-text-background \"\n\tdata-color-scheme=\"12\"\n\tstyle=\"--hero-content-width: 1100px;\">\n\t<div class=\"ams-hero__container u-items-center u-justify-center\">\n\t\t<div\n\t\t\tclass=\"ams-hero__content l-stack l-stack-xl is-center is-center@md\" >\n\t\t\t<div class=\"l-stack l-stack-lg\">\n\t\t\t\t\n\t\t\t\t\t\t\t<\/div>\n\n\t\t\t\t\t<\/div>\n\t<\/div>\n\n\t\n\t\t\t\n\t\t\t\t\t\t\t\n\t\t\t\t<div class=\"c-bg c-bg--img\" data-settings=\"{&quot;desktop_settings&quot;:{&quot;size&quot;:&quot;cover&quot;,&quot;position&quot;:&quot;middle-center&quot;},&quot;mobile_settings&quot;:{&quot;size&quot;:&quot;cover&quot;,&quot;position&quot;:&quot;middle-center&quot;}}\" data-position=\"middle-center\" data-size=\"cover\">\n\t\t\t<img decoding=\"async\" width=\"1920\" height=\"1080\" src=\"https:\/\/lbs.se\/wp-content\/uploads\/sites\/12\/2024\/06\/namnlos-design-1920x1080.png\" class=\"attachment-hero-lg size-hero-lg\" alt=\"E-sport NIU LBS J\u00f6nk\u00f6ping\" sizes=\"(max-width: 1920px) 100vw, 1920px\" srcset=\"https:\/\/lbs.se\/wp-content\/uploads\/sites\/12\/2024\/06\/namnlos-design-1920x1080.png 1920w, https:\/\/lbs.se\/wp-content\/uploads\/sites\/12\/2024\/06\/namnlos-design-300x169.png 300w, https:\/\/lbs.se\/wp-content\/uploads\/sites\/12\/2024\/06\/namnlos-design-400x225.png 400w, https:\/\/lbs.se\/wp-content\/uploads\/sites\/12\/2024\/06\/namnlos-design-600x338.png 600w, https:\/\/lbs.se\/wp-content\/uploads\/sites\/12\/2024\/06\/namnlos-design-800x450.png 800w, https:\/\/lbs.se\/wp-content\/uploads\/sites\/12\/2024\/06\/namnlos-design-1024x576.png 1024w, https:\/\/lbs.se\/wp-content\/uploads\/sites\/12\/2024\/06\/namnlos-design-1200x675.png 1200w, https:\/\/lbs.se\/wp-content\/uploads\/sites\/12\/2024\/06\/namnlos-design.png 2048w\" \/>\n\t\t<\/div>\n\t\n<\/section>\n\n\n\n\n<section  class=\"ams-cta ams-cta--stacked c-block l-stacked\" data-color-scheme=\"new-standard-dark\">\n\t<div class=\"l-container l-stack l-stack-fluid-2xl u-pt-fluid-md-xl u-pb-fluid-md-xl is-center is-center@md\">\n\t\t\t\t\t<div class=\"ams-cta__intro l-stack l-stack-lg\">\n\t\t\t\t\t\n\t<h1\n\tclass=\"c-heading u-font-huge \"\n\tstyle=\"\">\n\t\t\n\t\t\t\t\tE-sport NIU\n\t\t\t\t\n\t<\/h1>\n\n\t\t\t\t\t\t\t<\/div>\n\t\t\n\t\t\n\t\t\t<\/div>\n\n\t\t\n\n<\/section>\n\n\n\n<div class=\"wp-block-columns is-layout-flex wp-container-core-columns-layout-1 wp-block-columns-is-layout-flex\">\n<div class=\"wp-block-column is-layout-flow wp-block-column-is-layout-flow\" style=\"flex-basis:66.66%\">\n<h2 class=\"wp-block-heading\">E-sport NIU p\u00e5 LBS J\u00f6nk\u00f6ping<\/h2>\n\n\n\n<p   class=\"site__ingress container text-left  site__text-color--dark  site__free_text--ingress p-0\">\n\tVill du satsa p\u00e5 e-sport och f\u00e5 tid till speltr\u00e4ning under skoltid? P\u00e5 LBS J\u00f6nk\u00f6ping har du nu m\u00f6jlighet att kombinera din gymnasieutbildning med speltr\u00e4ning p\u00e5 h\u00f6gsta niv\u00e5 och en specialisering inom e-sport! <\/p>\n\n\n\n\n\n<h2 class=\"wp-block-heading\">E-sport NIU p\u00e5 LBS J\u00f6nk\u00f6ping<\/h2>\n\n\n\n<p>Vill du satsa p\u00e5 e-sport och f\u00e5 tid till speltr\u00e4ning under skoltid? P\u00e5 LBS J\u00f6nk\u00f6ping har du nu m\u00f6jlighet att kombinera din gymnasieutbildning med speltr\u00e4ning p\u00e5 h\u00f6gsta niv\u00e5 och en specialisering inom e-sport!<\/p>\n\n\n\n<p>E-sport kr\u00e4ver fokus, mental styrka, uth\u00e5llighet och fysisk kondition. F\u00f6r f\u00f6rsta g\u00e5ngen n\u00e5gonsin kan du kombinera skolan med elittr\u00e4ning inom&nbsp;<strong>CS2<\/strong>&nbsp;eller&nbsp;<strong>Dota 2<\/strong>. NIU (Nationell Idrottsutbildning) inneb\u00e4r att du f\u00e5r tr\u00e4ningen sker p\u00e5 en nationell niv\u00e5 och \u00e4r godk\u00e4nd av&nbsp;<a href=\"https:\/\/www.svenskesport.se\/\">Svenska E-sportf\u00f6rbundet (SESF)<\/a>.<\/p>\n\n\n\n<p>Du f\u00e5r minst 2 timmars speltr\u00e4ning i veckan med ett personligt tr\u00e4ningsprogram baserat p\u00e5 spelet, dina behov och din spelstil samt coachning av erfarna tr\u00e4nare. Tr\u00e4ningen fokuserar p\u00e5 b\u00e5de spelteknik, fysisk aktivitet och mental tr\u00e4ning f\u00f6r att hj\u00e4lpa dig n\u00e5 din fulla potential.<\/p>\n\n\n\n<h2 class=\"wp-block-heading\">ANS\u00d6KAN \u00c4R \u00d6PPEN<\/h2>\n\n\n\n<p>Ans\u00f6kan till NIU e-sport \u00e4r nu \u00f6ppen och st\u00e4nger den&nbsp;<strong>1 december<\/strong>&nbsp;<strong>2024<\/strong>. Kontakta din SYV redan nu f\u00f6r att f\u00e5 hj\u00e4lp med processen. Du ans\u00f6ker via l\u00e4nkarna nedan:<\/p>\n\n\n\n<ul>\n<li><a href=\"https:\/\/svenskesport.se\/niucs2\">NIU CS2<\/a><\/li>\n\n\n\n<li><a href=\"https:\/\/svenskesport.se\/niudota2\">NIU Dota 2<\/a><\/li>\n<\/ul>\n\n\n\n<p>Observera att du g\u00f6r tv\u00e5 ans\u00f6kningar: en NIU-ans\u00f6kan till Svenska E-sportf\u00f6rbundet&nbsp;<strong>senast 1 december&nbsp;<\/strong>och en gymnasieans\u00f6kan till valfritt program och inriktning hos oss p\u00e5 LBS. Gymnasieantagningens \u00f6ppettider varierar beroende p\u00e5 vilken kommun du bor i.<\/p>\n<\/div>\n\n\n\n<div class=\"wp-block-column is-layout-flow wp-block-column-is-layout-flow\" style=\"flex-basis:33.33%\"><\/div>\n<\/div>\n\n\n<section \n\tclass=\"ams-info-graph  c-block l-stacked  \"\n\tdata-color-scheme=\"\">\n\t<div\n\t\tclass=\"l-stack l-stack-fluid-2xl u-pt-fluid-Ingen u-pb-fluid-Ingen is-center is-center@md\">\n\t\t\n\t\t\n\t\t<ul class=\"ams-info-graph__list l-grid u-justify-start\">\n\t\t\t\t\t\t\t\t\t\n\t\t\t\t\t\t\t<li \n\t\t\t\t\tdata-color-scheme=\"infografik-standard-dark\"\n\t\t\t\t\tdata-color-scheme-mobile=\"infografik-standard-dark\"\n\t\t\t\t\tclass=\"c-ig  l-col-6@md\">\n\n\t\t\t\t\t\t\t\t\t\t\t<div class=\"c-ig__item l-stack\">\n\t\t\t\t\t\t\t\t\t\t<h2 class=\"c-ig__title u-font-title-3\">\n\t\t\t\t\t\t\tE-sportens globala marknad f\u00f6rv\u00e4ntas v\u00e4xa med hela\n\t\t\t\t\t\t<\/h2>\n\t\n\t\n\t\t\t<div\n\t\t\tclass=\"c-ig__number u-font-display \"\n\t\t\tdata-speed=\"1000\"\n\t\t\tdata-to=\"21\"\n\t\t\tdata-percent=\"1\"\n\t\t>\n\t\t\t21%\n\t\t<\/div>\n\t\n\t\t\t<div class=\"c-ig__text l-stack-xs u-font-body\">\n\t\t\t<p><span data-sheets-value=\"{&quot;1&quot;:2,&quot;2&quot;:&quot;E-sportens globala marknad f\u00f6rv\u00e4ntas v\u00e4xa med hela 21 % i oms\u00e4ttning kommande fyra \u00e5ren&quot;}\" data-sheets-userformat=\"{&quot;2&quot;:5037,&quot;3&quot;:{&quot;1&quot;:0},&quot;5&quot;:{&quot;1&quot;:[{&quot;1&quot;:2,&quot;2&quot;:0,&quot;5&quot;:{&quot;1&quot;:2,&quot;2&quot;:0}},{&quot;1&quot;:0,&quot;2&quot;:0,&quot;3&quot;:3},{&quot;1&quot;:1,&quot;2&quot;:0,&quot;4&quot;:1}]},&quot;6&quot;:{&quot;1&quot;:[{&quot;1&quot;:2,&quot;2&quot;:0,&quot;5&quot;:{&quot;1&quot;:2,&quot;2&quot;:0}},{&quot;1&quot;:0,&quot;2&quot;:0,&quot;3&quot;:3},{&quot;1&quot;:1,&quot;2&quot;:0,&quot;4&quot;:1}]},&quot;8&quot;:{&quot;1&quot;:[{&quot;1&quot;:2,&quot;2&quot;:0,&quot;5&quot;:{&quot;1&quot;:2,&quot;2&quot;:0}},{&quot;1&quot;:0,&quot;2&quot;:0,&quot;3&quot;:3},{&quot;1&quot;:1,&quot;2&quot;:0,&quot;4&quot;:1}]},&quot;10&quot;:0,&quot;11&quot;:4,&quot;12&quot;:0,&quot;15&quot;:&quot;Montserrat&quot;}\" data-sheets-textstyleruns=\"{&quot;1&quot;:0}\uee10{&quot;1&quot;:51,&quot;2&quot;:{&quot;5&quot;:1}}\uee10{&quot;1&quot;:55}\">i oms\u00e4ttning kommande fyra \u00e5ren<\/span><\/p>\n\n\t\t<\/div>\n\t\n\t\n\t\t\t\t\t\t<\/div>\n\t\t\t\t\t\n\t\t\t\t<\/li>\n\t\t\t\t\t\t\t<li \n\t\t\t\t\tdata-color-scheme=\"new-infografik-standard-light\"\n\t\t\t\t\tdata-color-scheme-mobile=\"new-infografik-standard-light\"\n\t\t\t\t\tclass=\"c-ig  l-col-6@md\">\n\n\t\t\t\t\t\t\t\t\t\t\t<div class=\"c-ig__item l-stack\">\n\t\t\t\t\t\t\t\t\t\t<h2 class=\"c-ig__title u-font-title-3\">\n\t\t\t\t\t\t\tDen globala e-sportsmarknaden var v\u00e4rderad till\n\t\t\t\t\t\t<\/h2>\n\t\n\t\n\t\t\t<div\n\t\t\tclass=\"c-ig__number u-font-display \"\n\t\t\tdata-speed=\"1000\"\n\t\t\tdata-to=\"1.22\"\n\t\t\tdata-percent=\"\"\n\t\t>\n\t\t\t1.22\n\t\t<\/div>\n\t\n\t\t\t<div class=\"c-ig__text l-stack-xs u-font-body\">\n\t\t\t<p><span data-sheets-value=\"{&quot;1&quot;:2,&quot;2&quot;:&quot;Den globala e-sportsmarknaden var v\u00e4rderad till 1.22 miljarder dollar 2021&quot;}\" data-sheets-userformat=\"{&quot;2&quot;:5025,&quot;3&quot;:{&quot;1&quot;:0},&quot;8&quot;:{&quot;1&quot;:[{&quot;1&quot;:2,&quot;2&quot;:0,&quot;5&quot;:{&quot;1&quot;:2,&quot;2&quot;:0}},{&quot;1&quot;:0,&quot;2&quot;:0,&quot;3&quot;:3},{&quot;1&quot;:1,&quot;2&quot;:0,&quot;4&quot;:1}]},&quot;10&quot;:0,&quot;11&quot;:4,&quot;12&quot;:0,&quot;15&quot;:&quot;Montserrat&quot;}\" data-sheets-textstyleruns=\"{&quot;1&quot;:0}\uee10{&quot;1&quot;:47,&quot;2&quot;:{&quot;5&quot;:1}}\uee10{&quot;1&quot;:69}\">miljarder dollar 2021<\/span><\/p>\n\n\t\t<\/div>\n\t\n\t\n\t\t\t\t\t\t<\/div>\n\t\t\t\t\t\n\t\t\t\t<\/li>\n\t\t\t\t\t<\/ul>\n\t<\/div>\n\n\t\t\n\n\n<\/section>\n\n\t\n\t\n\t\n\t\n\t\n\n\n\t<div class=\"module_wrapper ams_remote_pages_module \">\n\t\t\n\n<section  class=\"ams-quote c-block l-stacked\" data-color-scheme=\"nytt-standard\">\n\t<div class=\"l-container-full l-stack l-stack-fluid-2xl u-pt-fluid-2xl-4xl u-pb-fluid-2xl-4xl is-left is-left@md\">\n\t\t\n\t\t\t\t\t<ul class=\"ams-quote__list l-grid u-gap-fluid-2xl-4xl u-justify-center\" aria-label=\"Citat\">\n\t\t\t<li class=\"l-col-12@md\">\n\t\t\t<article class=\"c-card\" data-variant=\"quote\" >\n\t\t\t\t<div class=\"c-card__content l-stack u-text-left\">\n\t\t\t\t\t\t\t\t\t\t\t<blockquote class=\"c-card__title u-font-title-3\">\n\t\t\t\t\t\t\t\t\t\t\t\t\t\t\t<p>Man f\u00e5r utvecklas p\u00e5 det man beh\u00f6ver inom sitt spel. L\u00e4raren kollar vad just du beh\u00f6ver l\u00e4ra dig och \u00e4ndra p\u00e5 f\u00f6r att komma steget l\u00e4ngre.<\/p>\n\t\t\t\t\t\t\t\t\t\t\t\t\t<\/blockquote>\n\t\t\t\t\t\n\t\t\t\t\t\t\t\t\t\t\t<p class=\"c-card__text\">\n\t\t\t\t\t\t\t<span class=\"author u-font-body\">Filip<\/span>\n\t\t\t\t\t\t\t<span class=\"title u-font-body\">\u00e5k 3<\/span>\n\t\t\t\t\t\t<\/p>\n\t\t\t\t\t\t\t\t\t<\/div>\n\n\t\t\t\t\t\t\t<\/article>\n\t\t<\/li>\n\t<\/ul>\n\t\n\t\t\t<\/div>\n\n\t\t\n\n<\/section>\n\t<\/div>\n\n\t\n\n\n\t<div class=\"module_wrapper ams_remote_pages_module \">\n\t\t\n\n<section  class=\"ams-cta ams-cta--stacked c-block l-stacked\" data-color-scheme=\"new-pink-dark\">\n\t<div class=\"l-container-narrow l-stack l-stack-fluid-2xl u-pt-fluid-3xl-6xl u-pb-fluid-3xl-6xl is-center is-center@md\">\n\t\t\t\t\t<div class=\"ams-cta__intro l-stack l-stack-lg\">\n\t\t\t\t\t\n\t<h2\n\tclass=\"c-heading u-font-title-1 \"\n\tstyle=\"\">\n\t\t\n\t\t\t\t\tBES\u00d6K OSS\n\t\t\t\t\n\t<\/h2>\n\n\t\t\t\t\t\t\t\t\t<div class=\"c-text l-stack u-cs-xl u-font-body\">\n\t\t\t\t\t\t<p><span data-sheets-value=\"{&quot;1&quot;:2,&quot;2&quot;:&quot;Vill du veta mer om oss p\u00e5 LBS Kreativa Gymnasiet Bor\u00e5s? Bes\u00f6k oss p\u00e5 \u00d6ppet hus eller som Elev f\u00f6r en dag s\u00e5 f\u00e5r du l\u00e4ra k\u00e4nna oss b\u00e4ttre. V\u00e4lkommen!&quot;}\" data-sheets-userformat=\"{&quot;2&quot;:5027,&quot;3&quot;:{&quot;1&quot;:0},&quot;4&quot;:{&quot;1&quot;:2,&quot;2&quot;:13228792},&quot;8&quot;:{&quot;1&quot;:[{&quot;1&quot;:2,&quot;2&quot;:0,&quot;5&quot;:{&quot;1&quot;:2,&quot;2&quot;:0}},{&quot;1&quot;:0,&quot;2&quot;:0,&quot;3&quot;:3},{&quot;1&quot;:1,&quot;2&quot;:0,&quot;4&quot;:1}]},&quot;10&quot;:0,&quot;11&quot;:4,&quot;12&quot;:0,&quot;15&quot;:&quot;Montserrat&quot;}\">Vill du veta mer om oss p\u00e5 LBS Kreativa Gymnasiet J\u00f6nk\u00f6ping? Bes\u00f6k oss p\u00e5 \u00d6ppet hus eller som Elev f\u00f6r en dag s\u00e5 f\u00e5r du l\u00e4ra k\u00e4nna oss b\u00e4ttre. V\u00e4lkommen!<\/span><\/p>\n\n\t\t\t\t\t<\/div>\n\t\t\t\t\t\t\t<\/div>\n\t\t\n\t\t\n\t\t\t<div class=\"ams-cta__action u-inline-items\">\n\t\t\t\t\t\t\t\n\n\n<a href=\"https:\/\/lbs.se\/jonkoping\/oppet-hus\/\"\n\t\n\tclass=\"c-btn \"\n\tdata-style=\"square\"\n\tdata-size=\"md\"\n\tdata-width=\"full-mobile\"\n\tdata-variant=\"default\"\n\ttarget=\"_self\">\n\t\t\t<span class=\"label\"> Kom p\u00e5 \u00f6ppet hus<\/span>\n\t\t\t<\/a>\n\t\t\t\t\t\t\t\n\n\n<a href=\"https:\/\/lbs.se\/jonkoping\/elev-for-en-dag\/\"\n\t\n\tclass=\"c-btn \"\n\tdata-style=\"square\"\n\tdata-size=\"md\"\n\tdata-width=\"full-mobile\"\n\tdata-variant=\"outline\"\n\ttarget=\"_self\">\n\t\t\t<span class=\"label\"> Bli elev f\u00f6r en dag<\/span>\n\t\t\t<\/a>\n\t\t\t<\/div>\n\t<\/div>\n\n\t\t\n\n<\/section>\n<div\n\t\n\tclass=\"\n\tc-separator\n\tc-separator--line\n\tc-separator--center\n\tc-separator--center@md\n\t\n\tu-mt-fluid-Ingen\n\tu-mb-fluid-Ingen\n\t\n\t\"\n\tstyle=\"\n\t--width-desk: 100%;\n\t--width-mob: 100%;\n\t--height-desk: 30px;\n\t--height-mob: 30px;\n\t--style: solid;\n\t--color: #FF0079;\n\t\">\n\t\t\t<div class=\"c-separator__line\"><\/div>\n\t<\/div>\n\t<\/div>\n\n\t","protected":false},"excerpt":{"rendered":"<p>E-sport NIU p\u00e5 LBS J\u00f6nk\u00f6ping E-sport NIU p\u00e5 LBS J\u00f6nk\u00f6ping Vill du satsa p\u00e5 e-sport och f\u00e5 tid till speltr\u00e4ning under skoltid? P\u00e5 LBS J\u00f6nk\u00f6ping har du nu m\u00f6jlighet att kombinera din gymnasieutbildning med speltr\u00e4ning p\u00e5 h\u00f6gsta niv\u00e5 och en specialisering inom e-sport! E-sport kr\u00e4ver fokus, mental styrka, uth\u00e5llighet och fysisk kondition. F\u00f6r f\u00f6rsta g\u00e5ngen&#8230;<\/p>\n","protected":false},"author":43,"featured_media":0,"parent":0,"menu_order":0,"comment_status":"closed","ping_status":"closed","template":"","meta":{"footnotes":""},"yoast_head":"<!-- This site is optimized with the Yoast SEO plugin v22.0 - https:\/\/yoast.com\/wordpress\/plugins\/seo\/ -->\n<title>J\u00f6nk\u00f6ping<\/title>\n<meta name=\"description\" content=\"Vill du satsa p\u00e5 e-sport? P\u00e5 LBS f\u00e5r du erfarna coacher och ett personligt tr\u00e4ningsprogram som kombineras med din gymnasieutbildning!\" \/>\n<meta name=\"robots\" content=\"index, follow, max-snippet:-1, max-image-preview:large, max-video-preview:-1\" \/>\n<link rel=\"canonical\" href=\"https:\/\/lbs.se\/jonkoping\/e-sport\/\" \/>\n<meta property=\"og:locale\" content=\"sv_SE\" \/>\n<meta property=\"og:type\" content=\"article\" \/>\n<meta property=\"og:description\" content=\"Vill du satsa p\u00e5 e-sport? P\u00e5 LBS f\u00e5r du erfarna coacher och ett personligt tr\u00e4ningsprogram som kombineras med din gymnasieutbildning!\" \/>\n<meta property=\"og:url\" content=\"https:\/\/lbs.se\/jonkoping\/e-sport\/\" \/>\n<meta property=\"og:site_name\" content=\"J\u00f6nk\u00f6ping\" \/>\n<meta property=\"article:modified_time\" content=\"2025-06-23T08:38:33+00:00\" \/>\n<meta name=\"twitter:card\" content=\"summary_large_image\" \/>\n<meta name=\"twitter:description\" content=\"Vill du satsa p\u00e5 e-sport? P\u00e5 LBS f\u00e5r du erfarna coacher och ett personligt tr\u00e4ningsprogram som kombineras med din gymnasieutbildning!\" \/>\n<meta name=\"twitter:label1\" content=\"Ber\u00e4knad l\u00e4stid\" \/>\n\t<meta name=\"twitter:data1\" content=\"2 minuter\" \/>\n<script type=\"application\/ld+json\" class=\"yoast-schema-graph\">{\"@context\":\"https:\/\/schema.org\",\"@graph\":[{\"@type\":\"WebPage\",\"@id\":\"https:\/\/lbs.se\/jonkoping\/e-sport\/\",\"url\":\"https:\/\/lbs.se\/jonkoping\/e-sport\/\",\"name\":\"E-sport LBS J\u00f6nk\u00f6ping - J\u00f6nk\u00f6ping\",\"isPartOf\":{\"@id\":\"https:\/\/lbs.se\/jonkoping\/#website\"},\"datePublished\":\"2024-06-07T09:02:11+00:00\",\"dateModified\":\"2025-06-23T08:38:33+00:00\",\"description\":\"Vill du satsa p\u00e5 e-sport? P\u00e5 LBS f\u00e5r du erfarna coacher och ett personligt tr\u00e4ningsprogram som kombineras med din gymnasieutbildning!\",\"breadcrumb\":{\"@id\":\"https:\/\/lbs.se\/jonkoping\/e-sport\/#breadcrumb\"},\"inLanguage\":\"sv-SE\",\"potentialAction\":[{\"@type\":\"ReadAction\",\"target\":[\"https:\/\/lbs.se\/jonkoping\/e-sport\/\"]}]},{\"@type\":\"BreadcrumbList\",\"@id\":\"https:\/\/lbs.se\/jonkoping\/e-sport\/#breadcrumb\",\"itemListElement\":[{\"@type\":\"ListItem\",\"position\":1,\"name\":\"Start\",\"item\":\"https:\/\/lbs.se\/jonkoping\/\"},{\"@type\":\"ListItem\",\"position\":2,\"name\":\"E-sport LBS J\u00f6nk\u00f6ping\"}]},{\"@type\":\"WebSite\",\"@id\":\"https:\/\/lbs.se\/jonkoping\/#website\",\"url\":\"https:\/\/lbs.se\/jonkoping\/\",\"name\":\"J\u00f6nk\u00f6ping\",\"description\":\"LBS Kreativa Gymnasiet\",\"potentialAction\":[{\"@type\":\"SearchAction\",\"target\":{\"@type\":\"EntryPoint\",\"urlTemplate\":\"https:\/\/lbs.se\/jonkoping\/?s={search_term_string}\"},\"query-input\":\"required name=search_term_string\"}],\"inLanguage\":\"sv-SE\"}]}<\/script>\n<!-- \/ Yoast SEO plugin. -->","yoast_head_json":{"title":"J\u00f6nk\u00f6ping","description":"Vill du satsa p\u00e5 e-sport? P\u00e5 LBS f\u00e5r du erfarna coacher och ett personligt tr\u00e4ningsprogram som kombineras med din gymnasieutbildning!","robots":{"index":"index","follow":"follow","max-snippet":"max-snippet:-1","max-image-preview":"max-image-preview:large","max-video-preview":"max-video-preview:-1"},"canonical":"https:\/\/lbs.se\/jonkoping\/e-sport\/","og_locale":"sv_SE","og_type":"article","og_description":"Vill du satsa p\u00e5 e-sport? P\u00e5 LBS f\u00e5r du erfarna coacher och ett personligt tr\u00e4ningsprogram som kombineras med din gymnasieutbildning!","og_url":"https:\/\/lbs.se\/jonkoping\/e-sport\/","og_site_name":"J\u00f6nk\u00f6ping","article_modified_time":"2025-06-23T08:38:33+00:00","twitter_card":"summary_large_image","twitter_description":"Vill du satsa p\u00e5 e-sport? P\u00e5 LBS f\u00e5r du erfarna coacher och ett personligt tr\u00e4ningsprogram som kombineras med din gymnasieutbildning!","twitter_misc":{"Ber\u00e4knad l\u00e4stid":"2 minuter"},"schema":{"@context":"https:\/\/schema.org","@graph":[{"@type":"WebPage","@id":"https:\/\/lbs.se\/jonkoping\/e-sport\/","url":"https:\/\/lbs.se\/jonkoping\/e-sport\/","name":"E-sport LBS J\u00f6nk\u00f6ping - J\u00f6nk\u00f6ping","isPartOf":{"@id":"https:\/\/lbs.se\/jonkoping\/#website"},"datePublished":"2024-06-07T09:02:11+00:00","dateModified":"2025-06-23T08:38:33+00:00","description":"Vill du satsa p\u00e5 e-sport? P\u00e5 LBS f\u00e5r du erfarna coacher och ett personligt tr\u00e4ningsprogram som kombineras med din gymnasieutbildning!","breadcrumb":{"@id":"https:\/\/lbs.se\/jonkoping\/e-sport\/#breadcrumb"},"inLanguage":"sv-SE","potentialAction":[{"@type":"ReadAction","target":["https:\/\/lbs.se\/jonkoping\/e-sport\/"]}]},{"@type":"BreadcrumbList","@id":"https:\/\/lbs.se\/jonkoping\/e-sport\/#breadcrumb","itemListElement":[{"@type":"ListItem","position":1,"name":"Start","item":"https:\/\/lbs.se\/jonkoping\/"},{"@type":"ListItem","position":2,"name":"E-sport LBS J\u00f6nk\u00f6ping"}]},{"@type":"WebSite","@id":"https:\/\/lbs.se\/jonkoping\/#website","url":"https:\/\/lbs.se\/jonkoping\/","name":"J\u00f6nk\u00f6ping","description":"LBS Kreativa Gymnasiet","potentialAction":[{"@type":"SearchAction","target":{"@type":"EntryPoint","urlTemplate":"https:\/\/lbs.se\/jonkoping\/?s={search_term_string}"},"query-input":"required name=search_term_string"}],"inLanguage":"sv-SE"}]}},"_links":{"self":[{"href":"https:\/\/lbs.se\/jonkoping\/wp-json\/wp\/v2\/pages\/1836"}],"collection":[{"href":"https:\/\/lbs.se\/jonkoping\/wp-json\/wp\/v2\/pages"}],"about":[{"href":"https:\/\/lbs.se\/jonkoping\/wp-json\/wp\/v2\/types\/page"}],"author":[{"embeddable":true,"href":"https:\/\/lbs.se\/jonkoping\/wp-json\/wp\/v2\/users\/43"}],"replies":[{"embeddable":true,"href":"https:\/\/lbs.se\/jonkoping\/wp-json\/wp\/v2\/comments?post=1836"}],"version-history":[{"count":10,"href":"https:\/\/lbs.se\/jonkoping\/wp-json\/wp\/v2\/pages\/1836\/revisions"}],"predecessor-version":[{"id":2077,"href":"https:\/\/lbs.se\/jonkoping\/wp-json\/wp\/v2\/pages\/1836\/revisions\/2077"}],"wp:attachment":[{"href":"https:\/\/lbs.se\/jonkoping\/wp-json\/wp\/v2\/media?parent=1836"}],"curies":[{"name":"wp","href":"https:\/\/api.w.org\/{rel}","templated":true}]}}