{"id":2221,"date":"2026-03-18T13:09:53","date_gmt":"2026-03-18T12:09:53","guid":{"rendered":"https:\/\/lbs.se\/helsingborg\/?page_id=2221"},"modified":"2026-04-15T14:44:38","modified_gmt":"2026-04-15T12:44:38","slug":"lbs-awards","status":"publish","type":"page","link":"https:\/\/lbs.se\/helsingborg\/lbs-awards\/","title":{"rendered":"LBS Awards"},"content":{"rendered":"\n\t<div class=\"module_wrapper ams_remote_pages_module \">\n\t\t\n\t\n\t\n\t\n\t\n\t\n\t\n<section \n\tclass=\"ams-hero ams-hero--classic ams-hero--default has-content-bg c-block l-stacked  \"\n\tdata-color-scheme=\"new-hero\"\n\tstyle=\"\">\n\t<div class=\"ams-hero__container u-items-center u-justify-center\">\n\t\t<div\n\t\t\tclass=\"ams-hero__content l-stack l-stack-xl is-center is-center@md\" style=--hero-content-bg:#111111;>\n\t\t\t<div class=\"l-stack l-stack-lg\">\n\t\t\t\t\t\n\t<h1\n\tclass=\"c-heading u-font-title-1 \"\n\tstyle=\"\">\n\t\t\n\t\t\t\t\tLBS AWARDS\n\t\t\t\t\n\t<\/h1>\n\n\t\t\t\t\t\t\t<\/div>\n\n\t\t\t\t\t<\/div>\n\t<\/div>\n\n\t\n\n<\/section>\n\n\t\n\t\n\t\n\n\t\n\t\n\t\t\n<section  class=\"c-block l-stacked  \" data-color-scheme=\"\">\n\t<div class=\"ams-fifty ams-fifty--container ams-fifty--right ams-fifty--bottom l-container u-pt-fluid-md-xl u-pb-fluid-md-xl\">\n\t\t<div class=\"ams-fifty__content l-stack l-stack-xl is-left is-left@lg\">\n\t\t\t<div class=\"ams-fifty__text l-stack l-stack-lg\">\n\t\t\t\t\t\n\t<h2\n\tclass=\"c-heading u-font-title-1 \"\n\tstyle=\"\">\n\t\t\n\t\t\t\t\tTv\u00e5 galor\n\t\t\t\t\n\t<\/h2>\n\n\t\t\t\t\t\t\t\t\t<div class=\"text l-stack u-font-body\">\n\t\t\t\t\t\t<p><strong>Game &amp; Innovation Awards och Music &amp; Media Awards.<\/strong><\/p>\n<p style=\"text-align: left;\">LBS Awards \u00e4r v\u00e5rens stora t\u00e4vlingar och galor. H\u00e4r samlas LBS elever fr\u00e5n hela landet f\u00f6r att t\u00e4vla mot varandra i olika kategorier och hylla varandras kreativa arbeten.<\/p>\n\n\t\t\t\t\t<\/div>\n\t\t\t\t\t\t\t<\/div>\n\n\t\t\t\t\t<\/div>\n\n\t\t <div class=\"ams-fifty__media u-ratio-landscape\">\n\t\t \t\n\t\t\t\n\t\t\t\t\t\t\t<lite-youtube videoid=\"C8w-neFCse0\" style=\"background-image: url('https:\/\/i.ytimg.com\/vi\/C8w-neFCse0\/hqdefault.jpg');\">\n\t\t\t\t\t\t<button href=\"https:\/\/youtube.com\/watch?v=C8w-neFCse0\" class=\"lty-playbtn\" title=\"Play Video\">\n\t\t\t\t\t\t\t<span class=\"lyt-visually-hidden\">Play Video<\/span>\n\t\t\t\t\t\t<\/button>\n\t\t\t\t\t<\/lite-youtube>\n\t\t\t\t\t<\/div>\n\t<\/div>\n\n\t\t\n\n<\/section>\n\t\t\t\t\t<div class=\"container core-heading\">\n\t\t\t\t\t\t<div class=\"row\">\n\t\t\t\t\t\t\t<div class=\"col-12\">\n\t\t\t\t\t\t\t\t\n<h3 class=\"wp-block-heading\">GAME &amp; INNOVATION AWARDS<\/h3>\n\t\t\t\t\t\t\t<\/div>\n\t\t\t\t\t\t<\/div>\n\t\t\t\t\t<\/div>\n\t\t\t\t\t\t\t\t\t\t<div class=\"container core-paragraph\">\n\t\t\t\t\t\t<div class=\"row\">\n\t\t\t\t\t\t\t<div class=\"col-12\">\n\t\t\t\t\t\t\t\t\n<p>LBS Game and Innovation Awards \u00e4r ett event d\u00e4r vi hyllar v\u00e5ra webbutvecklare, spelgrafiker och spelutvecklare! V\u00e5ra elever jobbar i team och anm\u00e4ler sina bidrag till t\u00e4vlingen varje \u00e5r. Bidragen blir d\u00f6mda av en professionell jury fr\u00e5n respektive bransch.<\/p>\n\t\t\t\t\t\t\t<\/div>\n\t\t\t\t\t\t<\/div>\n\t\t\t\t\t<\/div>\n\t\t\t\t\t\t\t\t\t\t<div class=\"container core-paragraph\">\n\t\t\t\t\t\t<div class=\"row\">\n\t\t\t\t\t\t\t<div class=\"col-12\">\n\t\t\t\t\t\t\t\t\n<p>LBS Game and Innovation Awards \u00e4r ett nytt event som genomf\u00f6rs f\u00f6r f\u00f6rsta g\u00e5ngen 11 maj 2026 i Lund.<\/p>\n\t\t\t\t\t\t\t<\/div>\n\t\t\t\t\t\t<\/div>\n\t\t\t\t\t<\/div>\n\t\t\t\t\t\t\t\t\t\t<div class=\"container core-heading\">\n\t\t\t\t\t\t<div class=\"row\">\n\t\t\t\t\t\t\t<div class=\"col-12\">\n\t\t\t\t\t\t\t\t\n<h3 class=\"wp-block-heading\">MUSIC &amp; MEDIA AWARDS<\/h3>\n\t\t\t\t\t\t\t<\/div>\n\t\t\t\t\t\t<\/div>\n\t\t\t\t\t<\/div>\n\t\t\t\t\t\t\t\t\t\t<div class=\"container core-paragraph\">\n\t\t\t\t\t\t<div class=\"row\">\n\t\t\t\t\t\t\t<div class=\"col-12\">\n\t\t\t\t\t\t\t\t\n<p>Music and Media Awards \u00e4r en av de galor som LBS Kreativa Gymnasiet arrangerar \u00e5rligen och riktar sig till elever som l\u00e4ser Digital Design, Grafisk Design, Foto &amp; Film och Musik. Eventet samlar hundratals talangfulla elever fr\u00e5n alla Sveriges LBS-skolor och under en livad eftermiddag tar eleverna del av varandras bidrag och t\u00e4vlar om fina priser!<\/p>\n\t\t\t\t\t\t\t<\/div>\n\t\t\t\t\t\t<\/div>\n\t\t\t\t\t<\/div>\n\t\t\t\t\t\t\t\t\t\t<div class=\"container core-paragraph\">\n\t\t\t\t\t\t<div class=\"row\">\n\t\t\t\t\t\t\t<div class=\"col-12\">\n\t\t\t\t\t\t\t\t\n<p>\u00c5rets upplaga infaller 22 april 2026 i Nyk\u00f6ping och innefattar kategorierna fotografi, film, grafisk design och musik.<\/p>\n\t\t\t\t\t\t\t<\/div>\n\t\t\t\t\t\t<\/div>\n\t\t\t\t\t<\/div>\n\t\t\t\t\t\t\t\t\t\t<div class=\"container core-spacer\">\n\t\t\t\t\t\t<div class=\"row\">\n\t\t\t\t\t\t\t<div class=\"col-12\">\n\t\t\t\t\t\t\t\t\n<div style=\"height:50px\" aria-hidden=\"true\" class=\"wp-block-spacer\"><\/div>\n\t\t\t\t\t\t\t<\/div>\n\t\t\t\t\t\t<\/div>\n\t\t\t\t\t<\/div>\n\t\t\t\t\t\n\n<section  class=\"ams-quote c-block l-stacked\" data-color-scheme=\"new-standard-dark\">\n\t<div class=\"l-container l-stack l-stack-fluid-2xl u-pt-fluid-md-xl u-pb-fluid-md-xl is-left is-left@md\">\n\t\t\n\t\t\t\t\t<ul class=\"ams-quote__list l-grid u-gap-fluid-2xl-4xl u-justify-center\"\n\taria-label=\"Citat\">\n\t\t\t<li class=\"l-col-12@md\">\n\t\t\t<article class=\"c-card\" data-variant=\"neutral\" >\n\t\t\t\t<div class=\"c-card__content l-stack u-text-center\">\n\t\t\t\t\t\t\t\t\t\t\t<blockquote class=\"c-card__title u-font-title-2\">\n\t\t\t\t\t\t\t\t\t\t\t\t\t\t\t<p class=\"u-quote-marks\">En branschjury visar eleverna vad som v\u00e4ntar efter skolan<\/p>\n\t\t\t\t\t\t\t\t\t\t\t\t\t<\/blockquote>\n\t\t\t\t\t\n\t\t\t\t\t\t\t\t\t\t\t<p class=\"c-card__text\">\n\t\t\t\t\t\t\t<span class=\"author u-font-title-4\">Susanna<\/span>\n\t\t\t\t\t\t\t<span class=\"title u-font-preamble\">L\u00e4rare i musik\u00e4mnen LBS Nyk\u00f6ping<\/span>\n\t\t\t\t\t\t<\/p>\n\t\t\t\t\t\t\t\t\t<\/div>\n\n\t\t\t\t\t\t\t<\/article>\n\t\t<\/li>\n\t<\/ul>\n\t\n\t\t\t<\/div>\n\n\t\t\n\n<\/section>\n\t<\/div>\n\n\t\n\n\n\t<div class=\"module_wrapper ams_remote_pages_module \">\n\t\t<div\n\t\n\tclass=\"\n\tc-separator\n\tc-separator--line\n\tc-separator--center\n\tc-separator--center@md\n\t\n\tu-mt-fluid-Ingen\n\tu-mb-fluid-Ingen\n\t\n\t\"\n\tstyle=\"\n\t--width-desk: 100%;\n\t--width-mob: 100%;\n\t--height-desk: 30px;\n\t--height-mob: 30px;\n\t--style: solid;\n\t--color: #FF0079;\n\t\">\n\t\t\t<div class=\"c-separator__line\"><\/div>\n\t<\/div>\n\t<\/div>\n\n\t\n\n\n\t<div class=\"module_wrapper ams_remote_pages_module \">\n\t\t\n\n<section  class=\"ams-timeline c-block l-stacked\" data-color-scheme=\"new-timeline-pink\">\n\t<div class=\"l-container l-stack l-stack-fluid-2xl u-pt-fluid-3xl-6xl u-pb-fluid-3xl-6xl is-center is-center@md\">\n\t\t\t\t\t<div class=\"ams-timeline__intro l-stack l-stack-lg\">\n\t\t\t\t\t\n\t<h2\n\tclass=\"c-heading u-font-title-1 \"\n\tstyle=\"\">\n\t\t\n\t\t\t\t\tS\u00c5 FUNGERAR T\u00c4VLINGEN\n\t\t\t\t\n\t<\/h2>\n\n\t\t\t\t\t\t\t<\/div>\n\t\t\n\t\t\t\t\t\n<ol class=\"c-steps\" data-variant=\"horizontal\" data-size=\"lg\">\n\t\t\t<li class=\"c-steps__item \"\n\t\t\t\n\t\t\t>\n\t\t\t\t\t\t\t<div class=\"c-steps__circle u-radius-round\">\n\t\t\t\t\t\t\t\t\t\t\t<img decoding=\"async\" src=\"https:\/\/lbs.se\/wp-content\/uploads\/2023\/06\/lbswebbsiffrorvitamarginal1.svg\" class=\"\" alt=\"1.\" height=\"140.97\" width=\"53.03\" \/>\n\t\t\t\t\t\t\t\t\t<\/div>\n\t\t\t\n\t\t\t\t\t\t\t<div class=\"c-steps__content l-stack-xs\">\n\t\t\t\t\t\n\t\t\t\t\t\t\t\t\t\t\t<div class=\"c-steps__text l-stack-sm u-font-body\">\n\t\t\t\t\t\t\t<p>\u00c5rets kategorier presenteras och eleverna f\u00e5r under profilveckorna arbeta med sina bidrag.<\/p>\n\n\t\t\t\t\t\t<\/div>\n\t\t\t\t\t\t\t\t\t<\/div>\n\t\t\t\t\t<\/li>\n\t\t\t<li class=\"c-steps__item \"\n\t\t\t\n\t\t\t>\n\t\t\t\t\t\t\t<div class=\"c-steps__circle u-radius-round\">\n\t\t\t\t\t\t\t\t\t\t\t<img decoding=\"async\" src=\"https:\/\/lbs.se\/wp-content\/uploads\/2023\/06\/lbswebbsiffrorvitamarginal2.svg\" class=\"\" alt=\"2.\" height=\"141.86\" width=\"53.03\" \/>\n\t\t\t\t\t\t\t\t\t<\/div>\n\t\t\t\n\t\t\t\t\t\t\t<div class=\"c-steps__content l-stack-xs\">\n\t\t\t\t\t\n\t\t\t\t\t\t\t\t\t\t\t<div class=\"c-steps__text l-stack-sm u-font-body\">\n\t\t\t\t\t\t\t<p>Eleverna r\u00f6star fram ett bidrag per kategori. Dessa bed\u00f6ms av en l\u00e4rare och en extern jury, och de b\u00e4sta nomineras till galan.<\/p>\n\n\t\t\t\t\t\t<\/div>\n\t\t\t\t\t\t\t\t\t<\/div>\n\t\t\t\t\t<\/li>\n\t\t\t<li class=\"c-steps__item \"\n\t\t\t\n\t\t\t>\n\t\t\t\t\t\t\t<div class=\"c-steps__circle u-radius-round\">\n\t\t\t\t\t\t\t\t\t\t\t<img decoding=\"async\" src=\"https:\/\/lbs.se\/wp-content\/uploads\/2023\/06\/lbswebbsiffrorvitamarginal3.svg\" class=\"\" alt=\"3.\" height=\"142.72\" width=\"53.03\" \/>\n\t\t\t\t\t\t\t\t\t<\/div>\n\t\t\t\n\t\t\t\t\t\t\t<div class=\"c-steps__content l-stack-xs\">\n\t\t\t\t\t\n\t\t\t\t\t\t\t\t\t\t\t<div class=\"c-steps__text l-stack-sm u-font-body\">\n\t\t\t\t\t\t\t<p>Under galorna utn\u00e4mns vinnarna och bidragen hyllas under en sprudlande eftermiddag med show, framtr\u00e4danden och t\u00e4vlingar!<\/p>\n\n\t\t\t\t\t\t<\/div>\n\t\t\t\t\t\t\t\t\t<\/div>\n\t\t\t\t\t<\/li>\n\t<\/ol>\n\t\n\t\t\t<\/div>\n\n\t\t\n\n<\/section>\n\t<\/div>\n\n\t\n\n\n\n<section  class=\"ams-courses-list c-block l-stacked\" data-color-scheme=\"new-kurslistning\">\n\t<div class=\"l-container l-stack l-stack-fluid-2xl u-pt-fluid-3xl-6xl u-pb-fluid-3xl-6xl is-center is-center@md\">\n\t\t\t\t\t<div class=\"ams-courses-list__intro l-stack l-stack-lg\">\n\t\t\t\t\t\n\t<h2\n\tclass=\"c-heading u-font-title-1 \"\n\tstyle=\"\">\n\t\t\n\t\t\t\t\tV\u00e5ra utbildningar\n\t\t\t\t\n\t<\/h2>\n\n\t\t\t\t\t\t\t<\/div>\n\t\t\n\t\t\n\t\t\t\n<ul class=\"ams-courses-list__list l-grid u-gap-fluid-2xl-4xl u-justify-center\">\n\t\t\t<li class=\"l-col-6@md l-col-4@lg\">\n\t\t\t<article class=\"c-card has-media-zoom  \"\n\t\t\t\t\t\tdata-variant=\"\"\n\t\t\t\t\t\tdata-style=\"square\"\n\t\t\t\t\t\tdata-click-area>\n\t\t\t\t<div class=\"c-card__content l-stack l-stack-sm\">\n\t\t\t\t\t\t\t\t\t\t\t<h3 class=\"c-card__title u-font-title-3\">\n\t\t\t\t\t\t\t\t\t\t\t\t\t\t\t<a class=\"c-card__title-link\" href=\"https:\/\/lbs.se\/helsingborg\/program\/estetiska-programmet\/digital-design\/\">\n\t\t\t\t\t\t\t\t\tDigital Design\n\t\t\t\t\t\t\t\t<\/a>\n\t\t\t\t\t\t\t\t\t\t\t\t\t<\/h3>\n\t\t\t\t\t\n\t\t\t\t\t\n\t\t\t\t\t\t\t\t\t\t\t\t\t\t\t\t<ul class=\"c-card__list u-list-none l-stack-grow u-divider-top u-font-body\">\n\t\t\t\t\t\t\t\t\t\t\t\t\t\t\t<li>\n\t\t\t\t\t\t\t\t\t<strong>Program<\/strong>\n\t\t\t\t\t\t\t\t\t<ul class=\"u-list-dash\">\n\t\t\t\t\t\t\t\t\t\t\t\t\t\t\t\t\t\t\t\t\t<li>Estetiska programmet<\/li>\n\t\t\t\t\t\t\t\t\t\t\t\t\t\t\t\t\t\t\t<\/ul>\n\t\t\t\t\t\t\t\t<\/li>\n\t\t\t\t\t\t\t\n\t\t\t\t\t\t\t\t\t\t\t\t\t\t\t\t\t\t\t\t\t\t\t\t<li>\n\t\t\t\t\t\t\t\t\t\t<strong>Inriktning<\/strong>\n\t\t\t\t\t\t\t\t\t\t<ul class=\"u-list-dash\">\n\t\t\t\t\t\t\t\t\t\t\t\t\t\t\t\t\t\t\t\t\t\t\t<li>Estetik och media<\/li>\n\t\t\t\t\t\t\t\t\t\t\t\t\t\t\t\t\t\t\t\t\t<\/ul>\n\t\t\t\t\t\t\t\t\t<\/li>\n\t\t\t\t\t\t\t\t\t\t\t\t\t\t\t\t\t\t\t\t\t<\/ul>\n\n\t\t\t\t\t\t<div class=\"c-card__icon c-card__icon--nl\">\n\t\t\t\t\t\t\t\t\t\t\t\t\t\t<svg class=\"ams-icon ams-icon--arrow-right\" width=\"32\" height=\"32\" viewbox=\"0 0 32 32\" fill=\"currentColor\" aria-hidden=\"true\" xmlns=\"http:\/\/www.w3.org\/2000\/svg\">\n\t\t\t\t\t\t\t\t<path d=\"M19.3034 28L15.7415 24.4853L20.1077 20.2336L22.8079 17.966L22.7505 17.7392L17.6374 18.0794H0V12.8639H17.6374L22.7505 13.2041L22.8079 12.9773L20.1077 10.7098L15.7415 6.51474L19.3034 3L32 15.5283L19.3034 28Z\"\/>\n\t\t\t\t\t\t\t<\/svg>\n\t\t\t\t\t\t<\/div>\n\t\t\t\t\t\t\t\t\t<\/div>\n\t\t\t\t<div class=\"c-card__media \" style=\" \">\n\t\t\t\t\t<img decoding=\"async\" width=\"400\" height=\"300\" src=\"https:\/\/lbs.se\/wp-content\/uploads\/sites\/11\/2025\/08\/lbsbilderwebbmodellavtal-till-juni-2030kortdigital-design-400x300.jpg\" class=\"attachment-sm size-sm wp-post-image\" alt=\"Elev arbetar med formgivning p\u00e5 sin PC\" sizes=\"(min-width: 64em) 300px, (min-width: 48em) calc(.50 * (100vw - 240px)), calc(100vw - 160px)\" srcset=\"https:\/\/lbs.se\/wp-content\/uploads\/sites\/11\/2025\/08\/lbsbilderwebbmodellavtal-till-juni-2030kortdigital-design-400x300.jpg 400w, https:\/\/lbs.se\/wp-content\/uploads\/sites\/11\/2025\/08\/lbsbilderwebbmodellavtal-till-juni-2030kortdigital-design-300x225.jpg 300w, https:\/\/lbs.se\/wp-content\/uploads\/sites\/11\/2025\/08\/lbsbilderwebbmodellavtal-till-juni-2030kortdigital-design-600x450.jpg 600w, https:\/\/lbs.se\/wp-content\/uploads\/sites\/11\/2025\/08\/lbsbilderwebbmodellavtal-till-juni-2030kortdigital-design-800x600.jpg 800w, https:\/\/lbs.se\/wp-content\/uploads\/sites\/11\/2025\/08\/lbsbilderwebbmodellavtal-till-juni-2030kortdigital-design-1024x768.jpg 1024w, https:\/\/lbs.se\/wp-content\/uploads\/sites\/11\/2025\/08\/lbsbilderwebbmodellavtal-till-juni-2030kortdigital-design-768x576.jpg 768w, https:\/\/lbs.se\/wp-content\/uploads\/sites\/11\/2025\/08\/lbsbilderwebbmodellavtal-till-juni-2030kortdigital-design.jpg 1080w\" \/>\n\t\t\t\t<\/div>\n\t\t\t<\/article>\n\t\t<\/li>\n\t\t\t<li class=\"l-col-6@md l-col-4@lg\">\n\t\t\t<article class=\"c-card has-media-zoom  \"\n\t\t\t\t\t\tdata-variant=\"\"\n\t\t\t\t\t\tdata-style=\"square\"\n\t\t\t\t\t\tdata-click-area>\n\t\t\t\t<div class=\"c-card__content l-stack l-stack-sm\">\n\t\t\t\t\t\t\t\t\t\t\t<h3 class=\"c-card__title u-font-title-3\">\n\t\t\t\t\t\t\t\t\t\t\t\t\t\t\t<a class=\"c-card__title-link\" href=\"https:\/\/lbs.se\/helsingborg\/program\/estetiska-programmet\/spelgrafik\/\">\n\t\t\t\t\t\t\t\t\tSpelgrafik\n\t\t\t\t\t\t\t\t<\/a>\n\t\t\t\t\t\t\t\t\t\t\t\t\t<\/h3>\n\t\t\t\t\t\n\t\t\t\t\t\n\t\t\t\t\t\t\t\t\t\t\t\t\t\t\t\t<ul class=\"c-card__list u-list-none l-stack-grow u-divider-top u-font-body\">\n\t\t\t\t\t\t\t\t\t\t\t\t\t\t\t<li>\n\t\t\t\t\t\t\t\t\t<strong>Program<\/strong>\n\t\t\t\t\t\t\t\t\t<ul class=\"u-list-dash\">\n\t\t\t\t\t\t\t\t\t\t\t\t\t\t\t\t\t\t\t\t\t<li>Estetiska programmet<\/li>\n\t\t\t\t\t\t\t\t\t\t\t\t\t\t\t\t\t\t\t<\/ul>\n\t\t\t\t\t\t\t\t<\/li>\n\t\t\t\t\t\t\t\n\t\t\t\t\t\t\t\t\t\t\t\t\t\t\t\t\t\t\t\t\t\t\t\t<li>\n\t\t\t\t\t\t\t\t\t\t<strong>Inriktning<\/strong>\n\t\t\t\t\t\t\t\t\t\t<ul class=\"u-list-dash\">\n\t\t\t\t\t\t\t\t\t\t\t\t\t\t\t\t\t\t\t\t\t\t\t<li>Bild och formgivning<\/li>\n\t\t\t\t\t\t\t\t\t\t\t\t\t\t\t\t\t\t\t\t\t<\/ul>\n\t\t\t\t\t\t\t\t\t<\/li>\n\t\t\t\t\t\t\t\t\t\t\t\t\t\t\t\t\t\t\t\t\t<\/ul>\n\n\t\t\t\t\t\t<div class=\"c-card__icon c-card__icon--nl\">\n\t\t\t\t\t\t\t\t\t\t\t\t\t\t<svg class=\"ams-icon ams-icon--arrow-right\" width=\"32\" height=\"32\" viewbox=\"0 0 32 32\" fill=\"currentColor\" aria-hidden=\"true\" xmlns=\"http:\/\/www.w3.org\/2000\/svg\">\n\t\t\t\t\t\t\t\t<path d=\"M19.3034 28L15.7415 24.4853L20.1077 20.2336L22.8079 17.966L22.7505 17.7392L17.6374 18.0794H0V12.8639H17.6374L22.7505 13.2041L22.8079 12.9773L20.1077 10.7098L15.7415 6.51474L19.3034 3L32 15.5283L19.3034 28Z\"\/>\n\t\t\t\t\t\t\t<\/svg>\n\t\t\t\t\t\t<\/div>\n\t\t\t\t\t\t\t\t\t<\/div>\n\t\t\t\t<div class=\"c-card__media \" style=\" \">\n\t\t\t\t\t<img decoding=\"async\" width=\"400\" height=\"300\" src=\"https:\/\/lbs.se\/wp-content\/uploads\/sites\/11\/2023\/06\/lbsbilderwebbmodellavtal-till-juni-2030kortspelgrafik-12-400x300.jpg\" class=\"attachment-sm size-sm wp-post-image\" alt=\"Elev skapar 3D-modell i grafikprogram.\" sizes=\"(min-width: 64em) 300px, (min-width: 48em) calc(.50 * (100vw - 240px)), calc(100vw - 160px)\" srcset=\"https:\/\/lbs.se\/wp-content\/uploads\/sites\/11\/2023\/06\/lbsbilderwebbmodellavtal-till-juni-2030kortspelgrafik-12-400x300.jpg 400w, https:\/\/lbs.se\/wp-content\/uploads\/sites\/11\/2023\/06\/lbsbilderwebbmodellavtal-till-juni-2030kortspelgrafik-12-300x225.jpg 300w, https:\/\/lbs.se\/wp-content\/uploads\/sites\/11\/2023\/06\/lbsbilderwebbmodellavtal-till-juni-2030kortspelgrafik-12-600x450.jpg 600w, https:\/\/lbs.se\/wp-content\/uploads\/sites\/11\/2023\/06\/lbsbilderwebbmodellavtal-till-juni-2030kortspelgrafik-12-800x600.jpg 800w, https:\/\/lbs.se\/wp-content\/uploads\/sites\/11\/2023\/06\/lbsbilderwebbmodellavtal-till-juni-2030kortspelgrafik-12-1024x768.jpg 1024w, https:\/\/lbs.se\/wp-content\/uploads\/sites\/11\/2023\/06\/lbsbilderwebbmodellavtal-till-juni-2030kortspelgrafik-12-768x576.jpg 768w, https:\/\/lbs.se\/wp-content\/uploads\/sites\/11\/2023\/06\/lbsbilderwebbmodellavtal-till-juni-2030kortspelgrafik-12.jpg 1080w\" \/>\n\t\t\t\t<\/div>\n\t\t\t<\/article>\n\t\t<\/li>\n\t\t\t<li class=\"l-col-6@md l-col-4@lg\">\n\t\t\t<article class=\"c-card has-media-zoom  \"\n\t\t\t\t\t\tdata-variant=\"\"\n\t\t\t\t\t\tdata-style=\"square\"\n\t\t\t\t\t\tdata-click-area>\n\t\t\t\t<div class=\"c-card__content l-stack l-stack-sm\">\n\t\t\t\t\t\t\t\t\t\t\t<h3 class=\"c-card__title u-font-title-3\">\n\t\t\t\t\t\t\t\t\t\t\t\t\t\t\t<a class=\"c-card__title-link\" href=\"https:\/\/lbs.se\/helsingborg\/program\/teknikprogrammet\/spelutveckling\/\">\n\t\t\t\t\t\t\t\t\tSpelutveckling\n\t\t\t\t\t\t\t\t<\/a>\n\t\t\t\t\t\t\t\t\t\t\t\t\t<\/h3>\n\t\t\t\t\t\n\t\t\t\t\t\n\t\t\t\t\t\t\t\t\t\t\t\t\t\t\t\t<ul class=\"c-card__list u-list-none l-stack-grow u-divider-top u-font-body\">\n\t\t\t\t\t\t\t\t\t\t\t\t\t\t\t<li>\n\t\t\t\t\t\t\t\t\t<strong>Program<\/strong>\n\t\t\t\t\t\t\t\t\t<ul class=\"u-list-dash\">\n\t\t\t\t\t\t\t\t\t\t\t\t\t\t\t\t\t\t\t\t\t<li>Teknikprogrammet<\/li>\n\t\t\t\t\t\t\t\t\t\t\t\t\t\t\t\t\t\t\t<\/ul>\n\t\t\t\t\t\t\t\t<\/li>\n\t\t\t\t\t\t\t\n\t\t\t\t\t\t\t\t\t\t\t\t\t\t\t\t\t\t\t\t\t\t\t\t<li>\n\t\t\t\t\t\t\t\t\t\t<strong>Inriktning<\/strong>\n\t\t\t\t\t\t\t\t\t\t<ul class=\"u-list-dash\">\n\t\t\t\t\t\t\t\t\t\t\t\t\t\t\t\t\t\t\t\t\t\t\t<li>Design och produktutveckling<\/li>\n\t\t\t\t\t\t\t\t\t\t\t\t\t\t\t\t\t\t\t\t\t<\/ul>\n\t\t\t\t\t\t\t\t\t<\/li>\n\t\t\t\t\t\t\t\t\t\t\t\t\t\t\t\t\t\t\t\t\t<\/ul>\n\n\t\t\t\t\t\t<div class=\"c-card__icon c-card__icon--nl\">\n\t\t\t\t\t\t\t\t\t\t\t\t\t\t<svg class=\"ams-icon ams-icon--arrow-right\" width=\"32\" height=\"32\" viewbox=\"0 0 32 32\" fill=\"currentColor\" aria-hidden=\"true\" xmlns=\"http:\/\/www.w3.org\/2000\/svg\">\n\t\t\t\t\t\t\t\t<path d=\"M19.3034 28L15.7415 24.4853L20.1077 20.2336L22.8079 17.966L22.7505 17.7392L17.6374 18.0794H0V12.8639H17.6374L22.7505 13.2041L22.8079 12.9773L20.1077 10.7098L15.7415 6.51474L19.3034 3L32 15.5283L19.3034 28Z\"\/>\n\t\t\t\t\t\t\t<\/svg>\n\t\t\t\t\t\t<\/div>\n\t\t\t\t\t\t\t\t\t<\/div>\n\t\t\t\t<div class=\"c-card__media \" style=\" \">\n\t\t\t\t\t<img decoding=\"async\" width=\"400\" height=\"300\" src=\"https:\/\/lbs.se\/wp-content\/uploads\/sites\/11\/2023\/06\/lbsbilderwebbmodellavtal-till-juni-2030kortspelutveckling-12-400x300.jpg\" class=\"attachment-sm size-sm wp-post-image\" alt=\"Elev programmerar spel p\u00e5 b\u00e4rbar dator.\" sizes=\"(min-width: 64em) 300px, (min-width: 48em) calc(.50 * (100vw - 240px)), calc(100vw - 160px)\" srcset=\"https:\/\/lbs.se\/wp-content\/uploads\/sites\/11\/2023\/06\/lbsbilderwebbmodellavtal-till-juni-2030kortspelutveckling-12-400x300.jpg 400w, https:\/\/lbs.se\/wp-content\/uploads\/sites\/11\/2023\/06\/lbsbilderwebbmodellavtal-till-juni-2030kortspelutveckling-12-300x225.jpg 300w, https:\/\/lbs.se\/wp-content\/uploads\/sites\/11\/2023\/06\/lbsbilderwebbmodellavtal-till-juni-2030kortspelutveckling-12-600x450.jpg 600w, https:\/\/lbs.se\/wp-content\/uploads\/sites\/11\/2023\/06\/lbsbilderwebbmodellavtal-till-juni-2030kortspelutveckling-12-800x600.jpg 800w, https:\/\/lbs.se\/wp-content\/uploads\/sites\/11\/2023\/06\/lbsbilderwebbmodellavtal-till-juni-2030kortspelutveckling-12-1024x768.jpg 1024w, https:\/\/lbs.se\/wp-content\/uploads\/sites\/11\/2023\/06\/lbsbilderwebbmodellavtal-till-juni-2030kortspelutveckling-12-768x576.jpg 768w, https:\/\/lbs.se\/wp-content\/uploads\/sites\/11\/2023\/06\/lbsbilderwebbmodellavtal-till-juni-2030kortspelutveckling-12.jpg 1080w\" \/>\n\t\t\t\t<\/div>\n\t\t\t<\/article>\n\t\t<\/li>\n\t<\/ul>\n\t\n\n\t\t\t<\/div>\n\n\t\t\n\n<\/section>\n","protected":false},"excerpt":{"rendered":"","protected":false},"author":59,"featured_media":0,"parent":0,"menu_order":0,"comment_status":"closed","ping_status":"closed","template":"","meta":{"footnotes":""},"yoast_head":"<!-- This site is optimized with the Yoast SEO plugin v22.0 - https:\/\/yoast.com\/wordpress\/plugins\/seo\/ -->\n<title>Helsingborg<\/title>\n<meta name=\"description\" content=\"LBS Awards - v\u00e5rens stora t\u00e4vlingar och galor. H\u00e4r samlas LBS elever fr\u00e5n hela landet f\u00f6r att t\u00e4vla mot varandra i olika kategorier.\" \/>\n<meta name=\"robots\" content=\"index, follow, max-snippet:-1, max-image-preview:large, max-video-preview:-1\" \/>\n<link rel=\"canonical\" href=\"https:\/\/lbs.se\/helsingborg\/lbs-awards\/\" \/>\n<meta property=\"og:locale\" content=\"sv_SE\" \/>\n<meta property=\"og:type\" content=\"article\" \/>\n<meta property=\"og:description\" content=\"LBS Awards - v\u00e5rens stora t\u00e4vlingar och galor. H\u00e4r samlas LBS elever fr\u00e5n hela landet f\u00f6r att t\u00e4vla mot varandra i olika kategorier.\" \/>\n<meta property=\"og:url\" content=\"https:\/\/lbs.se\/helsingborg\/lbs-awards\/\" \/>\n<meta property=\"og:site_name\" content=\"Helsingborg\" \/>\n<meta property=\"article:modified_time\" content=\"2026-04-15T12:44:38+00:00\" \/>\n<meta name=\"twitter:card\" content=\"summary_large_image\" \/>\n<meta name=\"twitter:description\" content=\"LBS Awards - v\u00e5rens stora t\u00e4vlingar och galor. H\u00e4r samlas LBS elever fr\u00e5n hela landet f\u00f6r att t\u00e4vla mot varandra i olika kategorier.\" \/>\n<meta name=\"twitter:label1\" content=\"Ber\u00e4knad l\u00e4stid\" \/>\n\t<meta name=\"twitter:data1\" content=\"1 minut\" \/>\n<script type=\"application\/ld+json\" class=\"yoast-schema-graph\">{\"@context\":\"https:\/\/schema.org\",\"@graph\":[{\"@type\":\"WebPage\",\"@id\":\"https:\/\/lbs.se\/helsingborg\/lbs-awards\/\",\"url\":\"https:\/\/lbs.se\/helsingborg\/lbs-awards\/\",\"name\":\"LBS Awards - Helsingborg\",\"isPartOf\":{\"@id\":\"https:\/\/lbs.se\/helsingborg\/#website\"},\"datePublished\":\"2026-03-18T12:09:53+00:00\",\"dateModified\":\"2026-04-15T12:44:38+00:00\",\"description\":\"LBS Awards - v\u00e5rens stora t\u00e4vlingar och galor. H\u00e4r samlas LBS elever fr\u00e5n hela landet f\u00f6r att t\u00e4vla mot varandra i olika kategorier.\",\"breadcrumb\":{\"@id\":\"https:\/\/lbs.se\/helsingborg\/lbs-awards\/#breadcrumb\"},\"inLanguage\":\"sv-SE\",\"potentialAction\":[{\"@type\":\"ReadAction\",\"target\":[\"https:\/\/lbs.se\/helsingborg\/lbs-awards\/\"]}]},{\"@type\":\"BreadcrumbList\",\"@id\":\"https:\/\/lbs.se\/helsingborg\/lbs-awards\/#breadcrumb\",\"itemListElement\":[{\"@type\":\"ListItem\",\"position\":1,\"name\":\"Start\",\"item\":\"https:\/\/lbs.se\/helsingborg\/\"},{\"@type\":\"ListItem\",\"position\":2,\"name\":\"LBS Awards\"}]},{\"@type\":\"WebSite\",\"@id\":\"https:\/\/lbs.se\/helsingborg\/#website\",\"url\":\"https:\/\/lbs.se\/helsingborg\/\",\"name\":\"Helsingborg\",\"description\":\"LBS Kreativa Gymnasiet\",\"potentialAction\":[{\"@type\":\"SearchAction\",\"target\":{\"@type\":\"EntryPoint\",\"urlTemplate\":\"https:\/\/lbs.se\/helsingborg\/?s={search_term_string}\"},\"query-input\":\"required name=search_term_string\"}],\"inLanguage\":\"sv-SE\"}]}<\/script>\n<!-- \/ Yoast SEO plugin. -->","yoast_head_json":{"title":"Helsingborg","description":"LBS Awards - v\u00e5rens stora t\u00e4vlingar och galor. H\u00e4r samlas LBS elever fr\u00e5n hela landet f\u00f6r att t\u00e4vla mot varandra i olika kategorier.","robots":{"index":"index","follow":"follow","max-snippet":"max-snippet:-1","max-image-preview":"max-image-preview:large","max-video-preview":"max-video-preview:-1"},"canonical":"https:\/\/lbs.se\/helsingborg\/lbs-awards\/","og_locale":"sv_SE","og_type":"article","og_description":"LBS Awards - v\u00e5rens stora t\u00e4vlingar och galor. H\u00e4r samlas LBS elever fr\u00e5n hela landet f\u00f6r att t\u00e4vla mot varandra i olika kategorier.","og_url":"https:\/\/lbs.se\/helsingborg\/lbs-awards\/","og_site_name":"Helsingborg","article_modified_time":"2026-04-15T12:44:38+00:00","twitter_card":"summary_large_image","twitter_description":"LBS Awards - v\u00e5rens stora t\u00e4vlingar och galor. H\u00e4r samlas LBS elever fr\u00e5n hela landet f\u00f6r att t\u00e4vla mot varandra i olika kategorier.","twitter_misc":{"Ber\u00e4knad l\u00e4stid":"1 minut"},"schema":{"@context":"https:\/\/schema.org","@graph":[{"@type":"WebPage","@id":"https:\/\/lbs.se\/helsingborg\/lbs-awards\/","url":"https:\/\/lbs.se\/helsingborg\/lbs-awards\/","name":"LBS Awards - Helsingborg","isPartOf":{"@id":"https:\/\/lbs.se\/helsingborg\/#website"},"datePublished":"2026-03-18T12:09:53+00:00","dateModified":"2026-04-15T12:44:38+00:00","description":"LBS Awards - v\u00e5rens stora t\u00e4vlingar och galor. H\u00e4r samlas LBS elever fr\u00e5n hela landet f\u00f6r att t\u00e4vla mot varandra i olika kategorier.","breadcrumb":{"@id":"https:\/\/lbs.se\/helsingborg\/lbs-awards\/#breadcrumb"},"inLanguage":"sv-SE","potentialAction":[{"@type":"ReadAction","target":["https:\/\/lbs.se\/helsingborg\/lbs-awards\/"]}]},{"@type":"BreadcrumbList","@id":"https:\/\/lbs.se\/helsingborg\/lbs-awards\/#breadcrumb","itemListElement":[{"@type":"ListItem","position":1,"name":"Start","item":"https:\/\/lbs.se\/helsingborg\/"},{"@type":"ListItem","position":2,"name":"LBS Awards"}]},{"@type":"WebSite","@id":"https:\/\/lbs.se\/helsingborg\/#website","url":"https:\/\/lbs.se\/helsingborg\/","name":"Helsingborg","description":"LBS Kreativa Gymnasiet","potentialAction":[{"@type":"SearchAction","target":{"@type":"EntryPoint","urlTemplate":"https:\/\/lbs.se\/helsingborg\/?s={search_term_string}"},"query-input":"required name=search_term_string"}],"inLanguage":"sv-SE"}]}},"_links":{"self":[{"href":"https:\/\/lbs.se\/helsingborg\/wp-json\/wp\/v2\/pages\/2221"}],"collection":[{"href":"https:\/\/lbs.se\/helsingborg\/wp-json\/wp\/v2\/pages"}],"about":[{"href":"https:\/\/lbs.se\/helsingborg\/wp-json\/wp\/v2\/types\/page"}],"author":[{"embeddable":true,"href":"https:\/\/lbs.se\/helsingborg\/wp-json\/wp\/v2\/users\/59"}],"replies":[{"embeddable":true,"href":"https:\/\/lbs.se\/helsingborg\/wp-json\/wp\/v2\/comments?post=2221"}],"version-history":[{"count":6,"href":"https:\/\/lbs.se\/helsingborg\/wp-json\/wp\/v2\/pages\/2221\/revisions"}],"predecessor-version":[{"id":2238,"href":"https:\/\/lbs.se\/helsingborg\/wp-json\/wp\/v2\/pages\/2221\/revisions\/2238"}],"wp:attachment":[{"href":"https:\/\/lbs.se\/helsingborg\/wp-json\/wp\/v2\/media?parent=2221"}],"curies":[{"name":"wp","href":"https:\/\/api.w.org\/{rel}","templated":true}]}}